{"id":994,"date":"2016-02-15T13:48:19","date_gmt":"2016-02-15T12:48:19","guid":{"rendered":"http:\/\/chespa.eu\/es\/polityka-w-zakresie-bezpieczenstwa-i-higieny-prac\/"},"modified":"2020-05-22T16:29:50","modified_gmt":"2020-05-22T14:29:50","slug":"polityka-w-zakresie-bezpieczenstwa-i-higieny-prac","status":"publish","type":"page","link":"https:\/\/www.chespa.eu\/es\/polityka-w-zakresie-bezpieczenstwa-i-higieny-prac\/","title":{"rendered":"Pol\u00edtica en materia de seguridad y salud en el trabajo"},"content":{"rendered":"<div><b>Pol\u00edtica en materia de seguridad y salud en el trabajo<\/b><\/div>\n<div>\n<p>Chespa tiene una pol\u00edtica de seguridad y salud laboral que, para garantizar la mejora continua, cumple con todas las disposiciones legales y otros requisitos en esta materia.<br \/>\nAl mismo tiempo Chespa se ha comprometido a realizar medidas preventivas eficaces de manera sistem\u00e1tica que proporcionan un adecuado estado de seguridad y salud en todos los lugares de trabajo.<\/p>\n<p>Como parte de la pol\u00edtica llevada a cabo por Chespa en el campo de seguridad y salud laboral, la empresa fij\u00f3 los siguientes objetivos:<\/p>\n<p>1. Mejora constante de las cualificaciones de seguridad y salud de todos los empleados, incluyendo la formaci\u00f3n obligatoria de prevenci\u00f3n,<\/p>\n<p>2. La participaci\u00f3n de todos los empleados en las actividades en materia de seguridad y salud en el trabajo,<\/p>\n<p>3. Proporcionar a los trabajadores atenci\u00f3n m\u00e9dica preventiva adecuada, incluyendo la realizaci\u00f3n de ex\u00e1menes preventivos requeridos y aplicaci\u00f3n de recomendaciones resultantes de estos ex\u00e1menes,<\/p>\n<p>4. Realizaci\u00f3n de medidas preventivas amplias destinadas a la prevenci\u00f3n de accidentes de trabajo, accidentes potenciales y los riesgos y las enfermedades profesionales,<\/p>\n<p>5. La vigilancia sistem\u00e1tica de riesgos laborales y adoptaci\u00f3n de medidas eficaces para reducir dichos riesgos,<\/p>\n<p>6. Control del estado actual del medio ambiente y mantenerlo en un nivel seguro,<\/p>\n<p>7. Hacer esfuerzos para la mejora continua de la seguridad y tratar la preocupaci\u00f3n sobre la seguridad de los empleados, como un valor superior.<\/p>\n<p>La empresa realizar\u00e1 estas tareas con la participaci\u00f3n activa de todos los empleados, proporcionando los medios necesarios y personal competente en todos los niveles de gesti\u00f3n.<\/p>\n<p>DIRECTOR GENERAL<\/p>\n<p>&nbsp;<\/p>\n<p><strong>Chorula, 20.11.2019<\/strong><\/p>\n<\/div>\n","protected":false},"excerpt":{"rendered":"<p>Pol\u00edtica en materia de seguridad y salud en el trabajo Chespa tiene una pol\u00edtica de seguridad y salud laboral que, para garantizar la mejora continua, cumple con todas las disposiciones legales y otros requisitos en esta materia. Al mismo tiempo Chespa se ha comprometido a realizar medidas preventivas eficaces de manera sistem\u00e1tica que proporcionan un [&hellip;]<\/p>\n","protected":false},"author":6,"featured_media":0,"parent":0,"menu_order":0,"comment_status":"closed","ping_status":"closed","template":"","meta":{"_acf_changed":false,"footnotes":""},"class_list":["post-994","page","type-page","status-publish","hentry"],"acf":[],"yoast_head":"<!-- This site is optimized with the Yoast SEO plugin v27.5 - https:\/\/yoast.com\/product\/yoast-seo-wordpress\/ -->\n<title>Pol\u00edtica en materia de seguridad y salud en el trabajo - Chespa - printing inks, clichees, cutting dies<\/title>\n<meta name=\"robots\" content=\"index, follow, max-snippet:-1, max-image-preview:large, max-video-preview:-1\" \/>\n<link rel=\"canonical\" href=\"https:\/\/www.chespa.eu\/es\/polityka-w-zakresie-bezpieczenstwa-i-higieny-prac\/\" \/>\n<meta property=\"og:locale\" content=\"es_ES\" \/>\n<meta property=\"og:type\" content=\"article\" \/>\n<meta property=\"og:title\" content=\"Pol\u00edtica en materia de seguridad y salud en el trabajo - Chespa - printing inks, clichees, cutting dies\" \/>\n<meta property=\"og:description\" content=\"Pol\u00edtica en materia de seguridad y salud en el trabajo Chespa tiene una pol\u00edtica de seguridad y salud laboral que, para garantizar la mejora continua, cumple con todas las disposiciones legales y otros requisitos en esta materia. Al mismo tiempo Chespa se ha comprometido a realizar medidas preventivas eficaces de manera sistem\u00e1tica que proporcionan un [&hellip;]\" \/>\n<meta property=\"og:url\" content=\"https:\/\/www.chespa.eu\/es\/polityka-w-zakresie-bezpieczenstwa-i-higieny-prac\/\" \/>\n<meta property=\"og:site_name\" content=\"Chespa - printing inks, clichees, cutting dies\" \/>\n<meta property=\"article:modified_time\" content=\"2020-05-22T14:29:50+00:00\" \/>\n<meta name=\"twitter:card\" content=\"summary_large_image\" \/>\n<meta name=\"twitter:label1\" content=\"Est. reading time\" \/>\n\t<meta name=\"twitter:data1\" content=\"1 minute\" \/>\n<script type=\"application\/ld+json\" class=\"yoast-schema-graph\">{\"@context\":\"https:\\\/\\\/schema.org\",\"@graph\":[{\"@type\":\"WebPage\",\"@id\":\"https:\\\/\\\/www.chespa.eu\\\/es\\\/polityka-w-zakresie-bezpieczenstwa-i-higieny-prac\\\/\",\"url\":\"https:\\\/\\\/www.chespa.eu\\\/es\\\/polityka-w-zakresie-bezpieczenstwa-i-higieny-prac\\\/\",\"name\":\"Pol\u00edtica en materia de seguridad y salud en el trabajo - Chespa - printing inks, clichees, cutting dies\",\"isPartOf\":{\"@id\":\"https:\\\/\\\/www.chespa.eu\\\/#website\"},\"datePublished\":\"2016-02-15T12:48:19+00:00\",\"dateModified\":\"2020-05-22T14:29:50+00:00\",\"breadcrumb\":{\"@id\":\"https:\\\/\\\/www.chespa.eu\\\/es\\\/polityka-w-zakresie-bezpieczenstwa-i-higieny-prac\\\/#breadcrumb\"},\"inLanguage\":\"es-ES\",\"potentialAction\":[{\"@type\":\"ReadAction\",\"target\":[\"https:\\\/\\\/www.chespa.eu\\\/es\\\/polityka-w-zakresie-bezpieczenstwa-i-higieny-prac\\\/\"]}]},{\"@type\":\"BreadcrumbList\",\"@id\":\"https:\\\/\\\/www.chespa.eu\\\/es\\\/polityka-w-zakresie-bezpieczenstwa-i-higieny-prac\\\/#breadcrumb\",\"itemListElement\":[{\"@type\":\"ListItem\",\"position\":1,\"name\":\"Strona g\u0142\u00f3wna\",\"item\":\"https:\\\/\\\/www.chespa.eu\\\/\"},{\"@type\":\"ListItem\",\"position\":2,\"name\":\"Pol\u00edtica en materia de seguridad y salud en el trabajo\"}]},{\"@type\":\"WebSite\",\"@id\":\"https:\\\/\\\/www.chespa.eu\\\/#website\",\"url\":\"https:\\\/\\\/www.chespa.eu\\\/\",\"name\":\"Chespa - printing inks, clichees, cutting dies\",\"description\":\"\",\"potentialAction\":[{\"@type\":\"SearchAction\",\"target\":{\"@type\":\"EntryPoint\",\"urlTemplate\":\"https:\\\/\\\/www.chespa.eu\\\/?s={search_term_string}\"},\"query-input\":{\"@type\":\"PropertyValueSpecification\",\"valueRequired\":true,\"valueName\":\"search_term_string\"}}],\"inLanguage\":\"es-ES\"}]}<\/script>\n<!-- \/ Yoast SEO plugin. -->","yoast_head_json":{"title":"Pol\u00edtica en materia de seguridad y salud en el trabajo - Chespa - printing inks, clichees, cutting dies","robots":{"index":"index","follow":"follow","max-snippet":"max-snippet:-1","max-image-preview":"max-image-preview:large","max-video-preview":"max-video-preview:-1"},"canonical":"https:\/\/www.chespa.eu\/es\/polityka-w-zakresie-bezpieczenstwa-i-higieny-prac\/","og_locale":"es_ES","og_type":"article","og_title":"Pol\u00edtica en materia de seguridad y salud en el trabajo - Chespa - printing inks, clichees, cutting dies","og_description":"Pol\u00edtica en materia de seguridad y salud en el trabajo Chespa tiene una pol\u00edtica de seguridad y salud laboral que, para garantizar la mejora continua, cumple con todas las disposiciones legales y otros requisitos en esta materia. Al mismo tiempo Chespa se ha comprometido a realizar medidas preventivas eficaces de manera sistem\u00e1tica que proporcionan un [&hellip;]","og_url":"https:\/\/www.chespa.eu\/es\/polityka-w-zakresie-bezpieczenstwa-i-higieny-prac\/","og_site_name":"Chespa - printing inks, clichees, cutting dies","article_modified_time":"2020-05-22T14:29:50+00:00","twitter_card":"summary_large_image","twitter_misc":{"Est. reading time":"1 minute"},"schema":{"@context":"https:\/\/schema.org","@graph":[{"@type":"WebPage","@id":"https:\/\/www.chespa.eu\/es\/polityka-w-zakresie-bezpieczenstwa-i-higieny-prac\/","url":"https:\/\/www.chespa.eu\/es\/polityka-w-zakresie-bezpieczenstwa-i-higieny-prac\/","name":"Pol\u00edtica en materia de seguridad y salud en el trabajo - Chespa - printing inks, clichees, cutting dies","isPartOf":{"@id":"https:\/\/www.chespa.eu\/#website"},"datePublished":"2016-02-15T12:48:19+00:00","dateModified":"2020-05-22T14:29:50+00:00","breadcrumb":{"@id":"https:\/\/www.chespa.eu\/es\/polityka-w-zakresie-bezpieczenstwa-i-higieny-prac\/#breadcrumb"},"inLanguage":"es-ES","potentialAction":[{"@type":"ReadAction","target":["https:\/\/www.chespa.eu\/es\/polityka-w-zakresie-bezpieczenstwa-i-higieny-prac\/"]}]},{"@type":"BreadcrumbList","@id":"https:\/\/www.chespa.eu\/es\/polityka-w-zakresie-bezpieczenstwa-i-higieny-prac\/#breadcrumb","itemListElement":[{"@type":"ListItem","position":1,"name":"Strona g\u0142\u00f3wna","item":"https:\/\/www.chespa.eu\/"},{"@type":"ListItem","position":2,"name":"Pol\u00edtica en materia de seguridad y salud en el trabajo"}]},{"@type":"WebSite","@id":"https:\/\/www.chespa.eu\/#website","url":"https:\/\/www.chespa.eu\/","name":"Chespa - printing inks, clichees, cutting dies","description":"","potentialAction":[{"@type":"SearchAction","target":{"@type":"EntryPoint","urlTemplate":"https:\/\/www.chespa.eu\/?s={search_term_string}"},"query-input":{"@type":"PropertyValueSpecification","valueRequired":true,"valueName":"search_term_string"}}],"inLanguage":"es-ES"}]}},"_links":{"self":[{"href":"https:\/\/www.chespa.eu\/es\/wp-json\/wp\/v2\/pages\/994","targetHints":{"allow":["GET"]}}],"collection":[{"href":"https:\/\/www.chespa.eu\/es\/wp-json\/wp\/v2\/pages"}],"about":[{"href":"https:\/\/www.chespa.eu\/es\/wp-json\/wp\/v2\/types\/page"}],"author":[{"embeddable":true,"href":"https:\/\/www.chespa.eu\/es\/wp-json\/wp\/v2\/users\/6"}],"replies":[{"embeddable":true,"href":"https:\/\/www.chespa.eu\/es\/wp-json\/wp\/v2\/comments?post=994"}],"version-history":[{"count":9,"href":"https:\/\/www.chespa.eu\/es\/wp-json\/wp\/v2\/pages\/994\/revisions"}],"predecessor-version":[{"id":13921,"href":"https:\/\/www.chespa.eu\/es\/wp-json\/wp\/v2\/pages\/994\/revisions\/13921"}],"wp:attachment":[{"href":"https:\/\/www.chespa.eu\/es\/wp-json\/wp\/v2\/media?parent=994"}],"curies":[{"name":"wp","href":"https:\/\/api.w.org\/{rel}","templated":true}]}}