{"id":980,"date":"2016-02-15T13:36:08","date_gmt":"2016-02-15T12:36:08","guid":{"rendered":"http:\/\/chespa.eu\/es\/polityka-srodowiskowa-grupy-chespa\/"},"modified":"2018-01-30T12:52:32","modified_gmt":"2018-01-30T11:52:32","slug":"polityka-srodowiskowa-grupy-chespa","status":"publish","type":"page","link":"https:\/\/www.chespa.eu\/es\/polityka-srodowiskowa-grupy-chespa\/","title":{"rendered":"Pol\u00edtica Ambiental del Grupo Chespa"},"content":{"rendered":"<p><b>Pol\u00edtica Ambiental del Grupo Chespa<\/b><\/p>\n<p>En grupo Chespa la producci\u00f3n y comercio de los productos destinados a la industria de la impresi\u00f3n se realizan en cumplimiento de los requisitos en materia de protecci\u00f3n del medio ambiente.<\/p>\n<p><b>Los principales objetivos de las actividades del grupo Chespa en protecci\u00f3n del medio ambiente son:<\/b><\/p>\n<p>1. Producci\u00f3n y entrega de los productos amigables con el medio ambiente con una calidad que cumple requisitos de nuestros clientes actuales y potenciales.<br \/>\n2. Reducci\u00f3n sistem\u00e1tica de los efectos perjudiciales de nuestra actividad sobre el medio ambiente, tomando como punto de partida las leyes y reglamentos aplicables.<\/p>\n<p><b>La pol\u00edtica ambiental se realiza a trav\u00e9s de:<\/b><br \/>\n&#8211; Mejora de los procesos tecnol\u00f3gicos, uso del equipo m\u00e1s moderno y modernizaci\u00f3n continua de plantas para mejorar la calidad de los productos y reducir el impacto de la producci\u00f3n sobre el medio ambiente,<\/p>\n<p>&#8211; Pensando en criterios ecol\u00f3gicos durante la aplicaci\u00f3n de nuevos productos y mejora de los productos que actualmente se producen,<\/p>\n<p>&#8211; El aumento de la conciencia ambiental de los empleados mediante la capacitaci\u00f3n sistem\u00e1tica, como el funcionamiento adecuado del Sistema de Gesti\u00f3n Ambiental,<\/p>\n<p>&#8211; La prevenci\u00f3n de la contaminaci\u00f3n, la reducci\u00f3n de los efectos negativos de nuestras actividades sobre el medio ambiente,<\/p>\n<p>&#8211; El uso racional de materiales respetuosos con el medio ambiente para la producci\u00f3n, energ\u00eda y combustibles en los procesos de producci\u00f3n llevados a cabo,<\/p>\n<p>&#8211; Recogida selectiva, el almacenamiento y la minimizaci\u00f3n de los residuos y envases y remitirlas a las entidades externas especializadas y autorizadas,<\/p>\n<p>&#8211; Implementaci\u00f3n, mantenimiento y mejora continua del Sistema de Gesti\u00f3n Ambiental seg\u00fan la PN &#8211; EN ISO 14001 : 2015.<\/p>\n<p><b>Estas obligaciones son realizadas por todos los empleados y la Junta de directores del Grupo Chespa.<br \/>\n<\/b><br \/>\nLa junta de directores<\/p>\n<p><span id=\"result_box\" class=\"short_text\" lang=\"es\"><span class=\"\">03.01.2018<\/span><\/span><\/p>\n","protected":false},"excerpt":{"rendered":"<p>Pol\u00edtica Ambiental del Grupo Chespa En grupo Chespa la producci\u00f3n y comercio de los productos destinados a la industria de la impresi\u00f3n se realizan en cumplimiento de los requisitos en materia de protecci\u00f3n del medio ambiente. Los principales objetivos de las actividades del grupo Chespa en protecci\u00f3n del medio ambiente son: 1. Producci\u00f3n y entrega [&hellip;]<\/p>\n","protected":false},"author":6,"featured_media":0,"parent":0,"menu_order":0,"comment_status":"closed","ping_status":"closed","template":"","meta":{"_acf_changed":false,"footnotes":""},"class_list":["post-980","page","type-page","status-publish","hentry"],"acf":[],"yoast_head":"<!-- This site is optimized with the Yoast SEO plugin v27.5 - https:\/\/yoast.com\/product\/yoast-seo-wordpress\/ -->\n<title>Pol\u00edtica Ambiental del Grupo Chespa - Chespa - printing inks, clichees, cutting dies<\/title>\n<meta name=\"robots\" content=\"index, follow, max-snippet:-1, max-image-preview:large, max-video-preview:-1\" \/>\n<link rel=\"canonical\" href=\"https:\/\/www.chespa.eu\/es\/polityka-srodowiskowa-grupy-chespa\/\" \/>\n<meta property=\"og:locale\" content=\"es_ES\" \/>\n<meta property=\"og:type\" content=\"article\" \/>\n<meta property=\"og:title\" content=\"Pol\u00edtica Ambiental del Grupo Chespa - Chespa - printing inks, clichees, cutting dies\" \/>\n<meta property=\"og:description\" content=\"Pol\u00edtica Ambiental del Grupo Chespa En grupo Chespa la producci\u00f3n y comercio de los productos destinados a la industria de la impresi\u00f3n se realizan en cumplimiento de los requisitos en materia de protecci\u00f3n del medio ambiente. Los principales objetivos de las actividades del grupo Chespa en protecci\u00f3n del medio ambiente son: 1. Producci\u00f3n y entrega [&hellip;]\" \/>\n<meta property=\"og:url\" content=\"https:\/\/www.chespa.eu\/es\/polityka-srodowiskowa-grupy-chespa\/\" \/>\n<meta property=\"og:site_name\" content=\"Chespa - printing inks, clichees, cutting dies\" \/>\n<meta property=\"article:modified_time\" content=\"2018-01-30T11:52:32+00:00\" \/>\n<meta name=\"twitter:card\" content=\"summary_large_image\" \/>\n<meta name=\"twitter:label1\" content=\"Est. reading time\" \/>\n\t<meta name=\"twitter:data1\" content=\"2 minutes\" \/>\n<script type=\"application\/ld+json\" class=\"yoast-schema-graph\">{\"@context\":\"https:\\\/\\\/schema.org\",\"@graph\":[{\"@type\":\"WebPage\",\"@id\":\"https:\\\/\\\/www.chespa.eu\\\/es\\\/polityka-srodowiskowa-grupy-chespa\\\/\",\"url\":\"https:\\\/\\\/www.chespa.eu\\\/es\\\/polityka-srodowiskowa-grupy-chespa\\\/\",\"name\":\"Pol\u00edtica Ambiental del Grupo Chespa - Chespa - printing inks, clichees, cutting dies\",\"isPartOf\":{\"@id\":\"https:\\\/\\\/www.chespa.eu\\\/#website\"},\"datePublished\":\"2016-02-15T12:36:08+00:00\",\"dateModified\":\"2018-01-30T11:52:32+00:00\",\"breadcrumb\":{\"@id\":\"https:\\\/\\\/www.chespa.eu\\\/es\\\/polityka-srodowiskowa-grupy-chespa\\\/#breadcrumb\"},\"inLanguage\":\"es-ES\",\"potentialAction\":[{\"@type\":\"ReadAction\",\"target\":[\"https:\\\/\\\/www.chespa.eu\\\/es\\\/polityka-srodowiskowa-grupy-chespa\\\/\"]}]},{\"@type\":\"BreadcrumbList\",\"@id\":\"https:\\\/\\\/www.chespa.eu\\\/es\\\/polityka-srodowiskowa-grupy-chespa\\\/#breadcrumb\",\"itemListElement\":[{\"@type\":\"ListItem\",\"position\":1,\"name\":\"Strona g\u0142\u00f3wna\",\"item\":\"https:\\\/\\\/www.chespa.eu\\\/\"},{\"@type\":\"ListItem\",\"position\":2,\"name\":\"Pol\u00edtica Ambiental del Grupo Chespa\"}]},{\"@type\":\"WebSite\",\"@id\":\"https:\\\/\\\/www.chespa.eu\\\/#website\",\"url\":\"https:\\\/\\\/www.chespa.eu\\\/\",\"name\":\"Chespa - printing inks, clichees, cutting dies\",\"description\":\"\",\"potentialAction\":[{\"@type\":\"SearchAction\",\"target\":{\"@type\":\"EntryPoint\",\"urlTemplate\":\"https:\\\/\\\/www.chespa.eu\\\/?s={search_term_string}\"},\"query-input\":{\"@type\":\"PropertyValueSpecification\",\"valueRequired\":true,\"valueName\":\"search_term_string\"}}],\"inLanguage\":\"es-ES\"}]}<\/script>\n<!-- \/ Yoast SEO plugin. -->","yoast_head_json":{"title":"Pol\u00edtica Ambiental del Grupo Chespa - Chespa - printing inks, clichees, cutting dies","robots":{"index":"index","follow":"follow","max-snippet":"max-snippet:-1","max-image-preview":"max-image-preview:large","max-video-preview":"max-video-preview:-1"},"canonical":"https:\/\/www.chespa.eu\/es\/polityka-srodowiskowa-grupy-chespa\/","og_locale":"es_ES","og_type":"article","og_title":"Pol\u00edtica Ambiental del Grupo Chespa - Chespa - printing inks, clichees, cutting dies","og_description":"Pol\u00edtica Ambiental del Grupo Chespa En grupo Chespa la producci\u00f3n y comercio de los productos destinados a la industria de la impresi\u00f3n se realizan en cumplimiento de los requisitos en materia de protecci\u00f3n del medio ambiente. Los principales objetivos de las actividades del grupo Chespa en protecci\u00f3n del medio ambiente son: 1. Producci\u00f3n y entrega [&hellip;]","og_url":"https:\/\/www.chespa.eu\/es\/polityka-srodowiskowa-grupy-chespa\/","og_site_name":"Chespa - printing inks, clichees, cutting dies","article_modified_time":"2018-01-30T11:52:32+00:00","twitter_card":"summary_large_image","twitter_misc":{"Est. reading time":"2 minutes"},"schema":{"@context":"https:\/\/schema.org","@graph":[{"@type":"WebPage","@id":"https:\/\/www.chespa.eu\/es\/polityka-srodowiskowa-grupy-chespa\/","url":"https:\/\/www.chespa.eu\/es\/polityka-srodowiskowa-grupy-chespa\/","name":"Pol\u00edtica Ambiental del Grupo Chespa - Chespa - printing inks, clichees, cutting dies","isPartOf":{"@id":"https:\/\/www.chespa.eu\/#website"},"datePublished":"2016-02-15T12:36:08+00:00","dateModified":"2018-01-30T11:52:32+00:00","breadcrumb":{"@id":"https:\/\/www.chespa.eu\/es\/polityka-srodowiskowa-grupy-chespa\/#breadcrumb"},"inLanguage":"es-ES","potentialAction":[{"@type":"ReadAction","target":["https:\/\/www.chespa.eu\/es\/polityka-srodowiskowa-grupy-chespa\/"]}]},{"@type":"BreadcrumbList","@id":"https:\/\/www.chespa.eu\/es\/polityka-srodowiskowa-grupy-chespa\/#breadcrumb","itemListElement":[{"@type":"ListItem","position":1,"name":"Strona g\u0142\u00f3wna","item":"https:\/\/www.chespa.eu\/"},{"@type":"ListItem","position":2,"name":"Pol\u00edtica Ambiental del Grupo Chespa"}]},{"@type":"WebSite","@id":"https:\/\/www.chespa.eu\/#website","url":"https:\/\/www.chespa.eu\/","name":"Chespa - printing inks, clichees, cutting dies","description":"","potentialAction":[{"@type":"SearchAction","target":{"@type":"EntryPoint","urlTemplate":"https:\/\/www.chespa.eu\/?s={search_term_string}"},"query-input":{"@type":"PropertyValueSpecification","valueRequired":true,"valueName":"search_term_string"}}],"inLanguage":"es-ES"}]}},"_links":{"self":[{"href":"https:\/\/www.chespa.eu\/es\/wp-json\/wp\/v2\/pages\/980","targetHints":{"allow":["GET"]}}],"collection":[{"href":"https:\/\/www.chespa.eu\/es\/wp-json\/wp\/v2\/pages"}],"about":[{"href":"https:\/\/www.chespa.eu\/es\/wp-json\/wp\/v2\/types\/page"}],"author":[{"embeddable":true,"href":"https:\/\/www.chespa.eu\/es\/wp-json\/wp\/v2\/users\/6"}],"replies":[{"embeddable":true,"href":"https:\/\/www.chespa.eu\/es\/wp-json\/wp\/v2\/comments?post=980"}],"version-history":[{"count":4,"href":"https:\/\/www.chespa.eu\/es\/wp-json\/wp\/v2\/pages\/980\/revisions"}],"predecessor-version":[{"id":7682,"href":"https:\/\/www.chespa.eu\/es\/wp-json\/wp\/v2\/pages\/980\/revisions\/7682"}],"wp:attachment":[{"href":"https:\/\/www.chespa.eu\/es\/wp-json\/wp\/v2\/media?parent=980"}],"curies":[{"name":"wp","href":"https:\/\/api.w.org\/{rel}","templated":true}]}}