{"id":967,"date":"2015-12-09T10:36:14","date_gmt":"2015-12-09T09:36:14","guid":{"rendered":"http:\/\/chespa.eu\/es\/polityka-prywatnosci\/"},"modified":"2021-03-11T12:08:12","modified_gmt":"2021-03-11T11:08:12","slug":"polityka-prywatnosci","status":"publish","type":"page","link":"https:\/\/www.chespa.eu\/es\/polityka-prywatnosci\/","title":{"rendered":"Pol\u00edtica de privacidad"},"content":{"rendered":"<p><strong>1. DEFINICIONES<\/strong><\/p>\n<p>Administrador &#8211; el administrador del sitio &#8220;Chespa&#8221; (www.chespa.eu) es Chespa Sp z o. o., con sede en PL-47-316 Chorula, ul. Opolska 10 A, que tiene NIP y REGON 755-18-20-932 532341367;<br \/>\nUsuario &#8211; una entidad usando el servicio, servicio de telecomunicaciones o de solicitar la prestaci\u00f3n de dichos servicios;<br \/>\nP\u00e1gina Web &#8211; documento HTML (archivo de texto es le\u00eddo por el navegador) est\u00e1 disponible en Internet por un servidor web;<br \/>\nServicio Operador &#8211; una entidad que no es un administrador, el mantenimiento de la p\u00e1gina en sus servidores; servicio de operador &#8220;Chespa&#8221; es;<br \/>\nServicio &#8211; un grupo de relacionado, con el fin de ampliar la funcionalidad de los sitios web que operan en el dominio www.chespa.eu;<br \/>\nEl terminal &#8211; dispositivo de comunicaci\u00f3n dise\u00f1ado para conectar directa o indirectamente a la terminaci\u00f3n de la red;<br \/>\nCookies &#8211; significa datos inform\u00e1ticos, en particular peque\u00f1os archivos de texto guardados y almacenados en el equipo terminal del usuario, a trav\u00e9s del cual el usuario utiliza los sitios web del Servicio;<br \/>\nLos datos &#8211; todo el contenido y la informaci\u00f3n proporcionada por los usuarios con el fin de utilizar el formulario de contacto, en particular: nombre, direcci\u00f3n, correo electr\u00f3nico, fotos, mensajes, comentarios.<\/p>\n<p><strong>2. INFORMACI\u00d3N GENERAL<\/strong><\/p>\n<p>La condici\u00f3n para el uso del Servicio est\u00e1 familiarizado con el contenido de este reglamento.<br \/>\nUtilizaci\u00f3n del sitio web indica su acuerdo con el contenido de este reglamento y la obligaci\u00f3n de aplicar los principios establecidos en el mismo.<br \/>\nServicio obtiene informaci\u00f3n acerca de los usuarios y su comportamiento mediante el uso de los m\u00e9todos siguientes:<br \/>\na trav\u00e9s de la informaci\u00f3n introducida voluntariamente por los usuarios en los formularios ubicados en el sitio web;<br \/>\npor almacenan autom\u00e1ticamente en las galletas de equipos terminales (los llamados. &#8220;cookies&#8221;).<\/p>\n<p><strong>3. FORMAS DE INFORMACI\u00d3N<\/strong><\/p>\n<p>El sitio web recopila los datos proporcionados voluntariamente por el usuario en el formulario de contacto disponible en el sitio web.<br \/>\nLos datos recogidos se procesan en el orden resultante de la forma de la funci\u00f3n, se utilizan para la comunicaci\u00f3n con el administrador de usuarios y el establecimiento de relaciones de derecho civil (por ejemplo. El contrato de arrendamiento).<br \/>\nAparte de los datos contenidos en el formulario de contacto El servicio puede guardar los ajustes de conexi\u00f3n, en particular, la determinaci\u00f3n del tiempo de conexi\u00f3n y la direcci\u00f3n IP del usuario.<br \/>\nLos datos contenidos en el formulario pueden ser un conjunto de clientes potenciales, el servicio Operador inscrito en el Registro de ficheros de datos personales conservados por el Inspector General de Protecci\u00f3n de Datos Personales.<br \/>\nLos datos contenidos en los formularios pueden ser sometidos a entidades que persigan t\u00e9cnicamente determinados servicios, por ejemplo. Servicios de noticias que soporta el pago u otras entidades con las que el operador del servicio o el administrador est\u00e1 trabajando.<\/p>\n<p><strong>4. INFORMACI\u00d3N SOBRE LAS GALLETAS DE ARCHIVOS<\/strong><\/p>\n<p>El servicio utiliza cookies.<br \/>\nGalletas (los llamados. &#8220;Cookies&#8221;) son datos inform\u00e1ticos, archivos de texto en particular, que se almacenan en el equipo terminal del usuario del servicio y est\u00e1n destinados a la utilizaci\u00f3n de las p\u00e1ginas web del servicio. Las cookies contienen normalmente el nombre del sitio web desde el cual los guarde en un dispositivo terminal y un n\u00famero \u00fanico.<br \/>\nZamieszczaj\u0105cym terminaci\u00f3n entidad dispositivo Sitio Web entidad Usuario recepci\u00f3n de cookies y el acceso a ellos es el Administrador (Administrador cookies).<br \/>\nLas cookies se utilizan para los siguientes fines:<br \/>\n&#8211; la elaboraci\u00f3n de estad\u00edsticas para ayudar a entender c\u00f3mo los usuarios de servicios se benefician de las p\u00e1ginas web, lo que permite la mejora de su estructura y contenido;<br \/>\n&#8211; mantener las sesiones de usuario (despu\u00e9s de iniciar sesi\u00f3n), por lo que el usuario no tiene en cada p\u00e1gina del Servicio de re-introducir usuario y contrase\u00f1a (es decir, el &#8220;acu\u00e9rdate de m\u00ed&#8221;.);<br \/>\n&#8211; la determinaci\u00f3n del perfil de usuario con el fin de mostrar que coincid\u00eda con los materiales.<br \/>\nEn el Servicio se utilizan en dos tipos b\u00e1sicos de cookies: &#8220;sesi\u00f3n&#8221; (cookies de sesi\u00f3n) y (cookies persistentes) &#8220;fija&#8221;. Las cookies de &#8220;sesi\u00f3n&#8221; son archivos temporales que se almacenan en el equipo terminal de un usuario que se conecte a cabo del tiempo, dejar el sitio web o desactivar el software (navegador web). cookies &#8220;permanentes&#8221; se almacenan en el equipo terminal de un usuario durante el tiempo especificado en los par\u00e1metros de galletas o hasta su eliminaci\u00f3n por el usuario.<br \/>\nSoftware para navegar por la web (navegador) de forma predeterminada permite el almacenamiento de cookies en el equipo terminal de un usuario. Los usuarios del servicio pueden cambiar los ajustes en esta \u00e1rea. navegador de Internet para borrar las cookies. Tambi\u00e9n puede bloquear autom\u00e1ticamente las cookies. Para m\u00e1s detalles, consulte la ayuda o la documentaci\u00f3n de su navegador web.<br \/>\nNo bloquear las cookies o no cambiar la configuraci\u00f3n del navegador por el usuario indica su consentimiento para el uso de cookies.<br \/>\nRestricciones sobre el uso de cookies puede afectar a algunas de las funciones disponibles en los sitios web del servicio.<br \/>\nLas cookies publicados en el borde del usuario del servicio se pueden usar tambi\u00e9n mediante la cooperaci\u00f3n con el operador de los anunciantes y socios de servicio (es decir. Cookies externas).<br \/>\nLas cookies pueden ser utilizadas por las redes de anuncios, en particular, la red de Google para mostrar anuncios adaptados a la forma de usar el servicio. Para este prop\u00f3sito, se puede mantener la informaci\u00f3n acerca de la ruta de navegaci\u00f3n de usuario o el tiempo restante en la p\u00e1gina.<br \/>\nEn cuanto a la informaci\u00f3n sobre las preferencias de los usuarios recogidos por la Red de Display de Google, el usuario puede ver y editar la informaci\u00f3n derivada de las cookies mediante la herramienta: https:\/\/www.google.com\/ads\/preferences\/. Para aprender a utilizar las cookies que se utilizan en las estad\u00edsticas, se puede leer el documento: Pol\u00edtica de privacidad de Google Analytics.<br \/>\nElementos incrustados en el sitio en forma de piezas hechas en la tecnolog\u00eda Flash, tambi\u00e9n puede utilizar cookies (es decir. Cookies de Flash), sin la participaci\u00f3n del administrador. Adobe, el creador de la tecnolog\u00eda Flash, proporciona informaci\u00f3n sobre c\u00f3mo eliminar o desactivar las cookies flash player en dominios espec\u00edficos. Los detalles se pueden encontrar en la seguridad de Flash Player y privacidad. Tenga en cuenta que limitan el uso de cookies flash player es probable que afecte el funcionamiento de las aplicaciones basadas en la tecnolog\u00eda Flash.<\/p>\n<p><strong>5. LOS REGISTROS DEL SERVIDOR<\/strong><\/p>\n<p>Informaci\u00f3n sobre algunos de los comportamientos de los usuarios est\u00e1n sujetos a la capa de inicio de sesi\u00f3n del servidor. Estos datos se utilizan \u00fanicamente para administrar el sitio y para garantizar un servicio eficiente proporciona servicios de alojamiento.<br \/>\nnavegado recursos se identifican mediante direcciones URL. Adem\u00e1s, la notaci\u00f3n puede ser:<br \/>\n&#8211; fecha de la solicitud,<br \/>\n&#8211; tiempo para enviar una respuesta,<br \/>\n&#8211; el nombre de la estaci\u00f3n de cliente &#8211; identificaci\u00f3n realizado por el protocolo HTTP,<br \/>\n&#8211; informaci\u00f3n sobre los errores que se han producido en la ejecuci\u00f3n de la transacci\u00f3n HTTP,<br \/>\n&#8211; URL de la p\u00e1gina visitada previamente por el usuario (enlace de referencia) &#8211; donde ha habido una transici\u00f3n al Servicio por referencia,<br \/>\n&#8211; informaci\u00f3n sobre el navegador del usuario,<br \/>\n&#8211; Informaci\u00f3n sobre la direcci\u00f3n IP y MAC.<br \/>\nLos datos anteriores no est\u00e1n asociados con personas individuales mano.<\/p>\n<p><strong>6. DISPOSICI\u00d3N ADICIONAL<\/strong><\/p>\n<p>Los datos pueden ser puestos a disposici\u00f3n de las entidades externas s\u00f3lo dentro de los l\u00edmites permitidos por la ley. Los datos de identificaci\u00f3n de la persona f\u00edsica pueden estar disponibles fuera el consentimiento de esa persona.<br \/>\nEl administrador puede proporcionar la informaci\u00f3n recogida por el servicio autorizado las autoridades p\u00fablicas, si la obligaci\u00f3n de proporcionar informaci\u00f3n debido a la normativa vigente.<br \/>\nEl administrador puede eliminar la subcuenta o los datos de las personas mencionadas en el apartado 4 del p\u00e1rrafo. 5, si se obtiene informaci\u00f3n confiable de que estos datos han sido colocados sin el consentimiento de la persona o en violaci\u00f3n de los reglamentos.<br \/>\nEl administrador har\u00e1 todos los esfuerzos razonables para prevenir accesos no autorizados a la cuenta del usuario, y con el fin de proteger adecuadamente los datos almacenados.<br \/>\nAdministrador no es responsable del contenido publicado en el sitio por los usuarios.<br \/>\nEl administrador tiene el derecho a eliminar los datos que violan el bien o los derechos de los dem\u00e1s, son obviamente falso, que contienen palabras vulgares u ofensivos o de otro tipo es incompatible con la ley o los principios de la convivencia social.<br \/>\nAdministrador no es responsable de la incapacidad transitoria para utilizar el Servicio, en particular, debido a las obras de modernizaci\u00f3n, da\u00f1os a la red, etc.<br \/>\n<span class=\"VIiyi\" lang=\"es\"><span class=\"JLqJ4b ChMk0b\" data-language-for-alternatives=\"es\" data-language-to-translate-into=\"pl\" data-phrase-index=\"0\">Cualquier comentario, pregunta o inquietud con respecto al uso u operaci\u00f3n del sitio web debe informarse a trav\u00e9s del formulario de contacto en el sitio web: <a href=\"https:\/\/www.chespa.eu\/es\/kontakt\/\">contacto<\/a>.<\/span><\/span><br \/>\nEl administrador est\u00e1 autorizado a modificar estos t\u00e9rminos en cualquier momento, sin previo aviso que cada usuario. Reglas de Procedimiento revisadas del contenido se publicar\u00e1n inmediatamente en el sitio.<\/p>\n","protected":false},"excerpt":{"rendered":"<p>1. DEFINICIONES Administrador &#8211; el administrador del sitio &#8220;Chespa&#8221; (www.chespa.eu) es Chespa Sp z o. o., con sede en PL-47-316 Chorula, ul. Opolska 10 A, que tiene NIP y REGON 755-18-20-932 532341367; Usuario &#8211; una entidad usando el servicio, servicio de telecomunicaciones o de solicitar la prestaci\u00f3n de dichos servicios; P\u00e1gina Web &#8211; documento HTML [&hellip;]<\/p>\n","protected":false},"author":6,"featured_media":0,"parent":0,"menu_order":0,"comment_status":"closed","ping_status":"closed","template":"","meta":{"_acf_changed":false,"footnotes":""},"class_list":["post-967","page","type-page","status-publish","hentry"],"acf":[],"yoast_head":"<!-- This site is optimized with the Yoast SEO plugin v27.4 - https:\/\/yoast.com\/product\/yoast-seo-wordpress\/ -->\n<title>Pol\u00edtica de privacidad - Chespa - printing inks, clichees, cutting dies<\/title>\n<meta name=\"robots\" content=\"index, follow, max-snippet:-1, max-image-preview:large, max-video-preview:-1\" \/>\n<link rel=\"canonical\" href=\"https:\/\/www.chespa.eu\/es\/polityka-prywatnosci\/\" \/>\n<meta property=\"og:locale\" content=\"es_ES\" \/>\n<meta property=\"og:type\" content=\"article\" \/>\n<meta property=\"og:title\" content=\"Pol\u00edtica de privacidad - Chespa - printing inks, clichees, cutting dies\" \/>\n<meta property=\"og:description\" content=\"1. DEFINICIONES Administrador &#8211; el administrador del sitio &#8220;Chespa&#8221; (www.chespa.eu) es Chespa Sp z o. o., con sede en PL-47-316 Chorula, ul. Opolska 10 A, que tiene NIP y REGON 755-18-20-932 532341367; Usuario &#8211; una entidad usando el servicio, servicio de telecomunicaciones o de solicitar la prestaci\u00f3n de dichos servicios; P\u00e1gina Web &#8211; documento HTML [&hellip;]\" \/>\n<meta property=\"og:url\" content=\"https:\/\/www.chespa.eu\/es\/polityka-prywatnosci\/\" \/>\n<meta property=\"og:site_name\" content=\"Chespa - printing inks, clichees, cutting dies\" \/>\n<meta property=\"article:modified_time\" content=\"2021-03-11T11:08:12+00:00\" \/>\n<meta name=\"twitter:card\" content=\"summary_large_image\" \/>\n<meta name=\"twitter:label1\" content=\"Est. reading time\" \/>\n\t<meta name=\"twitter:data1\" content=\"8 minutes\" \/>\n<script type=\"application\/ld+json\" class=\"yoast-schema-graph\">{\"@context\":\"https:\\\/\\\/schema.org\",\"@graph\":[{\"@type\":\"WebPage\",\"@id\":\"https:\\\/\\\/www.chespa.eu\\\/es\\\/polityka-prywatnosci\\\/\",\"url\":\"https:\\\/\\\/www.chespa.eu\\\/es\\\/polityka-prywatnosci\\\/\",\"name\":\"Pol\u00edtica de privacidad - Chespa - printing inks, clichees, cutting dies\",\"isPartOf\":{\"@id\":\"https:\\\/\\\/www.chespa.eu\\\/#website\"},\"datePublished\":\"2015-12-09T09:36:14+00:00\",\"dateModified\":\"2021-03-11T11:08:12+00:00\",\"breadcrumb\":{\"@id\":\"https:\\\/\\\/www.chespa.eu\\\/es\\\/polityka-prywatnosci\\\/#breadcrumb\"},\"inLanguage\":\"es-ES\",\"potentialAction\":[{\"@type\":\"ReadAction\",\"target\":[\"https:\\\/\\\/www.chespa.eu\\\/es\\\/polityka-prywatnosci\\\/\"]}]},{\"@type\":\"BreadcrumbList\",\"@id\":\"https:\\\/\\\/www.chespa.eu\\\/es\\\/polityka-prywatnosci\\\/#breadcrumb\",\"itemListElement\":[{\"@type\":\"ListItem\",\"position\":1,\"name\":\"Strona g\u0142\u00f3wna\",\"item\":\"https:\\\/\\\/www.chespa.eu\\\/\"},{\"@type\":\"ListItem\",\"position\":2,\"name\":\"Pol\u00edtica de privacidad\"}]},{\"@type\":\"WebSite\",\"@id\":\"https:\\\/\\\/www.chespa.eu\\\/#website\",\"url\":\"https:\\\/\\\/www.chespa.eu\\\/\",\"name\":\"Chespa - printing inks, clichees, cutting dies\",\"description\":\"\",\"potentialAction\":[{\"@type\":\"SearchAction\",\"target\":{\"@type\":\"EntryPoint\",\"urlTemplate\":\"https:\\\/\\\/www.chespa.eu\\\/?s={search_term_string}\"},\"query-input\":{\"@type\":\"PropertyValueSpecification\",\"valueRequired\":true,\"valueName\":\"search_term_string\"}}],\"inLanguage\":\"es-ES\"}]}<\/script>\n<!-- \/ Yoast SEO plugin. -->","yoast_head_json":{"title":"Pol\u00edtica de privacidad - Chespa - printing inks, clichees, cutting dies","robots":{"index":"index","follow":"follow","max-snippet":"max-snippet:-1","max-image-preview":"max-image-preview:large","max-video-preview":"max-video-preview:-1"},"canonical":"https:\/\/www.chespa.eu\/es\/polityka-prywatnosci\/","og_locale":"es_ES","og_type":"article","og_title":"Pol\u00edtica de privacidad - Chespa - printing inks, clichees, cutting dies","og_description":"1. DEFINICIONES Administrador &#8211; el administrador del sitio &#8220;Chespa&#8221; (www.chespa.eu) es Chespa Sp z o. o., con sede en PL-47-316 Chorula, ul. Opolska 10 A, que tiene NIP y REGON 755-18-20-932 532341367; Usuario &#8211; una entidad usando el servicio, servicio de telecomunicaciones o de solicitar la prestaci\u00f3n de dichos servicios; P\u00e1gina Web &#8211; documento HTML [&hellip;]","og_url":"https:\/\/www.chespa.eu\/es\/polityka-prywatnosci\/","og_site_name":"Chespa - printing inks, clichees, cutting dies","article_modified_time":"2021-03-11T11:08:12+00:00","twitter_card":"summary_large_image","twitter_misc":{"Est. reading time":"8 minutes"},"schema":{"@context":"https:\/\/schema.org","@graph":[{"@type":"WebPage","@id":"https:\/\/www.chespa.eu\/es\/polityka-prywatnosci\/","url":"https:\/\/www.chespa.eu\/es\/polityka-prywatnosci\/","name":"Pol\u00edtica de privacidad - Chespa - printing inks, clichees, cutting dies","isPartOf":{"@id":"https:\/\/www.chespa.eu\/#website"},"datePublished":"2015-12-09T09:36:14+00:00","dateModified":"2021-03-11T11:08:12+00:00","breadcrumb":{"@id":"https:\/\/www.chespa.eu\/es\/polityka-prywatnosci\/#breadcrumb"},"inLanguage":"es-ES","potentialAction":[{"@type":"ReadAction","target":["https:\/\/www.chespa.eu\/es\/polityka-prywatnosci\/"]}]},{"@type":"BreadcrumbList","@id":"https:\/\/www.chespa.eu\/es\/polityka-prywatnosci\/#breadcrumb","itemListElement":[{"@type":"ListItem","position":1,"name":"Strona g\u0142\u00f3wna","item":"https:\/\/www.chespa.eu\/"},{"@type":"ListItem","position":2,"name":"Pol\u00edtica de privacidad"}]},{"@type":"WebSite","@id":"https:\/\/www.chespa.eu\/#website","url":"https:\/\/www.chespa.eu\/","name":"Chespa - printing inks, clichees, cutting dies","description":"","potentialAction":[{"@type":"SearchAction","target":{"@type":"EntryPoint","urlTemplate":"https:\/\/www.chespa.eu\/?s={search_term_string}"},"query-input":{"@type":"PropertyValueSpecification","valueRequired":true,"valueName":"search_term_string"}}],"inLanguage":"es-ES"}]}},"_links":{"self":[{"href":"https:\/\/www.chespa.eu\/es\/wp-json\/wp\/v2\/pages\/967","targetHints":{"allow":["GET"]}}],"collection":[{"href":"https:\/\/www.chespa.eu\/es\/wp-json\/wp\/v2\/pages"}],"about":[{"href":"https:\/\/www.chespa.eu\/es\/wp-json\/wp\/v2\/types\/page"}],"author":[{"embeddable":true,"href":"https:\/\/www.chespa.eu\/es\/wp-json\/wp\/v2\/users\/6"}],"replies":[{"embeddable":true,"href":"https:\/\/www.chespa.eu\/es\/wp-json\/wp\/v2\/comments?post=967"}],"version-history":[{"count":8,"href":"https:\/\/www.chespa.eu\/es\/wp-json\/wp\/v2\/pages\/967\/revisions"}],"predecessor-version":[{"id":15108,"href":"https:\/\/www.chespa.eu\/es\/wp-json\/wp\/v2\/pages\/967\/revisions\/15108"}],"wp:attachment":[{"href":"https:\/\/www.chespa.eu\/es\/wp-json\/wp\/v2\/media?parent=967"}],"curies":[{"name":"wp","href":"https:\/\/api.w.org\/{rel}","templated":true}]}}