{"id":954,"date":"2016-02-15T10:23:28","date_gmt":"2016-02-15T09:23:28","guid":{"rendered":"http:\/\/chespa.eu\/es\/podloza-elastyczne\/"},"modified":"2016-06-21T11:43:06","modified_gmt":"2016-06-21T09:43:06","slug":"podloza-elastyczne","status":"publish","type":"page","link":"https:\/\/www.chespa.eu\/es\/productos\/planchas-de-fotopolimero\/podloza-elastyczne\/","title":{"rendered":"Sustratos flexibles"},"content":{"rendered":"<p>Sustratos flexibles es un t\u00e9rmino amplio que abarca todo tipo de materiales introducidos en la impresi\u00f3n de bobina. Son por ejemplo cartones para la fabricaci\u00f3n de tazas,<br \/>\npero tambi\u00e9n papeles\u00a0de servilletas (tissue), papeles de saco o decorativos. Tambi\u00e9n son las hojas de pl\u00e1stico y de aluminio.<\/p>\n<p>Se aplica las planchas de espesor de 0,76 mm a 3,94 mm. Dependiendo del tipo de sustrato, m\u00e1quina, patr\u00f3n y tinta se seleccionan otros par\u00e1metros como dureza,\u00a0resistencia, humectabilidad.<\/p>\n<p>A los productores de los productos de higiene (toallas de papel, servilletas, pa\u00f1uelos, etc.) ofrecemos colocaci\u00f3n de las planchas sobre los cilindros suministrados<br \/>\n&#8211; sleeves, hasta 3,5 m\u00a0de anchura.<\/p>\n","protected":false},"excerpt":{"rendered":"<p>Sustratos flexibles es un t\u00e9rmino amplio que abarca todo tipo de materiales introducidos en la impresi\u00f3n de bobina. Son por ejemplo cartones para la fabricaci\u00f3n de tazas, pero tambi\u00e9n papeles\u00a0de servilletas (tissue), papeles de saco o decorativos. Tambi\u00e9n son las hojas de pl\u00e1stico y de aluminio. Se aplica las planchas de espesor de 0,76 mm [&hellip;]<\/p>\n","protected":false},"author":6,"featured_media":9553,"parent":18807,"menu_order":0,"comment_status":"closed","ping_status":"closed","template":"","meta":{"_acf_changed":false,"footnotes":""},"class_list":["post-954","page","type-page","status-publish","has-post-thumbnail","hentry"],"acf":[],"yoast_head":"<!-- This site is optimized with the Yoast SEO plugin v27.3 - https:\/\/yoast.com\/product\/yoast-seo-wordpress\/ -->\n<title>Sustratos flexibles - Chespa - printing inks, clichees, cutting dies<\/title>\n<meta name=\"robots\" content=\"index, follow, max-snippet:-1, max-image-preview:large, max-video-preview:-1\" \/>\n<link rel=\"canonical\" href=\"https:\/\/www.chespa.eu\/es\/podloza-elastyczne\/\" \/>\n<meta property=\"og:locale\" content=\"es_ES\" \/>\n<meta property=\"og:type\" content=\"article\" \/>\n<meta property=\"og:title\" content=\"Sustratos flexibles - Chespa - printing inks, clichees, cutting dies\" \/>\n<meta property=\"og:description\" content=\"Sustratos flexibles es un t\u00e9rmino amplio que abarca todo tipo de materiales introducidos en la impresi\u00f3n de bobina. Son por ejemplo cartones para la fabricaci\u00f3n de tazas, pero tambi\u00e9n papeles\u00a0de servilletas (tissue), papeles de saco o decorativos. Tambi\u00e9n son las hojas de pl\u00e1stico y de aluminio. Se aplica las planchas de espesor de 0,76 mm [&hellip;]\" \/>\n<meta property=\"og:url\" content=\"https:\/\/www.chespa.eu\/es\/podloza-elastyczne\/\" \/>\n<meta property=\"og:site_name\" content=\"Chespa - printing inks, clichees, cutting dies\" \/>\n<meta property=\"article:modified_time\" content=\"2016-06-21T09:43:06+00:00\" \/>\n<meta property=\"og:image\" content=\"https:\/\/www.chespa.eu\/wp-content\/uploads\/2016\/08\/klisze.jpg\" \/>\n\t<meta property=\"og:image:width\" content=\"1920\" \/>\n\t<meta property=\"og:image:height\" content=\"295\" \/>\n\t<meta property=\"og:image:type\" content=\"image\/jpeg\" \/>\n<meta name=\"twitter:card\" content=\"summary_large_image\" \/>\n<meta name=\"twitter:label1\" content=\"Est. reading time\" \/>\n\t<meta name=\"twitter:data1\" content=\"1 minute\" \/>\n<script type=\"application\/ld+json\" class=\"yoast-schema-graph\">{\"@context\":\"https:\\\/\\\/schema.org\",\"@graph\":[{\"@type\":\"WebPage\",\"@id\":\"https:\\\/\\\/www.chespa.eu\\\/es\\\/podloza-elastyczne\\\/\",\"url\":\"https:\\\/\\\/www.chespa.eu\\\/es\\\/podloza-elastyczne\\\/\",\"name\":\"Sustratos flexibles - Chespa - printing inks, clichees, cutting dies\",\"isPartOf\":{\"@id\":\"https:\\\/\\\/www.chespa.eu\\\/#website\"},\"primaryImageOfPage\":{\"@id\":\"https:\\\/\\\/www.chespa.eu\\\/es\\\/podloza-elastyczne\\\/#primaryimage\"},\"image\":{\"@id\":\"https:\\\/\\\/www.chespa.eu\\\/es\\\/podloza-elastyczne\\\/#primaryimage\"},\"thumbnailUrl\":\"https:\\\/\\\/www.chespa.eu\\\/wp-content\\\/uploads\\\/2016\\\/08\\\/klisze.jpg\",\"datePublished\":\"2016-02-15T09:23:28+00:00\",\"dateModified\":\"2016-06-21T09:43:06+00:00\",\"breadcrumb\":{\"@id\":\"https:\\\/\\\/www.chespa.eu\\\/es\\\/podloza-elastyczne\\\/#breadcrumb\"},\"inLanguage\":\"es-ES\",\"potentialAction\":[{\"@type\":\"ReadAction\",\"target\":[\"https:\\\/\\\/www.chespa.eu\\\/es\\\/podloza-elastyczne\\\/\"]}]},{\"@type\":\"ImageObject\",\"inLanguage\":\"es-ES\",\"@id\":\"https:\\\/\\\/www.chespa.eu\\\/es\\\/podloza-elastyczne\\\/#primaryimage\",\"url\":\"https:\\\/\\\/www.chespa.eu\\\/wp-content\\\/uploads\\\/2016\\\/08\\\/klisze.jpg\",\"contentUrl\":\"https:\\\/\\\/www.chespa.eu\\\/wp-content\\\/uploads\\\/2016\\\/08\\\/klisze.jpg\",\"width\":1920,\"height\":295,\"caption\":\"klisze fotopolimerowe Chespa\"},{\"@type\":\"BreadcrumbList\",\"@id\":\"https:\\\/\\\/www.chespa.eu\\\/es\\\/podloza-elastyczne\\\/#breadcrumb\",\"itemListElement\":[{\"@type\":\"ListItem\",\"position\":1,\"name\":\"Strona g\u0142\u00f3wna\",\"item\":\"https:\\\/\\\/www.chespa.eu\\\/\"},{\"@type\":\"ListItem\",\"position\":2,\"name\":\"Sustratos flexibles\"}]},{\"@type\":\"WebSite\",\"@id\":\"https:\\\/\\\/www.chespa.eu\\\/#website\",\"url\":\"https:\\\/\\\/www.chespa.eu\\\/\",\"name\":\"Chespa - printing inks, clichees, cutting dies\",\"description\":\"\",\"potentialAction\":[{\"@type\":\"SearchAction\",\"target\":{\"@type\":\"EntryPoint\",\"urlTemplate\":\"https:\\\/\\\/www.chespa.eu\\\/?s={search_term_string}\"},\"query-input\":{\"@type\":\"PropertyValueSpecification\",\"valueRequired\":true,\"valueName\":\"search_term_string\"}}],\"inLanguage\":\"es-ES\"}]}<\/script>\n<!-- \/ Yoast SEO plugin. -->","yoast_head_json":{"title":"Sustratos flexibles - Chespa - printing inks, clichees, cutting dies","robots":{"index":"index","follow":"follow","max-snippet":"max-snippet:-1","max-image-preview":"max-image-preview:large","max-video-preview":"max-video-preview:-1"},"canonical":"https:\/\/www.chespa.eu\/es\/podloza-elastyczne\/","og_locale":"es_ES","og_type":"article","og_title":"Sustratos flexibles - Chespa - printing inks, clichees, cutting dies","og_description":"Sustratos flexibles es un t\u00e9rmino amplio que abarca todo tipo de materiales introducidos en la impresi\u00f3n de bobina. Son por ejemplo cartones para la fabricaci\u00f3n de tazas, pero tambi\u00e9n papeles\u00a0de servilletas (tissue), papeles de saco o decorativos. Tambi\u00e9n son las hojas de pl\u00e1stico y de aluminio. Se aplica las planchas de espesor de 0,76 mm [&hellip;]","og_url":"https:\/\/www.chespa.eu\/es\/podloza-elastyczne\/","og_site_name":"Chespa - printing inks, clichees, cutting dies","article_modified_time":"2016-06-21T09:43:06+00:00","og_image":[{"width":1920,"height":295,"url":"https:\/\/www.chespa.eu\/wp-content\/uploads\/2016\/08\/klisze.jpg","type":"image\/jpeg"}],"twitter_card":"summary_large_image","twitter_misc":{"Est. reading time":"1 minute"},"schema":{"@context":"https:\/\/schema.org","@graph":[{"@type":"WebPage","@id":"https:\/\/www.chespa.eu\/es\/podloza-elastyczne\/","url":"https:\/\/www.chespa.eu\/es\/podloza-elastyczne\/","name":"Sustratos flexibles - Chespa - printing inks, clichees, cutting dies","isPartOf":{"@id":"https:\/\/www.chespa.eu\/#website"},"primaryImageOfPage":{"@id":"https:\/\/www.chespa.eu\/es\/podloza-elastyczne\/#primaryimage"},"image":{"@id":"https:\/\/www.chespa.eu\/es\/podloza-elastyczne\/#primaryimage"},"thumbnailUrl":"https:\/\/www.chespa.eu\/wp-content\/uploads\/2016\/08\/klisze.jpg","datePublished":"2016-02-15T09:23:28+00:00","dateModified":"2016-06-21T09:43:06+00:00","breadcrumb":{"@id":"https:\/\/www.chespa.eu\/es\/podloza-elastyczne\/#breadcrumb"},"inLanguage":"es-ES","potentialAction":[{"@type":"ReadAction","target":["https:\/\/www.chespa.eu\/es\/podloza-elastyczne\/"]}]},{"@type":"ImageObject","inLanguage":"es-ES","@id":"https:\/\/www.chespa.eu\/es\/podloza-elastyczne\/#primaryimage","url":"https:\/\/www.chespa.eu\/wp-content\/uploads\/2016\/08\/klisze.jpg","contentUrl":"https:\/\/www.chespa.eu\/wp-content\/uploads\/2016\/08\/klisze.jpg","width":1920,"height":295,"caption":"klisze fotopolimerowe Chespa"},{"@type":"BreadcrumbList","@id":"https:\/\/www.chespa.eu\/es\/podloza-elastyczne\/#breadcrumb","itemListElement":[{"@type":"ListItem","position":1,"name":"Strona g\u0142\u00f3wna","item":"https:\/\/www.chespa.eu\/"},{"@type":"ListItem","position":2,"name":"Sustratos flexibles"}]},{"@type":"WebSite","@id":"https:\/\/www.chespa.eu\/#website","url":"https:\/\/www.chespa.eu\/","name":"Chespa - printing inks, clichees, cutting dies","description":"","potentialAction":[{"@type":"SearchAction","target":{"@type":"EntryPoint","urlTemplate":"https:\/\/www.chespa.eu\/?s={search_term_string}"},"query-input":{"@type":"PropertyValueSpecification","valueRequired":true,"valueName":"search_term_string"}}],"inLanguage":"es-ES"}]}},"_links":{"self":[{"href":"https:\/\/www.chespa.eu\/es\/wp-json\/wp\/v2\/pages\/954","targetHints":{"allow":["GET"]}}],"collection":[{"href":"https:\/\/www.chespa.eu\/es\/wp-json\/wp\/v2\/pages"}],"about":[{"href":"https:\/\/www.chespa.eu\/es\/wp-json\/wp\/v2\/types\/page"}],"author":[{"embeddable":true,"href":"https:\/\/www.chespa.eu\/es\/wp-json\/wp\/v2\/users\/6"}],"replies":[{"embeddable":true,"href":"https:\/\/www.chespa.eu\/es\/wp-json\/wp\/v2\/comments?post=954"}],"version-history":[{"count":9,"href":"https:\/\/www.chespa.eu\/es\/wp-json\/wp\/v2\/pages\/954\/revisions"}],"predecessor-version":[{"id":3518,"href":"https:\/\/www.chespa.eu\/es\/wp-json\/wp\/v2\/pages\/954\/revisions\/3518"}],"up":[{"embeddable":true,"href":"https:\/\/www.chespa.eu\/es\/wp-json\/wp\/v2\/pages\/18807"}],"wp:featuredmedia":[{"embeddable":true,"href":"https:\/\/www.chespa.eu\/es\/wp-json\/wp\/v2\/media\/9553"}],"wp:attachment":[{"href":"https:\/\/www.chespa.eu\/es\/wp-json\/wp\/v2\/media?parent=954"}],"curies":[{"name":"wp","href":"https:\/\/api.w.org\/{rel}","templated":true}]}}