{"id":930,"date":"2016-02-15T11:49:23","date_gmt":"2016-02-15T10:49:23","guid":{"rendered":"http:\/\/chespa.eu\/es\/pertinax\/"},"modified":"2016-05-31T01:20:31","modified_gmt":"2016-05-30T23:20:31","slug":"pertinax","status":"publish","type":"page","link":"https:\/\/www.chespa.eu\/es\/productos\/wykrojniki\/pertinax\/","title":{"rendered":"Pertinax"},"content":{"rendered":"<p><b>Pertinax<\/b><br \/>\nPertinaxes sirven para contrahendido. Los producimos en una fresadora CNC especializada. Se utilizan principalmente en la producci\u00f3n de embalajes de cart\u00f3n compacto, pero los realizamos tambi\u00e9n para cart\u00f3n corrugado. Podemos hacerlos de rezotex as\u00ed como en la placa met\u00e1lica para poder instalarla directamente en la m\u00e1quina de corte.<br \/>\nNormalmente hacemos pertinaxes en las placas con un espesor de 0,4 a 1,2 mm.<\/p>\n","protected":false},"excerpt":{"rendered":"<p>Pertinax Pertinaxes sirven para contrahendido. Los producimos en una fresadora CNC especializada. Se utilizan principalmente en la producci\u00f3n de embalajes de cart\u00f3n compacto, pero los realizamos tambi\u00e9n para cart\u00f3n corrugado. Podemos hacerlos de rezotex as\u00ed como en la placa met\u00e1lica para poder instalarla directamente en la m\u00e1quina de corte. Normalmente hacemos pertinaxes en las placas [&hellip;]<\/p>\n","protected":false},"author":6,"featured_media":0,"parent":1227,"menu_order":0,"comment_status":"closed","ping_status":"closed","template":"","meta":{"_acf_changed":false,"footnotes":""},"class_list":["post-930","page","type-page","status-publish","hentry"],"acf":[],"yoast_head":"<!-- This site is optimized with the Yoast SEO plugin v27.4 - https:\/\/yoast.com\/product\/yoast-seo-wordpress\/ -->\n<title>Pertinax - Chespa - printing inks, clichees, cutting dies<\/title>\n<meta name=\"robots\" content=\"index, follow, max-snippet:-1, max-image-preview:large, max-video-preview:-1\" \/>\n<link rel=\"canonical\" href=\"https:\/\/www.chespa.eu\/es\/pertinax\/\" \/>\n<meta property=\"og:locale\" content=\"es_ES\" \/>\n<meta property=\"og:type\" content=\"article\" \/>\n<meta property=\"og:title\" content=\"Pertinax - Chespa - printing inks, clichees, cutting dies\" \/>\n<meta property=\"og:description\" content=\"Pertinax Pertinaxes sirven para contrahendido. Los producimos en una fresadora CNC especializada. Se utilizan principalmente en la producci\u00f3n de embalajes de cart\u00f3n compacto, pero los realizamos tambi\u00e9n para cart\u00f3n corrugado. Podemos hacerlos de rezotex as\u00ed como en la placa met\u00e1lica para poder instalarla directamente en la m\u00e1quina de corte. Normalmente hacemos pertinaxes en las placas [&hellip;]\" \/>\n<meta property=\"og:url\" content=\"https:\/\/www.chespa.eu\/es\/pertinax\/\" \/>\n<meta property=\"og:site_name\" content=\"Chespa - printing inks, clichees, cutting dies\" \/>\n<meta property=\"article:modified_time\" content=\"2016-05-30T23:20:31+00:00\" \/>\n<meta name=\"twitter:card\" content=\"summary_large_image\" \/>\n<script type=\"application\/ld+json\" class=\"yoast-schema-graph\">{\"@context\":\"https:\\\/\\\/schema.org\",\"@graph\":[{\"@type\":\"WebPage\",\"@id\":\"https:\\\/\\\/www.chespa.eu\\\/es\\\/pertinax\\\/\",\"url\":\"https:\\\/\\\/www.chespa.eu\\\/es\\\/pertinax\\\/\",\"name\":\"Pertinax - Chespa - printing inks, clichees, cutting dies\",\"isPartOf\":{\"@id\":\"https:\\\/\\\/www.chespa.eu\\\/#website\"},\"datePublished\":\"2016-02-15T10:49:23+00:00\",\"dateModified\":\"2016-05-30T23:20:31+00:00\",\"breadcrumb\":{\"@id\":\"https:\\\/\\\/www.chespa.eu\\\/es\\\/pertinax\\\/#breadcrumb\"},\"inLanguage\":\"es-ES\",\"potentialAction\":[{\"@type\":\"ReadAction\",\"target\":[\"https:\\\/\\\/www.chespa.eu\\\/es\\\/pertinax\\\/\"]}]},{\"@type\":\"BreadcrumbList\",\"@id\":\"https:\\\/\\\/www.chespa.eu\\\/es\\\/pertinax\\\/#breadcrumb\",\"itemListElement\":[{\"@type\":\"ListItem\",\"position\":1,\"name\":\"Strona g\u0142\u00f3wna\",\"item\":\"https:\\\/\\\/www.chespa.eu\\\/\"},{\"@type\":\"ListItem\",\"position\":2,\"name\":\"Pertinax\"}]},{\"@type\":\"WebSite\",\"@id\":\"https:\\\/\\\/www.chespa.eu\\\/#website\",\"url\":\"https:\\\/\\\/www.chespa.eu\\\/\",\"name\":\"Chespa - printing inks, clichees, cutting dies\",\"description\":\"\",\"potentialAction\":[{\"@type\":\"SearchAction\",\"target\":{\"@type\":\"EntryPoint\",\"urlTemplate\":\"https:\\\/\\\/www.chespa.eu\\\/?s={search_term_string}\"},\"query-input\":{\"@type\":\"PropertyValueSpecification\",\"valueRequired\":true,\"valueName\":\"search_term_string\"}}],\"inLanguage\":\"es-ES\"}]}<\/script>\n<!-- \/ Yoast SEO plugin. -->","yoast_head_json":{"title":"Pertinax - Chespa - printing inks, clichees, cutting dies","robots":{"index":"index","follow":"follow","max-snippet":"max-snippet:-1","max-image-preview":"max-image-preview:large","max-video-preview":"max-video-preview:-1"},"canonical":"https:\/\/www.chespa.eu\/es\/pertinax\/","og_locale":"es_ES","og_type":"article","og_title":"Pertinax - Chespa - printing inks, clichees, cutting dies","og_description":"Pertinax Pertinaxes sirven para contrahendido. Los producimos en una fresadora CNC especializada. Se utilizan principalmente en la producci\u00f3n de embalajes de cart\u00f3n compacto, pero los realizamos tambi\u00e9n para cart\u00f3n corrugado. Podemos hacerlos de rezotex as\u00ed como en la placa met\u00e1lica para poder instalarla directamente en la m\u00e1quina de corte. Normalmente hacemos pertinaxes en las placas [&hellip;]","og_url":"https:\/\/www.chespa.eu\/es\/pertinax\/","og_site_name":"Chespa - printing inks, clichees, cutting dies","article_modified_time":"2016-05-30T23:20:31+00:00","twitter_card":"summary_large_image","schema":{"@context":"https:\/\/schema.org","@graph":[{"@type":"WebPage","@id":"https:\/\/www.chespa.eu\/es\/pertinax\/","url":"https:\/\/www.chespa.eu\/es\/pertinax\/","name":"Pertinax - Chespa - printing inks, clichees, cutting dies","isPartOf":{"@id":"https:\/\/www.chespa.eu\/#website"},"datePublished":"2016-02-15T10:49:23+00:00","dateModified":"2016-05-30T23:20:31+00:00","breadcrumb":{"@id":"https:\/\/www.chespa.eu\/es\/pertinax\/#breadcrumb"},"inLanguage":"es-ES","potentialAction":[{"@type":"ReadAction","target":["https:\/\/www.chespa.eu\/es\/pertinax\/"]}]},{"@type":"BreadcrumbList","@id":"https:\/\/www.chespa.eu\/es\/pertinax\/#breadcrumb","itemListElement":[{"@type":"ListItem","position":1,"name":"Strona g\u0142\u00f3wna","item":"https:\/\/www.chespa.eu\/"},{"@type":"ListItem","position":2,"name":"Pertinax"}]},{"@type":"WebSite","@id":"https:\/\/www.chespa.eu\/#website","url":"https:\/\/www.chespa.eu\/","name":"Chespa - printing inks, clichees, cutting dies","description":"","potentialAction":[{"@type":"SearchAction","target":{"@type":"EntryPoint","urlTemplate":"https:\/\/www.chespa.eu\/?s={search_term_string}"},"query-input":{"@type":"PropertyValueSpecification","valueRequired":true,"valueName":"search_term_string"}}],"inLanguage":"es-ES"}]}},"_links":{"self":[{"href":"https:\/\/www.chespa.eu\/es\/wp-json\/wp\/v2\/pages\/930","targetHints":{"allow":["GET"]}}],"collection":[{"href":"https:\/\/www.chespa.eu\/es\/wp-json\/wp\/v2\/pages"}],"about":[{"href":"https:\/\/www.chespa.eu\/es\/wp-json\/wp\/v2\/types\/page"}],"author":[{"embeddable":true,"href":"https:\/\/www.chespa.eu\/es\/wp-json\/wp\/v2\/users\/6"}],"replies":[{"embeddable":true,"href":"https:\/\/www.chespa.eu\/es\/wp-json\/wp\/v2\/comments?post=930"}],"version-history":[{"count":2,"href":"https:\/\/www.chespa.eu\/es\/wp-json\/wp\/v2\/pages\/930\/revisions"}],"predecessor-version":[{"id":1872,"href":"https:\/\/www.chespa.eu\/es\/wp-json\/wp\/v2\/pages\/930\/revisions\/1872"}],"up":[{"embeddable":true,"href":"https:\/\/www.chespa.eu\/es\/wp-json\/wp\/v2\/pages\/1227"}],"wp:attachment":[{"href":"https:\/\/www.chespa.eu\/es\/wp-json\/wp\/v2\/media?parent=930"}],"curies":[{"name":"wp","href":"https:\/\/api.w.org\/{rel}","templated":true}]}}