{"id":905,"date":"2016-02-15T12:33:07","date_gmt":"2016-02-15T11:33:07","guid":{"rendered":"http:\/\/chespa.eu\/es\/nowe-maszyny-i-oprogramowanie\/"},"modified":"2016-06-21T12:05:39","modified_gmt":"2016-06-21T10:05:39","slug":"nowe-maszyny-i-oprogramowanie","status":"publish","type":"page","link":"https:\/\/www.chespa.eu\/es\/nowe-maszyny-i-oprogramowanie\/","title":{"rendered":"Las nuevas m\u00e1quinas y software"},"content":{"rendered":"<p>Chespa ha instalado nuevas m\u00e1quinas en la planta de troqueles.<br \/>\n1. <strong>Dobladora de cuchillas autom\u00e1tica IDEA<\/strong> &#8211; se utiliza en la producci\u00f3n de troqueles para cart\u00f3n s\u00f3lido. Dobla, perfora, puentes y realiza l\u00edneas combinadas y broaching<br \/>\n(con rebajes en el fleje de corte). La m\u00e1quina permite ejecuci\u00f3n autom\u00e1tica de muescas en el filo de la cuchilla a partir de 0,2 mm de anchura.<br \/>\n2. <strong>Fresadora de pertinaxes<\/strong> <strong>LASERCOMB<\/strong> &#8211; la segunda m\u00e1quina de este tipo en la planta de troqueles. Este modelo de la m\u00e1quina acelera significativamente el proceso de ejecuci\u00f3n<br \/>\nde los pertinaxes de rezotex y placas molidas y permite hacerlos en un tama\u00f1o m\u00e1s grande (Bobst Mastercut 1.7). Gracias al sistema de medici\u00f3n integrado y autom\u00e1tico es posible realizar herramientas de alta precisi\u00f3n. Estos dispositivos incrementan significativamente la capacidad de producci\u00f3n y la calidad y la precisi\u00f3n de troqueles y herramientas, especialmente para cart\u00f3n s\u00f3lido.<br \/>\n3. <strong>Dobladora de cuchillas autom\u00e1tica para troqueles rotativos ROTAX PLUS<\/strong> &#8211; esta es la m\u00e1s moderna maquina que existe en el mercado, utilizada para procesamiento completo<br \/>\ny plegado de cuchillas de 4 puntos simples y perif\u00e9ricas (torcidas para un di\u00e1metro dado). Permite hacer las piezas peque\u00f1as (pe. tipo slot) de una secci\u00f3n de la cuchilla, que mejora significativamente la calidad de la actuaci\u00f3n de los troqueles rotativos. Al mismo tiempo que la instalaci\u00f3n de maquinaria, tambi\u00e9n se llev\u00f3 a cabo la implementaci\u00f3n de la \u00faltima versi\u00f3n del software para el dise\u00f1o de envases y troqueles IMPACT 2013.<\/p>\n<p><a href=\"http:\/\/chespa.eu\/wp-content\/uploads\/2016\/02\/669.jpeg\" rel=\"lightbox[905]\"><img loading=\"lazy\" decoding=\"async\" class=\"wp-image-312 size-full aligncenter\" src=\"https:\/\/chespa.eu\/wp-content\/uploads\/2016\/02\/669.jpeg\" alt=\"669\" width=\"686\" height=\"498\" srcset=\"https:\/\/www.chespa.eu\/wp-content\/uploads\/2016\/02\/669.jpeg 686w, https:\/\/www.chespa.eu\/wp-content\/uploads\/2016\/02\/669-300x218.jpeg 300w\" sizes=\"auto, (max-width: 686px) 100vw, 686px\" \/><\/a><\/p>\n<p style=\"text-align: center;\">Wyginarka autom\u00e1tica cuchillo de IKEA<\/p>\n<p style=\"text-align: center;\"><a href=\"http:\/\/chespa.eu\/wp-content\/uploads\/2016\/02\/670.jpeg\" rel=\"lightbox[905]\"><img loading=\"lazy\" decoding=\"async\" class=\"alignnone wp-image-316 size-full\" src=\"https:\/\/chespa.eu\/wp-content\/uploads\/2016\/02\/670.jpeg\" alt=\"670\" width=\"686\" height=\"498\" srcset=\"https:\/\/www.chespa.eu\/wp-content\/uploads\/2016\/02\/670.jpeg 686w, https:\/\/www.chespa.eu\/wp-content\/uploads\/2016\/02\/670-300x218.jpeg 300w\" sizes=\"auto, (max-width: 686px) 100vw, 686px\" \/><\/a><\/p>\n<p style=\"text-align: center;\">Cortador LASERCOMB pertinax<\/p>\n<p style=\"text-align: center;\"><a href=\"http:\/\/chespa.eu\/wp-content\/uploads\/2016\/02\/671.jpeg\" rel=\"lightbox[905]\"><img loading=\"lazy\" decoding=\"async\" class=\"aligncenter size-full wp-image-315\" src=\"https:\/\/chespa.eu\/wp-content\/uploads\/2016\/02\/671.jpeg\" alt=\"671\" width=\"686\" height=\"498\" srcset=\"https:\/\/www.chespa.eu\/wp-content\/uploads\/2016\/02\/671.jpeg 686w, https:\/\/www.chespa.eu\/wp-content\/uploads\/2016\/02\/671-300x218.jpeg 300w\" sizes=\"auto, (max-width: 686px) 100vw, 686px\" \/><\/a><\/p>\n<p style=\"text-align: center;\">Wyginarka cuchillo autom\u00e1tico de troqueles giratorios Rotax PLUS<\/p>\n","protected":false},"excerpt":{"rendered":"<p>Chespa ha instalado nuevas m\u00e1quinas en la planta de troqueles. 1. Dobladora de cuchillas autom\u00e1tica IDEA &#8211; se utiliza en la producci\u00f3n de troqueles para cart\u00f3n s\u00f3lido. Dobla, perfora, puentes y realiza l\u00edneas combinadas y broaching (con rebajes en el fleje de corte). La m\u00e1quina permite ejecuci\u00f3n autom\u00e1tica de muescas en el filo de la [&hellip;]<\/p>\n","protected":false},"author":6,"featured_media":0,"parent":0,"menu_order":0,"comment_status":"closed","ping_status":"closed","template":"","meta":{"_acf_changed":false,"footnotes":""},"class_list":["post-905","page","type-page","status-publish","hentry"],"acf":[],"yoast_head":"<!-- This site is optimized with the Yoast SEO plugin v27.5 - https:\/\/yoast.com\/product\/yoast-seo-wordpress\/ -->\n<title>Las nuevas m\u00e1quinas y software - Chespa - printing inks, clichees, cutting dies<\/title>\n<meta name=\"robots\" content=\"index, follow, max-snippet:-1, max-image-preview:large, max-video-preview:-1\" \/>\n<link rel=\"canonical\" href=\"https:\/\/www.chespa.eu\/es\/nowe-maszyny-i-oprogramowanie\/\" \/>\n<meta property=\"og:locale\" content=\"es_ES\" \/>\n<meta property=\"og:type\" content=\"article\" \/>\n<meta property=\"og:title\" content=\"Las nuevas m\u00e1quinas y software - Chespa - printing inks, clichees, cutting dies\" \/>\n<meta property=\"og:description\" content=\"Chespa ha instalado nuevas m\u00e1quinas en la planta de troqueles. 1. Dobladora de cuchillas autom\u00e1tica IDEA &#8211; se utiliza en la producci\u00f3n de troqueles para cart\u00f3n s\u00f3lido. Dobla, perfora, puentes y realiza l\u00edneas combinadas y broaching (con rebajes en el fleje de corte). La m\u00e1quina permite ejecuci\u00f3n autom\u00e1tica de muescas en el filo de la [&hellip;]\" \/>\n<meta property=\"og:url\" content=\"https:\/\/www.chespa.eu\/es\/nowe-maszyny-i-oprogramowanie\/\" \/>\n<meta property=\"og:site_name\" content=\"Chespa - printing inks, clichees, cutting dies\" \/>\n<meta property=\"article:modified_time\" content=\"2016-06-21T10:05:39+00:00\" \/>\n<meta property=\"og:image\" content=\"http:\/\/chespa.eu\/wp-content\/uploads\/2016\/02\/669.jpeg\" \/>\n<meta name=\"twitter:card\" content=\"summary_large_image\" \/>\n<meta name=\"twitter:label1\" content=\"Est. reading time\" \/>\n\t<meta name=\"twitter:data1\" content=\"1 minute\" \/>\n<script type=\"application\/ld+json\" class=\"yoast-schema-graph\">{\"@context\":\"https:\\\/\\\/schema.org\",\"@graph\":[{\"@type\":\"WebPage\",\"@id\":\"https:\\\/\\\/www.chespa.eu\\\/es\\\/nowe-maszyny-i-oprogramowanie\\\/\",\"url\":\"https:\\\/\\\/www.chespa.eu\\\/es\\\/nowe-maszyny-i-oprogramowanie\\\/\",\"name\":\"Las nuevas m\u00e1quinas y software - Chespa - printing inks, clichees, cutting dies\",\"isPartOf\":{\"@id\":\"https:\\\/\\\/www.chespa.eu\\\/#website\"},\"primaryImageOfPage\":{\"@id\":\"https:\\\/\\\/www.chespa.eu\\\/es\\\/nowe-maszyny-i-oprogramowanie\\\/#primaryimage\"},\"image\":{\"@id\":\"https:\\\/\\\/www.chespa.eu\\\/es\\\/nowe-maszyny-i-oprogramowanie\\\/#primaryimage\"},\"thumbnailUrl\":\"http:\\\/\\\/chespa.eu\\\/wp-content\\\/uploads\\\/2016\\\/02\\\/669.jpeg\",\"datePublished\":\"2016-02-15T11:33:07+00:00\",\"dateModified\":\"2016-06-21T10:05:39+00:00\",\"breadcrumb\":{\"@id\":\"https:\\\/\\\/www.chespa.eu\\\/es\\\/nowe-maszyny-i-oprogramowanie\\\/#breadcrumb\"},\"inLanguage\":\"es-ES\",\"potentialAction\":[{\"@type\":\"ReadAction\",\"target\":[\"https:\\\/\\\/www.chespa.eu\\\/es\\\/nowe-maszyny-i-oprogramowanie\\\/\"]}]},{\"@type\":\"ImageObject\",\"inLanguage\":\"es-ES\",\"@id\":\"https:\\\/\\\/www.chespa.eu\\\/es\\\/nowe-maszyny-i-oprogramowanie\\\/#primaryimage\",\"url\":\"http:\\\/\\\/chespa.eu\\\/wp-content\\\/uploads\\\/2016\\\/02\\\/669.jpeg\",\"contentUrl\":\"http:\\\/\\\/chespa.eu\\\/wp-content\\\/uploads\\\/2016\\\/02\\\/669.jpeg\"},{\"@type\":\"BreadcrumbList\",\"@id\":\"https:\\\/\\\/www.chespa.eu\\\/es\\\/nowe-maszyny-i-oprogramowanie\\\/#breadcrumb\",\"itemListElement\":[{\"@type\":\"ListItem\",\"position\":1,\"name\":\"Strona g\u0142\u00f3wna\",\"item\":\"https:\\\/\\\/www.chespa.eu\\\/\"},{\"@type\":\"ListItem\",\"position\":2,\"name\":\"Las nuevas m\u00e1quinas y software\"}]},{\"@type\":\"WebSite\",\"@id\":\"https:\\\/\\\/www.chespa.eu\\\/#website\",\"url\":\"https:\\\/\\\/www.chespa.eu\\\/\",\"name\":\"Chespa - printing inks, clichees, cutting dies\",\"description\":\"\",\"potentialAction\":[{\"@type\":\"SearchAction\",\"target\":{\"@type\":\"EntryPoint\",\"urlTemplate\":\"https:\\\/\\\/www.chespa.eu\\\/?s={search_term_string}\"},\"query-input\":{\"@type\":\"PropertyValueSpecification\",\"valueRequired\":true,\"valueName\":\"search_term_string\"}}],\"inLanguage\":\"es-ES\"}]}<\/script>\n<!-- \/ Yoast SEO plugin. -->","yoast_head_json":{"title":"Las nuevas m\u00e1quinas y software - Chespa - printing inks, clichees, cutting dies","robots":{"index":"index","follow":"follow","max-snippet":"max-snippet:-1","max-image-preview":"max-image-preview:large","max-video-preview":"max-video-preview:-1"},"canonical":"https:\/\/www.chespa.eu\/es\/nowe-maszyny-i-oprogramowanie\/","og_locale":"es_ES","og_type":"article","og_title":"Las nuevas m\u00e1quinas y software - Chespa - printing inks, clichees, cutting dies","og_description":"Chespa ha instalado nuevas m\u00e1quinas en la planta de troqueles. 1. Dobladora de cuchillas autom\u00e1tica IDEA &#8211; se utiliza en la producci\u00f3n de troqueles para cart\u00f3n s\u00f3lido. Dobla, perfora, puentes y realiza l\u00edneas combinadas y broaching (con rebajes en el fleje de corte). La m\u00e1quina permite ejecuci\u00f3n autom\u00e1tica de muescas en el filo de la [&hellip;]","og_url":"https:\/\/www.chespa.eu\/es\/nowe-maszyny-i-oprogramowanie\/","og_site_name":"Chespa - printing inks, clichees, cutting dies","article_modified_time":"2016-06-21T10:05:39+00:00","og_image":[{"url":"http:\/\/chespa.eu\/wp-content\/uploads\/2016\/02\/669.jpeg","type":"","width":"","height":""}],"twitter_card":"summary_large_image","twitter_misc":{"Est. reading time":"1 minute"},"schema":{"@context":"https:\/\/schema.org","@graph":[{"@type":"WebPage","@id":"https:\/\/www.chespa.eu\/es\/nowe-maszyny-i-oprogramowanie\/","url":"https:\/\/www.chespa.eu\/es\/nowe-maszyny-i-oprogramowanie\/","name":"Las nuevas m\u00e1quinas y software - Chespa - printing inks, clichees, cutting dies","isPartOf":{"@id":"https:\/\/www.chespa.eu\/#website"},"primaryImageOfPage":{"@id":"https:\/\/www.chespa.eu\/es\/nowe-maszyny-i-oprogramowanie\/#primaryimage"},"image":{"@id":"https:\/\/www.chespa.eu\/es\/nowe-maszyny-i-oprogramowanie\/#primaryimage"},"thumbnailUrl":"http:\/\/chespa.eu\/wp-content\/uploads\/2016\/02\/669.jpeg","datePublished":"2016-02-15T11:33:07+00:00","dateModified":"2016-06-21T10:05:39+00:00","breadcrumb":{"@id":"https:\/\/www.chespa.eu\/es\/nowe-maszyny-i-oprogramowanie\/#breadcrumb"},"inLanguage":"es-ES","potentialAction":[{"@type":"ReadAction","target":["https:\/\/www.chespa.eu\/es\/nowe-maszyny-i-oprogramowanie\/"]}]},{"@type":"ImageObject","inLanguage":"es-ES","@id":"https:\/\/www.chespa.eu\/es\/nowe-maszyny-i-oprogramowanie\/#primaryimage","url":"http:\/\/chespa.eu\/wp-content\/uploads\/2016\/02\/669.jpeg","contentUrl":"http:\/\/chespa.eu\/wp-content\/uploads\/2016\/02\/669.jpeg"},{"@type":"BreadcrumbList","@id":"https:\/\/www.chespa.eu\/es\/nowe-maszyny-i-oprogramowanie\/#breadcrumb","itemListElement":[{"@type":"ListItem","position":1,"name":"Strona g\u0142\u00f3wna","item":"https:\/\/www.chespa.eu\/"},{"@type":"ListItem","position":2,"name":"Las nuevas m\u00e1quinas y software"}]},{"@type":"WebSite","@id":"https:\/\/www.chespa.eu\/#website","url":"https:\/\/www.chespa.eu\/","name":"Chespa - printing inks, clichees, cutting dies","description":"","potentialAction":[{"@type":"SearchAction","target":{"@type":"EntryPoint","urlTemplate":"https:\/\/www.chespa.eu\/?s={search_term_string}"},"query-input":{"@type":"PropertyValueSpecification","valueRequired":true,"valueName":"search_term_string"}}],"inLanguage":"es-ES"}]}},"_links":{"self":[{"href":"https:\/\/www.chespa.eu\/es\/wp-json\/wp\/v2\/pages\/905","targetHints":{"allow":["GET"]}}],"collection":[{"href":"https:\/\/www.chespa.eu\/es\/wp-json\/wp\/v2\/pages"}],"about":[{"href":"https:\/\/www.chespa.eu\/es\/wp-json\/wp\/v2\/types\/page"}],"author":[{"embeddable":true,"href":"https:\/\/www.chespa.eu\/es\/wp-json\/wp\/v2\/users\/6"}],"replies":[{"embeddable":true,"href":"https:\/\/www.chespa.eu\/es\/wp-json\/wp\/v2\/comments?post=905"}],"version-history":[{"count":11,"href":"https:\/\/www.chespa.eu\/es\/wp-json\/wp\/v2\/pages\/905\/revisions"}],"predecessor-version":[{"id":3545,"href":"https:\/\/www.chespa.eu\/es\/wp-json\/wp\/v2\/pages\/905\/revisions\/3545"}],"wp:attachment":[{"href":"https:\/\/www.chespa.eu\/es\/wp-json\/wp\/v2\/media?parent=905"}],"curies":[{"name":"wp","href":"https:\/\/api.w.org\/{rel}","templated":true}]}}