{"id":856,"date":"2016-02-15T11:28:47","date_gmt":"2016-02-15T10:28:47","guid":{"rendered":"http:\/\/chespa.eu\/es\/linia-produkcyjna-cyrel-3000\/"},"modified":"2022-07-28T10:18:36","modified_gmt":"2022-07-28T08:18:36","slug":"linia-produkcyjna-cyrel-3000","status":"publish","type":"page","link":"https:\/\/www.chespa.eu\/es\/productos\/planchas-de-fotopolimero\/linia-produkcyjna-cyrel-3000\/","title":{"rendered":"La l\u00ednea de producci\u00f3n de Cyrel\u00ae 3000"},"content":{"rendered":"<p>Se instal\u00f3 la siguiente, la m\u00e1s grande en tama\u00f1o, l\u00ednea de producci\u00f3n Cyrel\u00ae 3000. Como siempre incluye caja de luz, procesador de planchas, secadora y unidad de exposici\u00f3n final. Cada uno de estos dispositivos trabaja con las \u00faltimas tecnolog\u00edas para la producci\u00f3n de planchas de fotopol\u00edmero. Esta vez en la caja de luz se aplic\u00f3 mesa enfriadora donde la temperatura reducida estabiliza mon\u00f3mero para que no est\u00e9 sujeto\u00a0a tensi\u00f3n durante la polimerizaci\u00f3n UV.\u00a0Adem\u00e1s ha sido modernizada la lavadora con una secci\u00f3n adicional de lavado haciendo el proceso de tratamiento m\u00e1s delicado, y la plancha se queda por un tiempo m\u00e1s corto en el solvente.\u00a0Sistemas de ventilaci\u00f3n adicionales en la secadora dan una distribuci\u00f3n de temperatura m\u00e1s uniforme,\u00a0lo que mejora la estructura y la estabilidad de las planchas de fotopol\u00edmero.<\/p>\n<p>&nbsp;<\/p>\n","protected":false},"excerpt":{"rendered":"<p>Se instal\u00f3 la siguiente, la m\u00e1s grande en tama\u00f1o, l\u00ednea de producci\u00f3n Cyrel\u00ae 3000. Como siempre incluye caja de luz, procesador de planchas, secadora y unidad de exposici\u00f3n final. Cada uno de estos dispositivos trabaja con las \u00faltimas tecnolog\u00edas para la producci\u00f3n de planchas de fotopol\u00edmero. Esta vez en la caja de luz se aplic\u00f3 [&hellip;]<\/p>\n","protected":false},"author":6,"featured_media":16263,"parent":18807,"menu_order":0,"comment_status":"closed","ping_status":"closed","template":"","meta":{"_acf_changed":false,"footnotes":""},"class_list":["post-856","page","type-page","status-publish","has-post-thumbnail","hentry"],"acf":[],"yoast_head":"<!-- This site is optimized with the Yoast SEO plugin v27.3 - https:\/\/yoast.com\/product\/yoast-seo-wordpress\/ -->\n<title>La l\u00ednea de producci\u00f3n de Cyrel\u00ae 3000 - Chespa - printing inks, clichees, cutting dies<\/title>\n<meta name=\"robots\" content=\"index, follow, max-snippet:-1, max-image-preview:large, max-video-preview:-1\" \/>\n<link rel=\"canonical\" href=\"https:\/\/www.chespa.eu\/es\/linia-produkcyjna-cyrel-3000\/\" \/>\n<meta property=\"og:locale\" content=\"es_ES\" \/>\n<meta property=\"og:type\" content=\"article\" \/>\n<meta property=\"og:title\" content=\"La l\u00ednea de producci\u00f3n de Cyrel\u00ae 3000 - Chespa - printing inks, clichees, cutting dies\" \/>\n<meta property=\"og:description\" content=\"Se instal\u00f3 la siguiente, la m\u00e1s grande en tama\u00f1o, l\u00ednea de producci\u00f3n Cyrel\u00ae 3000. Como siempre incluye caja de luz, procesador de planchas, secadora y unidad de exposici\u00f3n final. Cada uno de estos dispositivos trabaja con las \u00faltimas tecnolog\u00edas para la producci\u00f3n de planchas de fotopol\u00edmero. Esta vez en la caja de luz se aplic\u00f3 [&hellip;]\" \/>\n<meta property=\"og:url\" content=\"https:\/\/www.chespa.eu\/es\/linia-produkcyjna-cyrel-3000\/\" \/>\n<meta property=\"og:site_name\" content=\"Chespa - printing inks, clichees, cutting dies\" \/>\n<meta property=\"article:modified_time\" content=\"2022-07-28T08:18:36+00:00\" \/>\n<meta property=\"og:image\" content=\"https:\/\/www.chespa.eu\/wp-content\/uploads\/2022\/06\/IMG_1166-scaled.jpg\" \/>\n\t<meta property=\"og:image:width\" content=\"2560\" \/>\n\t<meta property=\"og:image:height\" content=\"1707\" \/>\n\t<meta property=\"og:image:type\" content=\"image\/jpeg\" \/>\n<meta name=\"twitter:card\" content=\"summary_large_image\" \/>\n<meta name=\"twitter:label1\" content=\"Est. reading time\" \/>\n\t<meta name=\"twitter:data1\" content=\"1 minute\" \/>\n<script type=\"application\/ld+json\" class=\"yoast-schema-graph\">{\"@context\":\"https:\\\/\\\/schema.org\",\"@graph\":[{\"@type\":\"WebPage\",\"@id\":\"https:\\\/\\\/www.chespa.eu\\\/es\\\/linia-produkcyjna-cyrel-3000\\\/\",\"url\":\"https:\\\/\\\/www.chespa.eu\\\/es\\\/linia-produkcyjna-cyrel-3000\\\/\",\"name\":\"La l\u00ednea de producci\u00f3n de Cyrel\u00ae 3000 - Chespa - printing inks, clichees, cutting dies\",\"isPartOf\":{\"@id\":\"https:\\\/\\\/www.chespa.eu\\\/#website\"},\"primaryImageOfPage\":{\"@id\":\"https:\\\/\\\/www.chespa.eu\\\/es\\\/linia-produkcyjna-cyrel-3000\\\/#primaryimage\"},\"image\":{\"@id\":\"https:\\\/\\\/www.chespa.eu\\\/es\\\/linia-produkcyjna-cyrel-3000\\\/#primaryimage\"},\"thumbnailUrl\":\"https:\\\/\\\/www.chespa.eu\\\/wp-content\\\/uploads\\\/2022\\\/06\\\/IMG_1166-scaled.jpg\",\"datePublished\":\"2016-02-15T10:28:47+00:00\",\"dateModified\":\"2022-07-28T08:18:36+00:00\",\"breadcrumb\":{\"@id\":\"https:\\\/\\\/www.chespa.eu\\\/es\\\/linia-produkcyjna-cyrel-3000\\\/#breadcrumb\"},\"inLanguage\":\"es-ES\",\"potentialAction\":[{\"@type\":\"ReadAction\",\"target\":[\"https:\\\/\\\/www.chespa.eu\\\/es\\\/linia-produkcyjna-cyrel-3000\\\/\"]}]},{\"@type\":\"ImageObject\",\"inLanguage\":\"es-ES\",\"@id\":\"https:\\\/\\\/www.chespa.eu\\\/es\\\/linia-produkcyjna-cyrel-3000\\\/#primaryimage\",\"url\":\"https:\\\/\\\/www.chespa.eu\\\/wp-content\\\/uploads\\\/2022\\\/06\\\/IMG_1166-scaled.jpg\",\"contentUrl\":\"https:\\\/\\\/www.chespa.eu\\\/wp-content\\\/uploads\\\/2022\\\/06\\\/IMG_1166-scaled.jpg\",\"width\":2560,\"height\":1707},{\"@type\":\"BreadcrumbList\",\"@id\":\"https:\\\/\\\/www.chespa.eu\\\/es\\\/linia-produkcyjna-cyrel-3000\\\/#breadcrumb\",\"itemListElement\":[{\"@type\":\"ListItem\",\"position\":1,\"name\":\"Strona g\u0142\u00f3wna\",\"item\":\"https:\\\/\\\/www.chespa.eu\\\/\"},{\"@type\":\"ListItem\",\"position\":2,\"name\":\"La l\u00ednea de producci\u00f3n de Cyrel\u00ae 3000\"}]},{\"@type\":\"WebSite\",\"@id\":\"https:\\\/\\\/www.chespa.eu\\\/#website\",\"url\":\"https:\\\/\\\/www.chespa.eu\\\/\",\"name\":\"Chespa - printing inks, clichees, cutting dies\",\"description\":\"\",\"potentialAction\":[{\"@type\":\"SearchAction\",\"target\":{\"@type\":\"EntryPoint\",\"urlTemplate\":\"https:\\\/\\\/www.chespa.eu\\\/?s={search_term_string}\"},\"query-input\":{\"@type\":\"PropertyValueSpecification\",\"valueRequired\":true,\"valueName\":\"search_term_string\"}}],\"inLanguage\":\"es-ES\"}]}<\/script>\n<!-- \/ Yoast SEO plugin. -->","yoast_head_json":{"title":"La l\u00ednea de producci\u00f3n de Cyrel\u00ae 3000 - Chespa - printing inks, clichees, cutting dies","robots":{"index":"index","follow":"follow","max-snippet":"max-snippet:-1","max-image-preview":"max-image-preview:large","max-video-preview":"max-video-preview:-1"},"canonical":"https:\/\/www.chespa.eu\/es\/linia-produkcyjna-cyrel-3000\/","og_locale":"es_ES","og_type":"article","og_title":"La l\u00ednea de producci\u00f3n de Cyrel\u00ae 3000 - Chespa - printing inks, clichees, cutting dies","og_description":"Se instal\u00f3 la siguiente, la m\u00e1s grande en tama\u00f1o, l\u00ednea de producci\u00f3n Cyrel\u00ae 3000. Como siempre incluye caja de luz, procesador de planchas, secadora y unidad de exposici\u00f3n final. Cada uno de estos dispositivos trabaja con las \u00faltimas tecnolog\u00edas para la producci\u00f3n de planchas de fotopol\u00edmero. Esta vez en la caja de luz se aplic\u00f3 [&hellip;]","og_url":"https:\/\/www.chespa.eu\/es\/linia-produkcyjna-cyrel-3000\/","og_site_name":"Chespa - printing inks, clichees, cutting dies","article_modified_time":"2022-07-28T08:18:36+00:00","og_image":[{"width":2560,"height":1707,"url":"https:\/\/www.chespa.eu\/wp-content\/uploads\/2022\/06\/IMG_1166-scaled.jpg","type":"image\/jpeg"}],"twitter_card":"summary_large_image","twitter_misc":{"Est. reading time":"1 minute"},"schema":{"@context":"https:\/\/schema.org","@graph":[{"@type":"WebPage","@id":"https:\/\/www.chespa.eu\/es\/linia-produkcyjna-cyrel-3000\/","url":"https:\/\/www.chespa.eu\/es\/linia-produkcyjna-cyrel-3000\/","name":"La l\u00ednea de producci\u00f3n de Cyrel\u00ae 3000 - Chespa - printing inks, clichees, cutting dies","isPartOf":{"@id":"https:\/\/www.chespa.eu\/#website"},"primaryImageOfPage":{"@id":"https:\/\/www.chespa.eu\/es\/linia-produkcyjna-cyrel-3000\/#primaryimage"},"image":{"@id":"https:\/\/www.chespa.eu\/es\/linia-produkcyjna-cyrel-3000\/#primaryimage"},"thumbnailUrl":"https:\/\/www.chespa.eu\/wp-content\/uploads\/2022\/06\/IMG_1166-scaled.jpg","datePublished":"2016-02-15T10:28:47+00:00","dateModified":"2022-07-28T08:18:36+00:00","breadcrumb":{"@id":"https:\/\/www.chespa.eu\/es\/linia-produkcyjna-cyrel-3000\/#breadcrumb"},"inLanguage":"es-ES","potentialAction":[{"@type":"ReadAction","target":["https:\/\/www.chespa.eu\/es\/linia-produkcyjna-cyrel-3000\/"]}]},{"@type":"ImageObject","inLanguage":"es-ES","@id":"https:\/\/www.chespa.eu\/es\/linia-produkcyjna-cyrel-3000\/#primaryimage","url":"https:\/\/www.chespa.eu\/wp-content\/uploads\/2022\/06\/IMG_1166-scaled.jpg","contentUrl":"https:\/\/www.chespa.eu\/wp-content\/uploads\/2022\/06\/IMG_1166-scaled.jpg","width":2560,"height":1707},{"@type":"BreadcrumbList","@id":"https:\/\/www.chespa.eu\/es\/linia-produkcyjna-cyrel-3000\/#breadcrumb","itemListElement":[{"@type":"ListItem","position":1,"name":"Strona g\u0142\u00f3wna","item":"https:\/\/www.chespa.eu\/"},{"@type":"ListItem","position":2,"name":"La l\u00ednea de producci\u00f3n de Cyrel\u00ae 3000"}]},{"@type":"WebSite","@id":"https:\/\/www.chespa.eu\/#website","url":"https:\/\/www.chespa.eu\/","name":"Chespa - printing inks, clichees, cutting dies","description":"","potentialAction":[{"@type":"SearchAction","target":{"@type":"EntryPoint","urlTemplate":"https:\/\/www.chespa.eu\/?s={search_term_string}"},"query-input":{"@type":"PropertyValueSpecification","valueRequired":true,"valueName":"search_term_string"}}],"inLanguage":"es-ES"}]}},"_links":{"self":[{"href":"https:\/\/www.chespa.eu\/es\/wp-json\/wp\/v2\/pages\/856","targetHints":{"allow":["GET"]}}],"collection":[{"href":"https:\/\/www.chespa.eu\/es\/wp-json\/wp\/v2\/pages"}],"about":[{"href":"https:\/\/www.chespa.eu\/es\/wp-json\/wp\/v2\/types\/page"}],"author":[{"embeddable":true,"href":"https:\/\/www.chespa.eu\/es\/wp-json\/wp\/v2\/users\/6"}],"replies":[{"embeddable":true,"href":"https:\/\/www.chespa.eu\/es\/wp-json\/wp\/v2\/comments?post=856"}],"version-history":[{"count":8,"href":"https:\/\/www.chespa.eu\/es\/wp-json\/wp\/v2\/pages\/856\/revisions"}],"predecessor-version":[{"id":16334,"href":"https:\/\/www.chespa.eu\/es\/wp-json\/wp\/v2\/pages\/856\/revisions\/16334"}],"up":[{"embeddable":true,"href":"https:\/\/www.chespa.eu\/es\/wp-json\/wp\/v2\/pages\/18807"}],"wp:featuredmedia":[{"embeddable":true,"href":"https:\/\/www.chespa.eu\/es\/wp-json\/wp\/v2\/media\/16263"}],"wp:attachment":[{"href":"https:\/\/www.chespa.eu\/es\/wp-json\/wp\/v2\/media?parent=856"}],"curies":[{"name":"wp","href":"https:\/\/api.w.org\/{rel}","templated":true}]}}