{"id":844,"date":"2016-02-15T09:35:20","date_gmt":"2016-02-15T08:35:20","guid":{"rendered":"http:\/\/chespa.eu\/es\/lakiery-dyspersyjne\/"},"modified":"2016-06-21T11:34:19","modified_gmt":"2016-06-21T09:34:19","slug":"lakiery-dyspersyjne","status":"publish","type":"page","link":"https:\/\/www.chespa.eu\/es\/productos\/tintas-de-impresion\/lakiery-dyspersyjne\/","title":{"rendered":"Barnices y lacas de dispersi\u00f3n"},"content":{"rendered":"<p><strong>Barnices y lacas de dispersi\u00f3n<\/strong><br \/>\nOfrecemos una amplia gama de barnices y lacas flexogr\u00e1ficos y offset para muchas aplicaciones y propiedades: protectoras y decorativas.<\/p>\n<p>En la fase final de impresi\u00f3n los barnices de dispersi\u00f3n mejoran el efecto visual, protegen contra los factores mec\u00e1nicos y contra copias<br \/>\nde productos de marca, aumentan resistencia\u00a0a los factores qu\u00edmicos y causan efectos especiales, pe. antideslizante, antibloqueo.<\/p>\n<p><strong>Barnices y lacas de dispersi\u00f3n<\/strong><strong> influyen el efecto visual:<\/strong><br \/>\n&#8211; <strong>brillantes<\/strong> aumentan brillo, tanto del sustrato recubierto como de la impresi\u00f3n. El efecto de buen brillo depende en gran medida de calidad de la superficie lacada y del grueso<br \/>\nde la capa aplicada de laca. Muy a menudo los barnices brillantes, adem\u00e1s de aumentar el brillo, tambi\u00e9n protegen de la abrasi\u00f3n.<br \/>\n&#8211; <strong>mate<\/strong> proporcionan el efecto de deslustre. Buen efecto depende, como en el caso de barnices brillantes, de la calidad del sustrato y la capa aplicada.<br \/>\n&#8211; <strong>nacarados<\/strong> proporcionan el brillo nacarino de la superficie impresa. Son los barnices con inmensas caracter\u00edsticas est\u00e9ticas gracias a las cuales el producto puede lograr<br \/>\nel efecto llamativo adicional. Usando estos barnices se puede conseguir diferentes efectos: de brillo aterciopelado, de brillo lustroso o chispeante.<br \/>\n&#8211; <strong>visibles a la luz UV<\/strong> &#8211; adem\u00e1s de ser visibles bajo luz ultravioleta tienen caracter\u00edsticas espec\u00edficas, pe. protector, brillante, antibloqueo, antideslizante. Pueden ser utilizados<br \/>\ncomo marcadores del envase o para colocar elementos de seguridad.<br \/>\n&#8211; <strong>Barnices y lacas de dispersi\u00f3n influyen la resistencia mec\u00e1nica y qu\u00edmica<\/strong>.<br \/>\nSirven para aumentar la resistencia de la superficie impresa contra los factores mec\u00e1nicos y qu\u00edmicos. Aumentan la resistencia a la abrasi\u00f3n y al roce, ara\u00f1azos, agua, grasa,<br \/>\ntemperatura, disolventes, \u00e1lcalis, \u00e1cidos. El efecto protector de los barnices depende en gran medida del grueso de la capa aplicada.<\/p>\n","protected":false},"excerpt":{"rendered":"<p>Barnices y lacas de dispersi\u00f3n Ofrecemos una amplia gama de barnices y lacas flexogr\u00e1ficos y offset para muchas aplicaciones y propiedades: protectoras y decorativas. En la fase final de impresi\u00f3n los barnices de dispersi\u00f3n mejoran el efecto visual, protegen contra los factores mec\u00e1nicos y contra copias de productos de marca, aumentan resistencia\u00a0a los factores qu\u00edmicos [&hellip;]<\/p>\n","protected":false},"author":6,"featured_media":0,"parent":18806,"menu_order":0,"comment_status":"closed","ping_status":"closed","template":"","meta":{"_acf_changed":false,"footnotes":""},"class_list":["post-844","page","type-page","status-publish","hentry"],"acf":[],"yoast_head":"<!-- This site is optimized with the Yoast SEO plugin v27.4 - https:\/\/yoast.com\/product\/yoast-seo-wordpress\/ -->\n<title>Barnices y lacas de dispersi\u00f3n - Chespa - printing inks, clichees, cutting dies<\/title>\n<meta name=\"robots\" content=\"index, follow, max-snippet:-1, max-image-preview:large, max-video-preview:-1\" \/>\n<link rel=\"canonical\" href=\"https:\/\/www.chespa.eu\/es\/lakiery-dyspersyjne\/\" \/>\n<meta property=\"og:locale\" content=\"es_ES\" \/>\n<meta property=\"og:type\" content=\"article\" \/>\n<meta property=\"og:title\" content=\"Barnices y lacas de dispersi\u00f3n - Chespa - printing inks, clichees, cutting dies\" \/>\n<meta property=\"og:description\" content=\"Barnices y lacas de dispersi\u00f3n Ofrecemos una amplia gama de barnices y lacas flexogr\u00e1ficos y offset para muchas aplicaciones y propiedades: protectoras y decorativas. En la fase final de impresi\u00f3n los barnices de dispersi\u00f3n mejoran el efecto visual, protegen contra los factores mec\u00e1nicos y contra copias de productos de marca, aumentan resistencia\u00a0a los factores qu\u00edmicos [&hellip;]\" \/>\n<meta property=\"og:url\" content=\"https:\/\/www.chespa.eu\/es\/lakiery-dyspersyjne\/\" \/>\n<meta property=\"og:site_name\" content=\"Chespa - printing inks, clichees, cutting dies\" \/>\n<meta property=\"article:modified_time\" content=\"2016-06-21T09:34:19+00:00\" \/>\n<meta name=\"twitter:card\" content=\"summary_large_image\" \/>\n<meta name=\"twitter:label1\" content=\"Est. reading time\" \/>\n\t<meta name=\"twitter:data1\" content=\"2 minutes\" \/>\n<script type=\"application\/ld+json\" class=\"yoast-schema-graph\">{\"@context\":\"https:\\\/\\\/schema.org\",\"@graph\":[{\"@type\":\"WebPage\",\"@id\":\"https:\\\/\\\/www.chespa.eu\\\/es\\\/lakiery-dyspersyjne\\\/\",\"url\":\"https:\\\/\\\/www.chespa.eu\\\/es\\\/lakiery-dyspersyjne\\\/\",\"name\":\"Barnices y lacas de dispersi\u00f3n - Chespa - printing inks, clichees, cutting dies\",\"isPartOf\":{\"@id\":\"https:\\\/\\\/www.chespa.eu\\\/#website\"},\"datePublished\":\"2016-02-15T08:35:20+00:00\",\"dateModified\":\"2016-06-21T09:34:19+00:00\",\"breadcrumb\":{\"@id\":\"https:\\\/\\\/www.chespa.eu\\\/es\\\/lakiery-dyspersyjne\\\/#breadcrumb\"},\"inLanguage\":\"es-ES\",\"potentialAction\":[{\"@type\":\"ReadAction\",\"target\":[\"https:\\\/\\\/www.chespa.eu\\\/es\\\/lakiery-dyspersyjne\\\/\"]}]},{\"@type\":\"BreadcrumbList\",\"@id\":\"https:\\\/\\\/www.chespa.eu\\\/es\\\/lakiery-dyspersyjne\\\/#breadcrumb\",\"itemListElement\":[{\"@type\":\"ListItem\",\"position\":1,\"name\":\"Strona g\u0142\u00f3wna\",\"item\":\"https:\\\/\\\/www.chespa.eu\\\/\"},{\"@type\":\"ListItem\",\"position\":2,\"name\":\"Barnices y lacas de dispersi\u00f3n\"}]},{\"@type\":\"WebSite\",\"@id\":\"https:\\\/\\\/www.chespa.eu\\\/#website\",\"url\":\"https:\\\/\\\/www.chespa.eu\\\/\",\"name\":\"Chespa - printing inks, clichees, cutting dies\",\"description\":\"\",\"potentialAction\":[{\"@type\":\"SearchAction\",\"target\":{\"@type\":\"EntryPoint\",\"urlTemplate\":\"https:\\\/\\\/www.chespa.eu\\\/?s={search_term_string}\"},\"query-input\":{\"@type\":\"PropertyValueSpecification\",\"valueRequired\":true,\"valueName\":\"search_term_string\"}}],\"inLanguage\":\"es-ES\"}]}<\/script>\n<!-- \/ Yoast SEO plugin. -->","yoast_head_json":{"title":"Barnices y lacas de dispersi\u00f3n - Chespa - printing inks, clichees, cutting dies","robots":{"index":"index","follow":"follow","max-snippet":"max-snippet:-1","max-image-preview":"max-image-preview:large","max-video-preview":"max-video-preview:-1"},"canonical":"https:\/\/www.chespa.eu\/es\/lakiery-dyspersyjne\/","og_locale":"es_ES","og_type":"article","og_title":"Barnices y lacas de dispersi\u00f3n - Chespa - printing inks, clichees, cutting dies","og_description":"Barnices y lacas de dispersi\u00f3n Ofrecemos una amplia gama de barnices y lacas flexogr\u00e1ficos y offset para muchas aplicaciones y propiedades: protectoras y decorativas. En la fase final de impresi\u00f3n los barnices de dispersi\u00f3n mejoran el efecto visual, protegen contra los factores mec\u00e1nicos y contra copias de productos de marca, aumentan resistencia\u00a0a los factores qu\u00edmicos [&hellip;]","og_url":"https:\/\/www.chespa.eu\/es\/lakiery-dyspersyjne\/","og_site_name":"Chespa - printing inks, clichees, cutting dies","article_modified_time":"2016-06-21T09:34:19+00:00","twitter_card":"summary_large_image","twitter_misc":{"Est. reading time":"2 minutes"},"schema":{"@context":"https:\/\/schema.org","@graph":[{"@type":"WebPage","@id":"https:\/\/www.chespa.eu\/es\/lakiery-dyspersyjne\/","url":"https:\/\/www.chespa.eu\/es\/lakiery-dyspersyjne\/","name":"Barnices y lacas de dispersi\u00f3n - Chespa - printing inks, clichees, cutting dies","isPartOf":{"@id":"https:\/\/www.chespa.eu\/#website"},"datePublished":"2016-02-15T08:35:20+00:00","dateModified":"2016-06-21T09:34:19+00:00","breadcrumb":{"@id":"https:\/\/www.chespa.eu\/es\/lakiery-dyspersyjne\/#breadcrumb"},"inLanguage":"es-ES","potentialAction":[{"@type":"ReadAction","target":["https:\/\/www.chespa.eu\/es\/lakiery-dyspersyjne\/"]}]},{"@type":"BreadcrumbList","@id":"https:\/\/www.chespa.eu\/es\/lakiery-dyspersyjne\/#breadcrumb","itemListElement":[{"@type":"ListItem","position":1,"name":"Strona g\u0142\u00f3wna","item":"https:\/\/www.chespa.eu\/"},{"@type":"ListItem","position":2,"name":"Barnices y lacas de dispersi\u00f3n"}]},{"@type":"WebSite","@id":"https:\/\/www.chespa.eu\/#website","url":"https:\/\/www.chespa.eu\/","name":"Chespa - printing inks, clichees, cutting dies","description":"","potentialAction":[{"@type":"SearchAction","target":{"@type":"EntryPoint","urlTemplate":"https:\/\/www.chespa.eu\/?s={search_term_string}"},"query-input":{"@type":"PropertyValueSpecification","valueRequired":true,"valueName":"search_term_string"}}],"inLanguage":"es-ES"}]}},"_links":{"self":[{"href":"https:\/\/www.chespa.eu\/es\/wp-json\/wp\/v2\/pages\/844","targetHints":{"allow":["GET"]}}],"collection":[{"href":"https:\/\/www.chespa.eu\/es\/wp-json\/wp\/v2\/pages"}],"about":[{"href":"https:\/\/www.chespa.eu\/es\/wp-json\/wp\/v2\/types\/page"}],"author":[{"embeddable":true,"href":"https:\/\/www.chespa.eu\/es\/wp-json\/wp\/v2\/users\/6"}],"replies":[{"embeddable":true,"href":"https:\/\/www.chespa.eu\/es\/wp-json\/wp\/v2\/comments?post=844"}],"version-history":[{"count":7,"href":"https:\/\/www.chespa.eu\/es\/wp-json\/wp\/v2\/pages\/844\/revisions"}],"predecessor-version":[{"id":3510,"href":"https:\/\/www.chespa.eu\/es\/wp-json\/wp\/v2\/pages\/844\/revisions\/3510"}],"up":[{"embeddable":true,"href":"https:\/\/www.chespa.eu\/es\/wp-json\/wp\/v2\/pages\/18806"}],"wp:attachment":[{"href":"https:\/\/www.chespa.eu\/es\/wp-json\/wp\/v2\/media?parent=844"}],"curies":[{"name":"wp","href":"https:\/\/api.w.org\/{rel}","templated":true}]}}