{"id":567,"date":"2015-12-04T13:37:53","date_gmt":"2015-12-04T12:37:53","guid":{"rendered":"http:\/\/chespa.eu\/es\/klisze\/"},"modified":"2016-06-01T07:34:05","modified_gmt":"2016-06-01T05:34:05","slug":"klisze","status":"publish","type":"page","link":"https:\/\/www.chespa.eu\/es\/klisze\/","title":{"rendered":"Clich\u00e9s de fotopol\u00edmero"},"content":{"rendered":"<div>\n<p>Chespa ofrece servicios integrales en preparaci\u00f3n para la impresi\u00f3n de gr\u00e1ficos y planchas de impresi\u00f3n de fotopol\u00edmero:<\/p>\n<p>&#8211; Planchas de fotopol\u00edmeros de 1.14 a 6.35 mm para la impresi\u00f3n en cualquier mangas pod\u0142o\u017cach- interminables informes: 290 a 1.290 mm<\/p>\n<p>&#8211; Placas para la pintura<\/p>\n<p>&#8211; Instalaci\u00f3n de espumas de poli\u00e9ster transparencias pel\u00edcula o sin compensaci\u00f3n<\/p>\n<p>&#8211; Instalaci\u00f3n de placas de impresi\u00f3n de fotopol\u00edmeros para grandes sleevach<\/p>\n<p>&#8211; Pruebas de la anchura de puntos de simulaci\u00f3n de hasta 610 mm<\/p>\n<p>&#8211; Mockupy o patrones impresos envases acabados en una variedad de sustratos<\/p>\n<p>&#8211; Ensayo de m\u00e1quinas, su an\u00e1lisis, perfiles<\/p>\n<p>&#8211; Entendida en sentido amplio procesamiento gr\u00e1fico para flexograf\u00eda, huecograbado y el offset<\/p>\n<p>(Ilustraciones, procesamiento de im\u00e1genes, la adaptaci\u00f3n a una tecnolog\u00eda de impresi\u00f3n dada y m\u00e1quina en particular)<\/p>\n<p>cooperaci\u00f3n constante con reconocidas empresas internacionales garantiza una calidad constante y alta de nuestros productos. Con una amplia gama de tecnolog\u00edas, adaptamos la ejecuci\u00f3n de la plancha de impresi\u00f3n a los requisitos expl\u00edcitos de la impresi\u00f3n.<br \/>\nDependiendo de la configuraci\u00f3n, impresi\u00f3n, seleccionar la tecnolog\u00eda apropiada, el tipo de m\u00e9todos de cine y de cribado. El efecto de la impresi\u00f3n con una pel\u00edcula tan hecho es claramente mejor que el CtP tradicional. Esto le permite obtener un contraste m\u00e1s alto, m\u00e1s amplia gama de tonos (ver sem\u00e1foros) transiciones tonales suaves y gastos mayores, sin lavar, y cuando permitir aniloksy mayor resoluci\u00f3n de pantalla en el gr\u00e1fico.<\/p>\n<\/div>\n","protected":false},"excerpt":{"rendered":"<p>Chespa ofrece servicios integrales en preparaci\u00f3n para la impresi\u00f3n de gr\u00e1ficos y planchas de impresi\u00f3n de fotopol\u00edmero: &#8211; Planchas de fotopol\u00edmeros de 1.14 a 6.35 mm para la impresi\u00f3n en cualquier mangas pod\u0142o\u017cach- interminables informes: 290 a 1.290 mm &#8211; Placas para la pintura &#8211; Instalaci\u00f3n de espumas de poli\u00e9ster transparencias pel\u00edcula o sin compensaci\u00f3n [&hellip;]<\/p>\n","protected":false},"author":6,"featured_media":9553,"parent":0,"menu_order":0,"comment_status":"closed","ping_status":"closed","template":"","meta":{"_acf_changed":false,"footnotes":""},"class_list":["post-567","page","type-page","status-publish","has-post-thumbnail","hentry"],"acf":[],"yoast_head":"<!-- This site is optimized with the Yoast SEO plugin v27.3 - https:\/\/yoast.com\/product\/yoast-seo-wordpress\/ -->\n<title>Clich\u00e9s de fotopol\u00edmero - Chespa - printing inks, clichees, cutting dies<\/title>\n<meta name=\"robots\" content=\"index, follow, max-snippet:-1, max-image-preview:large, max-video-preview:-1\" \/>\n<link rel=\"canonical\" href=\"https:\/\/www.chespa.eu\/es\/klisze\/\" \/>\n<meta property=\"og:locale\" content=\"es_ES\" \/>\n<meta property=\"og:type\" content=\"article\" \/>\n<meta property=\"og:title\" content=\"Clich\u00e9s de fotopol\u00edmero - Chespa - printing inks, clichees, cutting dies\" \/>\n<meta property=\"og:description\" content=\"Chespa ofrece servicios integrales en preparaci\u00f3n para la impresi\u00f3n de gr\u00e1ficos y planchas de impresi\u00f3n de fotopol\u00edmero: &#8211; Planchas de fotopol\u00edmeros de 1.14 a 6.35 mm para la impresi\u00f3n en cualquier mangas pod\u0142o\u017cach- interminables informes: 290 a 1.290 mm &#8211; Placas para la pintura &#8211; Instalaci\u00f3n de espumas de poli\u00e9ster transparencias pel\u00edcula o sin compensaci\u00f3n [&hellip;]\" \/>\n<meta property=\"og:url\" content=\"https:\/\/www.chespa.eu\/es\/klisze\/\" \/>\n<meta property=\"og:site_name\" content=\"Chespa - printing inks, clichees, cutting dies\" \/>\n<meta property=\"article:modified_time\" content=\"2016-06-01T05:34:05+00:00\" \/>\n<meta property=\"og:image\" content=\"https:\/\/www.chespa.eu\/wp-content\/uploads\/2016\/08\/klisze.jpg\" \/>\n\t<meta property=\"og:image:width\" content=\"1920\" \/>\n\t<meta property=\"og:image:height\" content=\"295\" \/>\n\t<meta property=\"og:image:type\" content=\"image\/jpeg\" \/>\n<meta name=\"twitter:card\" content=\"summary_large_image\" \/>\n<meta name=\"twitter:label1\" content=\"Est. reading time\" \/>\n\t<meta name=\"twitter:data1\" content=\"1 minute\" \/>\n<script type=\"application\/ld+json\" class=\"yoast-schema-graph\">{\"@context\":\"https:\\\/\\\/schema.org\",\"@graph\":[{\"@type\":\"WebPage\",\"@id\":\"https:\\\/\\\/www.chespa.eu\\\/es\\\/klisze\\\/\",\"url\":\"https:\\\/\\\/www.chespa.eu\\\/es\\\/klisze\\\/\",\"name\":\"Clich\u00e9s de fotopol\u00edmero - Chespa - printing inks, clichees, cutting dies\",\"isPartOf\":{\"@id\":\"https:\\\/\\\/www.chespa.eu\\\/#website\"},\"primaryImageOfPage\":{\"@id\":\"https:\\\/\\\/www.chespa.eu\\\/es\\\/klisze\\\/#primaryimage\"},\"image\":{\"@id\":\"https:\\\/\\\/www.chespa.eu\\\/es\\\/klisze\\\/#primaryimage\"},\"thumbnailUrl\":\"https:\\\/\\\/www.chespa.eu\\\/wp-content\\\/uploads\\\/2016\\\/08\\\/klisze.jpg\",\"datePublished\":\"2015-12-04T12:37:53+00:00\",\"dateModified\":\"2016-06-01T05:34:05+00:00\",\"breadcrumb\":{\"@id\":\"https:\\\/\\\/www.chespa.eu\\\/es\\\/klisze\\\/#breadcrumb\"},\"inLanguage\":\"es-ES\",\"potentialAction\":[{\"@type\":\"ReadAction\",\"target\":[\"https:\\\/\\\/www.chespa.eu\\\/es\\\/klisze\\\/\"]}]},{\"@type\":\"ImageObject\",\"inLanguage\":\"es-ES\",\"@id\":\"https:\\\/\\\/www.chespa.eu\\\/es\\\/klisze\\\/#primaryimage\",\"url\":\"https:\\\/\\\/www.chespa.eu\\\/wp-content\\\/uploads\\\/2016\\\/08\\\/klisze.jpg\",\"contentUrl\":\"https:\\\/\\\/www.chespa.eu\\\/wp-content\\\/uploads\\\/2016\\\/08\\\/klisze.jpg\",\"width\":1920,\"height\":295,\"caption\":\"klisze fotopolimerowe Chespa\"},{\"@type\":\"BreadcrumbList\",\"@id\":\"https:\\\/\\\/www.chespa.eu\\\/es\\\/klisze\\\/#breadcrumb\",\"itemListElement\":[{\"@type\":\"ListItem\",\"position\":1,\"name\":\"Strona g\u0142\u00f3wna\",\"item\":\"https:\\\/\\\/www.chespa.eu\\\/\"},{\"@type\":\"ListItem\",\"position\":2,\"name\":\"Clich\u00e9s de fotopol\u00edmero\"}]},{\"@type\":\"WebSite\",\"@id\":\"https:\\\/\\\/www.chespa.eu\\\/#website\",\"url\":\"https:\\\/\\\/www.chespa.eu\\\/\",\"name\":\"Chespa - printing inks, clichees, cutting dies\",\"description\":\"\",\"potentialAction\":[{\"@type\":\"SearchAction\",\"target\":{\"@type\":\"EntryPoint\",\"urlTemplate\":\"https:\\\/\\\/www.chespa.eu\\\/?s={search_term_string}\"},\"query-input\":{\"@type\":\"PropertyValueSpecification\",\"valueRequired\":true,\"valueName\":\"search_term_string\"}}],\"inLanguage\":\"es-ES\"}]}<\/script>\n<!-- \/ Yoast SEO plugin. -->","yoast_head_json":{"title":"Clich\u00e9s de fotopol\u00edmero - Chespa - printing inks, clichees, cutting dies","robots":{"index":"index","follow":"follow","max-snippet":"max-snippet:-1","max-image-preview":"max-image-preview:large","max-video-preview":"max-video-preview:-1"},"canonical":"https:\/\/www.chespa.eu\/es\/klisze\/","og_locale":"es_ES","og_type":"article","og_title":"Clich\u00e9s de fotopol\u00edmero - Chespa - printing inks, clichees, cutting dies","og_description":"Chespa ofrece servicios integrales en preparaci\u00f3n para la impresi\u00f3n de gr\u00e1ficos y planchas de impresi\u00f3n de fotopol\u00edmero: &#8211; Planchas de fotopol\u00edmeros de 1.14 a 6.35 mm para la impresi\u00f3n en cualquier mangas pod\u0142o\u017cach- interminables informes: 290 a 1.290 mm &#8211; Placas para la pintura &#8211; Instalaci\u00f3n de espumas de poli\u00e9ster transparencias pel\u00edcula o sin compensaci\u00f3n [&hellip;]","og_url":"https:\/\/www.chespa.eu\/es\/klisze\/","og_site_name":"Chespa - printing inks, clichees, cutting dies","article_modified_time":"2016-06-01T05:34:05+00:00","og_image":[{"width":1920,"height":295,"url":"https:\/\/www.chespa.eu\/wp-content\/uploads\/2016\/08\/klisze.jpg","type":"image\/jpeg"}],"twitter_card":"summary_large_image","twitter_misc":{"Est. reading time":"1 minute"},"schema":{"@context":"https:\/\/schema.org","@graph":[{"@type":"WebPage","@id":"https:\/\/www.chespa.eu\/es\/klisze\/","url":"https:\/\/www.chespa.eu\/es\/klisze\/","name":"Clich\u00e9s de fotopol\u00edmero - Chespa - printing inks, clichees, cutting dies","isPartOf":{"@id":"https:\/\/www.chespa.eu\/#website"},"primaryImageOfPage":{"@id":"https:\/\/www.chespa.eu\/es\/klisze\/#primaryimage"},"image":{"@id":"https:\/\/www.chespa.eu\/es\/klisze\/#primaryimage"},"thumbnailUrl":"https:\/\/www.chespa.eu\/wp-content\/uploads\/2016\/08\/klisze.jpg","datePublished":"2015-12-04T12:37:53+00:00","dateModified":"2016-06-01T05:34:05+00:00","breadcrumb":{"@id":"https:\/\/www.chespa.eu\/es\/klisze\/#breadcrumb"},"inLanguage":"es-ES","potentialAction":[{"@type":"ReadAction","target":["https:\/\/www.chespa.eu\/es\/klisze\/"]}]},{"@type":"ImageObject","inLanguage":"es-ES","@id":"https:\/\/www.chespa.eu\/es\/klisze\/#primaryimage","url":"https:\/\/www.chespa.eu\/wp-content\/uploads\/2016\/08\/klisze.jpg","contentUrl":"https:\/\/www.chespa.eu\/wp-content\/uploads\/2016\/08\/klisze.jpg","width":1920,"height":295,"caption":"klisze fotopolimerowe Chespa"},{"@type":"BreadcrumbList","@id":"https:\/\/www.chespa.eu\/es\/klisze\/#breadcrumb","itemListElement":[{"@type":"ListItem","position":1,"name":"Strona g\u0142\u00f3wna","item":"https:\/\/www.chespa.eu\/"},{"@type":"ListItem","position":2,"name":"Clich\u00e9s de fotopol\u00edmero"}]},{"@type":"WebSite","@id":"https:\/\/www.chespa.eu\/#website","url":"https:\/\/www.chespa.eu\/","name":"Chespa - printing inks, clichees, cutting dies","description":"","potentialAction":[{"@type":"SearchAction","target":{"@type":"EntryPoint","urlTemplate":"https:\/\/www.chespa.eu\/?s={search_term_string}"},"query-input":{"@type":"PropertyValueSpecification","valueRequired":true,"valueName":"search_term_string"}}],"inLanguage":"es-ES"}]}},"_links":{"self":[{"href":"https:\/\/www.chespa.eu\/es\/wp-json\/wp\/v2\/pages\/567","targetHints":{"allow":["GET"]}}],"collection":[{"href":"https:\/\/www.chespa.eu\/es\/wp-json\/wp\/v2\/pages"}],"about":[{"href":"https:\/\/www.chespa.eu\/es\/wp-json\/wp\/v2\/types\/page"}],"author":[{"embeddable":true,"href":"https:\/\/www.chespa.eu\/es\/wp-json\/wp\/v2\/users\/6"}],"replies":[{"embeddable":true,"href":"https:\/\/www.chespa.eu\/es\/wp-json\/wp\/v2\/comments?post=567"}],"version-history":[{"count":5,"href":"https:\/\/www.chespa.eu\/es\/wp-json\/wp\/v2\/pages\/567\/revisions"}],"predecessor-version":[{"id":3165,"href":"https:\/\/www.chespa.eu\/es\/wp-json\/wp\/v2\/pages\/567\/revisions\/3165"}],"wp:featuredmedia":[{"embeddable":true,"href":"https:\/\/www.chespa.eu\/es\/wp-json\/wp\/v2\/media\/9553"}],"wp:attachment":[{"href":"https:\/\/www.chespa.eu\/es\/wp-json\/wp\/v2\/media?parent=567"}],"curies":[{"name":"wp","href":"https:\/\/api.w.org\/{rel}","templated":true}]}}