{"id":564,"date":"2016-02-15T08:41:46","date_gmt":"2016-02-15T07:41:46","guid":{"rendered":"http:\/\/chespa.eu\/es\/farby-wodorozcienczalne\/"},"modified":"2021-07-20T15:16:02","modified_gmt":"2021-07-20T13:16:02","slug":"farby-wodorozcienczalne","status":"publish","type":"page","link":"https:\/\/www.chespa.eu\/es\/productos\/tintas-de-impresion\/farby-wodorozcienczalne\/","title":{"rendered":"Tintas a base de agua"},"content":{"rendered":"<p><strong>Tintas a base de agua FLEXI<\/strong><\/p>\n<p>Serie de tintas flexogr\u00e1ficas a base de agua para la impresi\u00f3n de diversos tipos de sustratos de papel (absorbente, kraft, estucados, cart\u00f3n corrugado, sacos, tissue) y sustratos de film activado. En esta gama de productos tenemos tambi\u00e9n series de tintas para la impresi\u00f3n de los empaques para alimentos, l\u00edneas de cuadernos o colorantes para adhesivos diluidos en agua.<\/p>\n<p>&nbsp;<\/p>\n","protected":false},"excerpt":{"rendered":"<p>Tintas a base de agua FLEXI Serie de tintas flexogr\u00e1ficas a base de agua para la impresi\u00f3n de diversos tipos de sustratos de papel (absorbente, kraft, estucados, cart\u00f3n corrugado, sacos, tissue) y sustratos de film activado. En esta gama de productos tenemos tambi\u00e9n series de tintas para la impresi\u00f3n de los empaques para alimentos, l\u00edneas [&hellip;]<\/p>\n","protected":false},"author":6,"featured_media":15574,"parent":18806,"menu_order":0,"comment_status":"closed","ping_status":"closed","template":"","meta":{"_acf_changed":false,"footnotes":""},"class_list":["post-564","page","type-page","status-publish","has-post-thumbnail","hentry"],"acf":[],"yoast_head":"<!-- This site is optimized with the Yoast SEO plugin v27.4 - https:\/\/yoast.com\/product\/yoast-seo-wordpress\/ -->\n<title>Tintas a base de agua - Chespa - printing inks, clichees, cutting dies<\/title>\n<meta name=\"robots\" content=\"index, follow, max-snippet:-1, max-image-preview:large, max-video-preview:-1\" \/>\n<link rel=\"canonical\" href=\"https:\/\/www.chespa.eu\/es\/farby-wodorozcienczalne\/\" \/>\n<meta property=\"og:locale\" content=\"es_ES\" \/>\n<meta property=\"og:type\" content=\"article\" \/>\n<meta property=\"og:title\" content=\"Tintas a base de agua - Chespa - printing inks, clichees, cutting dies\" \/>\n<meta property=\"og:description\" content=\"Tintas a base de agua FLEXI Serie de tintas flexogr\u00e1ficas a base de agua para la impresi\u00f3n de diversos tipos de sustratos de papel (absorbente, kraft, estucados, cart\u00f3n corrugado, sacos, tissue) y sustratos de film activado. En esta gama de productos tenemos tambi\u00e9n series de tintas para la impresi\u00f3n de los empaques para alimentos, l\u00edneas [&hellip;]\" \/>\n<meta property=\"og:url\" content=\"https:\/\/www.chespa.eu\/es\/farby-wodorozcienczalne\/\" \/>\n<meta property=\"og:site_name\" content=\"Chespa - printing inks, clichees, cutting dies\" \/>\n<meta property=\"article:modified_time\" content=\"2021-07-20T13:16:02+00:00\" \/>\n<meta property=\"og:image\" content=\"https:\/\/www.chespa.eu\/wp-content\/uploads\/2021\/07\/serie_flexi.png\" \/>\n\t<meta property=\"og:image:width\" content=\"1920\" \/>\n\t<meta property=\"og:image:height\" content=\"295\" \/>\n\t<meta property=\"og:image:type\" content=\"image\/png\" \/>\n<meta name=\"twitter:card\" content=\"summary_large_image\" \/>\n<script type=\"application\/ld+json\" class=\"yoast-schema-graph\">{\"@context\":\"https:\\\/\\\/schema.org\",\"@graph\":[{\"@type\":\"WebPage\",\"@id\":\"https:\\\/\\\/www.chespa.eu\\\/es\\\/farby-wodorozcienczalne\\\/\",\"url\":\"https:\\\/\\\/www.chespa.eu\\\/es\\\/farby-wodorozcienczalne\\\/\",\"name\":\"Tintas a base de agua - Chespa - printing inks, clichees, cutting dies\",\"isPartOf\":{\"@id\":\"https:\\\/\\\/www.chespa.eu\\\/#website\"},\"primaryImageOfPage\":{\"@id\":\"https:\\\/\\\/www.chespa.eu\\\/es\\\/farby-wodorozcienczalne\\\/#primaryimage\"},\"image\":{\"@id\":\"https:\\\/\\\/www.chespa.eu\\\/es\\\/farby-wodorozcienczalne\\\/#primaryimage\"},\"thumbnailUrl\":\"https:\\\/\\\/www.chespa.eu\\\/wp-content\\\/uploads\\\/2021\\\/07\\\/serie_flexi.png\",\"datePublished\":\"2016-02-15T07:41:46+00:00\",\"dateModified\":\"2021-07-20T13:16:02+00:00\",\"breadcrumb\":{\"@id\":\"https:\\\/\\\/www.chespa.eu\\\/es\\\/farby-wodorozcienczalne\\\/#breadcrumb\"},\"inLanguage\":\"es-ES\",\"potentialAction\":[{\"@type\":\"ReadAction\",\"target\":[\"https:\\\/\\\/www.chespa.eu\\\/es\\\/farby-wodorozcienczalne\\\/\"]}]},{\"@type\":\"ImageObject\",\"inLanguage\":\"es-ES\",\"@id\":\"https:\\\/\\\/www.chespa.eu\\\/es\\\/farby-wodorozcienczalne\\\/#primaryimage\",\"url\":\"https:\\\/\\\/www.chespa.eu\\\/wp-content\\\/uploads\\\/2021\\\/07\\\/serie_flexi.png\",\"contentUrl\":\"https:\\\/\\\/www.chespa.eu\\\/wp-content\\\/uploads\\\/2021\\\/07\\\/serie_flexi.png\",\"width\":1920,\"height\":295},{\"@type\":\"BreadcrumbList\",\"@id\":\"https:\\\/\\\/www.chespa.eu\\\/es\\\/farby-wodorozcienczalne\\\/#breadcrumb\",\"itemListElement\":[{\"@type\":\"ListItem\",\"position\":1,\"name\":\"Strona g\u0142\u00f3wna\",\"item\":\"https:\\\/\\\/www.chespa.eu\\\/\"},{\"@type\":\"ListItem\",\"position\":2,\"name\":\"Tintas a base de agua\"}]},{\"@type\":\"WebSite\",\"@id\":\"https:\\\/\\\/www.chespa.eu\\\/#website\",\"url\":\"https:\\\/\\\/www.chespa.eu\\\/\",\"name\":\"Chespa - printing inks, clichees, cutting dies\",\"description\":\"\",\"potentialAction\":[{\"@type\":\"SearchAction\",\"target\":{\"@type\":\"EntryPoint\",\"urlTemplate\":\"https:\\\/\\\/www.chespa.eu\\\/?s={search_term_string}\"},\"query-input\":{\"@type\":\"PropertyValueSpecification\",\"valueRequired\":true,\"valueName\":\"search_term_string\"}}],\"inLanguage\":\"es-ES\"}]}<\/script>\n<!-- \/ Yoast SEO plugin. -->","yoast_head_json":{"title":"Tintas a base de agua - Chespa - printing inks, clichees, cutting dies","robots":{"index":"index","follow":"follow","max-snippet":"max-snippet:-1","max-image-preview":"max-image-preview:large","max-video-preview":"max-video-preview:-1"},"canonical":"https:\/\/www.chespa.eu\/es\/farby-wodorozcienczalne\/","og_locale":"es_ES","og_type":"article","og_title":"Tintas a base de agua - Chespa - printing inks, clichees, cutting dies","og_description":"Tintas a base de agua FLEXI Serie de tintas flexogr\u00e1ficas a base de agua para la impresi\u00f3n de diversos tipos de sustratos de papel (absorbente, kraft, estucados, cart\u00f3n corrugado, sacos, tissue) y sustratos de film activado. En esta gama de productos tenemos tambi\u00e9n series de tintas para la impresi\u00f3n de los empaques para alimentos, l\u00edneas [&hellip;]","og_url":"https:\/\/www.chespa.eu\/es\/farby-wodorozcienczalne\/","og_site_name":"Chespa - printing inks, clichees, cutting dies","article_modified_time":"2021-07-20T13:16:02+00:00","og_image":[{"width":1920,"height":295,"url":"https:\/\/www.chespa.eu\/wp-content\/uploads\/2021\/07\/serie_flexi.png","type":"image\/png"}],"twitter_card":"summary_large_image","schema":{"@context":"https:\/\/schema.org","@graph":[{"@type":"WebPage","@id":"https:\/\/www.chespa.eu\/es\/farby-wodorozcienczalne\/","url":"https:\/\/www.chespa.eu\/es\/farby-wodorozcienczalne\/","name":"Tintas a base de agua - Chespa - printing inks, clichees, cutting dies","isPartOf":{"@id":"https:\/\/www.chespa.eu\/#website"},"primaryImageOfPage":{"@id":"https:\/\/www.chespa.eu\/es\/farby-wodorozcienczalne\/#primaryimage"},"image":{"@id":"https:\/\/www.chespa.eu\/es\/farby-wodorozcienczalne\/#primaryimage"},"thumbnailUrl":"https:\/\/www.chespa.eu\/wp-content\/uploads\/2021\/07\/serie_flexi.png","datePublished":"2016-02-15T07:41:46+00:00","dateModified":"2021-07-20T13:16:02+00:00","breadcrumb":{"@id":"https:\/\/www.chespa.eu\/es\/farby-wodorozcienczalne\/#breadcrumb"},"inLanguage":"es-ES","potentialAction":[{"@type":"ReadAction","target":["https:\/\/www.chespa.eu\/es\/farby-wodorozcienczalne\/"]}]},{"@type":"ImageObject","inLanguage":"es-ES","@id":"https:\/\/www.chespa.eu\/es\/farby-wodorozcienczalne\/#primaryimage","url":"https:\/\/www.chespa.eu\/wp-content\/uploads\/2021\/07\/serie_flexi.png","contentUrl":"https:\/\/www.chespa.eu\/wp-content\/uploads\/2021\/07\/serie_flexi.png","width":1920,"height":295},{"@type":"BreadcrumbList","@id":"https:\/\/www.chespa.eu\/es\/farby-wodorozcienczalne\/#breadcrumb","itemListElement":[{"@type":"ListItem","position":1,"name":"Strona g\u0142\u00f3wna","item":"https:\/\/www.chespa.eu\/"},{"@type":"ListItem","position":2,"name":"Tintas a base de agua"}]},{"@type":"WebSite","@id":"https:\/\/www.chespa.eu\/#website","url":"https:\/\/www.chespa.eu\/","name":"Chespa - printing inks, clichees, cutting dies","description":"","potentialAction":[{"@type":"SearchAction","target":{"@type":"EntryPoint","urlTemplate":"https:\/\/www.chespa.eu\/?s={search_term_string}"},"query-input":{"@type":"PropertyValueSpecification","valueRequired":true,"valueName":"search_term_string"}}],"inLanguage":"es-ES"}]}},"_links":{"self":[{"href":"https:\/\/www.chespa.eu\/es\/wp-json\/wp\/v2\/pages\/564","targetHints":{"allow":["GET"]}}],"collection":[{"href":"https:\/\/www.chespa.eu\/es\/wp-json\/wp\/v2\/pages"}],"about":[{"href":"https:\/\/www.chespa.eu\/es\/wp-json\/wp\/v2\/types\/page"}],"author":[{"embeddable":true,"href":"https:\/\/www.chespa.eu\/es\/wp-json\/wp\/v2\/users\/6"}],"replies":[{"embeddable":true,"href":"https:\/\/www.chespa.eu\/es\/wp-json\/wp\/v2\/comments?post=564"}],"version-history":[{"count":18,"href":"https:\/\/www.chespa.eu\/es\/wp-json\/wp\/v2\/pages\/564\/revisions"}],"predecessor-version":[{"id":15582,"href":"https:\/\/www.chespa.eu\/es\/wp-json\/wp\/v2\/pages\/564\/revisions\/15582"}],"up":[{"embeddable":true,"href":"https:\/\/www.chespa.eu\/es\/wp-json\/wp\/v2\/pages\/18806"}],"wp:featuredmedia":[{"embeddable":true,"href":"https:\/\/www.chespa.eu\/es\/wp-json\/wp\/v2\/media\/15574"}],"wp:attachment":[{"href":"https:\/\/www.chespa.eu\/es\/wp-json\/wp\/v2\/media?parent=564"}],"curies":[{"name":"wp","href":"https:\/\/api.w.org\/{rel}","templated":true}]}}