{"id":556,"date":"2015-12-04T13:38:52","date_gmt":"2015-12-04T12:38:52","guid":{"rendered":"http:\/\/chespa.eu\/es\/csr\/"},"modified":"2022-07-28T12:08:10","modified_gmt":"2022-07-28T10:08:10","slug":"crs","status":"publish","type":"page","link":"https:\/\/www.chespa.eu\/es\/productos\/chespa-repro-studio\/crs\/","title":{"rendered":"Chespa Repro Studio"},"content":{"rendered":"<p>La idea es proporcionar al cliente una gama completa de servicios y apoyo desde el inicio del proyecto hasta la impresi\u00f3n final en la m\u00e1quina.<\/p>\n<p>CRS participa en el dise\u00f1o y la preparaci\u00f3n de gr\u00e1ficas para la impresi\u00f3n de empaques de cart\u00f3n corrugado, s\u00f3lido, sustratos flexibles, papel, etc.<\/p>\n<p>Nuestra oferta incluye la cooperaci\u00f3n en la preparaci\u00f3n de gr\u00e1ficas, repro. Proporcionamos soporte tecnol\u00f3gico integral en todas las etapas de la producci\u00f3n de empaques.<\/p>\n<p>Consulta constante y clara comunicaci\u00f3n nos permiten satisfacer las expectativas del cliente. Deseamos que colaboraci\u00f3n con nosotros sea una inversi\u00f3n que permita generar beneficios.<\/p>\n<p>Al trabajar con nuestros clientes a lo largo de los a\u00f1os, adquirimos una valiosa experiencia, mientras lograr los objetivos y satisfacer las expectativas m\u00e1s exigentes.<\/p>\n<p>&nbsp;<\/p>\n<p><strong><u>Artwork (cambios en el dise\u00f1o, la inserci\u00f3n de los textos, &#8230;.) DTP<\/u><\/strong><\/p>\n<p>En esta etapa adaptamos el dise\u00f1o gr\u00e1fico de diferentes empaques, aplicamos cambios en el texto, promociones, elementos ocasionales, c\u00f3digos EAN, etc.<br \/>\nPreparaci\u00f3n preliminar para la impresi\u00f3n, incluyendo la conversi\u00f3n de color de RGB a CMYK.<\/p>\n<p>&nbsp;<\/p>\n<p><strong><u>Reprografia (preparaci\u00f3n de gr\u00e1ficas para una t\u00e9cnica de impresi\u00f3n definida y para una m\u00e1quina de acuerdo con el perfil de color, &#8230;)<\/u><\/strong><\/p>\n<p>Nuestro departamento prepara profesionalmente las gr\u00e1ficas para la impresi\u00f3n. El proyecto de la agencia tiene que ser adaptado a la reproducci\u00f3n industrial, por eso CRS crea y ajusta trabajos de las diferentes t\u00e9cnicas de impresi\u00f3n (offset, huecograbado, flexograf\u00eda y otros). Esta forma de trabajo permite obtener una apariencia casi id\u00e9ntica de todos los tipos de envasado del mismo producto (etiquetas, envases flexibles, cajas de cart\u00f3n, etc.).<br \/>\nLos archivos preparados por CSR son ajustados para el proceso de impresi\u00f3n final que se usa en la tecnolog\u00eda de producci\u00f3n.<\/p>\n<p>&nbsp;<\/p>\n<p><strong><u>Estandarizaci\u00f3n del color<\/u><\/strong><\/p>\n<p>Requisito de los propietarios de marcas es la convergencia de color en los empaques \u2013 algo que garantiza el reconocimiento de marca independientemente del lugar de venta, tipo de envasado, las t\u00e9cnicas de impresi\u00f3n y las estructuras utilizadas. Proponemos acciones de normalizaci\u00f3n de impresi\u00f3n en todas las t\u00e9cnicas de impresi\u00f3n y en muchos tipos de sustratos. Soporte tecnol\u00f3gico, el an\u00e1lisis de las inconsistencias en la impresi\u00f3n y preparaci\u00f3n de patr\u00f3nes de colores para apoyar al cliente y la imprenta en la unificaci\u00f3n del color.<\/p>\n<p>Los objetivos del proceso de normalizaci\u00f3n son:<br \/>\n&#8211; la m\u00e1xima unificaci\u00f3n del color en todos los tipos de impresi\u00f3n; flexograf\u00eda, huecograbado, offset<br \/>\n&#8211; la reproducibilidad de la impresi\u00f3n en todas las imprentas. El proceso de normalizaci\u00f3n es fiable y reproducible cuando llevar\u00e1 a cabo una estandarizaci\u00f3n del color en la impresi\u00f3n de cada sustrato individualmente, en las t\u00e9cnicas de impresi\u00f3n utilizadas por el cliente.<\/p>\n<p>Con el fin de estandarizar los colores en la impresi\u00f3n final, preparamos el patr\u00f3nes de colores para cada uno de los sustratos.<\/p>\n<p>&nbsp;<\/p>\n<p><strong><u>Las pruebas (con simulaci\u00f3n de punto trama, con una simulaci\u00f3n fiable de los colores especiales, incluso en combinaci\u00f3n con colores de proceso, &#8230;)<\/u><\/strong><\/p>\n<p>Logramos una alta calidad de nuestros proyectos gracias a las m\u00e1quinas y dispositivos m\u00e1s modernos. Tecnolog\u00eda avanzada permite la reproducci\u00f3n exacta del resultado final mediante el uso de sistema GMG con simulaci\u00f3n del punto trama y el sustrato. Dicha prueba est\u00e1 sujeta a la aprobaci\u00f3n previa por parte del cliente.<\/p>\n<p>Ofrecemos:<br \/>\n\u2022 Las pruebas est\u00e1ndar<br \/>\n\u2022 Las pruebas transparentes<br \/>\n\u2022 Las pruebas metalizadas<\/p>\n<p>&#8211; Mock-up (maquetas de los empques en la escala de 1:1, en consonancia con el perfil de color de la m\u00e1quina de impresi\u00f3n, por ejemplo: fundas retr\u00e1ctiles, bolsas, bandejas, cajas, &#8230;&#8230;)<\/p>\n<p>&nbsp;<\/p>\n<p><strong><u>Chespa Design Center (plataforma de comunicaci\u00f3n)<br \/>\n<\/u><\/strong><br \/>\nPara comunicarse de manera r\u00e1pida y eficaz, CRS ofrece acceso al sistema innovador que facilita la cooperaci\u00f3n y acorta la duraci\u00f3n del proyecto. El Chespa Design Center asegura una comunicaci\u00f3n c\u00f3moda y segura a trav\u00e9s del Internet entre el cliente y la unidad de producci\u00f3n o entre diferentes departamentos de una o m\u00e1s empresas. Gracias al CDC, los proyectos se presentan, controlan y verifican a trav\u00e9s de personas autorizadas que pueden revisar, hacer anotaciones o correcciones, aceptar o rechazar un proyecto.<br \/>\n&#8211; Todas las etapas de preparaci\u00f3n de los envases<br \/>\n&#8211; Todos los departamentos implicados en el proceso<br \/>\n&#8211; Control de calidad de los envases impresos<br \/>\n&#8211; Varios tipos de informes de acuerdo a los requerimientos del cliente<\/p>\n<p>Limita tambi\u00e9n el n\u00famero de pruebas en circulaci\u00f3n, ya que todos los proyectos son archivados en un s\u00f3lo lugar, facilitando el acceso a su base de datos.<\/p>\n<p>&#8211; Aceptaci\u00f3n y apoyo tecnol\u00f3gico durante la impresi\u00f3n en las imprentas<\/p>\n<p>En estrecha cooperaci\u00f3n de CRS con el cliente final, es posible eliminar la necesidad de la aceptaci\u00f3n por el cliente en la imprenta, ya que esta obligaci\u00f3n puede ser transferida al CRS.<strong><u>\u00a0<\/u><\/strong><\/p>\n<p><strong><u>\u00a0<\/u><\/strong><\/p>\n<p><strong><u>Formaci\u00f3n y capacitaci\u00f3n (para los departaments de marketing y compras, los conceptos b\u00e1sicos de la impresi\u00f3n, la gesti\u00f3n del color, &#8230;)<\/u><\/strong><\/p>\n<p>Formaci\u00f3n en muchas \u00e1reas de la impresi\u00f3n. La formaci\u00f3n trata sobre diferentes etapas de la producci\u00f3n (preimpresi\u00f3n, impresi\u00f3n, postimpresi\u00f3n) y cubre una gama de temas.<\/p>\n<p><strong><u>\u00a0<\/u><\/strong><\/p>\n<p><strong><u>Dise\u00f1o<\/u><\/strong><\/p>\n<p>Estamos creando dise\u00f1os gr\u00e1ficos y layouts para los empaques. Si es posible, el proyecto est\u00e1 dise\u00f1ado desde principio para una m\u00e1quina espec\u00edfica y sus requerimientos. Por eso somos capaces de reproducir fielmente el esquema de color deseado.<br \/>\nEn nuestro propio estudio fotogr\u00e1fico hacemos tambi\u00e9n im\u00e1genes de productos y dise\u00f1os utilizados en las artes gr\u00e1ficas para empaques.<br \/>\nOfrecemos soluciones originales de construcci\u00f3n y gr\u00e1ficas en la creaci\u00f3n de nuevos empaques, tanto para el cart\u00f3n corrugado y s\u00f3lido, papel o materiales flexibles: PET, PP, PE, laminados y otros &#8230;.<\/p>\n<p>Dise\u00f1os de empaques \u2013 ofrecidos en su totalidad por nosotros o por la sugerencia del cliente &#8211; son siempre preparados teniendo en cuenta las caracter\u00edsticas espec\u00edficas de la impresi\u00f3n en diferentes sustratos. El patr\u00f3n desarrollado pasa a la aceptaci\u00f3n en la forma m\u00e1s cerca posible al resultado final: la prueba digital con simulaci\u00f3n del punto rama y el sustrato.<\/p>\n<p><strong>Para nosotros, cada pedido es \u00fanico y especial.<\/strong><\/p>\n<p>Colaboraci\u00f3n con la agencia de publicidad \u2013 estando en contacto con el dise\u00f1ador tenemos un impacto no s\u00f3lo en el gr\u00e1fico del empaque, sino tambi\u00e9n en los costos asociados con su preparaci\u00f3n.<\/p>\n","protected":false},"excerpt":{"rendered":"<p>La idea es proporcionar al cliente una gama completa de servicios y apoyo desde el inicio del proyecto hasta la impresi\u00f3n final en la m\u00e1quina. CRS participa en el dise\u00f1o y la preparaci\u00f3n de gr\u00e1ficas para la impresi\u00f3n de empaques de cart\u00f3n corrugado, s\u00f3lido, sustratos flexibles, papel, etc. Nuestra oferta incluye la cooperaci\u00f3n en la [&hellip;]<\/p>\n","protected":false},"author":6,"featured_media":10081,"parent":18810,"menu_order":0,"comment_status":"closed","ping_status":"closed","template":"","meta":{"_acf_changed":false,"footnotes":""},"class_list":["post-556","page","type-page","status-publish","has-post-thumbnail","hentry"],"acf":[],"yoast_head":"<!-- This site is optimized with the Yoast SEO plugin v27.3 - https:\/\/yoast.com\/product\/yoast-seo-wordpress\/ -->\n<title>Chespa Repro Studio - Chespa - printing inks, clichees, cutting dies<\/title>\n<meta name=\"robots\" content=\"index, follow, max-snippet:-1, max-image-preview:large, max-video-preview:-1\" \/>\n<link rel=\"canonical\" href=\"https:\/\/www.chespa.eu\/es\/crs\/\" \/>\n<meta property=\"og:locale\" content=\"es_ES\" \/>\n<meta property=\"og:type\" content=\"article\" \/>\n<meta property=\"og:title\" content=\"Chespa Repro Studio - Chespa - printing inks, clichees, cutting dies\" \/>\n<meta property=\"og:description\" content=\"La idea es proporcionar al cliente una gama completa de servicios y apoyo desde el inicio del proyecto hasta la impresi\u00f3n final en la m\u00e1quina. CRS participa en el dise\u00f1o y la preparaci\u00f3n de gr\u00e1ficas para la impresi\u00f3n de empaques de cart\u00f3n corrugado, s\u00f3lido, sustratos flexibles, papel, etc. Nuestra oferta incluye la cooperaci\u00f3n en la [&hellip;]\" \/>\n<meta property=\"og:url\" content=\"https:\/\/www.chespa.eu\/es\/crs\/\" \/>\n<meta property=\"og:site_name\" content=\"Chespa - printing inks, clichees, cutting dies\" \/>\n<meta property=\"article:modified_time\" content=\"2022-07-28T10:08:10+00:00\" \/>\n<meta property=\"og:image\" content=\"https:\/\/www.chespa.eu\/wp-content\/uploads\/2016\/11\/crs.png\" \/>\n\t<meta property=\"og:image:width\" content=\"1920\" \/>\n\t<meta property=\"og:image:height\" content=\"295\" \/>\n\t<meta property=\"og:image:type\" content=\"image\/png\" \/>\n<meta name=\"twitter:card\" content=\"summary_large_image\" \/>\n<meta name=\"twitter:label1\" content=\"Est. reading time\" \/>\n\t<meta name=\"twitter:data1\" content=\"6 minutes\" \/>\n<script type=\"application\/ld+json\" class=\"yoast-schema-graph\">{\"@context\":\"https:\\\/\\\/schema.org\",\"@graph\":[{\"@type\":\"WebPage\",\"@id\":\"https:\\\/\\\/www.chespa.eu\\\/es\\\/crs\\\/\",\"url\":\"https:\\\/\\\/www.chespa.eu\\\/es\\\/crs\\\/\",\"name\":\"Chespa Repro Studio - Chespa - printing inks, clichees, cutting dies\",\"isPartOf\":{\"@id\":\"https:\\\/\\\/www.chespa.eu\\\/#website\"},\"primaryImageOfPage\":{\"@id\":\"https:\\\/\\\/www.chespa.eu\\\/es\\\/crs\\\/#primaryimage\"},\"image\":{\"@id\":\"https:\\\/\\\/www.chespa.eu\\\/es\\\/crs\\\/#primaryimage\"},\"thumbnailUrl\":\"https:\\\/\\\/www.chespa.eu\\\/wp-content\\\/uploads\\\/2016\\\/11\\\/crs.png\",\"datePublished\":\"2015-12-04T12:38:52+00:00\",\"dateModified\":\"2022-07-28T10:08:10+00:00\",\"breadcrumb\":{\"@id\":\"https:\\\/\\\/www.chespa.eu\\\/es\\\/crs\\\/#breadcrumb\"},\"inLanguage\":\"es-ES\",\"potentialAction\":[{\"@type\":\"ReadAction\",\"target\":[\"https:\\\/\\\/www.chespa.eu\\\/es\\\/crs\\\/\"]}]},{\"@type\":\"ImageObject\",\"inLanguage\":\"es-ES\",\"@id\":\"https:\\\/\\\/www.chespa.eu\\\/es\\\/crs\\\/#primaryimage\",\"url\":\"https:\\\/\\\/www.chespa.eu\\\/wp-content\\\/uploads\\\/2016\\\/11\\\/crs.png\",\"contentUrl\":\"https:\\\/\\\/www.chespa.eu\\\/wp-content\\\/uploads\\\/2016\\\/11\\\/crs.png\",\"width\":1920,\"height\":295},{\"@type\":\"BreadcrumbList\",\"@id\":\"https:\\\/\\\/www.chespa.eu\\\/es\\\/crs\\\/#breadcrumb\",\"itemListElement\":[{\"@type\":\"ListItem\",\"position\":1,\"name\":\"Strona g\u0142\u00f3wna\",\"item\":\"https:\\\/\\\/www.chespa.eu\\\/\"},{\"@type\":\"ListItem\",\"position\":2,\"name\":\"Chespa Repro Studio\"}]},{\"@type\":\"WebSite\",\"@id\":\"https:\\\/\\\/www.chespa.eu\\\/#website\",\"url\":\"https:\\\/\\\/www.chespa.eu\\\/\",\"name\":\"Chespa - printing inks, clichees, cutting dies\",\"description\":\"\",\"potentialAction\":[{\"@type\":\"SearchAction\",\"target\":{\"@type\":\"EntryPoint\",\"urlTemplate\":\"https:\\\/\\\/www.chespa.eu\\\/?s={search_term_string}\"},\"query-input\":{\"@type\":\"PropertyValueSpecification\",\"valueRequired\":true,\"valueName\":\"search_term_string\"}}],\"inLanguage\":\"es-ES\"}]}<\/script>\n<!-- \/ Yoast SEO plugin. -->","yoast_head_json":{"title":"Chespa Repro Studio - Chespa - printing inks, clichees, cutting dies","robots":{"index":"index","follow":"follow","max-snippet":"max-snippet:-1","max-image-preview":"max-image-preview:large","max-video-preview":"max-video-preview:-1"},"canonical":"https:\/\/www.chespa.eu\/es\/crs\/","og_locale":"es_ES","og_type":"article","og_title":"Chespa Repro Studio - Chespa - printing inks, clichees, cutting dies","og_description":"La idea es proporcionar al cliente una gama completa de servicios y apoyo desde el inicio del proyecto hasta la impresi\u00f3n final en la m\u00e1quina. CRS participa en el dise\u00f1o y la preparaci\u00f3n de gr\u00e1ficas para la impresi\u00f3n de empaques de cart\u00f3n corrugado, s\u00f3lido, sustratos flexibles, papel, etc. Nuestra oferta incluye la cooperaci\u00f3n en la [&hellip;]","og_url":"https:\/\/www.chespa.eu\/es\/crs\/","og_site_name":"Chespa - printing inks, clichees, cutting dies","article_modified_time":"2022-07-28T10:08:10+00:00","og_image":[{"width":1920,"height":295,"url":"https:\/\/www.chespa.eu\/wp-content\/uploads\/2016\/11\/crs.png","type":"image\/png"}],"twitter_card":"summary_large_image","twitter_misc":{"Est. reading time":"6 minutes"},"schema":{"@context":"https:\/\/schema.org","@graph":[{"@type":"WebPage","@id":"https:\/\/www.chespa.eu\/es\/crs\/","url":"https:\/\/www.chespa.eu\/es\/crs\/","name":"Chespa Repro Studio - Chespa - printing inks, clichees, cutting dies","isPartOf":{"@id":"https:\/\/www.chespa.eu\/#website"},"primaryImageOfPage":{"@id":"https:\/\/www.chespa.eu\/es\/crs\/#primaryimage"},"image":{"@id":"https:\/\/www.chespa.eu\/es\/crs\/#primaryimage"},"thumbnailUrl":"https:\/\/www.chespa.eu\/wp-content\/uploads\/2016\/11\/crs.png","datePublished":"2015-12-04T12:38:52+00:00","dateModified":"2022-07-28T10:08:10+00:00","breadcrumb":{"@id":"https:\/\/www.chespa.eu\/es\/crs\/#breadcrumb"},"inLanguage":"es-ES","potentialAction":[{"@type":"ReadAction","target":["https:\/\/www.chespa.eu\/es\/crs\/"]}]},{"@type":"ImageObject","inLanguage":"es-ES","@id":"https:\/\/www.chespa.eu\/es\/crs\/#primaryimage","url":"https:\/\/www.chespa.eu\/wp-content\/uploads\/2016\/11\/crs.png","contentUrl":"https:\/\/www.chespa.eu\/wp-content\/uploads\/2016\/11\/crs.png","width":1920,"height":295},{"@type":"BreadcrumbList","@id":"https:\/\/www.chespa.eu\/es\/crs\/#breadcrumb","itemListElement":[{"@type":"ListItem","position":1,"name":"Strona g\u0142\u00f3wna","item":"https:\/\/www.chespa.eu\/"},{"@type":"ListItem","position":2,"name":"Chespa Repro Studio"}]},{"@type":"WebSite","@id":"https:\/\/www.chespa.eu\/#website","url":"https:\/\/www.chespa.eu\/","name":"Chespa - printing inks, clichees, cutting dies","description":"","potentialAction":[{"@type":"SearchAction","target":{"@type":"EntryPoint","urlTemplate":"https:\/\/www.chespa.eu\/?s={search_term_string}"},"query-input":{"@type":"PropertyValueSpecification","valueRequired":true,"valueName":"search_term_string"}}],"inLanguage":"es-ES"}]}},"_links":{"self":[{"href":"https:\/\/www.chespa.eu\/es\/wp-json\/wp\/v2\/pages\/556","targetHints":{"allow":["GET"]}}],"collection":[{"href":"https:\/\/www.chespa.eu\/es\/wp-json\/wp\/v2\/pages"}],"about":[{"href":"https:\/\/www.chespa.eu\/es\/wp-json\/wp\/v2\/types\/page"}],"author":[{"embeddable":true,"href":"https:\/\/www.chespa.eu\/es\/wp-json\/wp\/v2\/users\/6"}],"replies":[{"embeddable":true,"href":"https:\/\/www.chespa.eu\/es\/wp-json\/wp\/v2\/comments?post=556"}],"version-history":[{"count":9,"href":"https:\/\/www.chespa.eu\/es\/wp-json\/wp\/v2\/pages\/556\/revisions"}],"predecessor-version":[{"id":3604,"href":"https:\/\/www.chespa.eu\/es\/wp-json\/wp\/v2\/pages\/556\/revisions\/3604"}],"up":[{"embeddable":true,"href":"https:\/\/www.chespa.eu\/es\/wp-json\/wp\/v2\/pages\/18810"}],"wp:featuredmedia":[{"embeddable":true,"href":"https:\/\/www.chespa.eu\/es\/wp-json\/wp\/v2\/media\/10081"}],"wp:attachment":[{"href":"https:\/\/www.chespa.eu\/es\/wp-json\/wp\/v2\/media?parent=556"}],"curies":[{"name":"wp","href":"https:\/\/api.w.org\/{rel}","templated":true}]}}