{"id":555,"date":"2016-02-15T13:53:25","date_gmt":"2016-02-15T12:53:25","guid":{"rendered":"http:\/\/chespa.eu\/es\/chespa-packaging-design-1-edycja-2015\/"},"modified":"2017-03-01T16:25:19","modified_gmt":"2017-03-01T15:25:19","slug":"chespa-packaging-design-1-edycja-2015","status":"publish","type":"page","link":"https:\/\/www.chespa.eu\/es\/chespa-packaging-design-1-edycja-2015\/","title":{"rendered":"la competencia CHESPA PACKAGING DESIGN 2015"},"content":{"rendered":"<p>&#8211; &#8211; &#8211; &#8211; &#8211; &#8211; &#8211; &#8211; &#8211; 11.19.2015 &#8211; &#8211; &#8211; &#8211; &#8211; &#8211; &#8211; &#8211; &#8211; &#8211;<\/p>\n<p>SOLUCI\u00d3N DE COMPETENCIA<\/p>\n<p>El ganador en la categor\u00eda<\/p>\n<p>En ocasiones especiales<\/p>\n<p>(10.000 PLN y pr\u00e1cticas en la compa\u00f1\u00eda CHESPA)<\/p>\n<p>DOMINICA Jarmolinska<\/p>\n<p>(DISTINCI\u00d3N (INTERNADO EN LA SOCIEDAD CHESPA):<br \/>\nKATARZYNA GUGA\u0141A<\/p>\n<p>El ganador en la categor\u00eda<\/p>\n<p>TODOS LOS D\u00cdAS<\/p>\n<p>(10.000 PLN y pr\u00e1cticas en la compa\u00f1\u00eda CHESPA)<\/p>\n<p>HUBERT Pi\u0105tkowski<\/p>\n<p>DISTINCI\u00d3N (INTERNADO EN LA SOCIEDAD CHESPA):<br \/>\nAGNIESZKA KACZMAREK<\/p>\n<p>&#8211; &#8211; &#8211; &#8211; &#8211; &#8211; &#8211; &#8211; &#8211; &#8211; 10.15.2015 &#8211; &#8211; &#8211; &#8211; &#8211; &#8211; &#8211; &#8211; &#8211; &#8211;<\/p>\n<p>El 15 de octubre de 2015. Fue el plazo de presentaci\u00f3n de trabajos para el concurso.<\/p>\n<p>Estamos encantados de que la primera edici\u00f3n de la competici\u00f3n fue un grupo de partes interesadas.<br \/>\nPronto el comit\u00e9 de competici\u00f3n se iniciar\u00e1 el trabajo. Las pr\u00f3ximas etapas informar\u00e1n<br \/>\nsobre una base regular. Deseamos a todos los participantes buena suerte.<\/p>\n<p>&#8211; &#8211; &#8211; &#8211; &#8211; &#8211; &#8211; &#8211; &#8211; &#8211; 06.08.2015 &#8211; &#8211; &#8211; &#8211; &#8211; &#8211; &#8211; &#8211; &#8211; &#8211;<\/p>\n<p>Estimados dise\u00f1adores! Te invitamos a participar en la primera edici\u00f3n de la competencia de dise\u00f1o CHESPA PACKAGING.<\/p>\n<p>El objetivo del concurso es dise\u00f1ar y ejecutar el paquete, que tiene la oportunidad de entrar en el mercado en t\u00e9rminos de funcionalidad,<br \/>\nuso racional de los materiales, la eficacia de los productos de seguridad, la innovaci\u00f3n y la est\u00e9tica. El objetivo del concurso es tambi\u00e9n la aparici\u00f3n de<br \/>\ny poner de relieve las soluciones de dise\u00f1o originales y gr\u00e1ficos.<\/p>\n<p>La competencia implica el desarrollo de proyectos en dos categor\u00edas en funci\u00f3n de las directrices:<br \/>\na) &#8220;Para una ocasi\u00f3n especial&#8221;<br \/>\nb) &#8220;Para todos los d\u00edas.&#8221;<\/p>\n<p>Premio: 10.000, -PLN<br \/>\ny la posibilidad de realizar pr\u00e1cticas en una empresa Chespa.<\/p>\n<p>El plazo para la presentaci\u00f3n de proyectos &#8211; a 15\/10\/2015<br \/>\nAnuncio de los resultados &#8211; 19\/11\/2015<\/p>\n<p>BASES DEL CONCURSO:<\/p>\n<p><a href=\"http:\/\/chespa.eu\/wp-content\/uploads\/2016\/02\/cpd_regulaminkunkursu.pdf\" class=\"mtli_attachment mtli_pdf\">cpd_regulaminkunkursu<\/a><\/p>\n<p>HIP\u00d3TESIS DE DISE\u00d1O:<\/p>\n<p><a href=\"http:\/\/chespa.eu\/wp-content\/uploads\/2016\/02\/cpd_zalozeniaprojektowe.pdf\" class=\"mtli_attachment mtli_pdf\">cpd_zalozeniaprojektowe<\/a><\/p>\n<p>FORMULARIO DE SOLICITUD:<\/p>\n<p><a href=\"http:\/\/chespa.eu\/wp-content\/uploads\/2016\/02\/cpd_fotmularzzgloszeniowy.pdf\" class=\"mtli_attachment mtli_pdf\">cpd_fotmularzzgloszeniowy<\/a><\/p>\n<p>Plantilla de presentaci\u00f3n:<\/p>\n<p><a href=\"http:\/\/chespa.eu\/wp-content\/uploads\/2016\/02\/cpd_szablon_prezentacji.pdf\" class=\"mtli_attachment mtli_pdf\">cpd_szablon_prezentacji<\/a><\/p>\n<p><a href=\"http:\/\/chespa.eu\/wp-content\/uploads\/2016\/02\/cpd_szablon_prezentacji.zip\">cpd_szablon_prezentacji<\/a><\/p>\n","protected":false},"excerpt":{"rendered":"<p>&#8211; &#8211; &#8211; &#8211; &#8211; &#8211; &#8211; &#8211; &#8211; 11.19.2015 &#8211; &#8211; &#8211; &#8211; &#8211; &#8211; &#8211; &#8211; &#8211; &#8211; SOLUCI\u00d3N DE COMPETENCIA El ganador en la categor\u00eda En ocasiones especiales (10.000 PLN y pr\u00e1cticas en la compa\u00f1\u00eda CHESPA) DOMINICA Jarmolinska (DISTINCI\u00d3N (INTERNADO EN LA SOCIEDAD CHESPA): KATARZYNA GUGA\u0141A El ganador en la categor\u00eda TODOS [&hellip;]<\/p>\n","protected":false},"author":6,"featured_media":0,"parent":0,"menu_order":0,"comment_status":"closed","ping_status":"closed","template":"","meta":{"_acf_changed":false,"footnotes":""},"class_list":["post-555","page","type-page","status-publish","hentry"],"acf":[],"yoast_head":"<!-- This site is optimized with the Yoast SEO plugin v27.3 - https:\/\/yoast.com\/product\/yoast-seo-wordpress\/ -->\n<title>la competencia CHESPA PACKAGING DESIGN 2015 - Chespa - printing inks, clichees, cutting dies<\/title>\n<meta name=\"robots\" content=\"index, follow, max-snippet:-1, max-image-preview:large, max-video-preview:-1\" \/>\n<link rel=\"canonical\" href=\"https:\/\/www.chespa.eu\/es\/chespa-packaging-design-1-edycja-2015\/\" \/>\n<meta property=\"og:locale\" content=\"es_ES\" \/>\n<meta property=\"og:type\" content=\"article\" \/>\n<meta property=\"og:title\" content=\"la competencia CHESPA PACKAGING DESIGN 2015 - Chespa - printing inks, clichees, cutting dies\" \/>\n<meta property=\"og:description\" content=\"&#8211; &#8211; &#8211; &#8211; &#8211; &#8211; &#8211; &#8211; &#8211; 11.19.2015 &#8211; &#8211; &#8211; &#8211; &#8211; &#8211; &#8211; &#8211; &#8211; &#8211; SOLUCI\u00d3N DE COMPETENCIA El ganador en la categor\u00eda En ocasiones especiales (10.000 PLN y pr\u00e1cticas en la compa\u00f1\u00eda CHESPA) DOMINICA Jarmolinska (DISTINCI\u00d3N (INTERNADO EN LA SOCIEDAD CHESPA): KATARZYNA GUGA\u0141A El ganador en la categor\u00eda TODOS [&hellip;]\" \/>\n<meta property=\"og:url\" content=\"https:\/\/www.chespa.eu\/es\/chespa-packaging-design-1-edycja-2015\/\" \/>\n<meta property=\"og:site_name\" content=\"Chespa - printing inks, clichees, cutting dies\" \/>\n<meta property=\"article:modified_time\" content=\"2017-03-01T15:25:19+00:00\" \/>\n<meta name=\"twitter:card\" content=\"summary_large_image\" \/>\n<meta name=\"twitter:label1\" content=\"Est. reading time\" \/>\n\t<meta name=\"twitter:data1\" content=\"2 minutes\" \/>\n<script type=\"application\/ld+json\" class=\"yoast-schema-graph\">{\"@context\":\"https:\\\/\\\/schema.org\",\"@graph\":[{\"@type\":\"WebPage\",\"@id\":\"https:\\\/\\\/www.chespa.eu\\\/es\\\/chespa-packaging-design-1-edycja-2015\\\/\",\"url\":\"https:\\\/\\\/www.chespa.eu\\\/es\\\/chespa-packaging-design-1-edycja-2015\\\/\",\"name\":\"la competencia CHESPA PACKAGING DESIGN 2015 - Chespa - printing inks, clichees, cutting dies\",\"isPartOf\":{\"@id\":\"https:\\\/\\\/www.chespa.eu\\\/#website\"},\"datePublished\":\"2016-02-15T12:53:25+00:00\",\"dateModified\":\"2017-03-01T15:25:19+00:00\",\"breadcrumb\":{\"@id\":\"https:\\\/\\\/www.chespa.eu\\\/es\\\/chespa-packaging-design-1-edycja-2015\\\/#breadcrumb\"},\"inLanguage\":\"es-ES\",\"potentialAction\":[{\"@type\":\"ReadAction\",\"target\":[\"https:\\\/\\\/www.chespa.eu\\\/es\\\/chespa-packaging-design-1-edycja-2015\\\/\"]}]},{\"@type\":\"BreadcrumbList\",\"@id\":\"https:\\\/\\\/www.chespa.eu\\\/es\\\/chespa-packaging-design-1-edycja-2015\\\/#breadcrumb\",\"itemListElement\":[{\"@type\":\"ListItem\",\"position\":1,\"name\":\"Strona g\u0142\u00f3wna\",\"item\":\"https:\\\/\\\/www.chespa.eu\\\/\"},{\"@type\":\"ListItem\",\"position\":2,\"name\":\"la competencia CHESPA PACKAGING DESIGN 2015\"}]},{\"@type\":\"WebSite\",\"@id\":\"https:\\\/\\\/www.chespa.eu\\\/#website\",\"url\":\"https:\\\/\\\/www.chespa.eu\\\/\",\"name\":\"Chespa - printing inks, clichees, cutting dies\",\"description\":\"\",\"potentialAction\":[{\"@type\":\"SearchAction\",\"target\":{\"@type\":\"EntryPoint\",\"urlTemplate\":\"https:\\\/\\\/www.chespa.eu\\\/?s={search_term_string}\"},\"query-input\":{\"@type\":\"PropertyValueSpecification\",\"valueRequired\":true,\"valueName\":\"search_term_string\"}}],\"inLanguage\":\"es-ES\"}]}<\/script>\n<!-- \/ Yoast SEO plugin. -->","yoast_head_json":{"title":"la competencia CHESPA PACKAGING DESIGN 2015 - Chespa - printing inks, clichees, cutting dies","robots":{"index":"index","follow":"follow","max-snippet":"max-snippet:-1","max-image-preview":"max-image-preview:large","max-video-preview":"max-video-preview:-1"},"canonical":"https:\/\/www.chespa.eu\/es\/chespa-packaging-design-1-edycja-2015\/","og_locale":"es_ES","og_type":"article","og_title":"la competencia CHESPA PACKAGING DESIGN 2015 - Chespa - printing inks, clichees, cutting dies","og_description":"&#8211; &#8211; &#8211; &#8211; &#8211; &#8211; &#8211; &#8211; &#8211; 11.19.2015 &#8211; &#8211; &#8211; &#8211; &#8211; &#8211; &#8211; &#8211; &#8211; &#8211; SOLUCI\u00d3N DE COMPETENCIA El ganador en la categor\u00eda En ocasiones especiales (10.000 PLN y pr\u00e1cticas en la compa\u00f1\u00eda CHESPA) DOMINICA Jarmolinska (DISTINCI\u00d3N (INTERNADO EN LA SOCIEDAD CHESPA): KATARZYNA GUGA\u0141A El ganador en la categor\u00eda TODOS [&hellip;]","og_url":"https:\/\/www.chespa.eu\/es\/chespa-packaging-design-1-edycja-2015\/","og_site_name":"Chespa - printing inks, clichees, cutting dies","article_modified_time":"2017-03-01T15:25:19+00:00","twitter_card":"summary_large_image","twitter_misc":{"Est. reading time":"2 minutes"},"schema":{"@context":"https:\/\/schema.org","@graph":[{"@type":"WebPage","@id":"https:\/\/www.chespa.eu\/es\/chespa-packaging-design-1-edycja-2015\/","url":"https:\/\/www.chespa.eu\/es\/chespa-packaging-design-1-edycja-2015\/","name":"la competencia CHESPA PACKAGING DESIGN 2015 - Chespa - printing inks, clichees, cutting dies","isPartOf":{"@id":"https:\/\/www.chespa.eu\/#website"},"datePublished":"2016-02-15T12:53:25+00:00","dateModified":"2017-03-01T15:25:19+00:00","breadcrumb":{"@id":"https:\/\/www.chespa.eu\/es\/chespa-packaging-design-1-edycja-2015\/#breadcrumb"},"inLanguage":"es-ES","potentialAction":[{"@type":"ReadAction","target":["https:\/\/www.chespa.eu\/es\/chespa-packaging-design-1-edycja-2015\/"]}]},{"@type":"BreadcrumbList","@id":"https:\/\/www.chespa.eu\/es\/chespa-packaging-design-1-edycja-2015\/#breadcrumb","itemListElement":[{"@type":"ListItem","position":1,"name":"Strona g\u0142\u00f3wna","item":"https:\/\/www.chespa.eu\/"},{"@type":"ListItem","position":2,"name":"la competencia CHESPA PACKAGING DESIGN 2015"}]},{"@type":"WebSite","@id":"https:\/\/www.chespa.eu\/#website","url":"https:\/\/www.chespa.eu\/","name":"Chespa - printing inks, clichees, cutting dies","description":"","potentialAction":[{"@type":"SearchAction","target":{"@type":"EntryPoint","urlTemplate":"https:\/\/www.chespa.eu\/?s={search_term_string}"},"query-input":{"@type":"PropertyValueSpecification","valueRequired":true,"valueName":"search_term_string"}}],"inLanguage":"es-ES"}]}},"_links":{"self":[{"href":"https:\/\/www.chespa.eu\/es\/wp-json\/wp\/v2\/pages\/555","targetHints":{"allow":["GET"]}}],"collection":[{"href":"https:\/\/www.chespa.eu\/es\/wp-json\/wp\/v2\/pages"}],"about":[{"href":"https:\/\/www.chespa.eu\/es\/wp-json\/wp\/v2\/types\/page"}],"author":[{"embeddable":true,"href":"https:\/\/www.chespa.eu\/es\/wp-json\/wp\/v2\/users\/6"}],"replies":[{"embeddable":true,"href":"https:\/\/www.chespa.eu\/es\/wp-json\/wp\/v2\/comments?post=555"}],"version-history":[{"count":5,"href":"https:\/\/www.chespa.eu\/es\/wp-json\/wp\/v2\/pages\/555\/revisions"}],"predecessor-version":[{"id":6287,"href":"https:\/\/www.chespa.eu\/es\/wp-json\/wp\/v2\/pages\/555\/revisions\/6287"}],"wp:attachment":[{"href":"https:\/\/www.chespa.eu\/es\/wp-json\/wp\/v2\/media?parent=555"}],"curies":[{"name":"wp","href":"https:\/\/api.w.org\/{rel}","templated":true}]}}