{"id":553,"date":"2016-02-15T09:48:36","date_gmt":"2016-02-15T08:48:36","guid":{"rendered":"http:\/\/chespa.eu\/es\/akademia-chespa\/"},"modified":"2022-11-23T12:40:23","modified_gmt":"2022-11-23T11:40:23","slug":"akademia-chespa","status":"publish","type":"page","link":"https:\/\/www.chespa.eu\/es\/productos\/akademia-chespa\/","title":{"rendered":"Academia Chespa"},"content":{"rendered":"<p>Tenemos el placer de invitarles a participar en nuestra Academia que fue creada como el sistema de formaci\u00f3n para nuestros clientes. Ofrecemos clases te\u00f3ricas y pr\u00e1cticas sobre<br \/>\nla producci\u00f3n de empaques en dos niveles: b\u00e1sico y avanzado, para diferentes grupos de profesionales, incluidos los trabajadores de las imprentas y los departamentos de servicio<br \/>\nal cliente, management y ventas.<\/p>\n<p>La formaci\u00f3n trata sobre diferentes etapas de la producci\u00f3n (preimpresi\u00f3n, impresi\u00f3n, postimpresi\u00f3n) y cubre una gama de temas, desde la gesti\u00f3n del color y la preparaci\u00f3n de las gr\u00e1ficas a trav\u00e9s de t\u00e9cnicas de screening, perfilaci\u00f3n, proofing hasta las t\u00e9cnicas de control y medici\u00f3n\u00a0de la impresi\u00f3n,tipos de sustratos y formas de protecci\u00f3n y refinamiento.<\/p>\n<p>El objetivo de las clases te\u00f3ricas y conferencias que ofrece Academia, conducidas por los por nuestros propios empleados y expertos fuera\u00a0de la empresa, es aumentar conocimientos te\u00f3ricos de mejorar habilidades pr\u00e1cticas.<\/p>\n<p>Esperamos que Academia se convierta en un foro donde se tratar<em>\u00e1<\/em> todas sus dudas y \u2013 lo m\u00e1s importante \u2013 se las resolver<em>\u00e1<\/em>. Nos gustar\u00eda invitarles a unirse a la Academia,<br \/>\ncon la esperanza de que su participaci\u00f3n ayude con problemas que enfrentan todos los d\u00edas, apoye en la mejora de sus productos y aumente\u00a0nuestra cooperaci\u00f3n.<\/p>\n<div><\/div>\n<div><\/div>\n<div id=\"tts_button\"><span id=\"result_box\" class=\"short_text\" lang=\"es\"><span class=\"\">Formulario<\/span><\/span>:<\/div>\n<p><a href=\"https:\/\/www.chespa.eu\/wp-content\/uploads\/2022\/11\/Application-form-\u2013-Academy-Chespa.pdf\" class=\"mtli_attachment mtli_pdf\" target=\"\" rel=\"noopener\">Academia Chespa<\/a><\/p>\n<p>&nbsp;<\/p>\n","protected":false},"excerpt":{"rendered":"<p>Tenemos el placer de invitarles a participar en nuestra Academia que fue creada como el sistema de formaci\u00f3n para nuestros clientes. Ofrecemos clases te\u00f3ricas y pr\u00e1cticas sobre la producci\u00f3n de empaques en dos niveles: b\u00e1sico y avanzado, para diferentes grupos de profesionales, incluidos los trabajadores de las imprentas y los departamentos de servicio al cliente, [&hellip;]<\/p>\n","protected":false},"author":6,"featured_media":10075,"parent":14955,"menu_order":0,"comment_status":"closed","ping_status":"closed","template":"","meta":{"_acf_changed":false,"footnotes":""},"class_list":["post-553","page","type-page","status-publish","has-post-thumbnail","hentry"],"acf":[],"yoast_head":"<!-- This site is optimized with the Yoast SEO plugin v27.4 - https:\/\/yoast.com\/product\/yoast-seo-wordpress\/ -->\n<title>Academia Chespa - Chespa - printing inks, clichees, cutting dies<\/title>\n<meta name=\"robots\" content=\"index, follow, max-snippet:-1, max-image-preview:large, max-video-preview:-1\" \/>\n<link rel=\"canonical\" href=\"https:\/\/www.chespa.eu\/es\/akademia-chespa\/\" \/>\n<meta property=\"og:locale\" content=\"es_ES\" \/>\n<meta property=\"og:type\" content=\"article\" \/>\n<meta property=\"og:title\" content=\"Academia Chespa - Chespa - printing inks, clichees, cutting dies\" \/>\n<meta property=\"og:description\" content=\"Tenemos el placer de invitarles a participar en nuestra Academia que fue creada como el sistema de formaci\u00f3n para nuestros clientes. Ofrecemos clases te\u00f3ricas y pr\u00e1cticas sobre la producci\u00f3n de empaques en dos niveles: b\u00e1sico y avanzado, para diferentes grupos de profesionales, incluidos los trabajadores de las imprentas y los departamentos de servicio al cliente, [&hellip;]\" \/>\n<meta property=\"og:url\" content=\"https:\/\/www.chespa.eu\/es\/akademia-chespa\/\" \/>\n<meta property=\"og:site_name\" content=\"Chespa - printing inks, clichees, cutting dies\" \/>\n<meta property=\"article:modified_time\" content=\"2022-11-23T11:40:23+00:00\" \/>\n<meta property=\"og:image\" content=\"https:\/\/www.chespa.eu\/wp-content\/uploads\/2016\/11\/akademia.png\" \/>\n\t<meta property=\"og:image:width\" content=\"1920\" \/>\n\t<meta property=\"og:image:height\" content=\"295\" \/>\n\t<meta property=\"og:image:type\" content=\"image\/png\" \/>\n<meta name=\"twitter:card\" content=\"summary_large_image\" \/>\n<meta name=\"twitter:label1\" content=\"Est. reading time\" \/>\n\t<meta name=\"twitter:data1\" content=\"2 minutes\" \/>\n<script type=\"application\/ld+json\" class=\"yoast-schema-graph\">{\"@context\":\"https:\\\/\\\/schema.org\",\"@graph\":[{\"@type\":\"WebPage\",\"@id\":\"https:\\\/\\\/www.chespa.eu\\\/es\\\/akademia-chespa\\\/\",\"url\":\"https:\\\/\\\/www.chespa.eu\\\/es\\\/akademia-chespa\\\/\",\"name\":\"Academia Chespa - Chespa - printing inks, clichees, cutting dies\",\"isPartOf\":{\"@id\":\"https:\\\/\\\/www.chespa.eu\\\/#website\"},\"primaryImageOfPage\":{\"@id\":\"https:\\\/\\\/www.chespa.eu\\\/es\\\/akademia-chespa\\\/#primaryimage\"},\"image\":{\"@id\":\"https:\\\/\\\/www.chespa.eu\\\/es\\\/akademia-chespa\\\/#primaryimage\"},\"thumbnailUrl\":\"https:\\\/\\\/www.chespa.eu\\\/wp-content\\\/uploads\\\/2016\\\/11\\\/akademia.png\",\"datePublished\":\"2016-02-15T08:48:36+00:00\",\"dateModified\":\"2022-11-23T11:40:23+00:00\",\"breadcrumb\":{\"@id\":\"https:\\\/\\\/www.chespa.eu\\\/es\\\/akademia-chespa\\\/#breadcrumb\"},\"inLanguage\":\"es-ES\",\"potentialAction\":[{\"@type\":\"ReadAction\",\"target\":[\"https:\\\/\\\/www.chespa.eu\\\/es\\\/akademia-chespa\\\/\"]}]},{\"@type\":\"ImageObject\",\"inLanguage\":\"es-ES\",\"@id\":\"https:\\\/\\\/www.chespa.eu\\\/es\\\/akademia-chespa\\\/#primaryimage\",\"url\":\"https:\\\/\\\/www.chespa.eu\\\/wp-content\\\/uploads\\\/2016\\\/11\\\/akademia.png\",\"contentUrl\":\"https:\\\/\\\/www.chespa.eu\\\/wp-content\\\/uploads\\\/2016\\\/11\\\/akademia.png\",\"width\":1920,\"height\":295},{\"@type\":\"BreadcrumbList\",\"@id\":\"https:\\\/\\\/www.chespa.eu\\\/es\\\/akademia-chespa\\\/#breadcrumb\",\"itemListElement\":[{\"@type\":\"ListItem\",\"position\":1,\"name\":\"Strona g\u0142\u00f3wna\",\"item\":\"https:\\\/\\\/www.chespa.eu\\\/\"},{\"@type\":\"ListItem\",\"position\":2,\"name\":\"Academia Chespa\"}]},{\"@type\":\"WebSite\",\"@id\":\"https:\\\/\\\/www.chespa.eu\\\/#website\",\"url\":\"https:\\\/\\\/www.chespa.eu\\\/\",\"name\":\"Chespa - printing inks, clichees, cutting dies\",\"description\":\"\",\"potentialAction\":[{\"@type\":\"SearchAction\",\"target\":{\"@type\":\"EntryPoint\",\"urlTemplate\":\"https:\\\/\\\/www.chespa.eu\\\/?s={search_term_string}\"},\"query-input\":{\"@type\":\"PropertyValueSpecification\",\"valueRequired\":true,\"valueName\":\"search_term_string\"}}],\"inLanguage\":\"es-ES\"}]}<\/script>\n<!-- \/ Yoast SEO plugin. -->","yoast_head_json":{"title":"Academia Chespa - Chespa - printing inks, clichees, cutting dies","robots":{"index":"index","follow":"follow","max-snippet":"max-snippet:-1","max-image-preview":"max-image-preview:large","max-video-preview":"max-video-preview:-1"},"canonical":"https:\/\/www.chespa.eu\/es\/akademia-chespa\/","og_locale":"es_ES","og_type":"article","og_title":"Academia Chespa - Chespa - printing inks, clichees, cutting dies","og_description":"Tenemos el placer de invitarles a participar en nuestra Academia que fue creada como el sistema de formaci\u00f3n para nuestros clientes. Ofrecemos clases te\u00f3ricas y pr\u00e1cticas sobre la producci\u00f3n de empaques en dos niveles: b\u00e1sico y avanzado, para diferentes grupos de profesionales, incluidos los trabajadores de las imprentas y los departamentos de servicio al cliente, [&hellip;]","og_url":"https:\/\/www.chespa.eu\/es\/akademia-chespa\/","og_site_name":"Chespa - printing inks, clichees, cutting dies","article_modified_time":"2022-11-23T11:40:23+00:00","og_image":[{"width":1920,"height":295,"url":"https:\/\/www.chespa.eu\/wp-content\/uploads\/2016\/11\/akademia.png","type":"image\/png"}],"twitter_card":"summary_large_image","twitter_misc":{"Est. reading time":"2 minutes"},"schema":{"@context":"https:\/\/schema.org","@graph":[{"@type":"WebPage","@id":"https:\/\/www.chespa.eu\/es\/akademia-chespa\/","url":"https:\/\/www.chespa.eu\/es\/akademia-chespa\/","name":"Academia Chespa - Chespa - printing inks, clichees, cutting dies","isPartOf":{"@id":"https:\/\/www.chespa.eu\/#website"},"primaryImageOfPage":{"@id":"https:\/\/www.chespa.eu\/es\/akademia-chespa\/#primaryimage"},"image":{"@id":"https:\/\/www.chespa.eu\/es\/akademia-chespa\/#primaryimage"},"thumbnailUrl":"https:\/\/www.chespa.eu\/wp-content\/uploads\/2016\/11\/akademia.png","datePublished":"2016-02-15T08:48:36+00:00","dateModified":"2022-11-23T11:40:23+00:00","breadcrumb":{"@id":"https:\/\/www.chespa.eu\/es\/akademia-chespa\/#breadcrumb"},"inLanguage":"es-ES","potentialAction":[{"@type":"ReadAction","target":["https:\/\/www.chespa.eu\/es\/akademia-chespa\/"]}]},{"@type":"ImageObject","inLanguage":"es-ES","@id":"https:\/\/www.chespa.eu\/es\/akademia-chespa\/#primaryimage","url":"https:\/\/www.chespa.eu\/wp-content\/uploads\/2016\/11\/akademia.png","contentUrl":"https:\/\/www.chespa.eu\/wp-content\/uploads\/2016\/11\/akademia.png","width":1920,"height":295},{"@type":"BreadcrumbList","@id":"https:\/\/www.chespa.eu\/es\/akademia-chespa\/#breadcrumb","itemListElement":[{"@type":"ListItem","position":1,"name":"Strona g\u0142\u00f3wna","item":"https:\/\/www.chespa.eu\/"},{"@type":"ListItem","position":2,"name":"Academia Chespa"}]},{"@type":"WebSite","@id":"https:\/\/www.chespa.eu\/#website","url":"https:\/\/www.chespa.eu\/","name":"Chespa - printing inks, clichees, cutting dies","description":"","potentialAction":[{"@type":"SearchAction","target":{"@type":"EntryPoint","urlTemplate":"https:\/\/www.chespa.eu\/?s={search_term_string}"},"query-input":{"@type":"PropertyValueSpecification","valueRequired":true,"valueName":"search_term_string"}}],"inLanguage":"es-ES"}]}},"_links":{"self":[{"href":"https:\/\/www.chespa.eu\/es\/wp-json\/wp\/v2\/pages\/553","targetHints":{"allow":["GET"]}}],"collection":[{"href":"https:\/\/www.chespa.eu\/es\/wp-json\/wp\/v2\/pages"}],"about":[{"href":"https:\/\/www.chespa.eu\/es\/wp-json\/wp\/v2\/types\/page"}],"author":[{"embeddable":true,"href":"https:\/\/www.chespa.eu\/es\/wp-json\/wp\/v2\/users\/6"}],"replies":[{"embeddable":true,"href":"https:\/\/www.chespa.eu\/es\/wp-json\/wp\/v2\/comments?post=553"}],"version-history":[{"count":24,"href":"https:\/\/www.chespa.eu\/es\/wp-json\/wp\/v2\/pages\/553\/revisions"}],"predecessor-version":[{"id":16898,"href":"https:\/\/www.chespa.eu\/es\/wp-json\/wp\/v2\/pages\/553\/revisions\/16898"}],"up":[{"embeddable":true,"href":"https:\/\/www.chespa.eu\/es\/wp-json\/wp\/v2\/pages\/14955"}],"wp:featuredmedia":[{"embeddable":true,"href":"https:\/\/www.chespa.eu\/es\/wp-json\/wp\/v2\/media\/10075"}],"wp:attachment":[{"href":"https:\/\/www.chespa.eu\/es\/wp-json\/wp\/v2\/media?parent=553"}],"curies":[{"name":"wp","href":"https:\/\/api.w.org\/{rel}","templated":true}]}}