{"id":548,"date":"2015-12-04T13:38:41","date_gmt":"2015-12-04T12:38:41","guid":{"rendered":"http:\/\/chespa.eu\/es\/cdc\/"},"modified":"2022-03-16T11:31:45","modified_gmt":"2022-03-16T10:31:45","slug":"cdc","status":"publish","type":"page","link":"https:\/\/www.chespa.eu\/es\/productos\/planchas-de-fotopolimero\/cdc\/","title":{"rendered":"CENTRO DE DISE\u00d1O CHESPA"},"content":{"rendered":"<p><strong>Chespa Design Center<\/strong> asegura una comunicaci\u00f3n c\u00f3moda y segura a trav\u00e9s de Internet entre cliente y la planta de producci\u00f3n o entre diferentes departamentos de una o m\u00e1s empresas.\u00a0Gracias a CDC, los proyectos pueden ser presentados, monitoreados y evaluados por personas autorizadas que pueden ver, hacer anotaciones<br \/>\no modificaciones y aprobar o rechazar el proyecto. Cada paso del proceso es<em>t\u00e1<\/em> guardado autom\u00e1ticamente en forma de notas electr\u00f3nicas.<\/p>\n<p>Las principales ventajas del sistema incluyen: la capacidad de introducir precisamente las modificaciones, eliminaci\u00f3n del problema de ambig\u00fcedad de mejora de gr\u00e1ficas entre<\/p>\n<p>el cliente y el gr\u00e1fico, acceso continuo a una vista previa de sus pedidos, reducci\u00f3n del tiempo de espera para la llegada de los archivos para la aprobaci\u00f3n y la aceptaci\u00f3n en s<em>\u00ed<\/em>,\u00a0posibilidad de ver los archivos de art pro, .tif o .pdf sin necesidad de software adicional<br \/>\n(se requiere s\u00f3lo acceso\u00a0a Internet y navegador web), la posibilidad de ver las separaciones,\u00a0la posibilidad de previsualizar porcentajes de uso de los componentes de colores.<\/p>\n<div><\/div>\n<div><\/div>\n<div><a href=\"https:\/\/cdc.chespa.eu\/pl\/\">LOGIN<\/a><\/div>\n<div><\/div>\n<div><\/div>\n<div><\/div>\n<div><a href=\"https:\/\/cdc.chespa.com.pl\/pl\/login.jsp%3bjsessionid=163DDD7E0F5D3B3CD181695319E5142E?urlwanted=http%3A%2F%2Fcdc.chespa.com.pl%2Fpl%2Fhome.jsp\"><img loading=\"lazy\" decoding=\"async\" class=\"alignnone size-full wp-image-237\" src=\"https:\/\/chespa.eu\/wp-content\/uploads\/2016\/02\/342_m.jpeg\" alt=\"342_m\" width=\"90\" height=\"90\" \/> <img loading=\"lazy\" decoding=\"async\" class=\"alignnone size-full wp-image-236\" src=\"https:\/\/chespa.eu\/wp-content\/uploads\/2016\/02\/343_m.jpeg\" alt=\"343_m\" width=\"90\" height=\"90\" \/> <img loading=\"lazy\" decoding=\"async\" class=\"alignnone size-medium wp-image-235\" src=\"https:\/\/chespa.eu\/wp-content\/uploads\/2016\/02\/344_m.jpeg\" alt=\"344_m\" width=\"90\" height=\"90\" \/> <img loading=\"lazy\" decoding=\"async\" class=\"alignnone size-medium wp-image-234\" src=\"https:\/\/chespa.eu\/wp-content\/uploads\/2016\/02\/345_m.jpeg\" alt=\"345_m\" width=\"90\" height=\"90\" \/> <img loading=\"lazy\" decoding=\"async\" class=\"alignnone size-medium wp-image-233\" src=\"https:\/\/chespa.eu\/wp-content\/uploads\/2016\/02\/346_m.jpeg\" alt=\"346_m\" width=\"90\" height=\"90\" \/> <img loading=\"lazy\" decoding=\"async\" class=\"alignnone size-medium wp-image-232\" src=\"https:\/\/chespa.eu\/wp-content\/uploads\/2016\/02\/347_m.jpeg\" alt=\"347_m\" width=\"90\" height=\"90\" \/> <img loading=\"lazy\" decoding=\"async\" class=\"alignnone size-full wp-image-231\" src=\"https:\/\/chespa.eu\/wp-content\/uploads\/2016\/02\/348_m.jpeg\" alt=\"348_m\" width=\"90\" height=\"90\" \/><\/a><\/div>\n<p>&nbsp;<\/p>\n<p>&nbsp;<\/p>\n","protected":false},"excerpt":{"rendered":"<p>Chespa Design Center asegura una comunicaci\u00f3n c\u00f3moda y segura a trav\u00e9s de Internet entre cliente y la planta de producci\u00f3n o entre diferentes departamentos de una o m\u00e1s empresas.\u00a0Gracias a CDC, los proyectos pueden ser presentados, monitoreados y evaluados por personas autorizadas que pueden ver, hacer anotaciones o modificaciones y aprobar o rechazar el proyecto. [&hellip;]<\/p>\n","protected":false},"author":6,"featured_media":10087,"parent":18807,"menu_order":0,"comment_status":"closed","ping_status":"closed","template":"","meta":{"_acf_changed":false,"footnotes":""},"class_list":["post-548","page","type-page","status-publish","has-post-thumbnail","hentry"],"acf":[],"yoast_head":"<!-- This site is optimized with the Yoast SEO plugin v27.3 - https:\/\/yoast.com\/product\/yoast-seo-wordpress\/ -->\n<title>CENTRO DE DISE\u00d1O CHESPA - Chespa - printing inks, clichees, cutting dies<\/title>\n<meta name=\"robots\" content=\"index, follow, max-snippet:-1, max-image-preview:large, max-video-preview:-1\" \/>\n<link rel=\"canonical\" href=\"https:\/\/www.chespa.eu\/es\/cdc\/\" \/>\n<meta property=\"og:locale\" content=\"es_ES\" \/>\n<meta property=\"og:type\" content=\"article\" \/>\n<meta property=\"og:title\" content=\"CENTRO DE DISE\u00d1O CHESPA - Chespa - printing inks, clichees, cutting dies\" \/>\n<meta property=\"og:description\" content=\"Chespa Design Center asegura una comunicaci\u00f3n c\u00f3moda y segura a trav\u00e9s de Internet entre cliente y la planta de producci\u00f3n o entre diferentes departamentos de una o m\u00e1s empresas.\u00a0Gracias a CDC, los proyectos pueden ser presentados, monitoreados y evaluados por personas autorizadas que pueden ver, hacer anotaciones o modificaciones y aprobar o rechazar el proyecto. [&hellip;]\" \/>\n<meta property=\"og:url\" content=\"https:\/\/www.chespa.eu\/es\/cdc\/\" \/>\n<meta property=\"og:site_name\" content=\"Chespa - printing inks, clichees, cutting dies\" \/>\n<meta property=\"article:modified_time\" content=\"2022-03-16T10:31:45+00:00\" \/>\n<meta property=\"og:image\" content=\"https:\/\/www.chespa.eu\/wp-content\/uploads\/2016\/11\/cdc.png\" \/>\n\t<meta property=\"og:image:width\" content=\"1920\" \/>\n\t<meta property=\"og:image:height\" content=\"295\" \/>\n\t<meta property=\"og:image:type\" content=\"image\/png\" \/>\n<meta name=\"twitter:card\" content=\"summary_large_image\" \/>\n<meta name=\"twitter:label1\" content=\"Est. reading time\" \/>\n\t<meta name=\"twitter:data1\" content=\"1 minute\" \/>\n<script type=\"application\/ld+json\" class=\"yoast-schema-graph\">{\"@context\":\"https:\\\/\\\/schema.org\",\"@graph\":[{\"@type\":\"WebPage\",\"@id\":\"https:\\\/\\\/www.chespa.eu\\\/es\\\/cdc\\\/\",\"url\":\"https:\\\/\\\/www.chespa.eu\\\/es\\\/cdc\\\/\",\"name\":\"CENTRO DE DISE\u00d1O CHESPA - Chespa - printing inks, clichees, cutting dies\",\"isPartOf\":{\"@id\":\"https:\\\/\\\/www.chespa.eu\\\/#website\"},\"primaryImageOfPage\":{\"@id\":\"https:\\\/\\\/www.chespa.eu\\\/es\\\/cdc\\\/#primaryimage\"},\"image\":{\"@id\":\"https:\\\/\\\/www.chespa.eu\\\/es\\\/cdc\\\/#primaryimage\"},\"thumbnailUrl\":\"https:\\\/\\\/www.chespa.eu\\\/wp-content\\\/uploads\\\/2016\\\/11\\\/cdc.png\",\"datePublished\":\"2015-12-04T12:38:41+00:00\",\"dateModified\":\"2022-03-16T10:31:45+00:00\",\"breadcrumb\":{\"@id\":\"https:\\\/\\\/www.chespa.eu\\\/es\\\/cdc\\\/#breadcrumb\"},\"inLanguage\":\"es-ES\",\"potentialAction\":[{\"@type\":\"ReadAction\",\"target\":[\"https:\\\/\\\/www.chespa.eu\\\/es\\\/cdc\\\/\"]}]},{\"@type\":\"ImageObject\",\"inLanguage\":\"es-ES\",\"@id\":\"https:\\\/\\\/www.chespa.eu\\\/es\\\/cdc\\\/#primaryimage\",\"url\":\"https:\\\/\\\/www.chespa.eu\\\/wp-content\\\/uploads\\\/2016\\\/11\\\/cdc.png\",\"contentUrl\":\"https:\\\/\\\/www.chespa.eu\\\/wp-content\\\/uploads\\\/2016\\\/11\\\/cdc.png\",\"width\":1920,\"height\":295},{\"@type\":\"BreadcrumbList\",\"@id\":\"https:\\\/\\\/www.chespa.eu\\\/es\\\/cdc\\\/#breadcrumb\",\"itemListElement\":[{\"@type\":\"ListItem\",\"position\":1,\"name\":\"Strona g\u0142\u00f3wna\",\"item\":\"https:\\\/\\\/www.chespa.eu\\\/\"},{\"@type\":\"ListItem\",\"position\":2,\"name\":\"CENTRO DE DISE\u00d1O CHESPA\"}]},{\"@type\":\"WebSite\",\"@id\":\"https:\\\/\\\/www.chespa.eu\\\/#website\",\"url\":\"https:\\\/\\\/www.chespa.eu\\\/\",\"name\":\"Chespa - printing inks, clichees, cutting dies\",\"description\":\"\",\"potentialAction\":[{\"@type\":\"SearchAction\",\"target\":{\"@type\":\"EntryPoint\",\"urlTemplate\":\"https:\\\/\\\/www.chespa.eu\\\/?s={search_term_string}\"},\"query-input\":{\"@type\":\"PropertyValueSpecification\",\"valueRequired\":true,\"valueName\":\"search_term_string\"}}],\"inLanguage\":\"es-ES\"}]}<\/script>\n<!-- \/ Yoast SEO plugin. -->","yoast_head_json":{"title":"CENTRO DE DISE\u00d1O CHESPA - Chespa - printing inks, clichees, cutting dies","robots":{"index":"index","follow":"follow","max-snippet":"max-snippet:-1","max-image-preview":"max-image-preview:large","max-video-preview":"max-video-preview:-1"},"canonical":"https:\/\/www.chespa.eu\/es\/cdc\/","og_locale":"es_ES","og_type":"article","og_title":"CENTRO DE DISE\u00d1O CHESPA - Chespa - printing inks, clichees, cutting dies","og_description":"Chespa Design Center asegura una comunicaci\u00f3n c\u00f3moda y segura a trav\u00e9s de Internet entre cliente y la planta de producci\u00f3n o entre diferentes departamentos de una o m\u00e1s empresas.\u00a0Gracias a CDC, los proyectos pueden ser presentados, monitoreados y evaluados por personas autorizadas que pueden ver, hacer anotaciones o modificaciones y aprobar o rechazar el proyecto. [&hellip;]","og_url":"https:\/\/www.chespa.eu\/es\/cdc\/","og_site_name":"Chespa - printing inks, clichees, cutting dies","article_modified_time":"2022-03-16T10:31:45+00:00","og_image":[{"width":1920,"height":295,"url":"https:\/\/www.chespa.eu\/wp-content\/uploads\/2016\/11\/cdc.png","type":"image\/png"}],"twitter_card":"summary_large_image","twitter_misc":{"Est. reading time":"1 minute"},"schema":{"@context":"https:\/\/schema.org","@graph":[{"@type":"WebPage","@id":"https:\/\/www.chespa.eu\/es\/cdc\/","url":"https:\/\/www.chespa.eu\/es\/cdc\/","name":"CENTRO DE DISE\u00d1O CHESPA - Chespa - printing inks, clichees, cutting dies","isPartOf":{"@id":"https:\/\/www.chespa.eu\/#website"},"primaryImageOfPage":{"@id":"https:\/\/www.chespa.eu\/es\/cdc\/#primaryimage"},"image":{"@id":"https:\/\/www.chespa.eu\/es\/cdc\/#primaryimage"},"thumbnailUrl":"https:\/\/www.chespa.eu\/wp-content\/uploads\/2016\/11\/cdc.png","datePublished":"2015-12-04T12:38:41+00:00","dateModified":"2022-03-16T10:31:45+00:00","breadcrumb":{"@id":"https:\/\/www.chespa.eu\/es\/cdc\/#breadcrumb"},"inLanguage":"es-ES","potentialAction":[{"@type":"ReadAction","target":["https:\/\/www.chespa.eu\/es\/cdc\/"]}]},{"@type":"ImageObject","inLanguage":"es-ES","@id":"https:\/\/www.chespa.eu\/es\/cdc\/#primaryimage","url":"https:\/\/www.chespa.eu\/wp-content\/uploads\/2016\/11\/cdc.png","contentUrl":"https:\/\/www.chespa.eu\/wp-content\/uploads\/2016\/11\/cdc.png","width":1920,"height":295},{"@type":"BreadcrumbList","@id":"https:\/\/www.chespa.eu\/es\/cdc\/#breadcrumb","itemListElement":[{"@type":"ListItem","position":1,"name":"Strona g\u0142\u00f3wna","item":"https:\/\/www.chespa.eu\/"},{"@type":"ListItem","position":2,"name":"CENTRO DE DISE\u00d1O CHESPA"}]},{"@type":"WebSite","@id":"https:\/\/www.chespa.eu\/#website","url":"https:\/\/www.chespa.eu\/","name":"Chespa - printing inks, clichees, cutting dies","description":"","potentialAction":[{"@type":"SearchAction","target":{"@type":"EntryPoint","urlTemplate":"https:\/\/www.chespa.eu\/?s={search_term_string}"},"query-input":{"@type":"PropertyValueSpecification","valueRequired":true,"valueName":"search_term_string"}}],"inLanguage":"es-ES"}]}},"_links":{"self":[{"href":"https:\/\/www.chespa.eu\/es\/wp-json\/wp\/v2\/pages\/548","targetHints":{"allow":["GET"]}}],"collection":[{"href":"https:\/\/www.chespa.eu\/es\/wp-json\/wp\/v2\/pages"}],"about":[{"href":"https:\/\/www.chespa.eu\/es\/wp-json\/wp\/v2\/types\/page"}],"author":[{"embeddable":true,"href":"https:\/\/www.chespa.eu\/es\/wp-json\/wp\/v2\/users\/6"}],"replies":[{"embeddable":true,"href":"https:\/\/www.chespa.eu\/es\/wp-json\/wp\/v2\/comments?post=548"}],"version-history":[{"count":21,"href":"https:\/\/www.chespa.eu\/es\/wp-json\/wp\/v2\/pages\/548\/revisions"}],"predecessor-version":[{"id":15922,"href":"https:\/\/www.chespa.eu\/es\/wp-json\/wp\/v2\/pages\/548\/revisions\/15922"}],"up":[{"embeddable":true,"href":"https:\/\/www.chespa.eu\/es\/wp-json\/wp\/v2\/pages\/18807"}],"wp:featuredmedia":[{"embeddable":true,"href":"https:\/\/www.chespa.eu\/es\/wp-json\/wp\/v2\/media\/10087"}],"wp:attachment":[{"href":"https:\/\/www.chespa.eu\/es\/wp-json\/wp\/v2\/media?parent=548"}],"curies":[{"name":"wp","href":"https:\/\/api.w.org\/{rel}","templated":true}]}}