{"id":470,"date":"2016-02-15T10:11:59","date_gmt":"2016-02-15T09:11:59","guid":{"rendered":"http:\/\/chespa.eu\/zamowienia-farby\/?lang=es"},"modified":"2016-07-18T09:19:06","modified_gmt":"2016-07-18T07:19:06","slug":"zamowienia-farby","status":"publish","type":"page","link":"https:\/\/www.chespa.eu\/es\/zamowienia-farby\/","title":{"rendered":"Pedidos"},"content":{"rendered":"<p style=\"text-align: center;\">Te invitamos a hacer pedidos de las tintas a trav\u00e9s de un portal dedicado.<br \/>\nPortal est\u00e1 disponible para usuarios registrados. Para la informaci\u00f3n de acceso, por favor, p\u00f3ngase en contacto con su representante de ventas.<\/p>\n<p>&nbsp;<\/p>\n<div>\n<div style=\"text-align: center;\"><strong><a dir=\"ltr\" title=\"Portal zam\u00f3wie\u0144\" href=\"https:\/\/orders.chespa.eu\/ISZ\/LogIn.aspx?ReturnUrl=%2fISZ%2fWebFormMain.aspx\" target=\"_self\" name=\"Portal zam\u00f3wie\u0144\">\u00a0Entrada al portal<\/a><\/strong><\/div>\n<\/div>\n<div style=\"text-align: center;\">\n<p>&nbsp;<\/p>\n<\/div>\n<div style=\"text-align: center;\"><\/div>\n","protected":false},"excerpt":{"rendered":"<p>Te invitamos a hacer pedidos de las tintas a trav\u00e9s de un portal dedicado. Portal est\u00e1 disponible para usuarios registrados. Para la informaci\u00f3n de acceso, por favor, p\u00f3ngase en contacto con su representante de ventas. &nbsp; \u00a0Entrada al portal &nbsp;<\/p>\n","protected":false},"author":6,"featured_media":0,"parent":0,"menu_order":0,"comment_status":"closed","ping_status":"closed","template":"","meta":{"_acf_changed":false,"footnotes":""},"class_list":["post-470","page","type-page","status-publish","hentry"],"acf":[],"yoast_head":"<!-- This site is optimized with the Yoast SEO plugin v27.5 - https:\/\/yoast.com\/product\/yoast-seo-wordpress\/ -->\n<title>Pedidos - Chespa - printing inks, clichees, cutting dies<\/title>\n<meta name=\"robots\" content=\"index, follow, max-snippet:-1, max-image-preview:large, max-video-preview:-1\" \/>\n<link rel=\"canonical\" href=\"https:\/\/www.chespa.eu\/es\/zamowienia-farby\/\" \/>\n<meta property=\"og:locale\" content=\"es_ES\" \/>\n<meta property=\"og:type\" content=\"article\" \/>\n<meta property=\"og:title\" content=\"Pedidos - Chespa - printing inks, clichees, cutting dies\" \/>\n<meta property=\"og:description\" content=\"Te invitamos a hacer pedidos de las tintas a trav\u00e9s de un portal dedicado. Portal est\u00e1 disponible para usuarios registrados. Para la informaci\u00f3n de acceso, por favor, p\u00f3ngase en contacto con su representante de ventas. &nbsp; \u00a0Entrada al portal &nbsp;\" \/>\n<meta property=\"og:url\" content=\"https:\/\/www.chespa.eu\/es\/zamowienia-farby\/\" \/>\n<meta property=\"og:site_name\" content=\"Chespa - printing inks, clichees, cutting dies\" \/>\n<meta property=\"article:modified_time\" content=\"2016-07-18T07:19:06+00:00\" \/>\n<meta name=\"twitter:card\" content=\"summary_large_image\" \/>\n<script type=\"application\/ld+json\" class=\"yoast-schema-graph\">{\"@context\":\"https:\\\/\\\/schema.org\",\"@graph\":[{\"@type\":\"WebPage\",\"@id\":\"https:\\\/\\\/www.chespa.eu\\\/es\\\/zamowienia-farby\\\/\",\"url\":\"https:\\\/\\\/www.chespa.eu\\\/es\\\/zamowienia-farby\\\/\",\"name\":\"Pedidos - Chespa - printing inks, clichees, cutting dies\",\"isPartOf\":{\"@id\":\"https:\\\/\\\/www.chespa.eu\\\/#website\"},\"datePublished\":\"2016-02-15T09:11:59+00:00\",\"dateModified\":\"2016-07-18T07:19:06+00:00\",\"breadcrumb\":{\"@id\":\"https:\\\/\\\/www.chespa.eu\\\/es\\\/zamowienia-farby\\\/#breadcrumb\"},\"inLanguage\":\"es-ES\",\"potentialAction\":[{\"@type\":\"ReadAction\",\"target\":[\"https:\\\/\\\/www.chespa.eu\\\/es\\\/zamowienia-farby\\\/\"]}]},{\"@type\":\"BreadcrumbList\",\"@id\":\"https:\\\/\\\/www.chespa.eu\\\/es\\\/zamowienia-farby\\\/#breadcrumb\",\"itemListElement\":[{\"@type\":\"ListItem\",\"position\":1,\"name\":\"Strona g\u0142\u00f3wna\",\"item\":\"https:\\\/\\\/www.chespa.eu\\\/\"},{\"@type\":\"ListItem\",\"position\":2,\"name\":\"Pedidos\"}]},{\"@type\":\"WebSite\",\"@id\":\"https:\\\/\\\/www.chespa.eu\\\/#website\",\"url\":\"https:\\\/\\\/www.chespa.eu\\\/\",\"name\":\"Chespa - printing inks, clichees, cutting dies\",\"description\":\"\",\"potentialAction\":[{\"@type\":\"SearchAction\",\"target\":{\"@type\":\"EntryPoint\",\"urlTemplate\":\"https:\\\/\\\/www.chespa.eu\\\/?s={search_term_string}\"},\"query-input\":{\"@type\":\"PropertyValueSpecification\",\"valueRequired\":true,\"valueName\":\"search_term_string\"}}],\"inLanguage\":\"es-ES\"}]}<\/script>\n<!-- \/ Yoast SEO plugin. -->","yoast_head_json":{"title":"Pedidos - Chespa - printing inks, clichees, cutting dies","robots":{"index":"index","follow":"follow","max-snippet":"max-snippet:-1","max-image-preview":"max-image-preview:large","max-video-preview":"max-video-preview:-1"},"canonical":"https:\/\/www.chespa.eu\/es\/zamowienia-farby\/","og_locale":"es_ES","og_type":"article","og_title":"Pedidos - Chespa - printing inks, clichees, cutting dies","og_description":"Te invitamos a hacer pedidos de las tintas a trav\u00e9s de un portal dedicado. Portal est\u00e1 disponible para usuarios registrados. Para la informaci\u00f3n de acceso, por favor, p\u00f3ngase en contacto con su representante de ventas. &nbsp; \u00a0Entrada al portal &nbsp;","og_url":"https:\/\/www.chespa.eu\/es\/zamowienia-farby\/","og_site_name":"Chespa - printing inks, clichees, cutting dies","article_modified_time":"2016-07-18T07:19:06+00:00","twitter_card":"summary_large_image","schema":{"@context":"https:\/\/schema.org","@graph":[{"@type":"WebPage","@id":"https:\/\/www.chespa.eu\/es\/zamowienia-farby\/","url":"https:\/\/www.chespa.eu\/es\/zamowienia-farby\/","name":"Pedidos - Chespa - printing inks, clichees, cutting dies","isPartOf":{"@id":"https:\/\/www.chespa.eu\/#website"},"datePublished":"2016-02-15T09:11:59+00:00","dateModified":"2016-07-18T07:19:06+00:00","breadcrumb":{"@id":"https:\/\/www.chespa.eu\/es\/zamowienia-farby\/#breadcrumb"},"inLanguage":"es-ES","potentialAction":[{"@type":"ReadAction","target":["https:\/\/www.chespa.eu\/es\/zamowienia-farby\/"]}]},{"@type":"BreadcrumbList","@id":"https:\/\/www.chespa.eu\/es\/zamowienia-farby\/#breadcrumb","itemListElement":[{"@type":"ListItem","position":1,"name":"Strona g\u0142\u00f3wna","item":"https:\/\/www.chespa.eu\/"},{"@type":"ListItem","position":2,"name":"Pedidos"}]},{"@type":"WebSite","@id":"https:\/\/www.chespa.eu\/#website","url":"https:\/\/www.chespa.eu\/","name":"Chespa - printing inks, clichees, cutting dies","description":"","potentialAction":[{"@type":"SearchAction","target":{"@type":"EntryPoint","urlTemplate":"https:\/\/www.chespa.eu\/?s={search_term_string}"},"query-input":{"@type":"PropertyValueSpecification","valueRequired":true,"valueName":"search_term_string"}}],"inLanguage":"es-ES"}]}},"_links":{"self":[{"href":"https:\/\/www.chespa.eu\/es\/wp-json\/wp\/v2\/pages\/470","targetHints":{"allow":["GET"]}}],"collection":[{"href":"https:\/\/www.chespa.eu\/es\/wp-json\/wp\/v2\/pages"}],"about":[{"href":"https:\/\/www.chespa.eu\/es\/wp-json\/wp\/v2\/types\/page"}],"author":[{"embeddable":true,"href":"https:\/\/www.chespa.eu\/es\/wp-json\/wp\/v2\/users\/6"}],"replies":[{"embeddable":true,"href":"https:\/\/www.chespa.eu\/es\/wp-json\/wp\/v2\/comments?post=470"}],"version-history":[{"count":8,"href":"https:\/\/www.chespa.eu\/es\/wp-json\/wp\/v2\/pages\/470\/revisions"}],"predecessor-version":[{"id":3963,"href":"https:\/\/www.chespa.eu\/es\/wp-json\/wp\/v2\/pages\/470\/revisions\/3963"}],"wp:attachment":[{"href":"https:\/\/www.chespa.eu\/es\/wp-json\/wp\/v2\/media?parent=470"}],"curies":[{"name":"wp","href":"https:\/\/api.w.org\/{rel}","templated":true}]}}