{"id":2602,"date":"2016-05-31T09:15:36","date_gmt":"2016-05-31T07:15:36","guid":{"rendered":"http:\/\/www.chespa.eu\/es\/certyfikaty\/"},"modified":"2023-07-07T16:44:23","modified_gmt":"2023-07-07T14:44:23","slug":"certyfikaty","status":"publish","type":"page","link":"https:\/\/www.chespa.eu\/es\/certyfikaty\/","title":{"rendered":"Certificaciones"},"content":{"rendered":"<p><strong>ISO 9001, 14001, 45001<\/strong><\/p>\n<p><a href=\"https:\/\/www.chespa.eu\/wp-content\/uploads\/2023\/06\/cert_2023_2026_EN.pdf\" class=\"mtli_attachment mtli_pdf\" target=\"\" rel=\"noopener\">cert_2023_2026_EN<\/a><\/p>\n<p><a href=\"https:\/\/www.chespa.eu\/wp-content\/uploads\/2023\/06\/cert_2023_2026_EN-12.png\" rel=\"lightbox[2602]\"><img loading=\"lazy\" decoding=\"async\" class=\"alignnone size-medium wp-image-17320\" src=\"https:\/\/www.chespa.eu\/wp-content\/uploads\/2023\/06\/cert_2023_2026_EN-12-300x212.png\" alt=\"\" width=\"300\" height=\"212\" srcset=\"https:\/\/www.chespa.eu\/wp-content\/uploads\/2023\/06\/cert_2023_2026_EN-12-300x212.png 300w, https:\/\/www.chespa.eu\/wp-content\/uploads\/2023\/06\/cert_2023_2026_EN-12-1024x724.png 1024w, https:\/\/www.chespa.eu\/wp-content\/uploads\/2023\/06\/cert_2023_2026_EN-12-768x543.png 768w, https:\/\/www.chespa.eu\/wp-content\/uploads\/2023\/06\/cert_2023_2026_EN-12.png 1190w\" sizes=\"auto, (max-width: 300px) 100vw, 300px\" \/><\/a><\/p>\n<p>&nbsp;<\/p>\n<p><em>\u00a0\u00a0\u00a0\u00a0\u00a0\u00a0\u00a0\u00a0\u00a0\u00a0\u00a0\u00a0\u00a0\u00a0\u00a0\u00a0\u00a0\u00a0\u00a0 CHESPA &#8230; WE ARE GREEN ! \u00a0\u00a0 \u00a0\u00a0 \u00a0\u00a0<\/em><\/p>\n<p><a href=\"https:\/\/www.chespa.eu\/wp-content\/uploads\/2023\/07\/TREE_2023.pdf\" class=\"mtli_attachment mtli_pdf\" target=\"\" rel=\"noopener\">TREE 2023<\/a><\/p>\n<p><a href=\"https:\/\/www.chespa.eu\/wp-content\/uploads\/2023\/07\/tuv_nord_2023_tree_UK.png\" rel=\"lightbox[2602]\"><img loading=\"lazy\" decoding=\"async\" class=\"alignnone size-medium wp-image-17362\" src=\"https:\/\/www.chespa.eu\/wp-content\/uploads\/2023\/07\/tuv_nord_2023_tree_UK-300x300.png\" alt=\"\" width=\"300\" height=\"300\" srcset=\"https:\/\/www.chespa.eu\/wp-content\/uploads\/2023\/07\/tuv_nord_2023_tree_UK-300x300.png 300w, https:\/\/www.chespa.eu\/wp-content\/uploads\/2023\/07\/tuv_nord_2023_tree_UK-1024x1020.png 1024w, https:\/\/www.chespa.eu\/wp-content\/uploads\/2023\/07\/tuv_nord_2023_tree_UK-150x150.png 150w, https:\/\/www.chespa.eu\/wp-content\/uploads\/2023\/07\/tuv_nord_2023_tree_UK-768x765.png 768w, https:\/\/www.chespa.eu\/wp-content\/uploads\/2023\/07\/tuv_nord_2023_tree_UK.png 1132w\" sizes=\"auto, (max-width: 300px) 100vw, 300px\" \/><\/a><\/p>\n<p>*********************************************<\/p>\n<p>&nbsp;<\/p>\n<p>Estamos encantados de anunciar que Chespa fue oficialmente reconocida como un socio certificado de Kodak NX. Esto significa que todo el proceso de producci\u00f3n de planchas<br \/>\nde impresi\u00f3n cumple con los m\u00e1s altos est\u00e1ndares de calidad en cada etapa. A partir de la generaci\u00f3n del archivo de imagen mediante el tratamiento de fotopol\u00edmeros hasta una inspecci\u00f3n minuciosa de cada plancha. Eso da lugar a una recepci\u00f3n muy positiva de nuestros productos en el mercado flexogr\u00e1fico. Nuestros clientes confirman lograr<br \/>\nuna calidad de impresi\u00f3n que permite que la conversi\u00f3n de los proyectos de otras t\u00e9cnicas de impresi\u00f3n es perfecta.<\/p>\n<p>&nbsp;<\/p>\n<p><a href=\"http:\/\/www.chespa.eu\/wp-content\/uploads\/2016\/05\/NX_Certified_Mark_5_24FINALPREV.jpg\" rel=\"lightbox[2602]\"><img loading=\"lazy\" decoding=\"async\" class=\"alignnone size-medium wp-image-2577\" src=\"https:\/\/www.chespa.eu\/wp-content\/uploads\/2016\/05\/NX_Certified_Mark_5_24FINALPREV-224x300.jpg\" alt=\"Certified_3_28 FInal\" width=\"224\" height=\"300\" srcset=\"https:\/\/www.chespa.eu\/wp-content\/uploads\/2016\/05\/NX_Certified_Mark_5_24FINALPREV-224x300.jpg 224w, https:\/\/www.chespa.eu\/wp-content\/uploads\/2016\/05\/NX_Certified_Mark_5_24FINALPREV-768x1030.jpg 768w, https:\/\/www.chespa.eu\/wp-content\/uploads\/2016\/05\/NX_Certified_Mark_5_24FINALPREV-764x1024.jpg 764w, https:\/\/www.chespa.eu\/wp-content\/uploads\/2016\/05\/NX_Certified_Mark_5_24FINALPREV.jpg 1000w\" sizes=\"auto, (max-width: 224px) 100vw, 224px\" \/><\/a><\/p>\n","protected":false},"excerpt":{"rendered":"<p>ISO 9001, 14001, 45001 cert_2023_2026_EN &nbsp; \u00a0\u00a0\u00a0\u00a0\u00a0\u00a0\u00a0\u00a0\u00a0\u00a0\u00a0\u00a0\u00a0\u00a0\u00a0\u00a0\u00a0\u00a0\u00a0 CHESPA &#8230; WE ARE GREEN ! \u00a0\u00a0 \u00a0\u00a0 \u00a0\u00a0 TREE 2023 ********************************************* &nbsp; Estamos encantados de anunciar que Chespa fue oficialmente reconocida como un socio certificado de Kodak NX. Esto significa que todo el proceso de producci\u00f3n de planchas de impresi\u00f3n cumple con los m\u00e1s altos est\u00e1ndares de [&hellip;]<\/p>\n","protected":false},"author":2,"featured_media":15187,"parent":0,"menu_order":0,"comment_status":"closed","ping_status":"closed","template":"","meta":{"_acf_changed":false,"footnotes":""},"class_list":["post-2602","page","type-page","status-publish","has-post-thumbnail","hentry"],"acf":[],"yoast_head":"<!-- This site is optimized with the Yoast SEO plugin v27.4 - https:\/\/yoast.com\/product\/yoast-seo-wordpress\/ -->\n<title>Certificaciones - Chespa - printing inks, clichees, cutting dies<\/title>\n<meta name=\"robots\" content=\"index, follow, max-snippet:-1, max-image-preview:large, max-video-preview:-1\" \/>\n<link rel=\"canonical\" href=\"https:\/\/www.chespa.eu\/es\/certyfikaty\/\" \/>\n<meta property=\"og:locale\" content=\"es_ES\" \/>\n<meta property=\"og:type\" content=\"article\" \/>\n<meta property=\"og:title\" content=\"Certificaciones - Chespa - printing inks, clichees, cutting dies\" \/>\n<meta property=\"og:description\" content=\"ISO 9001, 14001, 45001 cert_2023_2026_EN &nbsp; \u00a0\u00a0\u00a0\u00a0\u00a0\u00a0\u00a0\u00a0\u00a0\u00a0\u00a0\u00a0\u00a0\u00a0\u00a0\u00a0\u00a0\u00a0\u00a0 CHESPA &#8230; WE ARE GREEN ! \u00a0\u00a0 \u00a0\u00a0 \u00a0\u00a0 TREE 2023 ********************************************* &nbsp; Estamos encantados de anunciar que Chespa fue oficialmente reconocida como un socio certificado de Kodak NX. Esto significa que todo el proceso de producci\u00f3n de planchas de impresi\u00f3n cumple con los m\u00e1s altos est\u00e1ndares de [&hellip;]\" \/>\n<meta property=\"og:url\" content=\"https:\/\/www.chespa.eu\/es\/certyfikaty\/\" \/>\n<meta property=\"og:site_name\" content=\"Chespa - printing inks, clichees, cutting dies\" \/>\n<meta property=\"article:modified_time\" content=\"2023-07-07T14:44:23+00:00\" \/>\n<meta property=\"og:image\" content=\"https:\/\/www.chespa.eu\/wp-content\/uploads\/2021\/03\/23_ESP_bez23.png\" \/>\n\t<meta property=\"og:image:width\" content=\"1920\" \/>\n\t<meta property=\"og:image:height\" content=\"295\" \/>\n\t<meta property=\"og:image:type\" content=\"image\/png\" \/>\n<meta name=\"twitter:card\" content=\"summary_large_image\" \/>\n<meta name=\"twitter:label1\" content=\"Est. reading time\" \/>\n\t<meta name=\"twitter:data1\" content=\"2 minutes\" \/>\n<script type=\"application\/ld+json\" class=\"yoast-schema-graph\">{\"@context\":\"https:\\\/\\\/schema.org\",\"@graph\":[{\"@type\":\"WebPage\",\"@id\":\"https:\\\/\\\/www.chespa.eu\\\/es\\\/certyfikaty\\\/\",\"url\":\"https:\\\/\\\/www.chespa.eu\\\/es\\\/certyfikaty\\\/\",\"name\":\"Certificaciones - Chespa - printing inks, clichees, cutting dies\",\"isPartOf\":{\"@id\":\"https:\\\/\\\/www.chespa.eu\\\/#website\"},\"primaryImageOfPage\":{\"@id\":\"https:\\\/\\\/www.chespa.eu\\\/es\\\/certyfikaty\\\/#primaryimage\"},\"image\":{\"@id\":\"https:\\\/\\\/www.chespa.eu\\\/es\\\/certyfikaty\\\/#primaryimage\"},\"thumbnailUrl\":\"https:\\\/\\\/www.chespa.eu\\\/wp-content\\\/uploads\\\/2021\\\/03\\\/23_ESP_bez23.png\",\"datePublished\":\"2016-05-31T07:15:36+00:00\",\"dateModified\":\"2023-07-07T14:44:23+00:00\",\"breadcrumb\":{\"@id\":\"https:\\\/\\\/www.chespa.eu\\\/es\\\/certyfikaty\\\/#breadcrumb\"},\"inLanguage\":\"es-ES\",\"potentialAction\":[{\"@type\":\"ReadAction\",\"target\":[\"https:\\\/\\\/www.chespa.eu\\\/es\\\/certyfikaty\\\/\"]}]},{\"@type\":\"ImageObject\",\"inLanguage\":\"es-ES\",\"@id\":\"https:\\\/\\\/www.chespa.eu\\\/es\\\/certyfikaty\\\/#primaryimage\",\"url\":\"https:\\\/\\\/www.chespa.eu\\\/wp-content\\\/uploads\\\/2021\\\/03\\\/23_ESP_bez23.png\",\"contentUrl\":\"https:\\\/\\\/www.chespa.eu\\\/wp-content\\\/uploads\\\/2021\\\/03\\\/23_ESP_bez23.png\",\"width\":1920,\"height\":295},{\"@type\":\"BreadcrumbList\",\"@id\":\"https:\\\/\\\/www.chespa.eu\\\/es\\\/certyfikaty\\\/#breadcrumb\",\"itemListElement\":[{\"@type\":\"ListItem\",\"position\":1,\"name\":\"Strona g\u0142\u00f3wna\",\"item\":\"https:\\\/\\\/www.chespa.eu\\\/\"},{\"@type\":\"ListItem\",\"position\":2,\"name\":\"Certificaciones\"}]},{\"@type\":\"WebSite\",\"@id\":\"https:\\\/\\\/www.chespa.eu\\\/#website\",\"url\":\"https:\\\/\\\/www.chespa.eu\\\/\",\"name\":\"Chespa - printing inks, clichees, cutting dies\",\"description\":\"\",\"potentialAction\":[{\"@type\":\"SearchAction\",\"target\":{\"@type\":\"EntryPoint\",\"urlTemplate\":\"https:\\\/\\\/www.chespa.eu\\\/?s={search_term_string}\"},\"query-input\":{\"@type\":\"PropertyValueSpecification\",\"valueRequired\":true,\"valueName\":\"search_term_string\"}}],\"inLanguage\":\"es-ES\"}]}<\/script>\n<!-- \/ Yoast SEO plugin. -->","yoast_head_json":{"title":"Certificaciones - Chespa - printing inks, clichees, cutting dies","robots":{"index":"index","follow":"follow","max-snippet":"max-snippet:-1","max-image-preview":"max-image-preview:large","max-video-preview":"max-video-preview:-1"},"canonical":"https:\/\/www.chespa.eu\/es\/certyfikaty\/","og_locale":"es_ES","og_type":"article","og_title":"Certificaciones - Chespa - printing inks, clichees, cutting dies","og_description":"ISO 9001, 14001, 45001 cert_2023_2026_EN &nbsp; \u00a0\u00a0\u00a0\u00a0\u00a0\u00a0\u00a0\u00a0\u00a0\u00a0\u00a0\u00a0\u00a0\u00a0\u00a0\u00a0\u00a0\u00a0\u00a0 CHESPA &#8230; WE ARE GREEN ! \u00a0\u00a0 \u00a0\u00a0 \u00a0\u00a0 TREE 2023 ********************************************* &nbsp; Estamos encantados de anunciar que Chespa fue oficialmente reconocida como un socio certificado de Kodak NX. Esto significa que todo el proceso de producci\u00f3n de planchas de impresi\u00f3n cumple con los m\u00e1s altos est\u00e1ndares de [&hellip;]","og_url":"https:\/\/www.chespa.eu\/es\/certyfikaty\/","og_site_name":"Chespa - printing inks, clichees, cutting dies","article_modified_time":"2023-07-07T14:44:23+00:00","og_image":[{"width":1920,"height":295,"url":"https:\/\/www.chespa.eu\/wp-content\/uploads\/2021\/03\/23_ESP_bez23.png","type":"image\/png"}],"twitter_card":"summary_large_image","twitter_misc":{"Est. reading time":"2 minutes"},"schema":{"@context":"https:\/\/schema.org","@graph":[{"@type":"WebPage","@id":"https:\/\/www.chespa.eu\/es\/certyfikaty\/","url":"https:\/\/www.chespa.eu\/es\/certyfikaty\/","name":"Certificaciones - Chespa - printing inks, clichees, cutting dies","isPartOf":{"@id":"https:\/\/www.chespa.eu\/#website"},"primaryImageOfPage":{"@id":"https:\/\/www.chespa.eu\/es\/certyfikaty\/#primaryimage"},"image":{"@id":"https:\/\/www.chespa.eu\/es\/certyfikaty\/#primaryimage"},"thumbnailUrl":"https:\/\/www.chespa.eu\/wp-content\/uploads\/2021\/03\/23_ESP_bez23.png","datePublished":"2016-05-31T07:15:36+00:00","dateModified":"2023-07-07T14:44:23+00:00","breadcrumb":{"@id":"https:\/\/www.chespa.eu\/es\/certyfikaty\/#breadcrumb"},"inLanguage":"es-ES","potentialAction":[{"@type":"ReadAction","target":["https:\/\/www.chespa.eu\/es\/certyfikaty\/"]}]},{"@type":"ImageObject","inLanguage":"es-ES","@id":"https:\/\/www.chespa.eu\/es\/certyfikaty\/#primaryimage","url":"https:\/\/www.chespa.eu\/wp-content\/uploads\/2021\/03\/23_ESP_bez23.png","contentUrl":"https:\/\/www.chespa.eu\/wp-content\/uploads\/2021\/03\/23_ESP_bez23.png","width":1920,"height":295},{"@type":"BreadcrumbList","@id":"https:\/\/www.chespa.eu\/es\/certyfikaty\/#breadcrumb","itemListElement":[{"@type":"ListItem","position":1,"name":"Strona g\u0142\u00f3wna","item":"https:\/\/www.chespa.eu\/"},{"@type":"ListItem","position":2,"name":"Certificaciones"}]},{"@type":"WebSite","@id":"https:\/\/www.chespa.eu\/#website","url":"https:\/\/www.chespa.eu\/","name":"Chespa - printing inks, clichees, cutting dies","description":"","potentialAction":[{"@type":"SearchAction","target":{"@type":"EntryPoint","urlTemplate":"https:\/\/www.chespa.eu\/?s={search_term_string}"},"query-input":{"@type":"PropertyValueSpecification","valueRequired":true,"valueName":"search_term_string"}}],"inLanguage":"es-ES"}]}},"_links":{"self":[{"href":"https:\/\/www.chespa.eu\/es\/wp-json\/wp\/v2\/pages\/2602","targetHints":{"allow":["GET"]}}],"collection":[{"href":"https:\/\/www.chespa.eu\/es\/wp-json\/wp\/v2\/pages"}],"about":[{"href":"https:\/\/www.chespa.eu\/es\/wp-json\/wp\/v2\/types\/page"}],"author":[{"embeddable":true,"href":"https:\/\/www.chespa.eu\/es\/wp-json\/wp\/v2\/users\/2"}],"replies":[{"embeddable":true,"href":"https:\/\/www.chespa.eu\/es\/wp-json\/wp\/v2\/comments?post=2602"}],"version-history":[{"count":28,"href":"https:\/\/www.chespa.eu\/es\/wp-json\/wp\/v2\/pages\/2602\/revisions"}],"predecessor-version":[{"id":17377,"href":"https:\/\/www.chespa.eu\/es\/wp-json\/wp\/v2\/pages\/2602\/revisions\/17377"}],"wp:featuredmedia":[{"embeddable":true,"href":"https:\/\/www.chespa.eu\/es\/wp-json\/wp\/v2\/media\/15187"}],"wp:attachment":[{"href":"https:\/\/www.chespa.eu\/es\/wp-json\/wp\/v2\/media?parent=2602"}],"curies":[{"name":"wp","href":"https:\/\/api.w.org\/{rel}","templated":true}]}}