{"id":1959,"date":"2016-05-19T10:33:50","date_gmt":"2016-05-19T08:33:50","guid":{"rendered":"http:\/\/www.chespa.eu\/es\/kim-jestesmy\/"},"modified":"2022-11-08T14:39:12","modified_gmt":"2022-11-08T13:39:12","slug":"kim-jestesmy","status":"publish","type":"page","link":"https:\/\/www.chespa.eu\/es\/kim-jestesmy\/","title":{"rendered":"Quienes somos"},"content":{"rendered":"<p><strong>Quienes so<\/strong><strong>mos<\/strong><\/p>\n<p>Con la m\u00e1s alta calidad ofrecida a los clientes es como implementamos nuestra estrategia de crecimiento.<br \/>\nLa din\u00e1mica del desarrollo de nuestra empresa es un reflejo del desarrollo de las tecnolog\u00edas modernas. Durante\u00a0<span id=\"result_box\" lang=\"es\">m\u00e1s de<\/span>\u00a030 a\u00f1os, nos hemos transformado de una peque\u00f1a empresa local a una gran organizaci\u00f3n, presente a trav\u00e9s de nuestras sucursales y de representantes en la mayor\u00eda de los pa\u00edses europeos. Con nuestra calidad y fiabilidad hemos ganado la confianza de grandes multinacionales y nos convertimos en sus principales proveedores en muchas plantas alrededor del mundo.<\/p>\n<p>La gama de bienes y servicios ofrecidos por Chespa incluye tintas gr\u00e1ficas, planchas de fotopol\u00edmero, troqueles planos y rotativos y la preparaci\u00f3n gr\u00e1fica y repro.<\/p>\n<p>Una amplia gama de tintas y barnices, incluyendo tintas a base de agua y solventes, para flexograf\u00eda, huecograbado e impresi\u00f3n digital sobre una variedad de sustratos: cart\u00f3n corrugado y s\u00f3lido, papeles estucados y no estucados, tissue, sobres, bolsas, etiquetas, aluminio y todo tipo de sustratos flexibles (PE, PP, PET, PVC, etc.). Toda la producci\u00f3n de tintas es supervisada por el ojo vigilante del laboratorio I+D. Hoy en d\u00eda, las materias primas de recursos renovables tambi\u00e9n se utilizan m\u00e1s ampliamente en la producci\u00f3n de tintas de impresi\u00f3n, que pueden reemplazar con \u00e9xito los componentes tradicionales de la tinta, incluidos los aglutinantes de pol\u00edmeros, los solventes o varios aditivos. El resultado de nuestros esfuerzos pro-ecol\u00f3gicos son productos biodegradables y tintas producidas a partir de materias primas renovables.<\/p>\n<p>Con una amplia gama de tecnolog\u00edas modernas, Chespa prepara planchas de fotopol\u00edmero de acuerdo a las necesidades expl\u00edcitas de cada cliente, teniendo en cuenta su parque de maquinaria y los tipos de fotopol\u00edmero. Somos pioneros en la aplicaci\u00f3n de la tecnolog\u00eda HD Flexo que permite mejorar significativamente la calidad de la impresi\u00f3n flexogr\u00e1fica e igualarla con offset o rotograbado. En nuestro sistema de gesti\u00f3n de color tenemos tres tecnolog\u00edas de punto plano.<\/p>\n<p>Promovemos el sistema 7C sistema (de tintas y planchas de impresi\u00f3n) que permite obtener en la impresi\u00f3n multicolor una mayor gama de colores. Esto es ampliamente utilizado en la producci\u00f3n de grandes tirajes de productos con un dise\u00f1o similar en una variedad de sabores. Gracias a la tecnolog\u00eda MULTICOLOR se imprime todo usando un s\u00f3lo conjunto de tintas con una paleta de colores m\u00e1s amplia, que hace el proceso m\u00e1s econ\u00f3mico para la imprenta.<\/p>\n<p>La oferta de troqueles incluye unas troqueles planos (tama\u00f1o m\u00e1ximo de 3000x1500mm &#8211; tama\u00f1os m\u00e1s grandes se obtienen combinando la madera contrachapada) y troqueles rotativos (di\u00e1metros desde 174 mm a 690 mm) con secciones de descartonado, ya sea el sistema: convencional, din\u00e1mico, Strip-Clip, Tele-Spring, FLY, o con la posibilidad de combinarlos. Por otra parte, podemos ofrecer: contra-hendidos de Pertinax y platinas fresadas, herramientas de separaci\u00f3n de poses (en el sistema convencional o Angle Lock), AccuBraille, estampados y relieves, juntas para tinteros.<br \/>\nChespa Repro Studio (CRS) fue creado en 2011 con el objetivo de ampliar la gama de servicios ofrecidos por el Grupo Chespa y llegando as\u00ed a todo un nuevo mercado y los clientes (los as\u00ed llamados propietarios de marcas) &#8211; fabricantes del sector de bienes de consumo que venden sus productos no s\u00f3lo a nivel local, prestan atenci\u00f3n a la consistencia del color de los empaques, esperan ayuda en la gesti\u00f3n de un gran n\u00famero de dise\u00f1os y requieren el uso de sistemas de informaci\u00f3n internos. As\u00ed como en todo el Grupo Chespa, en nuestro trabajo usamos la tecnolog\u00eda m\u00e1s avanzada.<\/p>\n<p>Nuestros clientes valoran mucho nuestro compromiso y profesionalismo.<\/p>\n<p>Gracias a su confianza, participamos activamente en todos los proyectos que tienen como objetivo mejorar el dise\u00f1o gr\u00e1fico o construcci\u00f3n del envase. Como profesionales, proporcionamos ayuda t\u00e9cnica en todos los asuntos relacionados con obtener impresi\u00f3n del empaque de alta calidad.<\/p>\n<p>El resultado de nuestro trabajo son los numerosos logros y premios de la industria. Estos incluyen: las medallas de oro y plata en la competencia flexogr\u00e1fica internacional EFIA &#8220;Print Awards&#8221; en la categor\u00eda &#8220;Corrugado post-impresi\u00f3n&#8221;, as\u00ed como las medallas de oro y plata en el concurso FTA &#8220;Excellence in Flexography Award&#8221;\u00a0 <a href=\"https:\/\/www.chespa.eu\/es\/nagrody\/\">y muchos otros<\/a>.<\/p>\n","protected":false},"excerpt":{"rendered":"<p>Quienes somos Con la m\u00e1s alta calidad ofrecida a los clientes es como implementamos nuestra estrategia de crecimiento. La din\u00e1mica del desarrollo de nuestra empresa es un reflejo del desarrollo de las tecnolog\u00edas modernas. Durante\u00a0m\u00e1s de\u00a030 a\u00f1os, nos hemos transformado de una peque\u00f1a empresa local a una gran organizaci\u00f3n, presente a trav\u00e9s de nuestras sucursales [&hellip;]<\/p>\n","protected":false},"author":6,"featured_media":15294,"parent":0,"menu_order":0,"comment_status":"closed","ping_status":"closed","template":"","meta":{"_acf_changed":false,"footnotes":""},"class_list":["post-1959","page","type-page","status-publish","has-post-thumbnail","hentry"],"acf":[],"yoast_head":"<!-- This site is optimized with the Yoast SEO plugin v27.4 - https:\/\/yoast.com\/product\/yoast-seo-wordpress\/ -->\n<title>Quienes somos - Chespa - printing inks, clichees, cutting dies<\/title>\n<meta name=\"robots\" content=\"index, follow, max-snippet:-1, max-image-preview:large, max-video-preview:-1\" \/>\n<link rel=\"canonical\" href=\"https:\/\/www.chespa.eu\/es\/kim-jestesmy\/\" \/>\n<meta property=\"og:locale\" content=\"es_ES\" \/>\n<meta property=\"og:type\" content=\"article\" \/>\n<meta property=\"og:title\" content=\"Quienes somos - Chespa - printing inks, clichees, cutting dies\" \/>\n<meta property=\"og:description\" content=\"Quienes somos Con la m\u00e1s alta calidad ofrecida a los clientes es como implementamos nuestra estrategia de crecimiento. La din\u00e1mica del desarrollo de nuestra empresa es un reflejo del desarrollo de las tecnolog\u00edas modernas. Durante\u00a0m\u00e1s de\u00a030 a\u00f1os, nos hemos transformado de una peque\u00f1a empresa local a una gran organizaci\u00f3n, presente a trav\u00e9s de nuestras sucursales [&hellip;]\" \/>\n<meta property=\"og:url\" content=\"https:\/\/www.chespa.eu\/es\/kim-jestesmy\/\" \/>\n<meta property=\"og:site_name\" content=\"Chespa - printing inks, clichees, cutting dies\" \/>\n<meta property=\"article:modified_time\" content=\"2022-11-08T13:39:12+00:00\" \/>\n<meta property=\"og:image\" content=\"https:\/\/www.chespa.eu\/wp-content\/uploads\/2021\/03\/budynek.jpg\" \/>\n\t<meta property=\"og:image:width\" content=\"1920\" \/>\n\t<meta property=\"og:image:height\" content=\"295\" \/>\n\t<meta property=\"og:image:type\" content=\"image\/jpeg\" \/>\n<meta name=\"twitter:card\" content=\"summary_large_image\" \/>\n<meta name=\"twitter:label1\" content=\"Est. reading time\" \/>\n\t<meta name=\"twitter:data1\" content=\"5 minutes\" \/>\n<script type=\"application\/ld+json\" class=\"yoast-schema-graph\">{\"@context\":\"https:\\\/\\\/schema.org\",\"@graph\":[{\"@type\":\"WebPage\",\"@id\":\"https:\\\/\\\/www.chespa.eu\\\/es\\\/kim-jestesmy\\\/\",\"url\":\"https:\\\/\\\/www.chespa.eu\\\/es\\\/kim-jestesmy\\\/\",\"name\":\"Quienes somos - Chespa - printing inks, clichees, cutting dies\",\"isPartOf\":{\"@id\":\"https:\\\/\\\/www.chespa.eu\\\/#website\"},\"primaryImageOfPage\":{\"@id\":\"https:\\\/\\\/www.chespa.eu\\\/es\\\/kim-jestesmy\\\/#primaryimage\"},\"image\":{\"@id\":\"https:\\\/\\\/www.chespa.eu\\\/es\\\/kim-jestesmy\\\/#primaryimage\"},\"thumbnailUrl\":\"https:\\\/\\\/www.chespa.eu\\\/wp-content\\\/uploads\\\/2021\\\/03\\\/budynek.jpg\",\"datePublished\":\"2016-05-19T08:33:50+00:00\",\"dateModified\":\"2022-11-08T13:39:12+00:00\",\"breadcrumb\":{\"@id\":\"https:\\\/\\\/www.chespa.eu\\\/es\\\/kim-jestesmy\\\/#breadcrumb\"},\"inLanguage\":\"es-ES\",\"potentialAction\":[{\"@type\":\"ReadAction\",\"target\":[\"https:\\\/\\\/www.chespa.eu\\\/es\\\/kim-jestesmy\\\/\"]}]},{\"@type\":\"ImageObject\",\"inLanguage\":\"es-ES\",\"@id\":\"https:\\\/\\\/www.chespa.eu\\\/es\\\/kim-jestesmy\\\/#primaryimage\",\"url\":\"https:\\\/\\\/www.chespa.eu\\\/wp-content\\\/uploads\\\/2021\\\/03\\\/budynek.jpg\",\"contentUrl\":\"https:\\\/\\\/www.chespa.eu\\\/wp-content\\\/uploads\\\/2021\\\/03\\\/budynek.jpg\",\"width\":1920,\"height\":295},{\"@type\":\"BreadcrumbList\",\"@id\":\"https:\\\/\\\/www.chespa.eu\\\/es\\\/kim-jestesmy\\\/#breadcrumb\",\"itemListElement\":[{\"@type\":\"ListItem\",\"position\":1,\"name\":\"Strona g\u0142\u00f3wna\",\"item\":\"https:\\\/\\\/www.chespa.eu\\\/\"},{\"@type\":\"ListItem\",\"position\":2,\"name\":\"Quienes somos\"}]},{\"@type\":\"WebSite\",\"@id\":\"https:\\\/\\\/www.chespa.eu\\\/#website\",\"url\":\"https:\\\/\\\/www.chespa.eu\\\/\",\"name\":\"Chespa - printing inks, clichees, cutting dies\",\"description\":\"\",\"potentialAction\":[{\"@type\":\"SearchAction\",\"target\":{\"@type\":\"EntryPoint\",\"urlTemplate\":\"https:\\\/\\\/www.chespa.eu\\\/?s={search_term_string}\"},\"query-input\":{\"@type\":\"PropertyValueSpecification\",\"valueRequired\":true,\"valueName\":\"search_term_string\"}}],\"inLanguage\":\"es-ES\"}]}<\/script>\n<!-- \/ Yoast SEO plugin. -->","yoast_head_json":{"title":"Quienes somos - Chespa - printing inks, clichees, cutting dies","robots":{"index":"index","follow":"follow","max-snippet":"max-snippet:-1","max-image-preview":"max-image-preview:large","max-video-preview":"max-video-preview:-1"},"canonical":"https:\/\/www.chespa.eu\/es\/kim-jestesmy\/","og_locale":"es_ES","og_type":"article","og_title":"Quienes somos - Chespa - printing inks, clichees, cutting dies","og_description":"Quienes somos Con la m\u00e1s alta calidad ofrecida a los clientes es como implementamos nuestra estrategia de crecimiento. La din\u00e1mica del desarrollo de nuestra empresa es un reflejo del desarrollo de las tecnolog\u00edas modernas. Durante\u00a0m\u00e1s de\u00a030 a\u00f1os, nos hemos transformado de una peque\u00f1a empresa local a una gran organizaci\u00f3n, presente a trav\u00e9s de nuestras sucursales [&hellip;]","og_url":"https:\/\/www.chespa.eu\/es\/kim-jestesmy\/","og_site_name":"Chespa - printing inks, clichees, cutting dies","article_modified_time":"2022-11-08T13:39:12+00:00","og_image":[{"width":1920,"height":295,"url":"https:\/\/www.chespa.eu\/wp-content\/uploads\/2021\/03\/budynek.jpg","type":"image\/jpeg"}],"twitter_card":"summary_large_image","twitter_misc":{"Est. reading time":"5 minutes"},"schema":{"@context":"https:\/\/schema.org","@graph":[{"@type":"WebPage","@id":"https:\/\/www.chespa.eu\/es\/kim-jestesmy\/","url":"https:\/\/www.chespa.eu\/es\/kim-jestesmy\/","name":"Quienes somos - Chespa - printing inks, clichees, cutting dies","isPartOf":{"@id":"https:\/\/www.chespa.eu\/#website"},"primaryImageOfPage":{"@id":"https:\/\/www.chespa.eu\/es\/kim-jestesmy\/#primaryimage"},"image":{"@id":"https:\/\/www.chespa.eu\/es\/kim-jestesmy\/#primaryimage"},"thumbnailUrl":"https:\/\/www.chespa.eu\/wp-content\/uploads\/2021\/03\/budynek.jpg","datePublished":"2016-05-19T08:33:50+00:00","dateModified":"2022-11-08T13:39:12+00:00","breadcrumb":{"@id":"https:\/\/www.chespa.eu\/es\/kim-jestesmy\/#breadcrumb"},"inLanguage":"es-ES","potentialAction":[{"@type":"ReadAction","target":["https:\/\/www.chespa.eu\/es\/kim-jestesmy\/"]}]},{"@type":"ImageObject","inLanguage":"es-ES","@id":"https:\/\/www.chespa.eu\/es\/kim-jestesmy\/#primaryimage","url":"https:\/\/www.chespa.eu\/wp-content\/uploads\/2021\/03\/budynek.jpg","contentUrl":"https:\/\/www.chespa.eu\/wp-content\/uploads\/2021\/03\/budynek.jpg","width":1920,"height":295},{"@type":"BreadcrumbList","@id":"https:\/\/www.chespa.eu\/es\/kim-jestesmy\/#breadcrumb","itemListElement":[{"@type":"ListItem","position":1,"name":"Strona g\u0142\u00f3wna","item":"https:\/\/www.chespa.eu\/"},{"@type":"ListItem","position":2,"name":"Quienes somos"}]},{"@type":"WebSite","@id":"https:\/\/www.chespa.eu\/#website","url":"https:\/\/www.chespa.eu\/","name":"Chespa - printing inks, clichees, cutting dies","description":"","potentialAction":[{"@type":"SearchAction","target":{"@type":"EntryPoint","urlTemplate":"https:\/\/www.chespa.eu\/?s={search_term_string}"},"query-input":{"@type":"PropertyValueSpecification","valueRequired":true,"valueName":"search_term_string"}}],"inLanguage":"es-ES"}]}},"_links":{"self":[{"href":"https:\/\/www.chespa.eu\/es\/wp-json\/wp\/v2\/pages\/1959","targetHints":{"allow":["GET"]}}],"collection":[{"href":"https:\/\/www.chespa.eu\/es\/wp-json\/wp\/v2\/pages"}],"about":[{"href":"https:\/\/www.chespa.eu\/es\/wp-json\/wp\/v2\/types\/page"}],"author":[{"embeddable":true,"href":"https:\/\/www.chespa.eu\/es\/wp-json\/wp\/v2\/users\/6"}],"replies":[{"embeddable":true,"href":"https:\/\/www.chespa.eu\/es\/wp-json\/wp\/v2\/comments?post=1959"}],"version-history":[{"count":21,"href":"https:\/\/www.chespa.eu\/es\/wp-json\/wp\/v2\/pages\/1959\/revisions"}],"predecessor-version":[{"id":16737,"href":"https:\/\/www.chespa.eu\/es\/wp-json\/wp\/v2\/pages\/1959\/revisions\/16737"}],"wp:featuredmedia":[{"embeddable":true,"href":"https:\/\/www.chespa.eu\/es\/wp-json\/wp\/v2\/media\/15294"}],"wp:attachment":[{"href":"https:\/\/www.chespa.eu\/es\/wp-json\/wp\/v2\/media?parent=1959"}],"curies":[{"name":"wp","href":"https:\/\/api.w.org\/{rel}","templated":true}]}}