{"id":19302,"date":"2025-12-01T09:16:30","date_gmt":"2025-12-01T08:16:30","guid":{"rendered":"https:\/\/www.chespa.eu\/productos\/servicios\/innowacje\/deinking\/"},"modified":"2026-02-10T08:24:18","modified_gmt":"2026-02-10T07:24:18","slug":"deinking","status":"publish","type":"page","link":"https:\/\/www.chespa.eu\/es\/productos\/servicios\/innowacje\/deinking\/","title":{"rendered":"Deinking"},"content":{"rendered":"<p><a href=\"https:\/\/www.chespa.eu\/wp-content\/uploads\/2025\/11\/deinking.png\" rel=\"lightbox[19302]\"><img loading=\"lazy\" decoding=\"async\" class=\"alignnone size-full wp-image-19247\" src=\"https:\/\/www.chespa.eu\/wp-content\/uploads\/2025\/11\/deinking.png\" alt=\"\" width=\"358\" height=\"123\" srcset=\"https:\/\/www.chespa.eu\/wp-content\/uploads\/2025\/11\/deinking.png 358w, https:\/\/www.chespa.eu\/wp-content\/uploads\/2025\/11\/deinking-300x103.png 300w\" sizes=\"auto, (max-width: 358px) 100vw, 358px\" \/><\/a><\/p>\n<p>El destintado consiste en retirar la tinta del sustrato impreso.<\/p>\n<p>Este proceso es posible gracias al uso del primer para destintado de Chespa.<\/p>\n<p>&nbsp;<\/p>\n<h2><strong data-start=\"55\" data-end=\"78\">Esquema del proceso<\/strong><\/h2>\n<h2>\n<a href=\"https:\/\/www.chespa.eu\/wp-content\/uploads\/2026\/02\/Bez-tytulu.png\" rel=\"lightbox[19302]\"><img loading=\"lazy\" decoding=\"async\" class=\"alignnone wp-image-19357 size-full\" src=\"https:\/\/www.chespa.eu\/wp-content\/uploads\/2026\/02\/Bez-tytulu.png\" alt=\"\" width=\"600\" height=\"94\" srcset=\"https:\/\/www.chespa.eu\/wp-content\/uploads\/2026\/02\/Bez-tytulu.png 600w, https:\/\/www.chespa.eu\/wp-content\/uploads\/2026\/02\/Bez-tytulu-300x47.png 300w\" sizes=\"auto, (max-width: 600px) 100vw, 600px\" \/><\/a><\/h2>\n<p>&nbsp;<\/p>\n<p><strong>Uso<\/strong><\/p>\n<h2>\n<a href=\"https:\/\/www.chespa.eu\/wp-content\/uploads\/2025\/11\/reklamowka.png\" rel=\"lightbox[19302]\"><img loading=\"lazy\" decoding=\"async\" class=\"alignnone size-full wp-image-19235\" src=\"https:\/\/www.chespa.eu\/wp-content\/uploads\/2025\/11\/reklamowka.png\" alt=\"\" width=\"794\" height=\"526\" srcset=\"https:\/\/www.chespa.eu\/wp-content\/uploads\/2025\/11\/reklamowka.png 794w, https:\/\/www.chespa.eu\/wp-content\/uploads\/2025\/11\/reklamowka-300x199.png 300w, https:\/\/www.chespa.eu\/wp-content\/uploads\/2025\/11\/reklamowka-768x509.png 768w\" sizes=\"auto, (max-width: 794px) 100vw, 794px\" \/><\/a><\/h2>\n<h3>Caracter\u00edsticas del primer de destintado Chespa<\/h3>\n<h4><strong>Descripci\u00f3n del producto:<\/strong><\/h4>\n<p>Primer base solvente que permite la eliminaci\u00f3n de tintas impresas para restaurar un sustrato limpio.<\/p>\n<p><strong>Aplicaciones:<\/strong><\/p>\n<ul>\n<li>PE<\/li>\n<li>OPP, BOPP, CPP<\/li>\n<\/ul>\n<p>&nbsp;<\/p>\n<p><strong>Propiedades:<\/strong><\/p>\n<ul>\n<li>Producto monocomponente a base de alcohol<\/li>\n<li>Listo para usar<\/li>\n<li>Apto para impresi\u00f3n flexogr\u00e1fica y rotograbado<\/li>\n<li>Requiere aplicaci\u00f3n en toda la superficie con gramaje alto<\/li>\n<\/ul>\n<p>&nbsp;<\/p>\n<div style=\"width: 1920px;\" class=\"wp-video\"><video class=\"wp-video-shortcode\" id=\"video-19302-1\" width=\"1920\" height=\"1080\" preload=\"metadata\" controls=\"controls\"><source type=\"video\/mp4\" src=\"https:\/\/www.chespa.eu\/wp-content\/uploads\/2025\/11\/Deinking-2.mp4?_=1\" \/><a href=\"https:\/\/www.chespa.eu\/wp-content\/uploads\/2025\/11\/Deinking-2.mp4\">https:\/\/www.chespa.eu\/wp-content\/uploads\/2025\/11\/Deinking-2.mp4<\/a><\/video><\/div>\n","protected":false},"excerpt":{"rendered":"<p>El destintado consiste en retirar la tinta del sustrato impreso. Este proceso es posible gracias al uso del primer para destintado de Chespa. &nbsp; Esquema del proceso &nbsp; Uso Caracter\u00edsticas del primer de destintado Chespa Descripci\u00f3n del producto: Primer base solvente que permite la eliminaci\u00f3n de tintas impresas para restaurar un sustrato limpio. Aplicaciones: PE [&hellip;]<\/p>\n","protected":false},"author":6,"featured_media":0,"parent":15181,"menu_order":0,"comment_status":"closed","ping_status":"closed","template":"","meta":{"_acf_changed":false,"footnotes":""},"class_list":["post-19302","page","type-page","status-publish","hentry"],"acf":[],"yoast_head":"<!-- This site is optimized with the Yoast SEO plugin v27.4 - https:\/\/yoast.com\/product\/yoast-seo-wordpress\/ -->\n<title>Deinking - Chespa - printing inks, clichees, cutting dies<\/title>\n<meta name=\"robots\" content=\"index, follow, max-snippet:-1, max-image-preview:large, max-video-preview:-1\" \/>\n<link rel=\"canonical\" href=\"https:\/\/www.chespa.eu\/es\/productos\/servicios\/innowacje\/deinking\/\" \/>\n<meta property=\"og:locale\" content=\"es_ES\" \/>\n<meta property=\"og:type\" content=\"article\" \/>\n<meta property=\"og:title\" content=\"Deinking - Chespa - printing inks, clichees, cutting dies\" \/>\n<meta property=\"og:description\" content=\"El destintado consiste en retirar la tinta del sustrato impreso. Este proceso es posible gracias al uso del primer para destintado de Chespa. &nbsp; Esquema del proceso &nbsp; Uso Caracter\u00edsticas del primer de destintado Chespa Descripci\u00f3n del producto: Primer base solvente que permite la eliminaci\u00f3n de tintas impresas para restaurar un sustrato limpio. Aplicaciones: PE [&hellip;]\" \/>\n<meta property=\"og:url\" content=\"https:\/\/www.chespa.eu\/es\/productos\/servicios\/innowacje\/deinking\/\" \/>\n<meta property=\"og:site_name\" content=\"Chespa - printing inks, clichees, cutting dies\" \/>\n<meta property=\"article:modified_time\" content=\"2026-02-10T07:24:18+00:00\" \/>\n<meta property=\"og:image\" content=\"https:\/\/www.chespa.eu\/wp-content\/uploads\/2025\/11\/deinking.png\" \/>\n\t<meta property=\"og:image:width\" content=\"358\" \/>\n\t<meta property=\"og:image:height\" content=\"123\" \/>\n\t<meta property=\"og:image:type\" content=\"image\/png\" \/>\n<meta name=\"twitter:card\" content=\"summary_large_image\" \/>\n<meta name=\"twitter:label1\" content=\"Est. reading time\" \/>\n\t<meta name=\"twitter:data1\" content=\"2 minutes\" \/>\n<script type=\"application\/ld+json\" class=\"yoast-schema-graph\">{\"@context\":\"https:\\\/\\\/schema.org\",\"@graph\":[{\"@type\":\"WebPage\",\"@id\":\"https:\\\/\\\/www.chespa.eu\\\/es\\\/productos\\\/servicios\\\/innowacje\\\/deinking\\\/\",\"url\":\"https:\\\/\\\/www.chespa.eu\\\/es\\\/productos\\\/servicios\\\/innowacje\\\/deinking\\\/\",\"name\":\"Deinking - Chespa - printing inks, clichees, cutting dies\",\"isPartOf\":{\"@id\":\"https:\\\/\\\/www.chespa.eu\\\/#website\"},\"primaryImageOfPage\":{\"@id\":\"https:\\\/\\\/www.chespa.eu\\\/es\\\/productos\\\/servicios\\\/innowacje\\\/deinking\\\/#primaryimage\"},\"image\":{\"@id\":\"https:\\\/\\\/www.chespa.eu\\\/es\\\/productos\\\/servicios\\\/innowacje\\\/deinking\\\/#primaryimage\"},\"thumbnailUrl\":\"https:\\\/\\\/www.chespa.eu\\\/wp-content\\\/uploads\\\/2025\\\/11\\\/deinking.png\",\"datePublished\":\"2025-12-01T08:16:30+00:00\",\"dateModified\":\"2026-02-10T07:24:18+00:00\",\"breadcrumb\":{\"@id\":\"https:\\\/\\\/www.chespa.eu\\\/es\\\/productos\\\/servicios\\\/innowacje\\\/deinking\\\/#breadcrumb\"},\"inLanguage\":\"es-ES\",\"potentialAction\":[{\"@type\":\"ReadAction\",\"target\":[\"https:\\\/\\\/www.chespa.eu\\\/es\\\/productos\\\/servicios\\\/innowacje\\\/deinking\\\/\"]}]},{\"@type\":\"ImageObject\",\"inLanguage\":\"es-ES\",\"@id\":\"https:\\\/\\\/www.chespa.eu\\\/es\\\/productos\\\/servicios\\\/innowacje\\\/deinking\\\/#primaryimage\",\"url\":\"https:\\\/\\\/www.chespa.eu\\\/wp-content\\\/uploads\\\/2025\\\/11\\\/deinking.png\",\"contentUrl\":\"https:\\\/\\\/www.chespa.eu\\\/wp-content\\\/uploads\\\/2025\\\/11\\\/deinking.png\"},{\"@type\":\"BreadcrumbList\",\"@id\":\"https:\\\/\\\/www.chespa.eu\\\/es\\\/productos\\\/servicios\\\/innowacje\\\/deinking\\\/#breadcrumb\",\"itemListElement\":[{\"@type\":\"ListItem\",\"position\":1,\"name\":\"Strona g\u0142\u00f3wna\",\"item\":\"https:\\\/\\\/www.chespa.eu\\\/\"},{\"@type\":\"ListItem\",\"position\":2,\"name\":\"Productos\",\"item\":\"https:\\\/\\\/www.chespa.eu\\\/produkty\\\/\"},{\"@type\":\"ListItem\",\"position\":3,\"name\":\"Servicios\",\"item\":\"https:\\\/\\\/www.chespa.eu\\\/produkty\\\/uslugi\\\/\"},{\"@type\":\"ListItem\",\"position\":4,\"name\":\"Innovations\",\"item\":\"https:\\\/\\\/www.chespa.eu\\\/es\\\/productos\\\/servicios\\\/innowacje\\\/\"},{\"@type\":\"ListItem\",\"position\":5,\"name\":\"Deinking\"}]},{\"@type\":\"WebSite\",\"@id\":\"https:\\\/\\\/www.chespa.eu\\\/#website\",\"url\":\"https:\\\/\\\/www.chespa.eu\\\/\",\"name\":\"Chespa - printing inks, clichees, cutting dies\",\"description\":\"\",\"potentialAction\":[{\"@type\":\"SearchAction\",\"target\":{\"@type\":\"EntryPoint\",\"urlTemplate\":\"https:\\\/\\\/www.chespa.eu\\\/?s={search_term_string}\"},\"query-input\":{\"@type\":\"PropertyValueSpecification\",\"valueRequired\":true,\"valueName\":\"search_term_string\"}}],\"inLanguage\":\"es-ES\"}]}<\/script>\n<!-- \/ Yoast SEO plugin. -->","yoast_head_json":{"title":"Deinking - Chespa - printing inks, clichees, cutting dies","robots":{"index":"index","follow":"follow","max-snippet":"max-snippet:-1","max-image-preview":"max-image-preview:large","max-video-preview":"max-video-preview:-1"},"canonical":"https:\/\/www.chespa.eu\/es\/productos\/servicios\/innowacje\/deinking\/","og_locale":"es_ES","og_type":"article","og_title":"Deinking - Chespa - printing inks, clichees, cutting dies","og_description":"El destintado consiste en retirar la tinta del sustrato impreso. Este proceso es posible gracias al uso del primer para destintado de Chespa. &nbsp; Esquema del proceso &nbsp; Uso Caracter\u00edsticas del primer de destintado Chespa Descripci\u00f3n del producto: Primer base solvente que permite la eliminaci\u00f3n de tintas impresas para restaurar un sustrato limpio. Aplicaciones: PE [&hellip;]","og_url":"https:\/\/www.chespa.eu\/es\/productos\/servicios\/innowacje\/deinking\/","og_site_name":"Chespa - printing inks, clichees, cutting dies","article_modified_time":"2026-02-10T07:24:18+00:00","og_image":[{"width":358,"height":123,"url":"https:\/\/www.chespa.eu\/wp-content\/uploads\/2025\/11\/deinking.png","type":"image\/png"}],"twitter_card":"summary_large_image","twitter_misc":{"Est. reading time":"2 minutes"},"schema":{"@context":"https:\/\/schema.org","@graph":[{"@type":"WebPage","@id":"https:\/\/www.chespa.eu\/es\/productos\/servicios\/innowacje\/deinking\/","url":"https:\/\/www.chespa.eu\/es\/productos\/servicios\/innowacje\/deinking\/","name":"Deinking - Chespa - printing inks, clichees, cutting dies","isPartOf":{"@id":"https:\/\/www.chespa.eu\/#website"},"primaryImageOfPage":{"@id":"https:\/\/www.chespa.eu\/es\/productos\/servicios\/innowacje\/deinking\/#primaryimage"},"image":{"@id":"https:\/\/www.chespa.eu\/es\/productos\/servicios\/innowacje\/deinking\/#primaryimage"},"thumbnailUrl":"https:\/\/www.chespa.eu\/wp-content\/uploads\/2025\/11\/deinking.png","datePublished":"2025-12-01T08:16:30+00:00","dateModified":"2026-02-10T07:24:18+00:00","breadcrumb":{"@id":"https:\/\/www.chespa.eu\/es\/productos\/servicios\/innowacje\/deinking\/#breadcrumb"},"inLanguage":"es-ES","potentialAction":[{"@type":"ReadAction","target":["https:\/\/www.chespa.eu\/es\/productos\/servicios\/innowacje\/deinking\/"]}]},{"@type":"ImageObject","inLanguage":"es-ES","@id":"https:\/\/www.chespa.eu\/es\/productos\/servicios\/innowacje\/deinking\/#primaryimage","url":"https:\/\/www.chespa.eu\/wp-content\/uploads\/2025\/11\/deinking.png","contentUrl":"https:\/\/www.chespa.eu\/wp-content\/uploads\/2025\/11\/deinking.png"},{"@type":"BreadcrumbList","@id":"https:\/\/www.chespa.eu\/es\/productos\/servicios\/innowacje\/deinking\/#breadcrumb","itemListElement":[{"@type":"ListItem","position":1,"name":"Strona g\u0142\u00f3wna","item":"https:\/\/www.chespa.eu\/"},{"@type":"ListItem","position":2,"name":"Productos","item":"https:\/\/www.chespa.eu\/produkty\/"},{"@type":"ListItem","position":3,"name":"Servicios","item":"https:\/\/www.chespa.eu\/produkty\/uslugi\/"},{"@type":"ListItem","position":4,"name":"Innovations","item":"https:\/\/www.chespa.eu\/es\/productos\/servicios\/innowacje\/"},{"@type":"ListItem","position":5,"name":"Deinking"}]},{"@type":"WebSite","@id":"https:\/\/www.chespa.eu\/#website","url":"https:\/\/www.chespa.eu\/","name":"Chespa - printing inks, clichees, cutting dies","description":"","potentialAction":[{"@type":"SearchAction","target":{"@type":"EntryPoint","urlTemplate":"https:\/\/www.chespa.eu\/?s={search_term_string}"},"query-input":{"@type":"PropertyValueSpecification","valueRequired":true,"valueName":"search_term_string"}}],"inLanguage":"es-ES"}]}},"_links":{"self":[{"href":"https:\/\/www.chespa.eu\/es\/wp-json\/wp\/v2\/pages\/19302","targetHints":{"allow":["GET"]}}],"collection":[{"href":"https:\/\/www.chespa.eu\/es\/wp-json\/wp\/v2\/pages"}],"about":[{"href":"https:\/\/www.chespa.eu\/es\/wp-json\/wp\/v2\/types\/page"}],"author":[{"embeddable":true,"href":"https:\/\/www.chespa.eu\/es\/wp-json\/wp\/v2\/users\/6"}],"replies":[{"embeddable":true,"href":"https:\/\/www.chespa.eu\/es\/wp-json\/wp\/v2\/comments?post=19302"}],"version-history":[{"count":2,"href":"https:\/\/www.chespa.eu\/es\/wp-json\/wp\/v2\/pages\/19302\/revisions"}],"predecessor-version":[{"id":19380,"href":"https:\/\/www.chespa.eu\/es\/wp-json\/wp\/v2\/pages\/19302\/revisions\/19380"}],"up":[{"embeddable":true,"href":"https:\/\/www.chespa.eu\/es\/wp-json\/wp\/v2\/pages\/15181"}],"wp:attachment":[{"href":"https:\/\/www.chespa.eu\/es\/wp-json\/wp\/v2\/media?parent=19302"}],"curies":[{"name":"wp","href":"https:\/\/api.w.org\/{rel}","templated":true}]}}