{"id":19297,"date":"2025-12-01T09:00:16","date_gmt":"2025-12-01T08:00:16","guid":{"rendered":"https:\/\/www.chespa.eu\/productos\/servicios\/innowacje\/plant-based-plastic-free\/"},"modified":"2026-02-10T08:33:21","modified_gmt":"2026-02-10T07:33:21","slug":"plant-based-plastic-free","status":"publish","type":"page","link":"https:\/\/www.chespa.eu\/es\/productos\/servicios\/innowacje\/plant-based-plastic-free\/","title":{"rendered":"Plant based &#038; plastic free"},"content":{"rendered":"<p><a href=\"https:\/\/www.chespa.eu\/wp-content\/uploads\/2024\/05\/chocolate.png\" rel=\"lightbox[19297]\"><img loading=\"lazy\" decoding=\"async\" class=\"alignnone size-medium wp-image-17820\" src=\"https:\/\/www.chespa.eu\/wp-content\/uploads\/2024\/05\/chocolate-300x123.png\" alt=\"\" width=\"300\" height=\"123\" srcset=\"https:\/\/www.chespa.eu\/wp-content\/uploads\/2024\/05\/chocolate-300x123.png 300w, https:\/\/www.chespa.eu\/wp-content\/uploads\/2024\/05\/chocolate-1024x421.png 1024w, https:\/\/www.chespa.eu\/wp-content\/uploads\/2024\/05\/chocolate-768x315.png 768w, https:\/\/www.chespa.eu\/wp-content\/uploads\/2024\/05\/chocolate.png 1417w\" sizes=\"auto, (max-width: 300px) 100vw, 300px\" \/><\/a><\/p>\n<p><a href=\"https:\/\/www.chespa.eu\/wp-content\/uploads\/2024\/05\/choco-Eco-pack-Metallised-compostable-film.png\" rel=\"lightbox[19297]\"><img loading=\"lazy\" decoding=\"async\" class=\"alignnone size-medium wp-image-17930\" src=\"https:\/\/www.chespa.eu\/wp-content\/uploads\/2024\/05\/choco-Eco-pack-Metallised-compostable-film-265x300.png\" alt=\"\" width=\"265\" height=\"300\" srcset=\"https:\/\/www.chespa.eu\/wp-content\/uploads\/2024\/05\/choco-Eco-pack-Metallised-compostable-film-265x300.png 265w, https:\/\/www.chespa.eu\/wp-content\/uploads\/2024\/05\/choco-Eco-pack-Metallised-compostable-film-904x1024.png 904w, https:\/\/www.chespa.eu\/wp-content\/uploads\/2024\/05\/choco-Eco-pack-Metallised-compostable-film-768x870.png 768w, https:\/\/www.chespa.eu\/wp-content\/uploads\/2024\/05\/choco-Eco-pack-Metallised-compostable-film.png 1141w\" sizes=\"auto, (max-width: 265px) 100vw, 265px\" \/><\/a><\/p>\n<p>&nbsp;<\/p>\n<p style=\"text-align: left;\">Empaque de celulosa fabricados con materias primas compostables, como tela y tintas.<\/p>\n<p style=\"text-align: left;\">La pel\u00edcula de celulosa metalizada, con propiedades de barrera mejoradas, se imprimi\u00f3 con tintas<strong> FlexiBio<\/strong> a base de agua, certificadas para compostabilidad.<\/p>\n<p style=\"text-align: left;\">El sustrato de la pel\u00edcula de celulosa es un material derivado de recursos renovables con propiedades termosellables, que ofrece propiedades de barrera contra la humedad, gases y aromas, adem\u00e1s de resistencia a aceites y grasas.<\/p>\n<p style=\"text-align: left;\">Las planchas de impresi\u00f3n utilizadas para imprimir sobre la celulosa cuentan con certificaci\u00f3n Carbon Neutral y fueron fabricadas por Asahi Kasei mediante tecnolog\u00eda lavable con agua <strong>AWP\u2122-DEW,<\/strong> que reduce el impacto ambiental.<\/p>\n<p style=\"text-align: left;\">Los beneficios ambientales de los envases de celulosa incluyen una menor huella de carbono en comparaci\u00f3n con los envases producidos convencionalmente, con tintas a base de alcohol y planchas de fotopol\u00edmero lavables con disolventes.<\/p>\n<p style=\"text-align: left;\">El uso de tintas y planchas de fotopol\u00edmero con certificaci\u00f3n Carbon Neutral en la producci\u00f3n de nuestros envases nos permiti\u00f3 reducir la huella de carbono de nuestros envases en un <strong>12 %<\/strong> en comparaci\u00f3n con los envases convencionales.<\/p>\n<p>&nbsp;<\/p>\n<p>&nbsp;<\/p>\n<p><a href=\"https:\/\/www.chespa.eu\/wp-content\/uploads\/2024\/05\/choco_3w.jpg\" rel=\"lightbox[19297]\"><img loading=\"lazy\" decoding=\"async\" class=\"alignnone size-medium wp-image-17827\" src=\"https:\/\/www.chespa.eu\/wp-content\/uploads\/2024\/05\/choco_3w-300x179.jpg\" alt=\"\" width=\"300\" height=\"179\" srcset=\"https:\/\/www.chespa.eu\/wp-content\/uploads\/2024\/05\/choco_3w-300x179.jpg 300w, https:\/\/www.chespa.eu\/wp-content\/uploads\/2024\/05\/choco_3w-1024x613.jpg 1024w, https:\/\/www.chespa.eu\/wp-content\/uploads\/2024\/05\/choco_3w-768x459.jpg 768w, https:\/\/www.chespa.eu\/wp-content\/uploads\/2024\/05\/choco_3w.jpg 1294w\" sizes=\"auto, (max-width: 300px) 100vw, 300px\" \/><\/a><\/p>\n<p><strong>Diagrama de empaque<\/strong> (comenzando por su revestimiento exterior):<\/p>\n<p>&nbsp;<\/p>\n<ol>\n<li><strong>FlexiLack FX Protect:<\/strong> revestimiento de barrera contra el agua y el vapor de agua<\/li>\n<li><strong>FlexiBio:<\/strong> Tintas compostables a base de agua<\/li>\n<li><strong>Pel\u00edcula metalizada<\/strong> a base de recursos renovables, compostable, resistente al calor, con barrera contra la humedad, gases y aromas, y resistente a aceites y grasas.<\/li>\n<\/ol>\n<p>&nbsp;<\/p>\n<p><strong>Ventajas del empaque:<\/strong><\/p>\n<ul>\n<li>Eliminaci\u00f3n del laminado multicapa de OPP<\/li>\n<li>Reducci\u00f3n del impacto ambiental<\/li>\n<li>Sistemas a base de agua<\/li>\n<li>Compostabilidad de las pinturas y del sustrato de pel\u00edcula de celulosa<\/li>\n<li>Uso de l\u00e1minas de forpol\u00edmero lavables con agua<\/li>\n<li>Gesti\u00f3n y eliminaci\u00f3n de residuos en pa\u00edses con bajas tasas de reciclaje.<\/li>\n<\/ul>\n<p>&nbsp;<\/p>\n<p>Para analizar el impacto ambiental m\u00e1s amplio de nuestros envases, la investigaci\u00f3n se ampli\u00f3 para incluir su impacto toxicol\u00f3gico en los seres humanos y el medio ambiente. La investigaci\u00f3n demuestra que los envases de celulosa producidos con materias primas compostables certificadas reducen la toxicidad, en comparaci\u00f3n con los envases producidos con materias primas convencionales, en un <strong>11 %<\/strong> en t\u00e9rminos de toxicidad humana, un <strong>93 %<\/strong> en t\u00e9rminos de ecotoxicidad, un <strong>25 %<\/strong> en t\u00e9rminos de ecotoxicidad marina y un<strong> 45 %<\/strong> en t\u00e9rminos de ecotoxicidad en agua dulce.<\/p>\n<p>&nbsp;<\/p>\n<p>Gracias a las materias primas utilizadas para producir los envases de chocolate, logramos no solo reducir la huella de carbono del envase, sino tambi\u00e9n reducir significativamente la toxicidad para el medio ambiente, principalmente para la hidrosfera y los organismos que la habitan. La reducci\u00f3n del CO\u2082, un gas de efecto invernadero crucial, as\u00ed como su impacto t\u00f3xico en el medio ambiente, la limitaci\u00f3n de la eutrofizaci\u00f3n y la reducci\u00f3n del agotamiento de la capa de ozono, se traduce en un menor impacto ambiental de los envases de chocolate. Adem\u00e1s, el uso de un sustrato de celulosa apto para el compostaje industrial y dom\u00e9stico abre el debate sobre la gesti\u00f3n de residuos en regiones del mundo donde la gesti\u00f3n de residuos mediante la reutilizaci\u00f3n y el reciclaje es pr\u00e1cticamente inexistente. Creemos que los envases compostables son una soluci\u00f3n ideal para la gesti\u00f3n y eliminaci\u00f3n de residuos en pa\u00edses africanos, donde los procesos de reciclaje son m\u00e1s bajos que en la UE. La tasa media de reciclaje en los pa\u00edses de la UE es del 32,5 %\u00b9, mientras que en el continente africano solo se recicla el 4 %\u00b2 de los residuos.<\/p>\n<p><em>\u00a0<\/em><\/p>\n<p>&nbsp;<\/p>\n<p><a href=\"https:\/\/www.chespa.eu\/wp-content\/uploads\/2024\/05\/choco-Eco-pack.jpg\" rel=\"lightbox[19297]\"><img loading=\"lazy\" decoding=\"async\" class=\"alignnone size-medium wp-image-17936\" src=\"https:\/\/www.chespa.eu\/wp-content\/uploads\/2024\/05\/choco-Eco-pack-300x169.jpg\" alt=\"\" width=\"300\" height=\"169\" srcset=\"https:\/\/www.chespa.eu\/wp-content\/uploads\/2024\/05\/choco-Eco-pack-300x169.jpg 300w, https:\/\/www.chespa.eu\/wp-content\/uploads\/2024\/05\/choco-Eco-pack-1024x576.jpg 1024w, https:\/\/www.chespa.eu\/wp-content\/uploads\/2024\/05\/choco-Eco-pack-768x432.jpg 768w, https:\/\/www.chespa.eu\/wp-content\/uploads\/2024\/05\/choco-Eco-pack.jpg 1280w\" sizes=\"auto, (max-width: 300px) 100vw, 300px\" \/><\/a> \u00a0 <a href=\"https:\/\/www.chespa.eu\/wp-content\/uploads\/2024\/05\/choco-Eco-pack-Barrier-coating.jpg\" rel=\"lightbox[19297]\"><img loading=\"lazy\" decoding=\"async\" class=\"alignnone size-medium wp-image-17924\" src=\"https:\/\/www.chespa.eu\/wp-content\/uploads\/2024\/05\/choco-Eco-pack-Barrier-coating-300x169.jpg\" alt=\"\" width=\"300\" height=\"169\" srcset=\"https:\/\/www.chespa.eu\/wp-content\/uploads\/2024\/05\/choco-Eco-pack-Barrier-coating-300x169.jpg 300w, https:\/\/www.chespa.eu\/wp-content\/uploads\/2024\/05\/choco-Eco-pack-Barrier-coating-1024x576.jpg 1024w, https:\/\/www.chespa.eu\/wp-content\/uploads\/2024\/05\/choco-Eco-pack-Barrier-coating-768x432.jpg 768w, https:\/\/www.chespa.eu\/wp-content\/uploads\/2024\/05\/choco-Eco-pack-Barrier-coating.jpg 1280w\" sizes=\"auto, (max-width: 300px) 100vw, 300px\" \/><\/a><\/p>\n","protected":false},"excerpt":{"rendered":"<p>&nbsp; Empaque de celulosa fabricados con materias primas compostables, como tela y tintas. La pel\u00edcula de celulosa metalizada, con propiedades de barrera mejoradas, se imprimi\u00f3 con tintas FlexiBio a base de agua, certificadas para compostabilidad. El sustrato de la pel\u00edcula de celulosa es un material derivado de recursos renovables con propiedades termosellables, que ofrece propiedades [&hellip;]<\/p>\n","protected":false},"author":6,"featured_media":0,"parent":15181,"menu_order":0,"comment_status":"closed","ping_status":"closed","template":"","meta":{"_acf_changed":false,"footnotes":""},"class_list":["post-19297","page","type-page","status-publish","hentry"],"acf":[],"yoast_head":"<!-- This site is optimized with the Yoast SEO plugin v27.4 - https:\/\/yoast.com\/product\/yoast-seo-wordpress\/ -->\n<title>Plant based &amp; plastic free - Chespa - printing inks, clichees, cutting dies<\/title>\n<meta name=\"robots\" content=\"index, follow, max-snippet:-1, max-image-preview:large, max-video-preview:-1\" \/>\n<link rel=\"canonical\" href=\"https:\/\/www.chespa.eu\/es\/productos\/servicios\/innowacje\/plant-based-plastic-free\/\" \/>\n<meta property=\"og:locale\" content=\"es_ES\" \/>\n<meta property=\"og:type\" content=\"article\" \/>\n<meta property=\"og:title\" content=\"Plant based &amp; plastic free - Chespa - printing inks, clichees, cutting dies\" \/>\n<meta property=\"og:description\" content=\"&nbsp; Empaque de celulosa fabricados con materias primas compostables, como tela y tintas. La pel\u00edcula de celulosa metalizada, con propiedades de barrera mejoradas, se imprimi\u00f3 con tintas FlexiBio a base de agua, certificadas para compostabilidad. El sustrato de la pel\u00edcula de celulosa es un material derivado de recursos renovables con propiedades termosellables, que ofrece propiedades [&hellip;]\" \/>\n<meta property=\"og:url\" content=\"https:\/\/www.chespa.eu\/es\/productos\/servicios\/innowacje\/plant-based-plastic-free\/\" \/>\n<meta property=\"og:site_name\" content=\"Chespa - printing inks, clichees, cutting dies\" \/>\n<meta property=\"article:modified_time\" content=\"2026-02-10T07:33:21+00:00\" \/>\n<meta property=\"og:image\" content=\"https:\/\/www.chespa.eu\/wp-content\/uploads\/2024\/05\/chocolate.png\" \/>\n\t<meta property=\"og:image:width\" content=\"1417\" \/>\n\t<meta property=\"og:image:height\" content=\"582\" \/>\n\t<meta property=\"og:image:type\" content=\"image\/png\" \/>\n<meta name=\"twitter:card\" content=\"summary_large_image\" \/>\n<meta name=\"twitter:label1\" content=\"Est. reading time\" \/>\n\t<meta name=\"twitter:data1\" content=\"5 minutes\" \/>\n<script type=\"application\/ld+json\" class=\"yoast-schema-graph\">{\"@context\":\"https:\\\/\\\/schema.org\",\"@graph\":[{\"@type\":\"WebPage\",\"@id\":\"https:\\\/\\\/www.chespa.eu\\\/es\\\/productos\\\/servicios\\\/innowacje\\\/plant-based-plastic-free\\\/\",\"url\":\"https:\\\/\\\/www.chespa.eu\\\/es\\\/productos\\\/servicios\\\/innowacje\\\/plant-based-plastic-free\\\/\",\"name\":\"Plant based & plastic free - Chespa - printing inks, clichees, cutting dies\",\"isPartOf\":{\"@id\":\"https:\\\/\\\/www.chespa.eu\\\/#website\"},\"primaryImageOfPage\":{\"@id\":\"https:\\\/\\\/www.chespa.eu\\\/es\\\/productos\\\/servicios\\\/innowacje\\\/plant-based-plastic-free\\\/#primaryimage\"},\"image\":{\"@id\":\"https:\\\/\\\/www.chespa.eu\\\/es\\\/productos\\\/servicios\\\/innowacje\\\/plant-based-plastic-free\\\/#primaryimage\"},\"thumbnailUrl\":\"https:\\\/\\\/www.chespa.eu\\\/wp-content\\\/uploads\\\/2024\\\/05\\\/chocolate-300x123.png\",\"datePublished\":\"2025-12-01T08:00:16+00:00\",\"dateModified\":\"2026-02-10T07:33:21+00:00\",\"breadcrumb\":{\"@id\":\"https:\\\/\\\/www.chespa.eu\\\/es\\\/productos\\\/servicios\\\/innowacje\\\/plant-based-plastic-free\\\/#breadcrumb\"},\"inLanguage\":\"es-ES\",\"potentialAction\":[{\"@type\":\"ReadAction\",\"target\":[\"https:\\\/\\\/www.chespa.eu\\\/es\\\/productos\\\/servicios\\\/innowacje\\\/plant-based-plastic-free\\\/\"]}]},{\"@type\":\"ImageObject\",\"inLanguage\":\"es-ES\",\"@id\":\"https:\\\/\\\/www.chespa.eu\\\/es\\\/productos\\\/servicios\\\/innowacje\\\/plant-based-plastic-free\\\/#primaryimage\",\"url\":\"https:\\\/\\\/www.chespa.eu\\\/wp-content\\\/uploads\\\/2024\\\/05\\\/chocolate-300x123.png\",\"contentUrl\":\"https:\\\/\\\/www.chespa.eu\\\/wp-content\\\/uploads\\\/2024\\\/05\\\/chocolate-300x123.png\"},{\"@type\":\"BreadcrumbList\",\"@id\":\"https:\\\/\\\/www.chespa.eu\\\/es\\\/productos\\\/servicios\\\/innowacje\\\/plant-based-plastic-free\\\/#breadcrumb\",\"itemListElement\":[{\"@type\":\"ListItem\",\"position\":1,\"name\":\"Strona g\u0142\u00f3wna\",\"item\":\"https:\\\/\\\/www.chespa.eu\\\/\"},{\"@type\":\"ListItem\",\"position\":2,\"name\":\"Productos\",\"item\":\"https:\\\/\\\/www.chespa.eu\\\/produkty\\\/\"},{\"@type\":\"ListItem\",\"position\":3,\"name\":\"Servicios\",\"item\":\"https:\\\/\\\/www.chespa.eu\\\/produkty\\\/uslugi\\\/\"},{\"@type\":\"ListItem\",\"position\":4,\"name\":\"Innovations\",\"item\":\"https:\\\/\\\/www.chespa.eu\\\/es\\\/productos\\\/servicios\\\/innowacje\\\/\"},{\"@type\":\"ListItem\",\"position\":5,\"name\":\"Plant based &#038; plastic free\"}]},{\"@type\":\"WebSite\",\"@id\":\"https:\\\/\\\/www.chespa.eu\\\/#website\",\"url\":\"https:\\\/\\\/www.chespa.eu\\\/\",\"name\":\"Chespa - printing inks, clichees, cutting dies\",\"description\":\"\",\"potentialAction\":[{\"@type\":\"SearchAction\",\"target\":{\"@type\":\"EntryPoint\",\"urlTemplate\":\"https:\\\/\\\/www.chespa.eu\\\/?s={search_term_string}\"},\"query-input\":{\"@type\":\"PropertyValueSpecification\",\"valueRequired\":true,\"valueName\":\"search_term_string\"}}],\"inLanguage\":\"es-ES\"}]}<\/script>\n<!-- \/ Yoast SEO plugin. -->","yoast_head_json":{"title":"Plant based & plastic free - Chespa - printing inks, clichees, cutting dies","robots":{"index":"index","follow":"follow","max-snippet":"max-snippet:-1","max-image-preview":"max-image-preview:large","max-video-preview":"max-video-preview:-1"},"canonical":"https:\/\/www.chespa.eu\/es\/productos\/servicios\/innowacje\/plant-based-plastic-free\/","og_locale":"es_ES","og_type":"article","og_title":"Plant based & plastic free - Chespa - printing inks, clichees, cutting dies","og_description":"&nbsp; Empaque de celulosa fabricados con materias primas compostables, como tela y tintas. La pel\u00edcula de celulosa metalizada, con propiedades de barrera mejoradas, se imprimi\u00f3 con tintas FlexiBio a base de agua, certificadas para compostabilidad. El sustrato de la pel\u00edcula de celulosa es un material derivado de recursos renovables con propiedades termosellables, que ofrece propiedades [&hellip;]","og_url":"https:\/\/www.chespa.eu\/es\/productos\/servicios\/innowacje\/plant-based-plastic-free\/","og_site_name":"Chespa - printing inks, clichees, cutting dies","article_modified_time":"2026-02-10T07:33:21+00:00","og_image":[{"width":1417,"height":582,"url":"https:\/\/www.chespa.eu\/wp-content\/uploads\/2024\/05\/chocolate.png","type":"image\/png"}],"twitter_card":"summary_large_image","twitter_misc":{"Est. reading time":"5 minutes"},"schema":{"@context":"https:\/\/schema.org","@graph":[{"@type":"WebPage","@id":"https:\/\/www.chespa.eu\/es\/productos\/servicios\/innowacje\/plant-based-plastic-free\/","url":"https:\/\/www.chespa.eu\/es\/productos\/servicios\/innowacje\/plant-based-plastic-free\/","name":"Plant based & plastic free - Chespa - printing inks, clichees, cutting dies","isPartOf":{"@id":"https:\/\/www.chespa.eu\/#website"},"primaryImageOfPage":{"@id":"https:\/\/www.chespa.eu\/es\/productos\/servicios\/innowacje\/plant-based-plastic-free\/#primaryimage"},"image":{"@id":"https:\/\/www.chespa.eu\/es\/productos\/servicios\/innowacje\/plant-based-plastic-free\/#primaryimage"},"thumbnailUrl":"https:\/\/www.chespa.eu\/wp-content\/uploads\/2024\/05\/chocolate-300x123.png","datePublished":"2025-12-01T08:00:16+00:00","dateModified":"2026-02-10T07:33:21+00:00","breadcrumb":{"@id":"https:\/\/www.chespa.eu\/es\/productos\/servicios\/innowacje\/plant-based-plastic-free\/#breadcrumb"},"inLanguage":"es-ES","potentialAction":[{"@type":"ReadAction","target":["https:\/\/www.chespa.eu\/es\/productos\/servicios\/innowacje\/plant-based-plastic-free\/"]}]},{"@type":"ImageObject","inLanguage":"es-ES","@id":"https:\/\/www.chespa.eu\/es\/productos\/servicios\/innowacje\/plant-based-plastic-free\/#primaryimage","url":"https:\/\/www.chespa.eu\/wp-content\/uploads\/2024\/05\/chocolate-300x123.png","contentUrl":"https:\/\/www.chespa.eu\/wp-content\/uploads\/2024\/05\/chocolate-300x123.png"},{"@type":"BreadcrumbList","@id":"https:\/\/www.chespa.eu\/es\/productos\/servicios\/innowacje\/plant-based-plastic-free\/#breadcrumb","itemListElement":[{"@type":"ListItem","position":1,"name":"Strona g\u0142\u00f3wna","item":"https:\/\/www.chespa.eu\/"},{"@type":"ListItem","position":2,"name":"Productos","item":"https:\/\/www.chespa.eu\/produkty\/"},{"@type":"ListItem","position":3,"name":"Servicios","item":"https:\/\/www.chespa.eu\/produkty\/uslugi\/"},{"@type":"ListItem","position":4,"name":"Innovations","item":"https:\/\/www.chespa.eu\/es\/productos\/servicios\/innowacje\/"},{"@type":"ListItem","position":5,"name":"Plant based &#038; plastic free"}]},{"@type":"WebSite","@id":"https:\/\/www.chespa.eu\/#website","url":"https:\/\/www.chespa.eu\/","name":"Chespa - printing inks, clichees, cutting dies","description":"","potentialAction":[{"@type":"SearchAction","target":{"@type":"EntryPoint","urlTemplate":"https:\/\/www.chespa.eu\/?s={search_term_string}"},"query-input":{"@type":"PropertyValueSpecification","valueRequired":true,"valueName":"search_term_string"}}],"inLanguage":"es-ES"}]}},"_links":{"self":[{"href":"https:\/\/www.chespa.eu\/es\/wp-json\/wp\/v2\/pages\/19297","targetHints":{"allow":["GET"]}}],"collection":[{"href":"https:\/\/www.chespa.eu\/es\/wp-json\/wp\/v2\/pages"}],"about":[{"href":"https:\/\/www.chespa.eu\/es\/wp-json\/wp\/v2\/types\/page"}],"author":[{"embeddable":true,"href":"https:\/\/www.chespa.eu\/es\/wp-json\/wp\/v2\/users\/6"}],"replies":[{"embeddable":true,"href":"https:\/\/www.chespa.eu\/es\/wp-json\/wp\/v2\/comments?post=19297"}],"version-history":[{"count":2,"href":"https:\/\/www.chespa.eu\/es\/wp-json\/wp\/v2\/pages\/19297\/revisions"}],"predecessor-version":[{"id":19382,"href":"https:\/\/www.chespa.eu\/es\/wp-json\/wp\/v2\/pages\/19297\/revisions\/19382"}],"up":[{"embeddable":true,"href":"https:\/\/www.chespa.eu\/es\/wp-json\/wp\/v2\/pages\/15181"}],"wp:attachment":[{"href":"https:\/\/www.chespa.eu\/es\/wp-json\/wp\/v2\/media?parent=19297"}],"curies":[{"name":"wp","href":"https:\/\/api.w.org\/{rel}","templated":true}]}}