{"id":18807,"date":"2025-09-12T13:46:12","date_gmt":"2025-09-12T11:46:12","guid":{"rendered":"https:\/\/www.chespa.eu\/productos\/planchas-de-fotopolimero\/"},"modified":"2025-09-12T13:46:12","modified_gmt":"2025-09-12T11:46:12","slug":"planchas-de-fotopolimero","status":"publish","type":"page","link":"https:\/\/www.chespa.eu\/es\/productos\/planchas-de-fotopolimero\/","title":{"rendered":"Planchas de fotopol\u00edmero"},"content":{"rendered":"<ul>\n<li><a href=\"https:\/\/www.chespa.eu\/es\/tektura-falista\/\">Cart\u00f3n corrugado<\/a><\/li>\n<li><a href=\"https:\/\/www.chespa.eu\/es\/podloza-elastyczne\/\">Sustratos flexibles<\/a><\/li>\n<li><a href=\"https:\/\/www.chespa.eu\/es\/tuleje-inround\/\">Camisas InRound<\/a><\/li>\n<li><a href=\"https:\/\/www.chespa.eu\/es\/klisze-specjalne\/\">Planchas especiales<\/a><\/li>\n<li><a href=\"https:\/\/www.chespa.eu\/es\/cdc\/\">Sistema de comunicaci\u00f3n CDC<\/a><\/li>\n<li><a href=\"https:\/\/www.chespa.eu\/es\/profile-maszyn-drukarskich\/\">Perfiles de m\u00e1quinas de impresi\u00f3n<\/a><\/li>\n<li><a href=\"https:\/\/www.chespa.eu\/es\/weryfikatory-kodow\/\">Verificadores de los c\u00f3digos<\/a><\/li>\n<li><a href=\"https:\/\/www.chespa.eu\/es\/pliki-cyfrowe-informacje\/\">Los archivos digitales de informaci\u00f3n \u2013<\/a><\/li>\n<li><a href=\"https:\/\/www.chespa.eu\/es\/technologia-plaskiego-punktu\/\">Tecnolog\u00eda de punto plano<\/a><\/li>\n<li><a href=\"https:\/\/www.chespa.eu\/es\/linia-produkcyjna-cyrel-3000\/\">La l\u00ednea de producci\u00f3n de Cyrel\u00ae 3000<\/a><\/li>\n<li><a href=\"https:\/\/www.chespa.eu\/es\/technologia-crystal\/\">Crystal Technology<\/a><\/li>\n<\/ul>\n","protected":false},"excerpt":{"rendered":"<p>Cart\u00f3n corrugado Sustratos flexibles Camisas InRound Planchas especiales Sistema de comunicaci\u00f3n CDC Perfiles de m\u00e1quinas de impresi\u00f3n Verificadores de los c\u00f3digos Los archivos digitales de informaci\u00f3n \u2013 Tecnolog\u00eda de punto plano La l\u00ednea de producci\u00f3n de Cyrel\u00ae 3000 Crystal Technology<\/p>\n","protected":false},"author":6,"featured_media":0,"parent":14955,"menu_order":0,"comment_status":"closed","ping_status":"closed","template":"page-template-products-list-small.php","meta":{"_acf_changed":false,"footnotes":""},"class_list":["post-18807","page","type-page","status-publish","hentry"],"acf":[],"yoast_head":"<!-- This site is optimized with the Yoast SEO plugin v27.3 - https:\/\/yoast.com\/product\/yoast-seo-wordpress\/ -->\n<title>Planchas de fotopol\u00edmero - Chespa - printing inks, clichees, cutting dies<\/title>\n<meta name=\"robots\" content=\"index, follow, max-snippet:-1, max-image-preview:large, max-video-preview:-1\" \/>\n<link rel=\"canonical\" href=\"https:\/\/www.chespa.eu\/produkty\/formy-drukowe\/\" \/>\n<meta property=\"og:locale\" content=\"es_ES\" \/>\n<meta property=\"og:type\" content=\"article\" \/>\n<meta property=\"og:title\" content=\"Planchas de fotopol\u00edmero - Chespa - printing inks, clichees, cutting dies\" \/>\n<meta property=\"og:description\" content=\"Cart\u00f3n corrugado Sustratos flexibles Camisas InRound Planchas especiales Sistema de comunicaci\u00f3n CDC Perfiles de m\u00e1quinas de impresi\u00f3n Verificadores de los c\u00f3digos Los archivos digitales de informaci\u00f3n \u2013 Tecnolog\u00eda de punto plano La l\u00ednea de producci\u00f3n de Cyrel\u00ae 3000 Crystal Technology\" \/>\n<meta property=\"og:url\" content=\"https:\/\/www.chespa.eu\/produkty\/formy-drukowe\/\" \/>\n<meta property=\"og:site_name\" content=\"Chespa - printing inks, clichees, cutting dies\" \/>\n<meta name=\"twitter:card\" content=\"summary_large_image\" \/>\n<script type=\"application\/ld+json\" class=\"yoast-schema-graph\">{\"@context\":\"https:\\\/\\\/schema.org\",\"@graph\":[{\"@type\":\"WebPage\",\"@id\":\"https:\\\/\\\/www.chespa.eu\\\/produkty\\\/formy-drukowe\\\/\",\"url\":\"https:\\\/\\\/www.chespa.eu\\\/produkty\\\/formy-drukowe\\\/\",\"name\":\"Planchas de fotopol\u00edmero - Chespa - printing inks, clichees, cutting dies\",\"isPartOf\":{\"@id\":\"https:\\\/\\\/www.chespa.eu\\\/#website\"},\"datePublished\":\"2025-09-12T11:46:12+00:00\",\"breadcrumb\":{\"@id\":\"https:\\\/\\\/www.chespa.eu\\\/produkty\\\/formy-drukowe\\\/#breadcrumb\"},\"inLanguage\":\"es-ES\",\"potentialAction\":[{\"@type\":\"ReadAction\",\"target\":[\"https:\\\/\\\/www.chespa.eu\\\/produkty\\\/formy-drukowe\\\/\"]}]},{\"@type\":\"BreadcrumbList\",\"@id\":\"https:\\\/\\\/www.chespa.eu\\\/produkty\\\/formy-drukowe\\\/#breadcrumb\",\"itemListElement\":[{\"@type\":\"ListItem\",\"position\":1,\"name\":\"Strona g\u0142\u00f3wna\",\"item\":\"https:\\\/\\\/www.chespa.eu\\\/\"},{\"@type\":\"ListItem\",\"position\":2,\"name\":\"Productos\",\"item\":\"https:\\\/\\\/www.chespa.eu\\\/produkty\\\/\"},{\"@type\":\"ListItem\",\"position\":3,\"name\":\"Planchas de fotopol\u00edmero\"}]},{\"@type\":\"WebSite\",\"@id\":\"https:\\\/\\\/www.chespa.eu\\\/#website\",\"url\":\"https:\\\/\\\/www.chespa.eu\\\/\",\"name\":\"Chespa - printing inks, clichees, cutting dies\",\"description\":\"\",\"potentialAction\":[{\"@type\":\"SearchAction\",\"target\":{\"@type\":\"EntryPoint\",\"urlTemplate\":\"https:\\\/\\\/www.chespa.eu\\\/?s={search_term_string}\"},\"query-input\":{\"@type\":\"PropertyValueSpecification\",\"valueRequired\":true,\"valueName\":\"search_term_string\"}}],\"inLanguage\":\"es-ES\"}]}<\/script>\n<!-- \/ Yoast SEO plugin. -->","yoast_head_json":{"title":"Planchas de fotopol\u00edmero - Chespa - printing inks, clichees, cutting dies","robots":{"index":"index","follow":"follow","max-snippet":"max-snippet:-1","max-image-preview":"max-image-preview:large","max-video-preview":"max-video-preview:-1"},"canonical":"https:\/\/www.chespa.eu\/produkty\/formy-drukowe\/","og_locale":"es_ES","og_type":"article","og_title":"Planchas de fotopol\u00edmero - Chespa - printing inks, clichees, cutting dies","og_description":"Cart\u00f3n corrugado Sustratos flexibles Camisas InRound Planchas especiales Sistema de comunicaci\u00f3n CDC Perfiles de m\u00e1quinas de impresi\u00f3n Verificadores de los c\u00f3digos Los archivos digitales de informaci\u00f3n \u2013 Tecnolog\u00eda de punto plano La l\u00ednea de producci\u00f3n de Cyrel\u00ae 3000 Crystal Technology","og_url":"https:\/\/www.chespa.eu\/produkty\/formy-drukowe\/","og_site_name":"Chespa - printing inks, clichees, cutting dies","twitter_card":"summary_large_image","schema":{"@context":"https:\/\/schema.org","@graph":[{"@type":"WebPage","@id":"https:\/\/www.chespa.eu\/produkty\/formy-drukowe\/","url":"https:\/\/www.chespa.eu\/produkty\/formy-drukowe\/","name":"Planchas de fotopol\u00edmero - Chespa - printing inks, clichees, cutting dies","isPartOf":{"@id":"https:\/\/www.chespa.eu\/#website"},"datePublished":"2025-09-12T11:46:12+00:00","breadcrumb":{"@id":"https:\/\/www.chespa.eu\/produkty\/formy-drukowe\/#breadcrumb"},"inLanguage":"es-ES","potentialAction":[{"@type":"ReadAction","target":["https:\/\/www.chespa.eu\/produkty\/formy-drukowe\/"]}]},{"@type":"BreadcrumbList","@id":"https:\/\/www.chespa.eu\/produkty\/formy-drukowe\/#breadcrumb","itemListElement":[{"@type":"ListItem","position":1,"name":"Strona g\u0142\u00f3wna","item":"https:\/\/www.chespa.eu\/"},{"@type":"ListItem","position":2,"name":"Productos","item":"https:\/\/www.chespa.eu\/produkty\/"},{"@type":"ListItem","position":3,"name":"Planchas de fotopol\u00edmero"}]},{"@type":"WebSite","@id":"https:\/\/www.chespa.eu\/#website","url":"https:\/\/www.chespa.eu\/","name":"Chespa - printing inks, clichees, cutting dies","description":"","potentialAction":[{"@type":"SearchAction","target":{"@type":"EntryPoint","urlTemplate":"https:\/\/www.chespa.eu\/?s={search_term_string}"},"query-input":{"@type":"PropertyValueSpecification","valueRequired":true,"valueName":"search_term_string"}}],"inLanguage":"es-ES"}]}},"_links":{"self":[{"href":"https:\/\/www.chespa.eu\/es\/wp-json\/wp\/v2\/pages\/18807","targetHints":{"allow":["GET"]}}],"collection":[{"href":"https:\/\/www.chespa.eu\/es\/wp-json\/wp\/v2\/pages"}],"about":[{"href":"https:\/\/www.chespa.eu\/es\/wp-json\/wp\/v2\/types\/page"}],"author":[{"embeddable":true,"href":"https:\/\/www.chespa.eu\/es\/wp-json\/wp\/v2\/users\/6"}],"replies":[{"embeddable":true,"href":"https:\/\/www.chespa.eu\/es\/wp-json\/wp\/v2\/comments?post=18807"}],"version-history":[{"count":0,"href":"https:\/\/www.chespa.eu\/es\/wp-json\/wp\/v2\/pages\/18807\/revisions"}],"up":[{"embeddable":true,"href":"https:\/\/www.chespa.eu\/es\/wp-json\/wp\/v2\/pages\/14955"}],"wp:attachment":[{"href":"https:\/\/www.chespa.eu\/es\/wp-json\/wp\/v2\/media?parent=18807"}],"curies":[{"name":"wp","href":"https:\/\/api.w.org\/{rel}","templated":true}]}}