{"id":18315,"date":"2024-09-26T08:38:47","date_gmt":"2024-09-26T06:38:47","guid":{"rendered":"https:\/\/www.chespa.eu\/formulario-de-reporte-de-irregularidades\/"},"modified":"2024-09-26T08:38:47","modified_gmt":"2024-09-26T06:38:47","slug":"formulario-de-reporte-de-irregularidades","status":"publish","type":"page","link":"https:\/\/www.chespa.eu\/es\/formulario-de-reporte-de-irregularidades\/","title":{"rendered":"Formulario de reporte de irregularidades"},"content":{"rendered":"\n<div class=\"wpcf7 no-js\" id=\"wpcf7-f18314-o1\" lang=\"pl-PL\" dir=\"ltr\" data-wpcf7-id=\"18314\">\n<div class=\"screen-reader-response\"><p role=\"status\" aria-live=\"polite\" aria-atomic=\"true\"><\/p> <ul><\/ul><\/div>\n<form action=\"\/es\/wp-json\/wp\/v2\/pages\/18315#wpcf7-f18314-o1\" method=\"post\" class=\"wpcf7-form init\" aria-label=\"Contact form\" novalidate=\"novalidate\" data-status=\"init\">\n<fieldset class=\"hidden-fields-container\"><input type=\"hidden\" name=\"_wpcf7\" value=\"18314\" \/><input type=\"hidden\" name=\"_wpcf7_version\" value=\"6.1.5\" \/><input type=\"hidden\" name=\"_wpcf7_locale\" value=\"pl_PL\" \/><input type=\"hidden\" name=\"_wpcf7_unit_tag\" value=\"wpcf7-f18314-o1\" \/><input type=\"hidden\" name=\"_wpcf7_container_post\" value=\"0\" \/><input type=\"hidden\" name=\"_wpcf7_posted_data_hash\" value=\"\" \/><input type=\"hidden\" name=\"_wpcf7_recaptcha_response\" value=\"\" \/>\n<\/fieldset>\n<div class=\"form-group\">\n\t<p><label for=\"opis-zgloszenia\">Descripci\u00f3n del informe *<\/label><br \/>\n<span class=\"wpcf7-form-control-wrap\" data-name=\"opis-zgloszenia\"><textarea cols=\"40\" rows=\"10\" maxlength=\"2000\" class=\"wpcf7-form-control wpcf7-textarea wpcf7-validates-as-required form-control\" id=\"opis-zgloszenia\" aria-required=\"true\" aria-invalid=\"false\" placeholder=\"Descripci\u00f3n del informe *\" name=\"opis-zgloszenia\"><\/textarea><\/span>\n\t<\/p>\n<\/div>\n<div class=\"form-group\">\n\t<p><label for=\"osoba-dotyczy\">Persona a la que concierne el informe<\/label><br \/>\n<span class=\"wpcf7-form-control-wrap\" data-name=\"osoba-dotyczy\"><input size=\"40\" maxlength=\"400\" class=\"wpcf7-form-control wpcf7-text form-control\" id=\"osoba-dotyczy\" aria-invalid=\"false\" placeholder=\"Persona a la que concierne el informe\" value=\"\" type=\"text\" name=\"osoba-dotyczy\" \/><\/span>\n\t<\/p>\n<\/div>\n<div class=\"form-group\">\n\t<p><label for=\"miejscowosc-wypelnienia\">Lugar de finalizaci\u00f3n<\/label><br \/>\n<span class=\"wpcf7-form-control-wrap\" data-name=\"miejscowosc-wypelnienia\"><input size=\"40\" maxlength=\"400\" class=\"wpcf7-form-control wpcf7-text form-control\" id=\"miejscowosc-wypelnienia\" aria-invalid=\"false\" placeholder=\"Lugar de finalizaci\u00f3n\" value=\"\" type=\"text\" name=\"miejscowosc-wypelnienia\" \/><\/span>\n\t<\/p>\n<\/div>\n<div class=\"form-group\">\n\t<p><label for=\"data-naruszenia\">Fecha de la infracci\u00f3n<\/label><br \/>\n<span class=\"wpcf7-form-control-wrap\" data-name=\"data-naruszenia\"><input size=\"40\" maxlength=\"400\" class=\"wpcf7-form-control wpcf7-text form-control\" id=\"data-naruszenia\" aria-invalid=\"false\" placeholder=\"Fecha de la infracci\u00f3n\" value=\"\" type=\"text\" name=\"data-naruszenia\" \/><\/span>\n\t<\/p>\n<\/div>\n<div class=\"form-group\">\n\t<p><label for=\"miejsce-naruszenia\">Lugar de la infracci\u00f3n<\/label><br \/>\n<span class=\"wpcf7-form-control-wrap\" data-name=\"miejsce-naruszenia\"><input size=\"40\" maxlength=\"400\" class=\"wpcf7-form-control wpcf7-text form-control\" id=\"miejsce-naruszenia\" aria-invalid=\"false\" placeholder=\"Lugar de la infracci\u00f3n\" value=\"\" type=\"text\" name=\"miejsce-naruszenia\" \/><\/span>\n\t<\/p>\n<\/div>\n<div class=\"form-group\">\n\t<p><label for=\"swiadkowie-naruszenia\">Testigos potenciales de la infracci\u00f3n (nombre, puesto)<\/label><br \/>\n<span class=\"wpcf7-form-control-wrap\" data-name=\"swiadkowie-naruszenia\"><input size=\"40\" maxlength=\"400\" class=\"wpcf7-form-control wpcf7-text form-control\" id=\"swiadkowie-naruszenia\" aria-invalid=\"false\" placeholder=\"Testigos potenciales de la infracci\u00f3n (nombre, puesto)\" value=\"\" type=\"text\" name=\"swiadkowie-naruszenia\" \/><\/span>\n\t<\/p>\n<\/div>\n<div class=\"form-group\">\n\t<p><label for=\"dowody\">Pruebas relevantes potenciales en el caso<\/label><br \/>\n<span class=\"wpcf7-form-control-wrap\" data-name=\"dowody\"><textarea cols=\"40\" rows=\"10\" maxlength=\"2000\" class=\"wpcf7-form-control wpcf7-textarea form-control\" id=\"dowody\" aria-invalid=\"false\" placeholder=\"Pruebas relevantes potenciales en el caso\" name=\"dowody\"><\/textarea><\/span>\n\t<\/p>\n<\/div>\n<div class=\"form-group\">\n\t<p><label for=\"charakter-naruszenia\">Naturaleza de la infracci\u00f3n<\/label><br \/>\n<span class=\"wpcf7-form-control-wrap\" data-name=\"charakter-naruszenia\"><textarea cols=\"40\" rows=\"10\" maxlength=\"2000\" class=\"wpcf7-form-control wpcf7-textarea form-control\" id=\"charakter-naruszenia\" aria-invalid=\"false\" placeholder=\"Naturaleza de la infracci\u00f3n\" name=\"charakter-naruszenia\"><\/textarea><\/span>\n\t<\/p>\n<\/div>\n<div class=\"form-group\">\n\t<p>El controlador de datos son las empresas que reciben\/tramitan los informes de los denunciantes, es decir, las empresas con respecto a los asuntos que les conciernen:\n\t<\/p>\n\t<ul>\n\t\t<li>\n\t\t\t<p>1. Chespa Sp. z o.o. en los asuntos que conciernen a Chespa Sp. z o.o.\n\t\t\t<\/p>\n\t\t<\/li>\n\t\t<li>\n\t\t\t<p>2. Chespa Wykrojniki Sp. z o.o. en los asuntos que conciernen a Chespa Wykrojniki Sp. z o.o.\n\t\t\t<\/p>\n\t\t<\/li>\n\t\t<li>\n\t\t\t<p>3. Chespa Klisze Sp. z o.o. en los asuntos que conciernen a Chespa Klisze Sp. z o.o.\n\t\t\t<\/p>\n\t\t<\/li>\n\t\t<li>\n\t\t\t<p>4. Chespa Farby Graficzne Sp. z o.o. en los asuntos que conciernen a Chespa Farby Graficzne Sp. z o.o.\n\t\t\t<\/p>\n\t\t<\/li>\n\t<\/ul>\n\t<p>Contacto: rodo@chespa.eu\n\t<\/p>\n\t<p>Los datos ser\u00e1n procesados \u00fanicamente para el prop\u00f3sito y durante el tiempo necesario para cumplir con las obligaciones relacionadas con la recepci\u00f3n y manejo de los informes de los denunciantes, incluyendo el plazo de prescripci\u00f3n relacionado con las leyes nacionales pertinentes, es decir, la Ley de 14 de junio de 2024 sobre la protecci\u00f3n de los denunciantes.<br \/>\nProporcionar datos por parte del denunciante no es obligatorio; el informe puede realizarse de manera an\u00f3nima.\n\t<\/p>\n\t<p>Destinatarios: entidades que procesan datos en nombre de la empresa: entidades que brindan servicios de apoyo en el \u00e1mbito de la recepci\u00f3n o manejo de informes (seg\u00fan lo indicado en el art\u00edculo 28 de la Ley de Protecci\u00f3n de los Denunciantes). Los datos tambi\u00e9n pueden ser compartidos con controladores de datos independientes, es decir, autoridades p\u00fablicas en los casos especificados por la ley.\n\t<\/p>\n\t<p>La persona cuyos datos se procesan tiene el derecho de acceder a los datos personales, corregirlos, eliminarlos o restringir su procesamiento, el derecho a oponerse al procesamiento y el derecho a presentar una queja ante el Presidente de la Oficina de Protecci\u00f3n de Datos Personales.\n\t<\/p>\n<\/div>\n<div class=\"form-group\">\n\t<p><input class=\"wpcf7-form-control wpcf7-submit has-spinner btn btn-primary\" type=\"submit\" value=\"Enviar\" \/>\n\t<\/p>\n<\/div><div class=\"wpcf7-response-output\" aria-hidden=\"true\"><\/div>\n<\/form>\n<\/div>\n\n","protected":false},"excerpt":{"rendered":"","protected":false},"author":6,"featured_media":0,"parent":0,"menu_order":0,"comment_status":"closed","ping_status":"closed","template":"","meta":{"_acf_changed":false,"footnotes":""},"class_list":["post-18315","page","type-page","status-publish","hentry"],"acf":[],"yoast_head":"<!-- This site is optimized with the Yoast SEO plugin v27.4 - https:\/\/yoast.com\/product\/yoast-seo-wordpress\/ -->\n<title>Formulario de reporte de irregularidades - Chespa - printing inks, clichees, cutting dies<\/title>\n<meta name=\"robots\" content=\"index, follow, max-snippet:-1, max-image-preview:large, max-video-preview:-1\" \/>\n<link rel=\"canonical\" href=\"https:\/\/www.chespa.eu\/formulario-de-reporte-de-irregularidades\/\" \/>\n<meta property=\"og:locale\" content=\"es_ES\" \/>\n<meta property=\"og:type\" content=\"article\" \/>\n<meta property=\"og:title\" content=\"Formulario de reporte de irregularidades - Chespa - printing inks, clichees, cutting dies\" \/>\n<meta property=\"og:url\" content=\"https:\/\/www.chespa.eu\/formulario-de-reporte-de-irregularidades\/\" \/>\n<meta property=\"og:site_name\" content=\"Chespa - printing inks, clichees, cutting dies\" \/>\n<meta name=\"twitter:card\" content=\"summary_large_image\" \/>\n<script type=\"application\/ld+json\" class=\"yoast-schema-graph\">{\"@context\":\"https:\\\/\\\/schema.org\",\"@graph\":[{\"@type\":\"WebPage\",\"@id\":\"https:\\\/\\\/www.chespa.eu\\\/formulario-de-reporte-de-irregularidades\\\/\",\"url\":\"https:\\\/\\\/www.chespa.eu\\\/formulario-de-reporte-de-irregularidades\\\/\",\"name\":\"Formulario de reporte de irregularidades - Chespa - printing inks, clichees, cutting dies\",\"isPartOf\":{\"@id\":\"https:\\\/\\\/www.chespa.eu\\\/#website\"},\"datePublished\":\"2024-09-26T06:38:47+00:00\",\"breadcrumb\":{\"@id\":\"https:\\\/\\\/www.chespa.eu\\\/formulario-de-reporte-de-irregularidades\\\/#breadcrumb\"},\"inLanguage\":\"es-ES\",\"potentialAction\":[{\"@type\":\"ReadAction\",\"target\":[\"https:\\\/\\\/www.chespa.eu\\\/formulario-de-reporte-de-irregularidades\\\/\"]}]},{\"@type\":\"BreadcrumbList\",\"@id\":\"https:\\\/\\\/www.chespa.eu\\\/formulario-de-reporte-de-irregularidades\\\/#breadcrumb\",\"itemListElement\":[{\"@type\":\"ListItem\",\"position\":1,\"name\":\"Strona g\u0142\u00f3wna\",\"item\":\"https:\\\/\\\/www.chespa.eu\\\/\"},{\"@type\":\"ListItem\",\"position\":2,\"name\":\"Formulario de reporte de irregularidades\"}]},{\"@type\":\"WebSite\",\"@id\":\"https:\\\/\\\/www.chespa.eu\\\/#website\",\"url\":\"https:\\\/\\\/www.chespa.eu\\\/\",\"name\":\"Chespa - printing inks, clichees, cutting dies\",\"description\":\"\",\"potentialAction\":[{\"@type\":\"SearchAction\",\"target\":{\"@type\":\"EntryPoint\",\"urlTemplate\":\"https:\\\/\\\/www.chespa.eu\\\/?s={search_term_string}\"},\"query-input\":{\"@type\":\"PropertyValueSpecification\",\"valueRequired\":true,\"valueName\":\"search_term_string\"}}],\"inLanguage\":\"es-ES\"}]}<\/script>\n<!-- \/ Yoast SEO plugin. -->","yoast_head_json":{"title":"Formulario de reporte de irregularidades - Chespa - printing inks, clichees, cutting dies","robots":{"index":"index","follow":"follow","max-snippet":"max-snippet:-1","max-image-preview":"max-image-preview:large","max-video-preview":"max-video-preview:-1"},"canonical":"https:\/\/www.chespa.eu\/formulario-de-reporte-de-irregularidades\/","og_locale":"es_ES","og_type":"article","og_title":"Formulario de reporte de irregularidades - Chespa - printing inks, clichees, cutting dies","og_url":"https:\/\/www.chespa.eu\/formulario-de-reporte-de-irregularidades\/","og_site_name":"Chespa - printing inks, clichees, cutting dies","twitter_card":"summary_large_image","schema":{"@context":"https:\/\/schema.org","@graph":[{"@type":"WebPage","@id":"https:\/\/www.chespa.eu\/formulario-de-reporte-de-irregularidades\/","url":"https:\/\/www.chespa.eu\/formulario-de-reporte-de-irregularidades\/","name":"Formulario de reporte de irregularidades - Chespa - printing inks, clichees, cutting dies","isPartOf":{"@id":"https:\/\/www.chespa.eu\/#website"},"datePublished":"2024-09-26T06:38:47+00:00","breadcrumb":{"@id":"https:\/\/www.chespa.eu\/formulario-de-reporte-de-irregularidades\/#breadcrumb"},"inLanguage":"es-ES","potentialAction":[{"@type":"ReadAction","target":["https:\/\/www.chespa.eu\/formulario-de-reporte-de-irregularidades\/"]}]},{"@type":"BreadcrumbList","@id":"https:\/\/www.chespa.eu\/formulario-de-reporte-de-irregularidades\/#breadcrumb","itemListElement":[{"@type":"ListItem","position":1,"name":"Strona g\u0142\u00f3wna","item":"https:\/\/www.chespa.eu\/"},{"@type":"ListItem","position":2,"name":"Formulario de reporte de irregularidades"}]},{"@type":"WebSite","@id":"https:\/\/www.chespa.eu\/#website","url":"https:\/\/www.chespa.eu\/","name":"Chespa - printing inks, clichees, cutting dies","description":"","potentialAction":[{"@type":"SearchAction","target":{"@type":"EntryPoint","urlTemplate":"https:\/\/www.chespa.eu\/?s={search_term_string}"},"query-input":{"@type":"PropertyValueSpecification","valueRequired":true,"valueName":"search_term_string"}}],"inLanguage":"es-ES"}]}},"_links":{"self":[{"href":"https:\/\/www.chespa.eu\/es\/wp-json\/wp\/v2\/pages\/18315","targetHints":{"allow":["GET"]}}],"collection":[{"href":"https:\/\/www.chespa.eu\/es\/wp-json\/wp\/v2\/pages"}],"about":[{"href":"https:\/\/www.chespa.eu\/es\/wp-json\/wp\/v2\/types\/page"}],"author":[{"embeddable":true,"href":"https:\/\/www.chespa.eu\/es\/wp-json\/wp\/v2\/users\/6"}],"replies":[{"embeddable":true,"href":"https:\/\/www.chespa.eu\/es\/wp-json\/wp\/v2\/comments?post=18315"}],"version-history":[{"count":0,"href":"https:\/\/www.chespa.eu\/es\/wp-json\/wp\/v2\/pages\/18315\/revisions"}],"wp:attachment":[{"href":"https:\/\/www.chespa.eu\/es\/wp-json\/wp\/v2\/media?parent=18315"}],"curies":[{"name":"wp","href":"https:\/\/api.w.org\/{rel}","templated":true}]}}