{"id":17860,"date":"2024-03-26T10:54:26","date_gmt":"2024-03-26T09:54:26","guid":{"rendered":"https:\/\/www.chespa.eu\/peanuts\/"},"modified":"2026-02-10T09:38:34","modified_gmt":"2026-02-10T08:38:34","slug":"peanuts","status":"publish","type":"page","link":"https:\/\/www.chespa.eu\/es\/productos\/servicios\/innowacje\/peanuts\/","title":{"rendered":"peanuts"},"content":{"rendered":"<p><a href=\"https:\/\/www.chespa.eu\/wp-content\/uploads\/2024\/05\/peanuts_beige.png\" rel=\"lightbox[17860]\"><img loading=\"lazy\" decoding=\"async\" class=\"alignnone wp-image-17848\" src=\"https:\/\/www.chespa.eu\/wp-content\/uploads\/2024\/05\/peanuts_beige-264x300.png\" alt=\"\" width=\"250\" height=\"284\" srcset=\"https:\/\/www.chespa.eu\/wp-content\/uploads\/2024\/05\/peanuts_beige-264x300.png 264w, https:\/\/www.chespa.eu\/wp-content\/uploads\/2024\/05\/peanuts_beige-768x873.png 768w, https:\/\/www.chespa.eu\/wp-content\/uploads\/2024\/05\/peanuts_beige.png 860w\" sizes=\"auto, (max-width: 250px) 100vw, 250px\" \/><\/a><\/p>\n<p>&nbsp;<\/p>\n<p>Un empaque de papel de cacahuete totalmente reciclable, fabricado pensando en el medio ambiente y con una huella de carbono reducida.<\/p>\n<p>El sustrato de papel est\u00e1 protegido en el interior del empaque con <strong>recubrimientos de barrera<\/strong> (contra el agua, la grasa, el vapor de agua, el ox\u00edgeno y propiedades de termosellado) para garantizar un sellado herm\u00e9tico y una protecci\u00f3n total del producto.<\/p>\n<p>La impresi\u00f3n se realiz\u00f3 con tintas <strong>FlexiEco<\/strong>, una serie de tintas a base de agua elaboradas con materias primas renovables.<\/p>\n<p>Las planchas de impresi\u00f3n utilizadas para imprimir sobre la celulosa cuentan con certificaci\u00f3n Carbon Neutral y fueron fabricadas por Asahi Kasei con tecnolog\u00eda lavable con agua <strong>AWP\u2122-DEW<\/strong>, que tiene un menor impacto ambiental.<\/p>\n<p>La temperatura de sellado del embalaje (aproximadamente 150 grados Celsius) permiti\u00f3 un sellado herm\u00e9tico y una protecci\u00f3n total del producto.<\/p>\n<p>&nbsp;<\/p>\n<p><a href=\"https:\/\/www.chespa.eu\/wp-content\/uploads\/2024\/05\/peanuts.png\" rel=\"lightbox[17860]\"><img loading=\"lazy\" decoding=\"async\" class=\"alignnone size-medium wp-image-17814\" src=\"https:\/\/www.chespa.eu\/wp-content\/uploads\/2024\/05\/peanuts-120x300.png\" alt=\"\" width=\"120\" height=\"300\" srcset=\"https:\/\/www.chespa.eu\/wp-content\/uploads\/2024\/05\/peanuts-120x300.png 120w, https:\/\/www.chespa.eu\/wp-content\/uploads\/2024\/05\/peanuts-410x1024.png 410w, https:\/\/www.chespa.eu\/wp-content\/uploads\/2024\/05\/peanuts.png 567w\" sizes=\"auto, (max-width: 120px) 100vw, 120px\" \/><\/a><\/p>\n<p>Los envases de papel ofrecen la ventaja medioambiental de reducir la huella de carbono del proceso de impresi\u00f3n en comparaci\u00f3n con los envases convencionales, que utilizan sustratos de pel\u00edcula\/pl\u00e1stico tradicionales, tintas a base de alcohol y planchas de fotopol\u00edmero lavables con disolventes.<\/p>\n<p>El uso de nuestras tintas y planchas de fotopol\u00edmero con certificaci\u00f3n Carbon Neutral en la producci\u00f3n nos ha permitido reducir la huella de carbono de nuestros envases en un 41 % en comparaci\u00f3n con los envases convencionales.<\/p>\n<p>&nbsp;<\/p>\n<p>&nbsp;<\/p>\n<p><a href=\"https:\/\/www.chespa.eu\/wp-content\/uploads\/2024\/05\/peanuts_6w.jpg\" rel=\"lightbox[17860]\"><img loading=\"lazy\" decoding=\"async\" class=\"alignnone size-medium wp-image-17790\" src=\"https:\/\/www.chespa.eu\/wp-content\/uploads\/2024\/05\/peanuts_6w-300x243.jpg\" alt=\"\" width=\"300\" height=\"243\" srcset=\"https:\/\/www.chespa.eu\/wp-content\/uploads\/2024\/05\/peanuts_6w-300x243.jpg 300w, https:\/\/www.chespa.eu\/wp-content\/uploads\/2024\/05\/peanuts_6w-1024x830.jpg 1024w, https:\/\/www.chespa.eu\/wp-content\/uploads\/2024\/05\/peanuts_6w-768x622.jpg 768w, https:\/\/www.chespa.eu\/wp-content\/uploads\/2024\/05\/peanuts_6w.jpg 1177w\" sizes=\"auto, (max-width: 300px) 100vw, 300px\" \/><\/a><\/p>\n<p><strong>Diagrama de empaque<\/strong> (comenzando por el recubrimiento exterior):<\/p>\n<ol>\n<li><strong>FlexiLack FX Barrier WOG 08<\/strong>: recubrimiento de barrera contra agua, grasa y vapor de agua<\/li>\n<li><strong>FlexiEco<\/strong>: tinta abase de agua elaboradas con materias primas renovables<\/li>\n<li><strong>Sustrato<\/strong> papel (blanco)<\/li>\n<li><strong>FlexiLack FX Barrier WO 03 FC<\/strong>: recubrimiento de barrera contra agua y grasa<\/li>\n<li><strong>FlexiLack FX Barrier GA 08 FC<\/strong>: recubrimiento de barrera al ox\u00edgeno<\/li>\n<li><strong>FlexiLack FX Barrier WO 07 FC<\/strong>: recubrimiento de barrera contra agua y grasa, con propiedades termosellables<\/li>\n<\/ol>\n<p>&nbsp;<\/p>\n<p><strong>Ventajas del empaque:<\/strong><\/p>\n<ul>\n<li>No es necesario laminar el papel con film de polietileno \/ No es necesario laminar el papel con film de PE<\/li>\n<li>Mayor reciclabilidad del empaque<\/li>\n<li>Reducci\u00f3n del impacto ambiental<\/li>\n<li>Sistemas a base de agua<\/li>\n<li>Amplia gama de funciones del sistema de barrera: barrera contra agua, grasa, ox\u00edgeno y vapor de agua<\/li>\n<li>Combinaci\u00f3n de propiedades de barrera y termosellables del recubrimiento interior<\/li>\n<\/ul>\n<p>&nbsp;<\/p>\n<p>&nbsp;<\/p>\n<p>Los empaques son actualmente objeto de un intenso debate p\u00fablico debido a su creciente proporci\u00f3n en el flujo de residuos municipales. El constante aumento de la cantidad de residuos procedentes de diversos materiales de embalaje, como pl\u00e1sticos, papel, vidrio, etc., plantea numerosos retos medioambientales. La vida \u00fatil de los envases se acorta cada vez m\u00e1s debido a la din\u00e1mica de rotaci\u00f3n de dise\u00f1os gr\u00e1ficos y a la reducci\u00f3n de las series de dise\u00f1o. Por lo tanto, tras su uso, se convierten en residuos y terminan en plantas de reciclaje o vertederos.<\/p>\n<p>El objetivo de crear un envase de cacahuete completamente fabricado con papel era ofrecer al mercado envases que pudieran reciclarse o eliminarse r\u00e1pida y f\u00e1cilmente mediante procesos de compostaje, convirti\u00e9ndose en una reserva de nutrientes y materia org\u00e1nica para el suelo.<\/p>\n<p>Gracias a los componentes utilizados: papel sin estucar, recubrimientos y tintas fabricados con materias primas renovables, e impresi\u00f3n con planchas de fotopol\u00edmero con certificaci\u00f3n Carbon Neutral, logramos un \u00e9xito innegable al reducir la huella de carbono del envase en un <strong>41 %<\/strong> en comparaci\u00f3n con los envases fabricados con materias primas tradicionales. Adem\u00e1s, bas\u00e1ndonos en nuestra experiencia y conocimiento, decidimos calcular el impacto del embalaje no solo en la atm\u00f3sfera, sino tambi\u00e9n en la pedosfera, la hidrosfera y la biosfera. Los datos emp\u00edricos confirman que, en comparaci\u00f3n con los embalajes convencionales, el embalaje de papel para cacahuetes presenta un \u00edndice de toxicidad un <strong>55 %<\/strong> menor para los humanos, una reducci\u00f3n de casi el <strong>35 %<\/strong> en el impacto t\u00f3xico en el medio marino y una reducci\u00f3n del <strong>49 %<\/strong> en la ecotoxicidad en agua dulce. La reducci\u00f3n de la ecotoxicidad tambi\u00e9n es espectacular, alcanzando casi el <strong>73 %<\/strong>.<\/p>\n<p>El empaque de papel se encuentra entre los m\u00e1s respetuosos con el medio ambiente; su biodegradabilidad es alta y la descomposici\u00f3n biol\u00f3gica del papel (celulosa), entre otros materiales, repone nutrientes al medio ambiente.\u00b9 Adem\u00e1s, el embalaje de papel es una respuesta a la creciente contaminaci\u00f3n de las aguas continentales, marinas y oc\u00e9anos con pl\u00e1sticos y micropl\u00e1sticos. El proceso de disoluci\u00f3n de los envases de papel en el entorno acu\u00e1tico es significativamente m\u00e1s r\u00e1pido que el de los pl\u00e1sticos, por lo que incluso si los envases de papel terminan en el agua, se disolver\u00e1n r\u00e1pida y f\u00e1cilmente.\u00b2 Chespa promueve los envases respetuosos con el medio ambiente como una soluci\u00f3n al flujo de residuos en constante crecimiento, en particular los de pl\u00e1sticos.<\/p>\n<p>&nbsp;<\/p>\n<p><em>\u00a0<\/em><\/p>\n<h6><em>\u00b9 F.Domka, B.Kwiatkowska Biodeterioracja materia\u0142\u00f3w opakowaniowych <\/em><\/h6>\n<h6><em>\u00b2<\/em><em>Czaja N., Domka F., Biodegradacji folii na bazie PVAL z wykorzystaniem mezofilnych bakterii denitryfikacyjnych, \u201eEkologia i technika\u201d 2006, nr XIV(1), s. 3\u20139.<br \/>\n<\/em><\/h6>\n<p><a href=\"https:\/\/www.chespa.eu\/wp-content\/uploads\/2024\/05\/peanuts-Paper-bag.jpg\" rel=\"lightbox[17860]\"><img loading=\"lazy\" decoding=\"async\" class=\"alignnone size-medium wp-image-18008\" src=\"https:\/\/www.chespa.eu\/wp-content\/uploads\/2024\/05\/peanuts-Paper-bag-300x169.jpg\" alt=\"\" width=\"300\" height=\"169\" srcset=\"https:\/\/www.chespa.eu\/wp-content\/uploads\/2024\/05\/peanuts-Paper-bag-300x169.jpg 300w, https:\/\/www.chespa.eu\/wp-content\/uploads\/2024\/05\/peanuts-Paper-bag-1024x576.jpg 1024w, https:\/\/www.chespa.eu\/wp-content\/uploads\/2024\/05\/peanuts-Paper-bag-768x432.jpg 768w, https:\/\/www.chespa.eu\/wp-content\/uploads\/2024\/05\/peanuts-Paper-bag.jpg 1280w\" sizes=\"auto, (max-width: 300px) 100vw, 300px\" \/><\/a>\u00a0 <a href=\"https:\/\/www.chespa.eu\/wp-content\/uploads\/2024\/05\/peanuts-Barrier-coating.jpg\" rel=\"lightbox[17860]\"><img loading=\"lazy\" decoding=\"async\" class=\"alignnone size-medium wp-image-18002\" src=\"https:\/\/www.chespa.eu\/wp-content\/uploads\/2024\/05\/peanuts-Barrier-coating-300x169.jpg\" alt=\"\" width=\"300\" height=\"169\" srcset=\"https:\/\/www.chespa.eu\/wp-content\/uploads\/2024\/05\/peanuts-Barrier-coating-300x169.jpg 300w, https:\/\/www.chespa.eu\/wp-content\/uploads\/2024\/05\/peanuts-Barrier-coating-1024x576.jpg 1024w, https:\/\/www.chespa.eu\/wp-content\/uploads\/2024\/05\/peanuts-Barrier-coating-768x432.jpg 768w, https:\/\/www.chespa.eu\/wp-content\/uploads\/2024\/05\/peanuts-Barrier-coating.jpg 1280w\" sizes=\"auto, (max-width: 300px) 100vw, 300px\" \/><\/a><\/p>\n","protected":false},"excerpt":{"rendered":"<p>&nbsp; Un empaque de papel de cacahuete totalmente reciclable, fabricado pensando en el medio ambiente y con una huella de carbono reducida. El sustrato de papel est\u00e1 protegido en el interior del empaque con recubrimientos de barrera (contra el agua, la grasa, el vapor de agua, el ox\u00edgeno y propiedades de termosellado) para garantizar un [&hellip;]<\/p>\n","protected":false},"author":2,"featured_media":15997,"parent":15181,"menu_order":0,"comment_status":"closed","ping_status":"closed","template":"","meta":{"_acf_changed":false,"footnotes":""},"class_list":["post-17860","page","type-page","status-publish","has-post-thumbnail","hentry"],"acf":[],"yoast_head":"<!-- This site is optimized with the Yoast SEO plugin v27.4 - https:\/\/yoast.com\/product\/yoast-seo-wordpress\/ -->\n<title>peanuts - Chespa - printing inks, clichees, cutting dies<\/title>\n<meta name=\"robots\" content=\"index, follow, max-snippet:-1, max-image-preview:large, max-video-preview:-1\" \/>\n<link rel=\"canonical\" href=\"https:\/\/www.chespa.eu\/es\/productos\/servicios\/innowacje\/peanuts\/\" \/>\n<meta property=\"og:locale\" content=\"es_ES\" \/>\n<meta property=\"og:type\" content=\"article\" \/>\n<meta property=\"og:title\" content=\"peanuts - Chespa - printing inks, clichees, cutting dies\" \/>\n<meta property=\"og:description\" content=\"&nbsp; Un empaque de papel de cacahuete totalmente reciclable, fabricado pensando en el medio ambiente y con una huella de carbono reducida. El sustrato de papel est\u00e1 protegido en el interior del empaque con recubrimientos de barrera (contra el agua, la grasa, el vapor de agua, el ox\u00edgeno y propiedades de termosellado) para garantizar un [&hellip;]\" \/>\n<meta property=\"og:url\" content=\"https:\/\/www.chespa.eu\/es\/productos\/servicios\/innowacje\/peanuts\/\" \/>\n<meta property=\"og:site_name\" content=\"Chespa - printing inks, clichees, cutting dies\" \/>\n<meta property=\"article:modified_time\" content=\"2026-02-10T08:38:34+00:00\" \/>\n<meta property=\"og:image\" content=\"https:\/\/www.chespa.eu\/wp-content\/uploads\/2022\/04\/nature-and-technology-.jpg\" \/>\n\t<meta property=\"og:image:width\" content=\"1920\" \/>\n\t<meta property=\"og:image:height\" content=\"295\" \/>\n\t<meta property=\"og:image:type\" content=\"image\/jpeg\" \/>\n<meta name=\"twitter:card\" content=\"summary_large_image\" \/>\n<meta name=\"twitter:label1\" content=\"Est. reading time\" \/>\n\t<meta name=\"twitter:data1\" content=\"6 minutes\" \/>\n<script type=\"application\/ld+json\" class=\"yoast-schema-graph\">{\"@context\":\"https:\\\/\\\/schema.org\",\"@graph\":[{\"@type\":\"WebPage\",\"@id\":\"https:\\\/\\\/www.chespa.eu\\\/es\\\/productos\\\/servicios\\\/innowacje\\\/peanuts\\\/\",\"url\":\"https:\\\/\\\/www.chespa.eu\\\/es\\\/productos\\\/servicios\\\/innowacje\\\/peanuts\\\/\",\"name\":\"peanuts - Chespa - printing inks, clichees, cutting dies\",\"isPartOf\":{\"@id\":\"https:\\\/\\\/www.chespa.eu\\\/#website\"},\"primaryImageOfPage\":{\"@id\":\"https:\\\/\\\/www.chespa.eu\\\/es\\\/productos\\\/servicios\\\/innowacje\\\/peanuts\\\/#primaryimage\"},\"image\":{\"@id\":\"https:\\\/\\\/www.chespa.eu\\\/es\\\/productos\\\/servicios\\\/innowacje\\\/peanuts\\\/#primaryimage\"},\"thumbnailUrl\":\"https:\\\/\\\/www.chespa.eu\\\/wp-content\\\/uploads\\\/2022\\\/04\\\/nature-and-technology-.jpg\",\"datePublished\":\"2024-03-26T09:54:26+00:00\",\"dateModified\":\"2026-02-10T08:38:34+00:00\",\"breadcrumb\":{\"@id\":\"https:\\\/\\\/www.chespa.eu\\\/es\\\/productos\\\/servicios\\\/innowacje\\\/peanuts\\\/#breadcrumb\"},\"inLanguage\":\"es-ES\",\"potentialAction\":[{\"@type\":\"ReadAction\",\"target\":[\"https:\\\/\\\/www.chespa.eu\\\/es\\\/productos\\\/servicios\\\/innowacje\\\/peanuts\\\/\"]}]},{\"@type\":\"ImageObject\",\"inLanguage\":\"es-ES\",\"@id\":\"https:\\\/\\\/www.chespa.eu\\\/es\\\/productos\\\/servicios\\\/innowacje\\\/peanuts\\\/#primaryimage\",\"url\":\"https:\\\/\\\/www.chespa.eu\\\/wp-content\\\/uploads\\\/2022\\\/04\\\/nature-and-technology-.jpg\",\"contentUrl\":\"https:\\\/\\\/www.chespa.eu\\\/wp-content\\\/uploads\\\/2022\\\/04\\\/nature-and-technology-.jpg\",\"width\":1920,\"height\":295},{\"@type\":\"BreadcrumbList\",\"@id\":\"https:\\\/\\\/www.chespa.eu\\\/es\\\/productos\\\/servicios\\\/innowacje\\\/peanuts\\\/#breadcrumb\",\"itemListElement\":[{\"@type\":\"ListItem\",\"position\":1,\"name\":\"Strona g\u0142\u00f3wna\",\"item\":\"https:\\\/\\\/www.chespa.eu\\\/\"},{\"@type\":\"ListItem\",\"position\":2,\"name\":\"Productos\",\"item\":\"https:\\\/\\\/www.chespa.eu\\\/produkty\\\/\"},{\"@type\":\"ListItem\",\"position\":3,\"name\":\"Servicios\",\"item\":\"https:\\\/\\\/www.chespa.eu\\\/produkty\\\/uslugi\\\/\"},{\"@type\":\"ListItem\",\"position\":4,\"name\":\"Innovations\",\"item\":\"https:\\\/\\\/www.chespa.eu\\\/es\\\/productos\\\/servicios\\\/innowacje\\\/\"},{\"@type\":\"ListItem\",\"position\":5,\"name\":\"peanuts\"}]},{\"@type\":\"WebSite\",\"@id\":\"https:\\\/\\\/www.chespa.eu\\\/#website\",\"url\":\"https:\\\/\\\/www.chespa.eu\\\/\",\"name\":\"Chespa - printing inks, clichees, cutting dies\",\"description\":\"\",\"potentialAction\":[{\"@type\":\"SearchAction\",\"target\":{\"@type\":\"EntryPoint\",\"urlTemplate\":\"https:\\\/\\\/www.chespa.eu\\\/?s={search_term_string}\"},\"query-input\":{\"@type\":\"PropertyValueSpecification\",\"valueRequired\":true,\"valueName\":\"search_term_string\"}}],\"inLanguage\":\"es-ES\"}]}<\/script>\n<!-- \/ Yoast SEO plugin. -->","yoast_head_json":{"title":"peanuts - Chespa - printing inks, clichees, cutting dies","robots":{"index":"index","follow":"follow","max-snippet":"max-snippet:-1","max-image-preview":"max-image-preview:large","max-video-preview":"max-video-preview:-1"},"canonical":"https:\/\/www.chespa.eu\/es\/productos\/servicios\/innowacje\/peanuts\/","og_locale":"es_ES","og_type":"article","og_title":"peanuts - Chespa - printing inks, clichees, cutting dies","og_description":"&nbsp; Un empaque de papel de cacahuete totalmente reciclable, fabricado pensando en el medio ambiente y con una huella de carbono reducida. El sustrato de papel est\u00e1 protegido en el interior del empaque con recubrimientos de barrera (contra el agua, la grasa, el vapor de agua, el ox\u00edgeno y propiedades de termosellado) para garantizar un [&hellip;]","og_url":"https:\/\/www.chespa.eu\/es\/productos\/servicios\/innowacje\/peanuts\/","og_site_name":"Chespa - printing inks, clichees, cutting dies","article_modified_time":"2026-02-10T08:38:34+00:00","og_image":[{"width":1920,"height":295,"url":"https:\/\/www.chespa.eu\/wp-content\/uploads\/2022\/04\/nature-and-technology-.jpg","type":"image\/jpeg"}],"twitter_card":"summary_large_image","twitter_misc":{"Est. reading time":"6 minutes"},"schema":{"@context":"https:\/\/schema.org","@graph":[{"@type":"WebPage","@id":"https:\/\/www.chespa.eu\/es\/productos\/servicios\/innowacje\/peanuts\/","url":"https:\/\/www.chespa.eu\/es\/productos\/servicios\/innowacje\/peanuts\/","name":"peanuts - Chespa - printing inks, clichees, cutting dies","isPartOf":{"@id":"https:\/\/www.chespa.eu\/#website"},"primaryImageOfPage":{"@id":"https:\/\/www.chespa.eu\/es\/productos\/servicios\/innowacje\/peanuts\/#primaryimage"},"image":{"@id":"https:\/\/www.chespa.eu\/es\/productos\/servicios\/innowacje\/peanuts\/#primaryimage"},"thumbnailUrl":"https:\/\/www.chespa.eu\/wp-content\/uploads\/2022\/04\/nature-and-technology-.jpg","datePublished":"2024-03-26T09:54:26+00:00","dateModified":"2026-02-10T08:38:34+00:00","breadcrumb":{"@id":"https:\/\/www.chespa.eu\/es\/productos\/servicios\/innowacje\/peanuts\/#breadcrumb"},"inLanguage":"es-ES","potentialAction":[{"@type":"ReadAction","target":["https:\/\/www.chespa.eu\/es\/productos\/servicios\/innowacje\/peanuts\/"]}]},{"@type":"ImageObject","inLanguage":"es-ES","@id":"https:\/\/www.chespa.eu\/es\/productos\/servicios\/innowacje\/peanuts\/#primaryimage","url":"https:\/\/www.chespa.eu\/wp-content\/uploads\/2022\/04\/nature-and-technology-.jpg","contentUrl":"https:\/\/www.chespa.eu\/wp-content\/uploads\/2022\/04\/nature-and-technology-.jpg","width":1920,"height":295},{"@type":"BreadcrumbList","@id":"https:\/\/www.chespa.eu\/es\/productos\/servicios\/innowacje\/peanuts\/#breadcrumb","itemListElement":[{"@type":"ListItem","position":1,"name":"Strona g\u0142\u00f3wna","item":"https:\/\/www.chespa.eu\/"},{"@type":"ListItem","position":2,"name":"Productos","item":"https:\/\/www.chespa.eu\/produkty\/"},{"@type":"ListItem","position":3,"name":"Servicios","item":"https:\/\/www.chespa.eu\/produkty\/uslugi\/"},{"@type":"ListItem","position":4,"name":"Innovations","item":"https:\/\/www.chespa.eu\/es\/productos\/servicios\/innowacje\/"},{"@type":"ListItem","position":5,"name":"peanuts"}]},{"@type":"WebSite","@id":"https:\/\/www.chespa.eu\/#website","url":"https:\/\/www.chespa.eu\/","name":"Chespa - printing inks, clichees, cutting dies","description":"","potentialAction":[{"@type":"SearchAction","target":{"@type":"EntryPoint","urlTemplate":"https:\/\/www.chespa.eu\/?s={search_term_string}"},"query-input":{"@type":"PropertyValueSpecification","valueRequired":true,"valueName":"search_term_string"}}],"inLanguage":"es-ES"}]}},"_links":{"self":[{"href":"https:\/\/www.chespa.eu\/es\/wp-json\/wp\/v2\/pages\/17860","targetHints":{"allow":["GET"]}}],"collection":[{"href":"https:\/\/www.chespa.eu\/es\/wp-json\/wp\/v2\/pages"}],"about":[{"href":"https:\/\/www.chespa.eu\/es\/wp-json\/wp\/v2\/types\/page"}],"author":[{"embeddable":true,"href":"https:\/\/www.chespa.eu\/es\/wp-json\/wp\/v2\/users\/2"}],"replies":[{"embeddable":true,"href":"https:\/\/www.chespa.eu\/es\/wp-json\/wp\/v2\/comments?post=17860"}],"version-history":[{"count":7,"href":"https:\/\/www.chespa.eu\/es\/wp-json\/wp\/v2\/pages\/17860\/revisions"}],"predecessor-version":[{"id":19384,"href":"https:\/\/www.chespa.eu\/es\/wp-json\/wp\/v2\/pages\/17860\/revisions\/19384"}],"up":[{"embeddable":true,"href":"https:\/\/www.chespa.eu\/es\/wp-json\/wp\/v2\/pages\/15181"}],"wp:featuredmedia":[{"embeddable":true,"href":"https:\/\/www.chespa.eu\/es\/wp-json\/wp\/v2\/media\/15997"}],"wp:attachment":[{"href":"https:\/\/www.chespa.eu\/es\/wp-json\/wp\/v2\/media?parent=17860"}],"curies":[{"name":"wp","href":"https:\/\/api.w.org\/{rel}","templated":true}]}}