{"id":15656,"date":"2021-08-19T10:02:56","date_gmt":"2021-08-19T08:02:56","guid":{"rendered":"https:\/\/www.chespa.eu\/?page_id=15656"},"modified":"2021-08-19T10:03:55","modified_gmt":"2021-08-19T08:03:55","slug":"tintas-solventes-vario","status":"publish","type":"page","link":"https:\/\/www.chespa.eu\/es\/productos\/tintas-de-impresion\/tintas-solventes-vario\/","title":{"rendered":"Tintas solventes VARIO"},"content":{"rendered":"<p>Serie de tintas solventes, a base de resinas de PVB. Se recomiendan especialmente para<br \/>\nlaminaci\u00f3n en la tecnolog\u00eda de rotograbado. Se caracterizan por muy bajo nivel de olor<br \/>\ncon baja retenci\u00f3n de disolventes y hacen posible la laminaci\u00f3n en l\u00ednea.<\/p>\n","protected":false},"excerpt":{"rendered":"<p>Serie de tintas solventes, a base de resinas de PVB. Se recomiendan especialmente para laminaci\u00f3n en la tecnolog\u00eda de rotograbado. Se caracterizan por muy bajo nivel de olor con baja retenci\u00f3n de disolventes y hacen posible la laminaci\u00f3n en l\u00ednea.<\/p>\n","protected":false},"author":2,"featured_media":15622,"parent":18806,"menu_order":0,"comment_status":"closed","ping_status":"closed","template":"","meta":{"_acf_changed":false,"footnotes":""},"class_list":["post-15656","page","type-page","status-publish","has-post-thumbnail","hentry"],"acf":[],"yoast_head":"<!-- This site is optimized with the Yoast SEO plugin v27.4 - https:\/\/yoast.com\/product\/yoast-seo-wordpress\/ -->\n<title>Tintas solventes VARIO - Chespa - printing inks, clichees, cutting dies<\/title>\n<meta name=\"robots\" content=\"index, follow, max-snippet:-1, max-image-preview:large, max-video-preview:-1\" \/>\n<link rel=\"canonical\" href=\"https:\/\/www.chespa.eu\/es\/tintas-solventes-vario\/\" \/>\n<meta property=\"og:locale\" content=\"es_ES\" \/>\n<meta property=\"og:type\" content=\"article\" \/>\n<meta property=\"og:title\" content=\"Tintas solventes VARIO - Chespa - printing inks, clichees, cutting dies\" \/>\n<meta property=\"og:description\" content=\"Serie de tintas solventes, a base de resinas de PVB. Se recomiendan especialmente para laminaci\u00f3n en la tecnolog\u00eda de rotograbado. Se caracterizan por muy bajo nivel de olor con baja retenci\u00f3n de disolventes y hacen posible la laminaci\u00f3n en l\u00ednea.\" \/>\n<meta property=\"og:url\" content=\"https:\/\/www.chespa.eu\/es\/tintas-solventes-vario\/\" \/>\n<meta property=\"og:site_name\" content=\"Chespa - printing inks, clichees, cutting dies\" \/>\n<meta property=\"article:modified_time\" content=\"2021-08-19T08:03:55+00:00\" \/>\n<meta property=\"og:image\" content=\"https:\/\/www.chespa.eu\/wp-content\/uploads\/2021\/08\/serie_vario.png\" \/>\n\t<meta property=\"og:image:width\" content=\"1920\" \/>\n\t<meta property=\"og:image:height\" content=\"295\" \/>\n\t<meta property=\"og:image:type\" content=\"image\/png\" \/>\n<meta name=\"twitter:card\" content=\"summary_large_image\" \/>\n<script type=\"application\/ld+json\" class=\"yoast-schema-graph\">{\"@context\":\"https:\\\/\\\/schema.org\",\"@graph\":[{\"@type\":\"WebPage\",\"@id\":\"https:\\\/\\\/www.chespa.eu\\\/es\\\/tintas-solventes-vario\\\/\",\"url\":\"https:\\\/\\\/www.chespa.eu\\\/es\\\/tintas-solventes-vario\\\/\",\"name\":\"Tintas solventes VARIO - Chespa - printing inks, clichees, cutting dies\",\"isPartOf\":{\"@id\":\"https:\\\/\\\/www.chespa.eu\\\/#website\"},\"primaryImageOfPage\":{\"@id\":\"https:\\\/\\\/www.chespa.eu\\\/es\\\/tintas-solventes-vario\\\/#primaryimage\"},\"image\":{\"@id\":\"https:\\\/\\\/www.chespa.eu\\\/es\\\/tintas-solventes-vario\\\/#primaryimage\"},\"thumbnailUrl\":\"https:\\\/\\\/www.chespa.eu\\\/wp-content\\\/uploads\\\/2021\\\/08\\\/serie_vario.png\",\"datePublished\":\"2021-08-19T08:02:56+00:00\",\"dateModified\":\"2021-08-19T08:03:55+00:00\",\"breadcrumb\":{\"@id\":\"https:\\\/\\\/www.chespa.eu\\\/es\\\/tintas-solventes-vario\\\/#breadcrumb\"},\"inLanguage\":\"es-ES\",\"potentialAction\":[{\"@type\":\"ReadAction\",\"target\":[\"https:\\\/\\\/www.chespa.eu\\\/es\\\/tintas-solventes-vario\\\/\"]}]},{\"@type\":\"ImageObject\",\"inLanguage\":\"es-ES\",\"@id\":\"https:\\\/\\\/www.chespa.eu\\\/es\\\/tintas-solventes-vario\\\/#primaryimage\",\"url\":\"https:\\\/\\\/www.chespa.eu\\\/wp-content\\\/uploads\\\/2021\\\/08\\\/serie_vario.png\",\"contentUrl\":\"https:\\\/\\\/www.chespa.eu\\\/wp-content\\\/uploads\\\/2021\\\/08\\\/serie_vario.png\",\"width\":1920,\"height\":295},{\"@type\":\"BreadcrumbList\",\"@id\":\"https:\\\/\\\/www.chespa.eu\\\/es\\\/tintas-solventes-vario\\\/#breadcrumb\",\"itemListElement\":[{\"@type\":\"ListItem\",\"position\":1,\"name\":\"Strona g\u0142\u00f3wna\",\"item\":\"https:\\\/\\\/www.chespa.eu\\\/\"},{\"@type\":\"ListItem\",\"position\":2,\"name\":\"Tintas solventes VARIO\"}]},{\"@type\":\"WebSite\",\"@id\":\"https:\\\/\\\/www.chespa.eu\\\/#website\",\"url\":\"https:\\\/\\\/www.chespa.eu\\\/\",\"name\":\"Chespa - printing inks, clichees, cutting dies\",\"description\":\"\",\"potentialAction\":[{\"@type\":\"SearchAction\",\"target\":{\"@type\":\"EntryPoint\",\"urlTemplate\":\"https:\\\/\\\/www.chespa.eu\\\/?s={search_term_string}\"},\"query-input\":{\"@type\":\"PropertyValueSpecification\",\"valueRequired\":true,\"valueName\":\"search_term_string\"}}],\"inLanguage\":\"es-ES\"}]}<\/script>\n<!-- \/ Yoast SEO plugin. -->","yoast_head_json":{"title":"Tintas solventes VARIO - Chespa - printing inks, clichees, cutting dies","robots":{"index":"index","follow":"follow","max-snippet":"max-snippet:-1","max-image-preview":"max-image-preview:large","max-video-preview":"max-video-preview:-1"},"canonical":"https:\/\/www.chespa.eu\/es\/tintas-solventes-vario\/","og_locale":"es_ES","og_type":"article","og_title":"Tintas solventes VARIO - Chespa - printing inks, clichees, cutting dies","og_description":"Serie de tintas solventes, a base de resinas de PVB. Se recomiendan especialmente para laminaci\u00f3n en la tecnolog\u00eda de rotograbado. Se caracterizan por muy bajo nivel de olor con baja retenci\u00f3n de disolventes y hacen posible la laminaci\u00f3n en l\u00ednea.","og_url":"https:\/\/www.chespa.eu\/es\/tintas-solventes-vario\/","og_site_name":"Chespa - printing inks, clichees, cutting dies","article_modified_time":"2021-08-19T08:03:55+00:00","og_image":[{"width":1920,"height":295,"url":"https:\/\/www.chespa.eu\/wp-content\/uploads\/2021\/08\/serie_vario.png","type":"image\/png"}],"twitter_card":"summary_large_image","schema":{"@context":"https:\/\/schema.org","@graph":[{"@type":"WebPage","@id":"https:\/\/www.chespa.eu\/es\/tintas-solventes-vario\/","url":"https:\/\/www.chespa.eu\/es\/tintas-solventes-vario\/","name":"Tintas solventes VARIO - Chespa - printing inks, clichees, cutting dies","isPartOf":{"@id":"https:\/\/www.chespa.eu\/#website"},"primaryImageOfPage":{"@id":"https:\/\/www.chespa.eu\/es\/tintas-solventes-vario\/#primaryimage"},"image":{"@id":"https:\/\/www.chespa.eu\/es\/tintas-solventes-vario\/#primaryimage"},"thumbnailUrl":"https:\/\/www.chespa.eu\/wp-content\/uploads\/2021\/08\/serie_vario.png","datePublished":"2021-08-19T08:02:56+00:00","dateModified":"2021-08-19T08:03:55+00:00","breadcrumb":{"@id":"https:\/\/www.chespa.eu\/es\/tintas-solventes-vario\/#breadcrumb"},"inLanguage":"es-ES","potentialAction":[{"@type":"ReadAction","target":["https:\/\/www.chespa.eu\/es\/tintas-solventes-vario\/"]}]},{"@type":"ImageObject","inLanguage":"es-ES","@id":"https:\/\/www.chespa.eu\/es\/tintas-solventes-vario\/#primaryimage","url":"https:\/\/www.chespa.eu\/wp-content\/uploads\/2021\/08\/serie_vario.png","contentUrl":"https:\/\/www.chespa.eu\/wp-content\/uploads\/2021\/08\/serie_vario.png","width":1920,"height":295},{"@type":"BreadcrumbList","@id":"https:\/\/www.chespa.eu\/es\/tintas-solventes-vario\/#breadcrumb","itemListElement":[{"@type":"ListItem","position":1,"name":"Strona g\u0142\u00f3wna","item":"https:\/\/www.chespa.eu\/"},{"@type":"ListItem","position":2,"name":"Tintas solventes VARIO"}]},{"@type":"WebSite","@id":"https:\/\/www.chespa.eu\/#website","url":"https:\/\/www.chespa.eu\/","name":"Chespa - printing inks, clichees, cutting dies","description":"","potentialAction":[{"@type":"SearchAction","target":{"@type":"EntryPoint","urlTemplate":"https:\/\/www.chespa.eu\/?s={search_term_string}"},"query-input":{"@type":"PropertyValueSpecification","valueRequired":true,"valueName":"search_term_string"}}],"inLanguage":"es-ES"}]}},"_links":{"self":[{"href":"https:\/\/www.chespa.eu\/es\/wp-json\/wp\/v2\/pages\/15656","targetHints":{"allow":["GET"]}}],"collection":[{"href":"https:\/\/www.chespa.eu\/es\/wp-json\/wp\/v2\/pages"}],"about":[{"href":"https:\/\/www.chespa.eu\/es\/wp-json\/wp\/v2\/types\/page"}],"author":[{"embeddable":true,"href":"https:\/\/www.chespa.eu\/es\/wp-json\/wp\/v2\/users\/2"}],"replies":[{"embeddable":true,"href":"https:\/\/www.chespa.eu\/es\/wp-json\/wp\/v2\/comments?post=15656"}],"version-history":[{"count":1,"href":"https:\/\/www.chespa.eu\/es\/wp-json\/wp\/v2\/pages\/15656\/revisions"}],"predecessor-version":[{"id":15657,"href":"https:\/\/www.chespa.eu\/es\/wp-json\/wp\/v2\/pages\/15656\/revisions\/15657"}],"up":[{"embeddable":true,"href":"https:\/\/www.chespa.eu\/es\/wp-json\/wp\/v2\/pages\/18806"}],"wp:featuredmedia":[{"embeddable":true,"href":"https:\/\/www.chespa.eu\/es\/wp-json\/wp\/v2\/media\/15622"}],"wp:attachment":[{"href":"https:\/\/www.chespa.eu\/es\/wp-json\/wp\/v2\/media?parent=15656"}],"curies":[{"name":"wp","href":"https:\/\/api.w.org\/{rel}","templated":true}]}}