{"id":15654,"date":"2021-08-19T10:00:53","date_gmt":"2021-08-19T08:00:53","guid":{"rendered":"https:\/\/www.chespa.eu\/?page_id=15654"},"modified":"2021-08-19T10:00:53","modified_gmt":"2021-08-19T08:00:53","slug":"tintas-de-poliuretano-pure","status":"publish","type":"page","link":"https:\/\/www.chespa.eu\/es\/productos\/tintas-de-impresion\/tintas-de-poliuretano-pure\/","title":{"rendered":"Tintas de poliuretano PURE"},"content":{"rendered":"<p>Serie de tintas solventes, a base de resinas de poliuretano, para la impresi\u00f3n<br \/>\ndesuperfcie y laminaci\u00f3n. Se caracterizan por muy alta fuerza de laminaci\u00f3n y resistencia<br \/>\na los agentes qu\u00edmicos agresivos.<\/p>\n","protected":false},"excerpt":{"rendered":"<p>Serie de tintas solventes, a base de resinas de poliuretano, para la impresi\u00f3n desuperfcie y laminaci\u00f3n. Se caracterizan por muy alta fuerza de laminaci\u00f3n y resistencia a los agentes qu\u00edmicos agresivos.<\/p>\n","protected":false},"author":2,"featured_media":15610,"parent":18806,"menu_order":0,"comment_status":"closed","ping_status":"closed","template":"","meta":{"_acf_changed":false,"footnotes":""},"class_list":["post-15654","page","type-page","status-publish","has-post-thumbnail","hentry"],"acf":[],"yoast_head":"<!-- This site is optimized with the Yoast SEO plugin v27.4 - https:\/\/yoast.com\/product\/yoast-seo-wordpress\/ -->\n<title>Tintas de poliuretano PURE - Chespa - printing inks, clichees, cutting dies<\/title>\n<meta name=\"robots\" content=\"index, follow, max-snippet:-1, max-image-preview:large, max-video-preview:-1\" \/>\n<link rel=\"canonical\" href=\"https:\/\/www.chespa.eu\/es\/tintas-de-poliuretano-pure\/\" \/>\n<meta property=\"og:locale\" content=\"es_ES\" \/>\n<meta property=\"og:type\" content=\"article\" \/>\n<meta property=\"og:title\" content=\"Tintas de poliuretano PURE - Chespa - printing inks, clichees, cutting dies\" \/>\n<meta property=\"og:description\" content=\"Serie de tintas solventes, a base de resinas de poliuretano, para la impresi\u00f3n desuperfcie y laminaci\u00f3n. Se caracterizan por muy alta fuerza de laminaci\u00f3n y resistencia a los agentes qu\u00edmicos agresivos.\" \/>\n<meta property=\"og:url\" content=\"https:\/\/www.chespa.eu\/es\/tintas-de-poliuretano-pure\/\" \/>\n<meta property=\"og:site_name\" content=\"Chespa - printing inks, clichees, cutting dies\" \/>\n<meta property=\"og:image\" content=\"https:\/\/www.chespa.eu\/wp-content\/uploads\/2021\/08\/serie_pure.png\" \/>\n\t<meta property=\"og:image:width\" content=\"1920\" \/>\n\t<meta property=\"og:image:height\" content=\"295\" \/>\n\t<meta property=\"og:image:type\" content=\"image\/png\" \/>\n<meta name=\"twitter:card\" content=\"summary_large_image\" \/>\n<script type=\"application\/ld+json\" class=\"yoast-schema-graph\">{\"@context\":\"https:\\\/\\\/schema.org\",\"@graph\":[{\"@type\":\"WebPage\",\"@id\":\"https:\\\/\\\/www.chespa.eu\\\/es\\\/tintas-de-poliuretano-pure\\\/\",\"url\":\"https:\\\/\\\/www.chespa.eu\\\/es\\\/tintas-de-poliuretano-pure\\\/\",\"name\":\"Tintas de poliuretano PURE - Chespa - printing inks, clichees, cutting dies\",\"isPartOf\":{\"@id\":\"https:\\\/\\\/www.chespa.eu\\\/#website\"},\"primaryImageOfPage\":{\"@id\":\"https:\\\/\\\/www.chespa.eu\\\/es\\\/tintas-de-poliuretano-pure\\\/#primaryimage\"},\"image\":{\"@id\":\"https:\\\/\\\/www.chespa.eu\\\/es\\\/tintas-de-poliuretano-pure\\\/#primaryimage\"},\"thumbnailUrl\":\"https:\\\/\\\/www.chespa.eu\\\/wp-content\\\/uploads\\\/2021\\\/08\\\/serie_pure.png\",\"datePublished\":\"2021-08-19T08:00:53+00:00\",\"breadcrumb\":{\"@id\":\"https:\\\/\\\/www.chespa.eu\\\/es\\\/tintas-de-poliuretano-pure\\\/#breadcrumb\"},\"inLanguage\":\"es-ES\",\"potentialAction\":[{\"@type\":\"ReadAction\",\"target\":[\"https:\\\/\\\/www.chespa.eu\\\/es\\\/tintas-de-poliuretano-pure\\\/\"]}]},{\"@type\":\"ImageObject\",\"inLanguage\":\"es-ES\",\"@id\":\"https:\\\/\\\/www.chespa.eu\\\/es\\\/tintas-de-poliuretano-pure\\\/#primaryimage\",\"url\":\"https:\\\/\\\/www.chespa.eu\\\/wp-content\\\/uploads\\\/2021\\\/08\\\/serie_pure.png\",\"contentUrl\":\"https:\\\/\\\/www.chespa.eu\\\/wp-content\\\/uploads\\\/2021\\\/08\\\/serie_pure.png\",\"width\":1920,\"height\":295},{\"@type\":\"BreadcrumbList\",\"@id\":\"https:\\\/\\\/www.chespa.eu\\\/es\\\/tintas-de-poliuretano-pure\\\/#breadcrumb\",\"itemListElement\":[{\"@type\":\"ListItem\",\"position\":1,\"name\":\"Strona g\u0142\u00f3wna\",\"item\":\"https:\\\/\\\/www.chespa.eu\\\/\"},{\"@type\":\"ListItem\",\"position\":2,\"name\":\"Tintas de poliuretano PURE\"}]},{\"@type\":\"WebSite\",\"@id\":\"https:\\\/\\\/www.chespa.eu\\\/#website\",\"url\":\"https:\\\/\\\/www.chespa.eu\\\/\",\"name\":\"Chespa - printing inks, clichees, cutting dies\",\"description\":\"\",\"potentialAction\":[{\"@type\":\"SearchAction\",\"target\":{\"@type\":\"EntryPoint\",\"urlTemplate\":\"https:\\\/\\\/www.chespa.eu\\\/?s={search_term_string}\"},\"query-input\":{\"@type\":\"PropertyValueSpecification\",\"valueRequired\":true,\"valueName\":\"search_term_string\"}}],\"inLanguage\":\"es-ES\"}]}<\/script>\n<!-- \/ Yoast SEO plugin. -->","yoast_head_json":{"title":"Tintas de poliuretano PURE - Chespa - printing inks, clichees, cutting dies","robots":{"index":"index","follow":"follow","max-snippet":"max-snippet:-1","max-image-preview":"max-image-preview:large","max-video-preview":"max-video-preview:-1"},"canonical":"https:\/\/www.chespa.eu\/es\/tintas-de-poliuretano-pure\/","og_locale":"es_ES","og_type":"article","og_title":"Tintas de poliuretano PURE - Chespa - printing inks, clichees, cutting dies","og_description":"Serie de tintas solventes, a base de resinas de poliuretano, para la impresi\u00f3n desuperfcie y laminaci\u00f3n. Se caracterizan por muy alta fuerza de laminaci\u00f3n y resistencia a los agentes qu\u00edmicos agresivos.","og_url":"https:\/\/www.chespa.eu\/es\/tintas-de-poliuretano-pure\/","og_site_name":"Chespa - printing inks, clichees, cutting dies","og_image":[{"width":1920,"height":295,"url":"https:\/\/www.chespa.eu\/wp-content\/uploads\/2021\/08\/serie_pure.png","type":"image\/png"}],"twitter_card":"summary_large_image","schema":{"@context":"https:\/\/schema.org","@graph":[{"@type":"WebPage","@id":"https:\/\/www.chespa.eu\/es\/tintas-de-poliuretano-pure\/","url":"https:\/\/www.chespa.eu\/es\/tintas-de-poliuretano-pure\/","name":"Tintas de poliuretano PURE - Chespa - printing inks, clichees, cutting dies","isPartOf":{"@id":"https:\/\/www.chespa.eu\/#website"},"primaryImageOfPage":{"@id":"https:\/\/www.chespa.eu\/es\/tintas-de-poliuretano-pure\/#primaryimage"},"image":{"@id":"https:\/\/www.chespa.eu\/es\/tintas-de-poliuretano-pure\/#primaryimage"},"thumbnailUrl":"https:\/\/www.chespa.eu\/wp-content\/uploads\/2021\/08\/serie_pure.png","datePublished":"2021-08-19T08:00:53+00:00","breadcrumb":{"@id":"https:\/\/www.chespa.eu\/es\/tintas-de-poliuretano-pure\/#breadcrumb"},"inLanguage":"es-ES","potentialAction":[{"@type":"ReadAction","target":["https:\/\/www.chespa.eu\/es\/tintas-de-poliuretano-pure\/"]}]},{"@type":"ImageObject","inLanguage":"es-ES","@id":"https:\/\/www.chespa.eu\/es\/tintas-de-poliuretano-pure\/#primaryimage","url":"https:\/\/www.chespa.eu\/wp-content\/uploads\/2021\/08\/serie_pure.png","contentUrl":"https:\/\/www.chespa.eu\/wp-content\/uploads\/2021\/08\/serie_pure.png","width":1920,"height":295},{"@type":"BreadcrumbList","@id":"https:\/\/www.chespa.eu\/es\/tintas-de-poliuretano-pure\/#breadcrumb","itemListElement":[{"@type":"ListItem","position":1,"name":"Strona g\u0142\u00f3wna","item":"https:\/\/www.chespa.eu\/"},{"@type":"ListItem","position":2,"name":"Tintas de poliuretano PURE"}]},{"@type":"WebSite","@id":"https:\/\/www.chespa.eu\/#website","url":"https:\/\/www.chespa.eu\/","name":"Chespa - printing inks, clichees, cutting dies","description":"","potentialAction":[{"@type":"SearchAction","target":{"@type":"EntryPoint","urlTemplate":"https:\/\/www.chespa.eu\/?s={search_term_string}"},"query-input":{"@type":"PropertyValueSpecification","valueRequired":true,"valueName":"search_term_string"}}],"inLanguage":"es-ES"}]}},"_links":{"self":[{"href":"https:\/\/www.chespa.eu\/es\/wp-json\/wp\/v2\/pages\/15654","targetHints":{"allow":["GET"]}}],"collection":[{"href":"https:\/\/www.chespa.eu\/es\/wp-json\/wp\/v2\/pages"}],"about":[{"href":"https:\/\/www.chespa.eu\/es\/wp-json\/wp\/v2\/types\/page"}],"author":[{"embeddable":true,"href":"https:\/\/www.chespa.eu\/es\/wp-json\/wp\/v2\/users\/2"}],"replies":[{"embeddable":true,"href":"https:\/\/www.chespa.eu\/es\/wp-json\/wp\/v2\/comments?post=15654"}],"version-history":[{"count":1,"href":"https:\/\/www.chespa.eu\/es\/wp-json\/wp\/v2\/pages\/15654\/revisions"}],"predecessor-version":[{"id":15655,"href":"https:\/\/www.chespa.eu\/es\/wp-json\/wp\/v2\/pages\/15654\/revisions\/15655"}],"up":[{"embeddable":true,"href":"https:\/\/www.chespa.eu\/es\/wp-json\/wp\/v2\/pages\/18806"}],"wp:featuredmedia":[{"embeddable":true,"href":"https:\/\/www.chespa.eu\/es\/wp-json\/wp\/v2\/media\/15610"}],"wp:attachment":[{"href":"https:\/\/www.chespa.eu\/es\/wp-json\/wp\/v2\/media?parent=15654"}],"curies":[{"name":"wp","href":"https:\/\/api.w.org\/{rel}","templated":true}]}}