{"id":1253,"date":"2016-02-15T11:38:55","date_gmt":"2016-02-15T10:38:55","guid":{"rendered":"http:\/\/chespa.eu\/es\/wykrojniki-rotacyjne\/"},"modified":"2016-06-21T11:54:16","modified_gmt":"2016-06-21T09:54:16","slug":"wykrojniki-rotacyjne","status":"publish","type":"page","link":"https:\/\/www.chespa.eu\/es\/productos\/wykrojniki\/wykrojniki-rotacyjne\/","title":{"rendered":"Troqueles rotativos"},"content":{"rendered":"<p><b>Troqueles rotativos<\/b><\/p>\n<p>Es una herramienta utilizada para cortar embalajes en m\u00e1quinas rotativas, principalmente de cart\u00f3n corrugado.<br \/>\nTroqueles est\u00e1n hechos utilizando l\u00e1ser CNC y tienen la calidad m\u00e1s alta.\u00a0Ofrecemos:<\/p>\n<p><b>Troqueles rotativos parciales<\/b> &#8211; se utilizan para cortar un fragmento (una parte) del embalaje (pe. perforaci\u00f3n para arrancar), que a menudo es complementario para embalajes cortados en el plotter.\u00a0Los di\u00e1metros de los troqueles quemados de fi 174 mm a fi 690 mm. Para quemar los troqueles se aplica quemaci\u00f3n pulsada que garantiza una mejor estabilidad<br \/>\nde las l\u00edneas. Hacemos troqueles en todos los sistemas de montaje.<\/p>\n<p><b>Troqueles rotativos completos<\/b> &#8211; pueden cortar embalajes de cart\u00f3n corrugado. Se utilizan principalmente para envases de grandes dimensiones. Los di\u00e1metros de los troqueles quemados de fi 174 mm a fi 690 mm.\u00a0Para quemar los troqueles se aplica quemaci\u00f3n pulsada que garantiza una mejor estabilidad de las l\u00edneas. Hacemos troqueles en todos los sistemas de montaje.<\/p>\n","protected":false},"excerpt":{"rendered":"<p>Troqueles rotativos Es una herramienta utilizada para cortar embalajes en m\u00e1quinas rotativas, principalmente de cart\u00f3n corrugado. Troqueles est\u00e1n hechos utilizando l\u00e1ser CNC y tienen la calidad m\u00e1s alta.\u00a0Ofrecemos: Troqueles rotativos parciales &#8211; se utilizan para cortar un fragmento (una parte) del embalaje (pe. perforaci\u00f3n para arrancar), que a menudo es complementario para embalajes cortados en [&hellip;]<\/p>\n","protected":false},"author":6,"featured_media":9559,"parent":1227,"menu_order":0,"comment_status":"closed","ping_status":"closed","template":"","meta":{"_acf_changed":false,"footnotes":""},"class_list":["post-1253","page","type-page","status-publish","has-post-thumbnail","hentry"],"acf":[],"yoast_head":"<!-- This site is optimized with the Yoast SEO plugin v27.4 - https:\/\/yoast.com\/product\/yoast-seo-wordpress\/ -->\n<title>Troqueles rotativos - Chespa - printing inks, clichees, cutting dies<\/title>\n<meta name=\"robots\" content=\"index, follow, max-snippet:-1, max-image-preview:large, max-video-preview:-1\" \/>\n<link rel=\"canonical\" href=\"https:\/\/www.chespa.eu\/es\/wykrojniki-rotacyjne\/\" \/>\n<meta property=\"og:locale\" content=\"es_ES\" \/>\n<meta property=\"og:type\" content=\"article\" \/>\n<meta property=\"og:title\" content=\"Troqueles rotativos - Chespa - printing inks, clichees, cutting dies\" \/>\n<meta property=\"og:description\" content=\"Troqueles rotativos Es una herramienta utilizada para cortar embalajes en m\u00e1quinas rotativas, principalmente de cart\u00f3n corrugado. Troqueles est\u00e1n hechos utilizando l\u00e1ser CNC y tienen la calidad m\u00e1s alta.\u00a0Ofrecemos: Troqueles rotativos parciales &#8211; se utilizan para cortar un fragmento (una parte) del embalaje (pe. perforaci\u00f3n para arrancar), que a menudo es complementario para embalajes cortados en [&hellip;]\" \/>\n<meta property=\"og:url\" content=\"https:\/\/www.chespa.eu\/es\/wykrojniki-rotacyjne\/\" \/>\n<meta property=\"og:site_name\" content=\"Chespa - printing inks, clichees, cutting dies\" \/>\n<meta property=\"article:modified_time\" content=\"2016-06-21T09:54:16+00:00\" \/>\n<meta property=\"og:image\" content=\"https:\/\/www.chespa.eu\/wp-content\/uploads\/2016\/09\/wykrojniki_rotacja.jpg\" \/>\n\t<meta property=\"og:image:width\" content=\"1920\" \/>\n\t<meta property=\"og:image:height\" content=\"295\" \/>\n\t<meta property=\"og:image:type\" content=\"image\/jpeg\" \/>\n<meta name=\"twitter:card\" content=\"summary_large_image\" \/>\n<meta name=\"twitter:label1\" content=\"Est. reading time\" \/>\n\t<meta name=\"twitter:data1\" content=\"1 minute\" \/>\n<script type=\"application\/ld+json\" class=\"yoast-schema-graph\">{\"@context\":\"https:\\\/\\\/schema.org\",\"@graph\":[{\"@type\":\"WebPage\",\"@id\":\"https:\\\/\\\/www.chespa.eu\\\/es\\\/wykrojniki-rotacyjne\\\/\",\"url\":\"https:\\\/\\\/www.chespa.eu\\\/es\\\/wykrojniki-rotacyjne\\\/\",\"name\":\"Troqueles rotativos - Chespa - printing inks, clichees, cutting dies\",\"isPartOf\":{\"@id\":\"https:\\\/\\\/www.chespa.eu\\\/#website\"},\"primaryImageOfPage\":{\"@id\":\"https:\\\/\\\/www.chespa.eu\\\/es\\\/wykrojniki-rotacyjne\\\/#primaryimage\"},\"image\":{\"@id\":\"https:\\\/\\\/www.chespa.eu\\\/es\\\/wykrojniki-rotacyjne\\\/#primaryimage\"},\"thumbnailUrl\":\"https:\\\/\\\/www.chespa.eu\\\/wp-content\\\/uploads\\\/2016\\\/09\\\/wykrojniki_rotacja.jpg\",\"datePublished\":\"2016-02-15T10:38:55+00:00\",\"dateModified\":\"2016-06-21T09:54:16+00:00\",\"breadcrumb\":{\"@id\":\"https:\\\/\\\/www.chespa.eu\\\/es\\\/wykrojniki-rotacyjne\\\/#breadcrumb\"},\"inLanguage\":\"es-ES\",\"potentialAction\":[{\"@type\":\"ReadAction\",\"target\":[\"https:\\\/\\\/www.chespa.eu\\\/es\\\/wykrojniki-rotacyjne\\\/\"]}]},{\"@type\":\"ImageObject\",\"inLanguage\":\"es-ES\",\"@id\":\"https:\\\/\\\/www.chespa.eu\\\/es\\\/wykrojniki-rotacyjne\\\/#primaryimage\",\"url\":\"https:\\\/\\\/www.chespa.eu\\\/wp-content\\\/uploads\\\/2016\\\/09\\\/wykrojniki_rotacja.jpg\",\"contentUrl\":\"https:\\\/\\\/www.chespa.eu\\\/wp-content\\\/uploads\\\/2016\\\/09\\\/wykrojniki_rotacja.jpg\",\"width\":1920,\"height\":295},{\"@type\":\"BreadcrumbList\",\"@id\":\"https:\\\/\\\/www.chespa.eu\\\/es\\\/wykrojniki-rotacyjne\\\/#breadcrumb\",\"itemListElement\":[{\"@type\":\"ListItem\",\"position\":1,\"name\":\"Strona g\u0142\u00f3wna\",\"item\":\"https:\\\/\\\/www.chespa.eu\\\/\"},{\"@type\":\"ListItem\",\"position\":2,\"name\":\"Troqueles rotativos\"}]},{\"@type\":\"WebSite\",\"@id\":\"https:\\\/\\\/www.chespa.eu\\\/#website\",\"url\":\"https:\\\/\\\/www.chespa.eu\\\/\",\"name\":\"Chespa - printing inks, clichees, cutting dies\",\"description\":\"\",\"potentialAction\":[{\"@type\":\"SearchAction\",\"target\":{\"@type\":\"EntryPoint\",\"urlTemplate\":\"https:\\\/\\\/www.chespa.eu\\\/?s={search_term_string}\"},\"query-input\":{\"@type\":\"PropertyValueSpecification\",\"valueRequired\":true,\"valueName\":\"search_term_string\"}}],\"inLanguage\":\"es-ES\"}]}<\/script>\n<!-- \/ Yoast SEO plugin. -->","yoast_head_json":{"title":"Troqueles rotativos - Chespa - printing inks, clichees, cutting dies","robots":{"index":"index","follow":"follow","max-snippet":"max-snippet:-1","max-image-preview":"max-image-preview:large","max-video-preview":"max-video-preview:-1"},"canonical":"https:\/\/www.chespa.eu\/es\/wykrojniki-rotacyjne\/","og_locale":"es_ES","og_type":"article","og_title":"Troqueles rotativos - Chespa - printing inks, clichees, cutting dies","og_description":"Troqueles rotativos Es una herramienta utilizada para cortar embalajes en m\u00e1quinas rotativas, principalmente de cart\u00f3n corrugado. Troqueles est\u00e1n hechos utilizando l\u00e1ser CNC y tienen la calidad m\u00e1s alta.\u00a0Ofrecemos: Troqueles rotativos parciales &#8211; se utilizan para cortar un fragmento (una parte) del embalaje (pe. perforaci\u00f3n para arrancar), que a menudo es complementario para embalajes cortados en [&hellip;]","og_url":"https:\/\/www.chespa.eu\/es\/wykrojniki-rotacyjne\/","og_site_name":"Chespa - printing inks, clichees, cutting dies","article_modified_time":"2016-06-21T09:54:16+00:00","og_image":[{"width":1920,"height":295,"url":"https:\/\/www.chespa.eu\/wp-content\/uploads\/2016\/09\/wykrojniki_rotacja.jpg","type":"image\/jpeg"}],"twitter_card":"summary_large_image","twitter_misc":{"Est. reading time":"1 minute"},"schema":{"@context":"https:\/\/schema.org","@graph":[{"@type":"WebPage","@id":"https:\/\/www.chespa.eu\/es\/wykrojniki-rotacyjne\/","url":"https:\/\/www.chespa.eu\/es\/wykrojniki-rotacyjne\/","name":"Troqueles rotativos - Chespa - printing inks, clichees, cutting dies","isPartOf":{"@id":"https:\/\/www.chespa.eu\/#website"},"primaryImageOfPage":{"@id":"https:\/\/www.chespa.eu\/es\/wykrojniki-rotacyjne\/#primaryimage"},"image":{"@id":"https:\/\/www.chespa.eu\/es\/wykrojniki-rotacyjne\/#primaryimage"},"thumbnailUrl":"https:\/\/www.chespa.eu\/wp-content\/uploads\/2016\/09\/wykrojniki_rotacja.jpg","datePublished":"2016-02-15T10:38:55+00:00","dateModified":"2016-06-21T09:54:16+00:00","breadcrumb":{"@id":"https:\/\/www.chespa.eu\/es\/wykrojniki-rotacyjne\/#breadcrumb"},"inLanguage":"es-ES","potentialAction":[{"@type":"ReadAction","target":["https:\/\/www.chespa.eu\/es\/wykrojniki-rotacyjne\/"]}]},{"@type":"ImageObject","inLanguage":"es-ES","@id":"https:\/\/www.chespa.eu\/es\/wykrojniki-rotacyjne\/#primaryimage","url":"https:\/\/www.chespa.eu\/wp-content\/uploads\/2016\/09\/wykrojniki_rotacja.jpg","contentUrl":"https:\/\/www.chespa.eu\/wp-content\/uploads\/2016\/09\/wykrojniki_rotacja.jpg","width":1920,"height":295},{"@type":"BreadcrumbList","@id":"https:\/\/www.chespa.eu\/es\/wykrojniki-rotacyjne\/#breadcrumb","itemListElement":[{"@type":"ListItem","position":1,"name":"Strona g\u0142\u00f3wna","item":"https:\/\/www.chespa.eu\/"},{"@type":"ListItem","position":2,"name":"Troqueles rotativos"}]},{"@type":"WebSite","@id":"https:\/\/www.chespa.eu\/#website","url":"https:\/\/www.chespa.eu\/","name":"Chespa - printing inks, clichees, cutting dies","description":"","potentialAction":[{"@type":"SearchAction","target":{"@type":"EntryPoint","urlTemplate":"https:\/\/www.chespa.eu\/?s={search_term_string}"},"query-input":{"@type":"PropertyValueSpecification","valueRequired":true,"valueName":"search_term_string"}}],"inLanguage":"es-ES"}]}},"_links":{"self":[{"href":"https:\/\/www.chespa.eu\/es\/wp-json\/wp\/v2\/pages\/1253","targetHints":{"allow":["GET"]}}],"collection":[{"href":"https:\/\/www.chespa.eu\/es\/wp-json\/wp\/v2\/pages"}],"about":[{"href":"https:\/\/www.chespa.eu\/es\/wp-json\/wp\/v2\/types\/page"}],"author":[{"embeddable":true,"href":"https:\/\/www.chespa.eu\/es\/wp-json\/wp\/v2\/users\/6"}],"replies":[{"embeddable":true,"href":"https:\/\/www.chespa.eu\/es\/wp-json\/wp\/v2\/comments?post=1253"}],"version-history":[{"count":7,"href":"https:\/\/www.chespa.eu\/es\/wp-json\/wp\/v2\/pages\/1253\/revisions"}],"predecessor-version":[{"id":3530,"href":"https:\/\/www.chespa.eu\/es\/wp-json\/wp\/v2\/pages\/1253\/revisions\/3530"}],"up":[{"embeddable":true,"href":"https:\/\/www.chespa.eu\/es\/wp-json\/wp\/v2\/pages\/1227"}],"wp:featuredmedia":[{"embeddable":true,"href":"https:\/\/www.chespa.eu\/es\/wp-json\/wp\/v2\/media\/9559"}],"wp:attachment":[{"href":"https:\/\/www.chespa.eu\/es\/wp-json\/wp\/v2\/media?parent=1253"}],"curies":[{"name":"wp","href":"https:\/\/api.w.org\/{rel}","templated":true}]}}