{"id":1214,"date":"2016-02-15T10:53:17","date_gmt":"2016-02-15T09:53:17","guid":{"rendered":"http:\/\/chespa.eu\/es\/weryfikatory-kodow\/"},"modified":"2016-06-21T11:48:48","modified_gmt":"2016-06-21T09:48:48","slug":"weryfikatory-kodow","status":"publish","type":"page","link":"https:\/\/www.chespa.eu\/es\/productos\/planchas-de-fotopolimero\/weryfikatory-kodow\/","title":{"rendered":"Verificadores de los c\u00f3digos"},"content":{"rendered":"<p><a href=\"http:\/\/chespa.eu\/wp-content\/uploads\/2016\/02\/weryfikator.png\" rel=\"lightbox[1214]\"><img loading=\"lazy\" decoding=\"async\" class=\"wp-image-430 size-full alignleft\" src=\"https:\/\/chespa.eu\/wp-content\/uploads\/2016\/02\/weryfikator.png\" alt=\"weryfikator\" width=\"247\" height=\"252\" \/><\/a><\/p>\n<p>&nbsp;<\/p>\n<div>\n<p>&nbsp;<\/p>\n<p>&nbsp;<\/p>\n<p>&nbsp;<\/p>\n<p>&nbsp;<\/p>\n<p>&nbsp;<\/p>\n<p>&nbsp;<\/p>\n<p>&nbsp;<\/p>\n<p>&nbsp;<\/p>\n<p>Hoy en d\u00eda los criterios de calidad de la impresi\u00f3n de todo tipo de c\u00f3digos en los empaques son cada vez m\u00e1s estrictos. Esto se refiere particularmente a la flexogr\u00e1fia debido a que en este proceso de impresi\u00f3n est\u00e1n presentes factores (desconocidos en otras t\u00e9cnicas) que pueden afectar la lectura de los c\u00f3digos correcta. Por lo tanto, Chespa est\u00e1 equipado con la \u00faltima tecnolog\u00eda para verificar los c\u00f3digos impresos.\u00a0Rea Scan Check 3 permite analizar todos los tipos de c\u00f3digos de barras de acuerdo con los requisitos de la norma GS 1.\u00a0El segundo de los verificadores Rea MLV-2 se\u00a0utiliza para evaluar los c\u00f3digos de 2 D, pe. Cada vez m\u00e1s populares c\u00f3digos QR.<\/p>\n<\/div>\n<p>&nbsp;<\/p>\n","protected":false},"excerpt":{"rendered":"<p>&nbsp; &nbsp; &nbsp; &nbsp; &nbsp; &nbsp; &nbsp; &nbsp; &nbsp; Hoy en d\u00eda los criterios de calidad de la impresi\u00f3n de todo tipo de c\u00f3digos en los empaques son cada vez m\u00e1s estrictos. Esto se refiere particularmente a la flexogr\u00e1fia debido a que en este proceso de impresi\u00f3n est\u00e1n presentes factores (desconocidos en otras t\u00e9cnicas) que [&hellip;]<\/p>\n","protected":false},"author":6,"featured_media":0,"parent":18807,"menu_order":0,"comment_status":"closed","ping_status":"closed","template":"","meta":{"_acf_changed":false,"footnotes":""},"class_list":["post-1214","page","type-page","status-publish","hentry"],"acf":[],"yoast_head":"<!-- This site is optimized with the Yoast SEO plugin v27.3 - https:\/\/yoast.com\/product\/yoast-seo-wordpress\/ -->\n<title>Verificadores de los c\u00f3digos - Chespa - printing inks, clichees, cutting dies<\/title>\n<meta name=\"robots\" content=\"index, follow, max-snippet:-1, max-image-preview:large, max-video-preview:-1\" \/>\n<link rel=\"canonical\" href=\"https:\/\/www.chespa.eu\/es\/weryfikatory-kodow\/\" \/>\n<meta property=\"og:locale\" content=\"es_ES\" \/>\n<meta property=\"og:type\" content=\"article\" \/>\n<meta property=\"og:title\" content=\"Verificadores de los c\u00f3digos - Chespa - printing inks, clichees, cutting dies\" \/>\n<meta property=\"og:description\" content=\"&nbsp; &nbsp; &nbsp; &nbsp; &nbsp; &nbsp; &nbsp; &nbsp; &nbsp; Hoy en d\u00eda los criterios de calidad de la impresi\u00f3n de todo tipo de c\u00f3digos en los empaques son cada vez m\u00e1s estrictos. Esto se refiere particularmente a la flexogr\u00e1fia debido a que en este proceso de impresi\u00f3n est\u00e1n presentes factores (desconocidos en otras t\u00e9cnicas) que [&hellip;]\" \/>\n<meta property=\"og:url\" content=\"https:\/\/www.chespa.eu\/es\/weryfikatory-kodow\/\" \/>\n<meta property=\"og:site_name\" content=\"Chespa - printing inks, clichees, cutting dies\" \/>\n<meta property=\"article:modified_time\" content=\"2016-06-21T09:48:48+00:00\" \/>\n<meta property=\"og:image\" content=\"http:\/\/chespa.eu\/wp-content\/uploads\/2016\/02\/weryfikator.png\" \/>\n<meta name=\"twitter:card\" content=\"summary_large_image\" \/>\n<meta name=\"twitter:label1\" content=\"Est. reading time\" \/>\n\t<meta name=\"twitter:data1\" content=\"1 minute\" \/>\n<script type=\"application\/ld+json\" class=\"yoast-schema-graph\">{\"@context\":\"https:\\\/\\\/schema.org\",\"@graph\":[{\"@type\":\"WebPage\",\"@id\":\"https:\\\/\\\/www.chespa.eu\\\/es\\\/weryfikatory-kodow\\\/\",\"url\":\"https:\\\/\\\/www.chespa.eu\\\/es\\\/weryfikatory-kodow\\\/\",\"name\":\"Verificadores de los c\u00f3digos - Chespa - printing inks, clichees, cutting dies\",\"isPartOf\":{\"@id\":\"https:\\\/\\\/www.chespa.eu\\\/#website\"},\"primaryImageOfPage\":{\"@id\":\"https:\\\/\\\/www.chespa.eu\\\/es\\\/weryfikatory-kodow\\\/#primaryimage\"},\"image\":{\"@id\":\"https:\\\/\\\/www.chespa.eu\\\/es\\\/weryfikatory-kodow\\\/#primaryimage\"},\"thumbnailUrl\":\"http:\\\/\\\/chespa.eu\\\/wp-content\\\/uploads\\\/2016\\\/02\\\/weryfikator.png\",\"datePublished\":\"2016-02-15T09:53:17+00:00\",\"dateModified\":\"2016-06-21T09:48:48+00:00\",\"breadcrumb\":{\"@id\":\"https:\\\/\\\/www.chespa.eu\\\/es\\\/weryfikatory-kodow\\\/#breadcrumb\"},\"inLanguage\":\"es-ES\",\"potentialAction\":[{\"@type\":\"ReadAction\",\"target\":[\"https:\\\/\\\/www.chespa.eu\\\/es\\\/weryfikatory-kodow\\\/\"]}]},{\"@type\":\"ImageObject\",\"inLanguage\":\"es-ES\",\"@id\":\"https:\\\/\\\/www.chespa.eu\\\/es\\\/weryfikatory-kodow\\\/#primaryimage\",\"url\":\"http:\\\/\\\/chespa.eu\\\/wp-content\\\/uploads\\\/2016\\\/02\\\/weryfikator.png\",\"contentUrl\":\"http:\\\/\\\/chespa.eu\\\/wp-content\\\/uploads\\\/2016\\\/02\\\/weryfikator.png\"},{\"@type\":\"BreadcrumbList\",\"@id\":\"https:\\\/\\\/www.chespa.eu\\\/es\\\/weryfikatory-kodow\\\/#breadcrumb\",\"itemListElement\":[{\"@type\":\"ListItem\",\"position\":1,\"name\":\"Strona g\u0142\u00f3wna\",\"item\":\"https:\\\/\\\/www.chespa.eu\\\/\"},{\"@type\":\"ListItem\",\"position\":2,\"name\":\"Verificadores de los c\u00f3digos\"}]},{\"@type\":\"WebSite\",\"@id\":\"https:\\\/\\\/www.chespa.eu\\\/#website\",\"url\":\"https:\\\/\\\/www.chespa.eu\\\/\",\"name\":\"Chespa - printing inks, clichees, cutting dies\",\"description\":\"\",\"potentialAction\":[{\"@type\":\"SearchAction\",\"target\":{\"@type\":\"EntryPoint\",\"urlTemplate\":\"https:\\\/\\\/www.chespa.eu\\\/?s={search_term_string}\"},\"query-input\":{\"@type\":\"PropertyValueSpecification\",\"valueRequired\":true,\"valueName\":\"search_term_string\"}}],\"inLanguage\":\"es-ES\"}]}<\/script>\n<!-- \/ Yoast SEO plugin. -->","yoast_head_json":{"title":"Verificadores de los c\u00f3digos - Chespa - printing inks, clichees, cutting dies","robots":{"index":"index","follow":"follow","max-snippet":"max-snippet:-1","max-image-preview":"max-image-preview:large","max-video-preview":"max-video-preview:-1"},"canonical":"https:\/\/www.chespa.eu\/es\/weryfikatory-kodow\/","og_locale":"es_ES","og_type":"article","og_title":"Verificadores de los c\u00f3digos - Chespa - printing inks, clichees, cutting dies","og_description":"&nbsp; &nbsp; &nbsp; &nbsp; &nbsp; &nbsp; &nbsp; &nbsp; &nbsp; Hoy en d\u00eda los criterios de calidad de la impresi\u00f3n de todo tipo de c\u00f3digos en los empaques son cada vez m\u00e1s estrictos. Esto se refiere particularmente a la flexogr\u00e1fia debido a que en este proceso de impresi\u00f3n est\u00e1n presentes factores (desconocidos en otras t\u00e9cnicas) que [&hellip;]","og_url":"https:\/\/www.chespa.eu\/es\/weryfikatory-kodow\/","og_site_name":"Chespa - printing inks, clichees, cutting dies","article_modified_time":"2016-06-21T09:48:48+00:00","og_image":[{"url":"http:\/\/chespa.eu\/wp-content\/uploads\/2016\/02\/weryfikator.png","type":"","width":"","height":""}],"twitter_card":"summary_large_image","twitter_misc":{"Est. reading time":"1 minute"},"schema":{"@context":"https:\/\/schema.org","@graph":[{"@type":"WebPage","@id":"https:\/\/www.chespa.eu\/es\/weryfikatory-kodow\/","url":"https:\/\/www.chespa.eu\/es\/weryfikatory-kodow\/","name":"Verificadores de los c\u00f3digos - Chespa - printing inks, clichees, cutting dies","isPartOf":{"@id":"https:\/\/www.chespa.eu\/#website"},"primaryImageOfPage":{"@id":"https:\/\/www.chespa.eu\/es\/weryfikatory-kodow\/#primaryimage"},"image":{"@id":"https:\/\/www.chespa.eu\/es\/weryfikatory-kodow\/#primaryimage"},"thumbnailUrl":"http:\/\/chespa.eu\/wp-content\/uploads\/2016\/02\/weryfikator.png","datePublished":"2016-02-15T09:53:17+00:00","dateModified":"2016-06-21T09:48:48+00:00","breadcrumb":{"@id":"https:\/\/www.chespa.eu\/es\/weryfikatory-kodow\/#breadcrumb"},"inLanguage":"es-ES","potentialAction":[{"@type":"ReadAction","target":["https:\/\/www.chespa.eu\/es\/weryfikatory-kodow\/"]}]},{"@type":"ImageObject","inLanguage":"es-ES","@id":"https:\/\/www.chespa.eu\/es\/weryfikatory-kodow\/#primaryimage","url":"http:\/\/chespa.eu\/wp-content\/uploads\/2016\/02\/weryfikator.png","contentUrl":"http:\/\/chespa.eu\/wp-content\/uploads\/2016\/02\/weryfikator.png"},{"@type":"BreadcrumbList","@id":"https:\/\/www.chespa.eu\/es\/weryfikatory-kodow\/#breadcrumb","itemListElement":[{"@type":"ListItem","position":1,"name":"Strona g\u0142\u00f3wna","item":"https:\/\/www.chespa.eu\/"},{"@type":"ListItem","position":2,"name":"Verificadores de los c\u00f3digos"}]},{"@type":"WebSite","@id":"https:\/\/www.chespa.eu\/#website","url":"https:\/\/www.chespa.eu\/","name":"Chespa - printing inks, clichees, cutting dies","description":"","potentialAction":[{"@type":"SearchAction","target":{"@type":"EntryPoint","urlTemplate":"https:\/\/www.chespa.eu\/?s={search_term_string}"},"query-input":{"@type":"PropertyValueSpecification","valueRequired":true,"valueName":"search_term_string"}}],"inLanguage":"es-ES"}]}},"_links":{"self":[{"href":"https:\/\/www.chespa.eu\/es\/wp-json\/wp\/v2\/pages\/1214","targetHints":{"allow":["GET"]}}],"collection":[{"href":"https:\/\/www.chespa.eu\/es\/wp-json\/wp\/v2\/pages"}],"about":[{"href":"https:\/\/www.chespa.eu\/es\/wp-json\/wp\/v2\/types\/page"}],"author":[{"embeddable":true,"href":"https:\/\/www.chespa.eu\/es\/wp-json\/wp\/v2\/users\/6"}],"replies":[{"embeddable":true,"href":"https:\/\/www.chespa.eu\/es\/wp-json\/wp\/v2\/comments?post=1214"}],"version-history":[{"count":7,"href":"https:\/\/www.chespa.eu\/es\/wp-json\/wp\/v2\/pages\/1214\/revisions"}],"predecessor-version":[{"id":3523,"href":"https:\/\/www.chespa.eu\/es\/wp-json\/wp\/v2\/pages\/1214\/revisions\/3523"}],"up":[{"embeddable":true,"href":"https:\/\/www.chespa.eu\/es\/wp-json\/wp\/v2\/pages\/18807"}],"wp:attachment":[{"href":"https:\/\/www.chespa.eu\/es\/wp-json\/wp\/v2\/media?parent=1214"}],"curies":[{"name":"wp","href":"https:\/\/api.w.org\/{rel}","templated":true}]}}