{"id":1187,"date":"2016-02-15T10:29:38","date_gmt":"2016-02-15T09:29:38","guid":{"rendered":"http:\/\/chespa.eu\/es\/tuleje-inround\/"},"modified":"2016-06-21T11:44:05","modified_gmt":"2016-06-21T09:44:05","slug":"tuleje-inround","status":"publish","type":"page","link":"https:\/\/www.chespa.eu\/es\/productos\/planchas-de-fotopolimero\/tuleje-inround\/","title":{"rendered":"Camisas InRound"},"content":{"rendered":"<p>Camisas InRound son formas de fotopol\u00edmero para la infinita impresi\u00f3n de los empaques, utilizadas siempre cuando no puede verse el borde de uni\u00f3n. Tambi\u00e9n aumentan significativamente la comodidad y la calidad de impresi\u00f3n &#8211; menos residuos, registros perfectos, puesta a punto r\u00e1pida y una mayor velocidad de impresi\u00f3n.<\/p>\n<p>Debido a que las camisas InRound son m\u00e1s resistentes que las formas tradicionales, permiten mayor actuaci\u00f3n y las repeticiones.<br \/>\nDisponibles en tama\u00f1os de 250 a 1200 mm y longitud hasta 1750 mm.<\/p>\n<p>Se puede utilizar las camisas con tintas a base de agua, alcohol y UV curables para la impresi\u00f3n de:<br \/>\n&#8211; envases flexibles<br \/>\n&#8211; etiquetas<br \/>\n&#8211; envases de papel de aluminio<br \/>\n&#8211; envases de papel termoretr\u00e1ctil (mangas)<br \/>\n&#8211; cart\u00f3n compacto<br \/>\n&#8211; papeles decorativos<br \/>\n&#8211; servilletas<\/p>\n","protected":false},"excerpt":{"rendered":"<p>Camisas InRound son formas de fotopol\u00edmero para la infinita impresi\u00f3n de los empaques, utilizadas siempre cuando no puede verse el borde de uni\u00f3n. Tambi\u00e9n aumentan significativamente la comodidad y la calidad de impresi\u00f3n &#8211; menos residuos, registros perfectos, puesta a punto r\u00e1pida y una mayor velocidad de impresi\u00f3n. Debido a que las camisas InRound son [&hellip;]<\/p>\n","protected":false},"author":6,"featured_media":9553,"parent":18807,"menu_order":0,"comment_status":"closed","ping_status":"closed","template":"","meta":{"_acf_changed":false,"footnotes":""},"class_list":["post-1187","page","type-page","status-publish","has-post-thumbnail","hentry"],"acf":[],"yoast_head":"<!-- This site is optimized with the Yoast SEO plugin v27.3 - https:\/\/yoast.com\/product\/yoast-seo-wordpress\/ -->\n<title>Camisas InRound - Chespa - printing inks, clichees, cutting dies<\/title>\n<meta name=\"robots\" content=\"index, follow, max-snippet:-1, max-image-preview:large, max-video-preview:-1\" \/>\n<link rel=\"canonical\" href=\"https:\/\/www.chespa.eu\/es\/tuleje-inround\/\" \/>\n<meta property=\"og:locale\" content=\"es_ES\" \/>\n<meta property=\"og:type\" content=\"article\" \/>\n<meta property=\"og:title\" content=\"Camisas InRound - Chespa - printing inks, clichees, cutting dies\" \/>\n<meta property=\"og:description\" content=\"Camisas InRound son formas de fotopol\u00edmero para la infinita impresi\u00f3n de los empaques, utilizadas siempre cuando no puede verse el borde de uni\u00f3n. Tambi\u00e9n aumentan significativamente la comodidad y la calidad de impresi\u00f3n &#8211; menos residuos, registros perfectos, puesta a punto r\u00e1pida y una mayor velocidad de impresi\u00f3n. Debido a que las camisas InRound son [&hellip;]\" \/>\n<meta property=\"og:url\" content=\"https:\/\/www.chespa.eu\/es\/tuleje-inround\/\" \/>\n<meta property=\"og:site_name\" content=\"Chespa - printing inks, clichees, cutting dies\" \/>\n<meta property=\"article:modified_time\" content=\"2016-06-21T09:44:05+00:00\" \/>\n<meta property=\"og:image\" content=\"https:\/\/www.chespa.eu\/wp-content\/uploads\/2016\/08\/klisze.jpg\" \/>\n\t<meta property=\"og:image:width\" content=\"1920\" \/>\n\t<meta property=\"og:image:height\" content=\"295\" \/>\n\t<meta property=\"og:image:type\" content=\"image\/jpeg\" \/>\n<meta name=\"twitter:card\" content=\"summary_large_image\" \/>\n<meta name=\"twitter:label1\" content=\"Est. reading time\" \/>\n\t<meta name=\"twitter:data1\" content=\"1 minute\" \/>\n<script type=\"application\/ld+json\" class=\"yoast-schema-graph\">{\"@context\":\"https:\\\/\\\/schema.org\",\"@graph\":[{\"@type\":\"WebPage\",\"@id\":\"https:\\\/\\\/www.chespa.eu\\\/es\\\/tuleje-inround\\\/\",\"url\":\"https:\\\/\\\/www.chespa.eu\\\/es\\\/tuleje-inround\\\/\",\"name\":\"Camisas InRound - Chespa - printing inks, clichees, cutting dies\",\"isPartOf\":{\"@id\":\"https:\\\/\\\/www.chespa.eu\\\/#website\"},\"primaryImageOfPage\":{\"@id\":\"https:\\\/\\\/www.chespa.eu\\\/es\\\/tuleje-inround\\\/#primaryimage\"},\"image\":{\"@id\":\"https:\\\/\\\/www.chespa.eu\\\/es\\\/tuleje-inround\\\/#primaryimage\"},\"thumbnailUrl\":\"https:\\\/\\\/www.chespa.eu\\\/wp-content\\\/uploads\\\/2016\\\/08\\\/klisze.jpg\",\"datePublished\":\"2016-02-15T09:29:38+00:00\",\"dateModified\":\"2016-06-21T09:44:05+00:00\",\"breadcrumb\":{\"@id\":\"https:\\\/\\\/www.chespa.eu\\\/es\\\/tuleje-inround\\\/#breadcrumb\"},\"inLanguage\":\"es-ES\",\"potentialAction\":[{\"@type\":\"ReadAction\",\"target\":[\"https:\\\/\\\/www.chespa.eu\\\/es\\\/tuleje-inround\\\/\"]}]},{\"@type\":\"ImageObject\",\"inLanguage\":\"es-ES\",\"@id\":\"https:\\\/\\\/www.chespa.eu\\\/es\\\/tuleje-inround\\\/#primaryimage\",\"url\":\"https:\\\/\\\/www.chespa.eu\\\/wp-content\\\/uploads\\\/2016\\\/08\\\/klisze.jpg\",\"contentUrl\":\"https:\\\/\\\/www.chespa.eu\\\/wp-content\\\/uploads\\\/2016\\\/08\\\/klisze.jpg\",\"width\":1920,\"height\":295,\"caption\":\"klisze fotopolimerowe Chespa\"},{\"@type\":\"BreadcrumbList\",\"@id\":\"https:\\\/\\\/www.chespa.eu\\\/es\\\/tuleje-inround\\\/#breadcrumb\",\"itemListElement\":[{\"@type\":\"ListItem\",\"position\":1,\"name\":\"Strona g\u0142\u00f3wna\",\"item\":\"https:\\\/\\\/www.chespa.eu\\\/\"},{\"@type\":\"ListItem\",\"position\":2,\"name\":\"Camisas InRound\"}]},{\"@type\":\"WebSite\",\"@id\":\"https:\\\/\\\/www.chespa.eu\\\/#website\",\"url\":\"https:\\\/\\\/www.chespa.eu\\\/\",\"name\":\"Chespa - printing inks, clichees, cutting dies\",\"description\":\"\",\"potentialAction\":[{\"@type\":\"SearchAction\",\"target\":{\"@type\":\"EntryPoint\",\"urlTemplate\":\"https:\\\/\\\/www.chespa.eu\\\/?s={search_term_string}\"},\"query-input\":{\"@type\":\"PropertyValueSpecification\",\"valueRequired\":true,\"valueName\":\"search_term_string\"}}],\"inLanguage\":\"es-ES\"}]}<\/script>\n<!-- \/ Yoast SEO plugin. -->","yoast_head_json":{"title":"Camisas InRound - Chespa - printing inks, clichees, cutting dies","robots":{"index":"index","follow":"follow","max-snippet":"max-snippet:-1","max-image-preview":"max-image-preview:large","max-video-preview":"max-video-preview:-1"},"canonical":"https:\/\/www.chespa.eu\/es\/tuleje-inround\/","og_locale":"es_ES","og_type":"article","og_title":"Camisas InRound - Chespa - printing inks, clichees, cutting dies","og_description":"Camisas InRound son formas de fotopol\u00edmero para la infinita impresi\u00f3n de los empaques, utilizadas siempre cuando no puede verse el borde de uni\u00f3n. Tambi\u00e9n aumentan significativamente la comodidad y la calidad de impresi\u00f3n &#8211; menos residuos, registros perfectos, puesta a punto r\u00e1pida y una mayor velocidad de impresi\u00f3n. Debido a que las camisas InRound son [&hellip;]","og_url":"https:\/\/www.chespa.eu\/es\/tuleje-inround\/","og_site_name":"Chespa - printing inks, clichees, cutting dies","article_modified_time":"2016-06-21T09:44:05+00:00","og_image":[{"width":1920,"height":295,"url":"https:\/\/www.chespa.eu\/wp-content\/uploads\/2016\/08\/klisze.jpg","type":"image\/jpeg"}],"twitter_card":"summary_large_image","twitter_misc":{"Est. reading time":"1 minute"},"schema":{"@context":"https:\/\/schema.org","@graph":[{"@type":"WebPage","@id":"https:\/\/www.chespa.eu\/es\/tuleje-inround\/","url":"https:\/\/www.chespa.eu\/es\/tuleje-inround\/","name":"Camisas InRound - Chespa - printing inks, clichees, cutting dies","isPartOf":{"@id":"https:\/\/www.chespa.eu\/#website"},"primaryImageOfPage":{"@id":"https:\/\/www.chespa.eu\/es\/tuleje-inround\/#primaryimage"},"image":{"@id":"https:\/\/www.chespa.eu\/es\/tuleje-inround\/#primaryimage"},"thumbnailUrl":"https:\/\/www.chespa.eu\/wp-content\/uploads\/2016\/08\/klisze.jpg","datePublished":"2016-02-15T09:29:38+00:00","dateModified":"2016-06-21T09:44:05+00:00","breadcrumb":{"@id":"https:\/\/www.chespa.eu\/es\/tuleje-inround\/#breadcrumb"},"inLanguage":"es-ES","potentialAction":[{"@type":"ReadAction","target":["https:\/\/www.chespa.eu\/es\/tuleje-inround\/"]}]},{"@type":"ImageObject","inLanguage":"es-ES","@id":"https:\/\/www.chespa.eu\/es\/tuleje-inround\/#primaryimage","url":"https:\/\/www.chespa.eu\/wp-content\/uploads\/2016\/08\/klisze.jpg","contentUrl":"https:\/\/www.chespa.eu\/wp-content\/uploads\/2016\/08\/klisze.jpg","width":1920,"height":295,"caption":"klisze fotopolimerowe Chespa"},{"@type":"BreadcrumbList","@id":"https:\/\/www.chespa.eu\/es\/tuleje-inround\/#breadcrumb","itemListElement":[{"@type":"ListItem","position":1,"name":"Strona g\u0142\u00f3wna","item":"https:\/\/www.chespa.eu\/"},{"@type":"ListItem","position":2,"name":"Camisas InRound"}]},{"@type":"WebSite","@id":"https:\/\/www.chespa.eu\/#website","url":"https:\/\/www.chespa.eu\/","name":"Chespa - printing inks, clichees, cutting dies","description":"","potentialAction":[{"@type":"SearchAction","target":{"@type":"EntryPoint","urlTemplate":"https:\/\/www.chespa.eu\/?s={search_term_string}"},"query-input":{"@type":"PropertyValueSpecification","valueRequired":true,"valueName":"search_term_string"}}],"inLanguage":"es-ES"}]}},"_links":{"self":[{"href":"https:\/\/www.chespa.eu\/es\/wp-json\/wp\/v2\/pages\/1187","targetHints":{"allow":["GET"]}}],"collection":[{"href":"https:\/\/www.chespa.eu\/es\/wp-json\/wp\/v2\/pages"}],"about":[{"href":"https:\/\/www.chespa.eu\/es\/wp-json\/wp\/v2\/types\/page"}],"author":[{"embeddable":true,"href":"https:\/\/www.chespa.eu\/es\/wp-json\/wp\/v2\/users\/6"}],"replies":[{"embeddable":true,"href":"https:\/\/www.chespa.eu\/es\/wp-json\/wp\/v2\/comments?post=1187"}],"version-history":[{"count":6,"href":"https:\/\/www.chespa.eu\/es\/wp-json\/wp\/v2\/pages\/1187\/revisions"}],"predecessor-version":[{"id":3519,"href":"https:\/\/www.chespa.eu\/es\/wp-json\/wp\/v2\/pages\/1187\/revisions\/3519"}],"up":[{"embeddable":true,"href":"https:\/\/www.chespa.eu\/es\/wp-json\/wp\/v2\/pages\/18807"}],"wp:featuredmedia":[{"embeddable":true,"href":"https:\/\/www.chespa.eu\/es\/wp-json\/wp\/v2\/media\/9553"}],"wp:attachment":[{"href":"https:\/\/www.chespa.eu\/es\/wp-json\/wp\/v2\/media?parent=1187"}],"curies":[{"name":"wp","href":"https:\/\/api.w.org\/{rel}","templated":true}]}}