{"id":1147,"date":"2016-02-15T11:16:49","date_gmt":"2016-02-15T10:16:49","guid":{"rendered":"http:\/\/chespa.eu\/es\/technologia-plaskiego-punktu\/"},"modified":"2016-06-21T09:33:39","modified_gmt":"2016-06-21T07:33:39","slug":"technologia-plaskiego-punktu","status":"publish","type":"page","link":"https:\/\/www.chespa.eu\/es\/productos\/planchas-de-fotopolimero\/technologia-plaskiego-punktu\/","title":{"rendered":"Tecnolog\u00eda de punto plano"},"content":{"rendered":"<p><strong><a href=\"http:\/\/chespa.eu\/wp-content\/uploads\/2016\/02\/punkt.png\" rel=\"lightbox[1147]\"><img loading=\"lazy\" decoding=\"async\" class=\"size-medium wp-image-257 alignleft\" src=\"https:\/\/chespa.eu\/wp-content\/uploads\/2016\/02\/punkt-263x300.png\" alt=\"punkt\" width=\"263\" height=\"300\" srcset=\"https:\/\/www.chespa.eu\/wp-content\/uploads\/2016\/02\/punkt-263x300.png 263w, https:\/\/www.chespa.eu\/wp-content\/uploads\/2016\/02\/punkt.png 342w\" sizes=\"auto, (max-width: 263px) 100vw, 263px\" \/><\/a><\/strong><\/p>\n<p>&nbsp;<\/p>\n<p>&nbsp;<\/p>\n<p>&nbsp;<\/p>\n<p>&nbsp;<\/p>\n<p>&nbsp;<\/p>\n<p>&nbsp;<\/p>\n<p>&nbsp;<\/p>\n<p>&nbsp;<\/p>\n<p>&nbsp;<\/p>\n<p>&nbsp;<\/p>\n<p>&nbsp;<\/p>\n<p><strong>Tecnolog\u00eda de punto plano<\/strong><\/p>\n<p>Tecnolog\u00eda de punto plano LUX (FTD \u2013 flat top dot) consiste en cortar el suministro de ox\u00edgeno durante la exposici\u00f3n UV con el fin de evitar<br \/>\nel fen\u00f3meno de inhibici\u00f3n de ox\u00edgeno.<\/p>\n<p>Mientras que en el caso de DigiFlow la plancha en la exposici\u00f3n UV se coloca en un gas inerte, la tecnolog\u00eda LUX implica laminaci\u00f3n de la plancha<br \/>\ncon una membrana especial.<br \/>\nOfrecemos dos tipos de membranas: M100 (transparente) y M200 (mate).<\/p>\n<p>M100 corta el suministro de ox\u00edgeno y crea superficies lisas de s\u00f3lidos y puntos de trama. M200 corta el ox\u00edgeno, pero crea en la superficie<br \/>\nuna estructura porosa (sobre puntos, l\u00edneas y s\u00f3lidos) que mejora la reolog\u00eda de la tinta.<\/p>\n<p>Junto con tipos especiales de trama de alta definici\u00f3n (para puntos y s\u00f3lidos) utilizados por nosotros durante rip y grabado de las planchas<br \/>\nen\u00a0la resoluci\u00f3n 4000dpi con \u00f3ptica Pixel+, da posibilidades adicionales para extender nuestra oferta de HD Flexo.<\/p>\n<p>En la foto se puede ver comparaci\u00f3n de una plancha hecha con membrana 200 (arriba) y membrana 100 (abajo).<\/p>\n<p>&nbsp;<\/p>\n","protected":false},"excerpt":{"rendered":"<p>&nbsp; &nbsp; &nbsp; &nbsp; &nbsp; &nbsp; &nbsp; &nbsp; &nbsp; &nbsp; &nbsp; Tecnolog\u00eda de punto plano Tecnolog\u00eda de punto plano LUX (FTD \u2013 flat top dot) consiste en cortar el suministro de ox\u00edgeno durante la exposici\u00f3n UV con el fin de evitar el fen\u00f3meno de inhibici\u00f3n de ox\u00edgeno. Mientras que en el caso de DigiFlow la [&hellip;]<\/p>\n","protected":false},"author":6,"featured_media":0,"parent":18807,"menu_order":0,"comment_status":"closed","ping_status":"closed","template":"","meta":{"_acf_changed":false,"footnotes":""},"class_list":["post-1147","page","type-page","status-publish","hentry"],"acf":[],"yoast_head":"<!-- This site is optimized with the Yoast SEO plugin v27.3 - https:\/\/yoast.com\/product\/yoast-seo-wordpress\/ -->\n<title>Tecnolog\u00eda de punto plano - Chespa - printing inks, clichees, cutting dies<\/title>\n<meta name=\"robots\" content=\"index, follow, max-snippet:-1, max-image-preview:large, max-video-preview:-1\" \/>\n<link rel=\"canonical\" href=\"https:\/\/www.chespa.eu\/es\/technologia-plaskiego-punktu\/\" \/>\n<meta property=\"og:locale\" content=\"es_ES\" \/>\n<meta property=\"og:type\" content=\"article\" \/>\n<meta property=\"og:title\" content=\"Tecnolog\u00eda de punto plano - Chespa - printing inks, clichees, cutting dies\" \/>\n<meta property=\"og:description\" content=\"&nbsp; &nbsp; &nbsp; &nbsp; &nbsp; &nbsp; &nbsp; &nbsp; &nbsp; &nbsp; &nbsp; Tecnolog\u00eda de punto plano Tecnolog\u00eda de punto plano LUX (FTD \u2013 flat top dot) consiste en cortar el suministro de ox\u00edgeno durante la exposici\u00f3n UV con el fin de evitar el fen\u00f3meno de inhibici\u00f3n de ox\u00edgeno. Mientras que en el caso de DigiFlow la [&hellip;]\" \/>\n<meta property=\"og:url\" content=\"https:\/\/www.chespa.eu\/es\/technologia-plaskiego-punktu\/\" \/>\n<meta property=\"og:site_name\" content=\"Chespa - printing inks, clichees, cutting dies\" \/>\n<meta property=\"article:modified_time\" content=\"2016-06-21T07:33:39+00:00\" \/>\n<meta property=\"og:image\" content=\"http:\/\/chespa.eu\/wp-content\/uploads\/2016\/02\/punkt-263x300.png\" \/>\n<meta name=\"twitter:card\" content=\"summary_large_image\" \/>\n<meta name=\"twitter:label1\" content=\"Est. reading time\" \/>\n\t<meta name=\"twitter:data1\" content=\"1 minute\" \/>\n<script type=\"application\/ld+json\" class=\"yoast-schema-graph\">{\"@context\":\"https:\\\/\\\/schema.org\",\"@graph\":[{\"@type\":\"WebPage\",\"@id\":\"https:\\\/\\\/www.chespa.eu\\\/es\\\/technologia-plaskiego-punktu\\\/\",\"url\":\"https:\\\/\\\/www.chespa.eu\\\/es\\\/technologia-plaskiego-punktu\\\/\",\"name\":\"Tecnolog\u00eda de punto plano - Chespa - printing inks, clichees, cutting dies\",\"isPartOf\":{\"@id\":\"https:\\\/\\\/www.chespa.eu\\\/#website\"},\"primaryImageOfPage\":{\"@id\":\"https:\\\/\\\/www.chespa.eu\\\/es\\\/technologia-plaskiego-punktu\\\/#primaryimage\"},\"image\":{\"@id\":\"https:\\\/\\\/www.chespa.eu\\\/es\\\/technologia-plaskiego-punktu\\\/#primaryimage\"},\"thumbnailUrl\":\"http:\\\/\\\/chespa.eu\\\/wp-content\\\/uploads\\\/2016\\\/02\\\/punkt-263x300.png\",\"datePublished\":\"2016-02-15T10:16:49+00:00\",\"dateModified\":\"2016-06-21T07:33:39+00:00\",\"breadcrumb\":{\"@id\":\"https:\\\/\\\/www.chespa.eu\\\/es\\\/technologia-plaskiego-punktu\\\/#breadcrumb\"},\"inLanguage\":\"es-ES\",\"potentialAction\":[{\"@type\":\"ReadAction\",\"target\":[\"https:\\\/\\\/www.chespa.eu\\\/es\\\/technologia-plaskiego-punktu\\\/\"]}]},{\"@type\":\"ImageObject\",\"inLanguage\":\"es-ES\",\"@id\":\"https:\\\/\\\/www.chespa.eu\\\/es\\\/technologia-plaskiego-punktu\\\/#primaryimage\",\"url\":\"http:\\\/\\\/chespa.eu\\\/wp-content\\\/uploads\\\/2016\\\/02\\\/punkt-263x300.png\",\"contentUrl\":\"http:\\\/\\\/chespa.eu\\\/wp-content\\\/uploads\\\/2016\\\/02\\\/punkt-263x300.png\"},{\"@type\":\"BreadcrumbList\",\"@id\":\"https:\\\/\\\/www.chespa.eu\\\/es\\\/technologia-plaskiego-punktu\\\/#breadcrumb\",\"itemListElement\":[{\"@type\":\"ListItem\",\"position\":1,\"name\":\"Strona g\u0142\u00f3wna\",\"item\":\"https:\\\/\\\/www.chespa.eu\\\/\"},{\"@type\":\"ListItem\",\"position\":2,\"name\":\"Tecnolog\u00eda de punto plano\"}]},{\"@type\":\"WebSite\",\"@id\":\"https:\\\/\\\/www.chespa.eu\\\/#website\",\"url\":\"https:\\\/\\\/www.chespa.eu\\\/\",\"name\":\"Chespa - printing inks, clichees, cutting dies\",\"description\":\"\",\"potentialAction\":[{\"@type\":\"SearchAction\",\"target\":{\"@type\":\"EntryPoint\",\"urlTemplate\":\"https:\\\/\\\/www.chespa.eu\\\/?s={search_term_string}\"},\"query-input\":{\"@type\":\"PropertyValueSpecification\",\"valueRequired\":true,\"valueName\":\"search_term_string\"}}],\"inLanguage\":\"es-ES\"}]}<\/script>\n<!-- \/ Yoast SEO plugin. -->","yoast_head_json":{"title":"Tecnolog\u00eda de punto plano - Chespa - printing inks, clichees, cutting dies","robots":{"index":"index","follow":"follow","max-snippet":"max-snippet:-1","max-image-preview":"max-image-preview:large","max-video-preview":"max-video-preview:-1"},"canonical":"https:\/\/www.chespa.eu\/es\/technologia-plaskiego-punktu\/","og_locale":"es_ES","og_type":"article","og_title":"Tecnolog\u00eda de punto plano - Chespa - printing inks, clichees, cutting dies","og_description":"&nbsp; &nbsp; &nbsp; &nbsp; &nbsp; &nbsp; &nbsp; &nbsp; &nbsp; &nbsp; &nbsp; Tecnolog\u00eda de punto plano Tecnolog\u00eda de punto plano LUX (FTD \u2013 flat top dot) consiste en cortar el suministro de ox\u00edgeno durante la exposici\u00f3n UV con el fin de evitar el fen\u00f3meno de inhibici\u00f3n de ox\u00edgeno. Mientras que en el caso de DigiFlow la [&hellip;]","og_url":"https:\/\/www.chespa.eu\/es\/technologia-plaskiego-punktu\/","og_site_name":"Chespa - printing inks, clichees, cutting dies","article_modified_time":"2016-06-21T07:33:39+00:00","og_image":[{"url":"http:\/\/chespa.eu\/wp-content\/uploads\/2016\/02\/punkt-263x300.png","type":"","width":"","height":""}],"twitter_card":"summary_large_image","twitter_misc":{"Est. reading time":"1 minute"},"schema":{"@context":"https:\/\/schema.org","@graph":[{"@type":"WebPage","@id":"https:\/\/www.chespa.eu\/es\/technologia-plaskiego-punktu\/","url":"https:\/\/www.chespa.eu\/es\/technologia-plaskiego-punktu\/","name":"Tecnolog\u00eda de punto plano - Chespa - printing inks, clichees, cutting dies","isPartOf":{"@id":"https:\/\/www.chespa.eu\/#website"},"primaryImageOfPage":{"@id":"https:\/\/www.chespa.eu\/es\/technologia-plaskiego-punktu\/#primaryimage"},"image":{"@id":"https:\/\/www.chespa.eu\/es\/technologia-plaskiego-punktu\/#primaryimage"},"thumbnailUrl":"http:\/\/chespa.eu\/wp-content\/uploads\/2016\/02\/punkt-263x300.png","datePublished":"2016-02-15T10:16:49+00:00","dateModified":"2016-06-21T07:33:39+00:00","breadcrumb":{"@id":"https:\/\/www.chespa.eu\/es\/technologia-plaskiego-punktu\/#breadcrumb"},"inLanguage":"es-ES","potentialAction":[{"@type":"ReadAction","target":["https:\/\/www.chespa.eu\/es\/technologia-plaskiego-punktu\/"]}]},{"@type":"ImageObject","inLanguage":"es-ES","@id":"https:\/\/www.chespa.eu\/es\/technologia-plaskiego-punktu\/#primaryimage","url":"http:\/\/chespa.eu\/wp-content\/uploads\/2016\/02\/punkt-263x300.png","contentUrl":"http:\/\/chespa.eu\/wp-content\/uploads\/2016\/02\/punkt-263x300.png"},{"@type":"BreadcrumbList","@id":"https:\/\/www.chespa.eu\/es\/technologia-plaskiego-punktu\/#breadcrumb","itemListElement":[{"@type":"ListItem","position":1,"name":"Strona g\u0142\u00f3wna","item":"https:\/\/www.chespa.eu\/"},{"@type":"ListItem","position":2,"name":"Tecnolog\u00eda de punto plano"}]},{"@type":"WebSite","@id":"https:\/\/www.chespa.eu\/#website","url":"https:\/\/www.chespa.eu\/","name":"Chespa - printing inks, clichees, cutting dies","description":"","potentialAction":[{"@type":"SearchAction","target":{"@type":"EntryPoint","urlTemplate":"https:\/\/www.chespa.eu\/?s={search_term_string}"},"query-input":{"@type":"PropertyValueSpecification","valueRequired":true,"valueName":"search_term_string"}}],"inLanguage":"es-ES"}]}},"_links":{"self":[{"href":"https:\/\/www.chespa.eu\/es\/wp-json\/wp\/v2\/pages\/1147","targetHints":{"allow":["GET"]}}],"collection":[{"href":"https:\/\/www.chespa.eu\/es\/wp-json\/wp\/v2\/pages"}],"about":[{"href":"https:\/\/www.chespa.eu\/es\/wp-json\/wp\/v2\/types\/page"}],"author":[{"embeddable":true,"href":"https:\/\/www.chespa.eu\/es\/wp-json\/wp\/v2\/users\/6"}],"replies":[{"embeddable":true,"href":"https:\/\/www.chespa.eu\/es\/wp-json\/wp\/v2\/comments?post=1147"}],"version-history":[{"count":8,"href":"https:\/\/www.chespa.eu\/es\/wp-json\/wp\/v2\/pages\/1147\/revisions"}],"predecessor-version":[{"id":3495,"href":"https:\/\/www.chespa.eu\/es\/wp-json\/wp\/v2\/pages\/1147\/revisions\/3495"}],"up":[{"embeddable":true,"href":"https:\/\/www.chespa.eu\/es\/wp-json\/wp\/v2\/pages\/18807"}],"wp:attachment":[{"href":"https:\/\/www.chespa.eu\/es\/wp-json\/wp\/v2\/media?parent=1147"}],"curies":[{"name":"wp","href":"https:\/\/api.w.org\/{rel}","templated":true}]}}