{"id":1094,"date":"2016-02-15T12:13:16","date_gmt":"2016-02-15T11:13:16","guid":{"rendered":"http:\/\/chespa.eu\/es\/system-fly-sheet\/"},"modified":"2016-06-21T12:03:54","modified_gmt":"2016-06-21T10:03:54","slug":"system-fly-sheet","status":"publish","type":"page","link":"https:\/\/www.chespa.eu\/es\/system-fly-sheet\/","title":{"rendered":"Sistema Fly Sheet"},"content":{"rendered":"<p><a href=\"http:\/\/chespa.eu\/wp-content\/uploads\/2016\/02\/487.jpeg\" rel=\"lightbox[1094]\"><img loading=\"lazy\" decoding=\"async\" class=\"alignnone wp-image-302 size-full\" src=\"https:\/\/chespa.eu\/wp-content\/uploads\/2016\/02\/487.jpeg\" alt=\"487\" width=\"702\" height=\"352\" srcset=\"https:\/\/www.chespa.eu\/wp-content\/uploads\/2016\/02\/487.jpeg 702w, https:\/\/www.chespa.eu\/wp-content\/uploads\/2016\/02\/487-300x150.jpeg 300w\" sizes=\"auto, (max-width: 702px) 100vw, 702px\" \/><\/a><\/p>\n<p><b>Sistema Fly Sheet<\/b><\/p>\n<p>Con el fin de continuar nuestro crecimiento y entrar en nuevos mercados, hemos puesto \u00e9nfasis en los troqueles para cart\u00f3n compacto.<br \/>\nLa precisi\u00f3n\u00a0y exactitud de tales herramientas\u00a0se han incrementado, lo cual es de gran importancia. Gracias a las m\u00e1quinas de doblado autom\u00e1tico de flejes de la \u00faltima tecnolog\u00eda, somos capaces\u00a0de hacer cuchillas brochadas (con rebajes en el fleje de corte en lugares estrat\u00e9gicos). Esta soluci\u00f3n permite lograr una uni\u00f3n de las cuchillas muy precisa\u00a0y apoya a lograr dobleces del fleje de hasta 30\u00b0. Otra ventaja es la posibilidad de hacer muescas o nick\u00b4s<br \/>\n\u201con-line\u201d en el filo de<\/p>\n<p>la cuchilla. Esto asegura la reproducibilidad y exactitud entre cada boca.<\/p>\n<p>&nbsp;<\/p>\n","protected":false},"excerpt":{"rendered":"<p>Sistema Fly Sheet Con el fin de continuar nuestro crecimiento y entrar en nuevos mercados, hemos puesto \u00e9nfasis en los troqueles para cart\u00f3n compacto. La precisi\u00f3n\u00a0y exactitud de tales herramientas\u00a0se han incrementado, lo cual es de gran importancia. Gracias a las m\u00e1quinas de doblado autom\u00e1tico de flejes de la \u00faltima tecnolog\u00eda, somos capaces\u00a0de hacer cuchillas [&hellip;]<\/p>\n","protected":false},"author":6,"featured_media":0,"parent":0,"menu_order":0,"comment_status":"closed","ping_status":"closed","template":"","meta":{"_acf_changed":false,"footnotes":""},"class_list":["post-1094","page","type-page","status-publish","hentry"],"acf":[],"yoast_head":"<!-- This site is optimized with the Yoast SEO plugin v27.5 - https:\/\/yoast.com\/product\/yoast-seo-wordpress\/ -->\n<title>Sistema Fly Sheet - Chespa - printing inks, clichees, cutting dies<\/title>\n<meta name=\"robots\" content=\"index, follow, max-snippet:-1, max-image-preview:large, max-video-preview:-1\" \/>\n<link rel=\"canonical\" href=\"https:\/\/www.chespa.eu\/es\/system-fly-sheet\/\" \/>\n<meta property=\"og:locale\" content=\"es_ES\" \/>\n<meta property=\"og:type\" content=\"article\" \/>\n<meta property=\"og:title\" content=\"Sistema Fly Sheet - Chespa - printing inks, clichees, cutting dies\" \/>\n<meta property=\"og:description\" content=\"Sistema Fly Sheet Con el fin de continuar nuestro crecimiento y entrar en nuevos mercados, hemos puesto \u00e9nfasis en los troqueles para cart\u00f3n compacto. La precisi\u00f3n\u00a0y exactitud de tales herramientas\u00a0se han incrementado, lo cual es de gran importancia. Gracias a las m\u00e1quinas de doblado autom\u00e1tico de flejes de la \u00faltima tecnolog\u00eda, somos capaces\u00a0de hacer cuchillas [&hellip;]\" \/>\n<meta property=\"og:url\" content=\"https:\/\/www.chespa.eu\/es\/system-fly-sheet\/\" \/>\n<meta property=\"og:site_name\" content=\"Chespa - printing inks, clichees, cutting dies\" \/>\n<meta property=\"article:modified_time\" content=\"2016-06-21T10:03:54+00:00\" \/>\n<meta property=\"og:image\" content=\"http:\/\/chespa.eu\/wp-content\/uploads\/2016\/02\/487.jpeg\" \/>\n<meta name=\"twitter:card\" content=\"summary_large_image\" \/>\n<meta name=\"twitter:label1\" content=\"Est. reading time\" \/>\n\t<meta name=\"twitter:data1\" content=\"1 minute\" \/>\n<script type=\"application\/ld+json\" class=\"yoast-schema-graph\">{\"@context\":\"https:\\\/\\\/schema.org\",\"@graph\":[{\"@type\":\"WebPage\",\"@id\":\"https:\\\/\\\/www.chespa.eu\\\/es\\\/system-fly-sheet\\\/\",\"url\":\"https:\\\/\\\/www.chespa.eu\\\/es\\\/system-fly-sheet\\\/\",\"name\":\"Sistema Fly Sheet - Chespa - printing inks, clichees, cutting dies\",\"isPartOf\":{\"@id\":\"https:\\\/\\\/www.chespa.eu\\\/#website\"},\"primaryImageOfPage\":{\"@id\":\"https:\\\/\\\/www.chespa.eu\\\/es\\\/system-fly-sheet\\\/#primaryimage\"},\"image\":{\"@id\":\"https:\\\/\\\/www.chespa.eu\\\/es\\\/system-fly-sheet\\\/#primaryimage\"},\"thumbnailUrl\":\"http:\\\/\\\/chespa.eu\\\/wp-content\\\/uploads\\\/2016\\\/02\\\/487.jpeg\",\"datePublished\":\"2016-02-15T11:13:16+00:00\",\"dateModified\":\"2016-06-21T10:03:54+00:00\",\"breadcrumb\":{\"@id\":\"https:\\\/\\\/www.chespa.eu\\\/es\\\/system-fly-sheet\\\/#breadcrumb\"},\"inLanguage\":\"es-ES\",\"potentialAction\":[{\"@type\":\"ReadAction\",\"target\":[\"https:\\\/\\\/www.chespa.eu\\\/es\\\/system-fly-sheet\\\/\"]}]},{\"@type\":\"ImageObject\",\"inLanguage\":\"es-ES\",\"@id\":\"https:\\\/\\\/www.chespa.eu\\\/es\\\/system-fly-sheet\\\/#primaryimage\",\"url\":\"http:\\\/\\\/chespa.eu\\\/wp-content\\\/uploads\\\/2016\\\/02\\\/487.jpeg\",\"contentUrl\":\"http:\\\/\\\/chespa.eu\\\/wp-content\\\/uploads\\\/2016\\\/02\\\/487.jpeg\"},{\"@type\":\"BreadcrumbList\",\"@id\":\"https:\\\/\\\/www.chespa.eu\\\/es\\\/system-fly-sheet\\\/#breadcrumb\",\"itemListElement\":[{\"@type\":\"ListItem\",\"position\":1,\"name\":\"Strona g\u0142\u00f3wna\",\"item\":\"https:\\\/\\\/www.chespa.eu\\\/\"},{\"@type\":\"ListItem\",\"position\":2,\"name\":\"Sistema Fly Sheet\"}]},{\"@type\":\"WebSite\",\"@id\":\"https:\\\/\\\/www.chespa.eu\\\/#website\",\"url\":\"https:\\\/\\\/www.chespa.eu\\\/\",\"name\":\"Chespa - printing inks, clichees, cutting dies\",\"description\":\"\",\"potentialAction\":[{\"@type\":\"SearchAction\",\"target\":{\"@type\":\"EntryPoint\",\"urlTemplate\":\"https:\\\/\\\/www.chespa.eu\\\/?s={search_term_string}\"},\"query-input\":{\"@type\":\"PropertyValueSpecification\",\"valueRequired\":true,\"valueName\":\"search_term_string\"}}],\"inLanguage\":\"es-ES\"}]}<\/script>\n<!-- \/ Yoast SEO plugin. -->","yoast_head_json":{"title":"Sistema Fly Sheet - Chespa - printing inks, clichees, cutting dies","robots":{"index":"index","follow":"follow","max-snippet":"max-snippet:-1","max-image-preview":"max-image-preview:large","max-video-preview":"max-video-preview:-1"},"canonical":"https:\/\/www.chespa.eu\/es\/system-fly-sheet\/","og_locale":"es_ES","og_type":"article","og_title":"Sistema Fly Sheet - Chespa - printing inks, clichees, cutting dies","og_description":"Sistema Fly Sheet Con el fin de continuar nuestro crecimiento y entrar en nuevos mercados, hemos puesto \u00e9nfasis en los troqueles para cart\u00f3n compacto. La precisi\u00f3n\u00a0y exactitud de tales herramientas\u00a0se han incrementado, lo cual es de gran importancia. Gracias a las m\u00e1quinas de doblado autom\u00e1tico de flejes de la \u00faltima tecnolog\u00eda, somos capaces\u00a0de hacer cuchillas [&hellip;]","og_url":"https:\/\/www.chespa.eu\/es\/system-fly-sheet\/","og_site_name":"Chespa - printing inks, clichees, cutting dies","article_modified_time":"2016-06-21T10:03:54+00:00","og_image":[{"url":"http:\/\/chespa.eu\/wp-content\/uploads\/2016\/02\/487.jpeg","type":"","width":"","height":""}],"twitter_card":"summary_large_image","twitter_misc":{"Est. reading time":"1 minute"},"schema":{"@context":"https:\/\/schema.org","@graph":[{"@type":"WebPage","@id":"https:\/\/www.chespa.eu\/es\/system-fly-sheet\/","url":"https:\/\/www.chespa.eu\/es\/system-fly-sheet\/","name":"Sistema Fly Sheet - Chespa - printing inks, clichees, cutting dies","isPartOf":{"@id":"https:\/\/www.chespa.eu\/#website"},"primaryImageOfPage":{"@id":"https:\/\/www.chespa.eu\/es\/system-fly-sheet\/#primaryimage"},"image":{"@id":"https:\/\/www.chespa.eu\/es\/system-fly-sheet\/#primaryimage"},"thumbnailUrl":"http:\/\/chespa.eu\/wp-content\/uploads\/2016\/02\/487.jpeg","datePublished":"2016-02-15T11:13:16+00:00","dateModified":"2016-06-21T10:03:54+00:00","breadcrumb":{"@id":"https:\/\/www.chespa.eu\/es\/system-fly-sheet\/#breadcrumb"},"inLanguage":"es-ES","potentialAction":[{"@type":"ReadAction","target":["https:\/\/www.chespa.eu\/es\/system-fly-sheet\/"]}]},{"@type":"ImageObject","inLanguage":"es-ES","@id":"https:\/\/www.chespa.eu\/es\/system-fly-sheet\/#primaryimage","url":"http:\/\/chespa.eu\/wp-content\/uploads\/2016\/02\/487.jpeg","contentUrl":"http:\/\/chespa.eu\/wp-content\/uploads\/2016\/02\/487.jpeg"},{"@type":"BreadcrumbList","@id":"https:\/\/www.chespa.eu\/es\/system-fly-sheet\/#breadcrumb","itemListElement":[{"@type":"ListItem","position":1,"name":"Strona g\u0142\u00f3wna","item":"https:\/\/www.chespa.eu\/"},{"@type":"ListItem","position":2,"name":"Sistema Fly Sheet"}]},{"@type":"WebSite","@id":"https:\/\/www.chespa.eu\/#website","url":"https:\/\/www.chespa.eu\/","name":"Chespa - printing inks, clichees, cutting dies","description":"","potentialAction":[{"@type":"SearchAction","target":{"@type":"EntryPoint","urlTemplate":"https:\/\/www.chespa.eu\/?s={search_term_string}"},"query-input":{"@type":"PropertyValueSpecification","valueRequired":true,"valueName":"search_term_string"}}],"inLanguage":"es-ES"}]}},"_links":{"self":[{"href":"https:\/\/www.chespa.eu\/es\/wp-json\/wp\/v2\/pages\/1094","targetHints":{"allow":["GET"]}}],"collection":[{"href":"https:\/\/www.chespa.eu\/es\/wp-json\/wp\/v2\/pages"}],"about":[{"href":"https:\/\/www.chespa.eu\/es\/wp-json\/wp\/v2\/types\/page"}],"author":[{"embeddable":true,"href":"https:\/\/www.chespa.eu\/es\/wp-json\/wp\/v2\/users\/6"}],"replies":[{"embeddable":true,"href":"https:\/\/www.chespa.eu\/es\/wp-json\/wp\/v2\/comments?post=1094"}],"version-history":[{"count":8,"href":"https:\/\/www.chespa.eu\/es\/wp-json\/wp\/v2\/pages\/1094\/revisions"}],"predecessor-version":[{"id":3542,"href":"https:\/\/www.chespa.eu\/es\/wp-json\/wp\/v2\/pages\/1094\/revisions\/3542"}],"wp:attachment":[{"href":"https:\/\/www.chespa.eu\/es\/wp-json\/wp\/v2\/media?parent=1094"}],"curies":[{"name":"wp","href":"https:\/\/api.w.org\/{rel}","templated":true}]}}