{"id":1071,"date":"2015-12-04T13:39:21","date_gmt":"2015-12-04T12:39:21","guid":{"rendered":"http:\/\/chespa.eu\/es\/sympozjum\/"},"modified":"2017-09-25T11:46:12","modified_gmt":"2017-09-25T09:46:12","slug":"sympozjum","status":"publish","type":"page","link":"https:\/\/www.chespa.eu\/es\/sympozjum\/","title":{"rendered":"Simposio-2016"},"content":{"rendered":"<p><a href=\"http:\/\/chespa.eu\/wp-content\/uploads\/2015\/12\/924.png\"  rel=\"lightbox[1071] attachment wp-att-1081\"><img loading=\"lazy\" decoding=\"async\" class=\"alignnone size-medium wp-image-1081\" src=\"https:\/\/chespa.eu\/wp-content\/uploads\/2015\/12\/924-300x68.png\" alt=\"924\" width=\"300\" height=\"68\" srcset=\"https:\/\/www.chespa.eu\/wp-content\/uploads\/2015\/12\/924-300x68.png 300w, https:\/\/www.chespa.eu\/wp-content\/uploads\/2015\/12\/924.png 358w\" sizes=\"auto, (max-width: 300px) 100vw, 300px\" \/><\/a><\/p>\n<p><a href=\"http:\/\/www.chespa.eu\/wp-content\/uploads\/2015\/12\/Karta-zg\u0142oszeniowa-1.pdf\" class=\"mtli_attachment mtli_pdf\">Karta zg\u0142oszeniowa<\/a><\/p>\n<p><a href=\"http:\/\/www.chespa.eu\/wp-content\/uploads\/2015\/12\/Anmeldeformular.pdf\" class=\"mtli_attachment mtli_pdf\">Anmeldeformular<\/a><\/p>\n<p><a href=\"http:\/\/www.chespa.eu\/wp-content\/uploads\/2015\/12\/Registra\u010dn\u00ed-formul\u00e1\u0159.pdf\" class=\"mtli_attachment mtli_pdf\">Registra\u010dn\u00ed formul\u00e1\u0159<\/a><\/p>\n<p><a href=\"http:\/\/www.chespa.eu\/wp-content\/uploads\/2015\/12\/Registration-form.pdf\" class=\"mtli_attachment mtli_pdf\">Registration form<\/a><\/p>\n<p>&nbsp;<\/p>\n","protected":false},"excerpt":{"rendered":"<p>Karta zg\u0142oszeniowa Anmeldeformular Registra\u010dn\u00ed formul\u00e1\u0159 Registration form &nbsp;<\/p>\n","protected":false},"author":6,"featured_media":0,"parent":0,"menu_order":0,"comment_status":"closed","ping_status":"closed","template":"","meta":{"_acf_changed":false,"footnotes":""},"class_list":["post-1071","page","type-page","status-publish","hentry"],"acf":[],"yoast_head":"<!-- This site is optimized with the Yoast SEO plugin v27.3 - https:\/\/yoast.com\/product\/yoast-seo-wordpress\/ -->\n<title>Simposio-2016 - Chespa - printing inks, clichees, cutting dies<\/title>\n<meta name=\"robots\" content=\"index, follow, max-snippet:-1, max-image-preview:large, max-video-preview:-1\" \/>\n<link rel=\"canonical\" href=\"https:\/\/www.chespa.eu\/es\/sympozjum\/\" \/>\n<meta property=\"og:locale\" content=\"es_ES\" \/>\n<meta property=\"og:type\" content=\"article\" \/>\n<meta property=\"og:title\" content=\"Simposio-2016 - Chespa - printing inks, clichees, cutting dies\" \/>\n<meta property=\"og:description\" content=\"Karta zg\u0142oszeniowa Anmeldeformular Registra\u010dn\u00ed formul\u00e1\u0159 Registration form &nbsp;\" \/>\n<meta property=\"og:url\" content=\"https:\/\/www.chespa.eu\/es\/sympozjum\/\" \/>\n<meta property=\"og:site_name\" content=\"Chespa - printing inks, clichees, cutting dies\" \/>\n<meta property=\"article:modified_time\" content=\"2017-09-25T09:46:12+00:00\" \/>\n<meta property=\"og:image\" content=\"http:\/\/chespa.eu\/wp-content\/uploads\/2015\/12\/924-300x68.png\" \/>\n<meta name=\"twitter:card\" content=\"summary_large_image\" \/>\n<script type=\"application\/ld+json\" class=\"yoast-schema-graph\">{\"@context\":\"https:\\\/\\\/schema.org\",\"@graph\":[{\"@type\":\"WebPage\",\"@id\":\"https:\\\/\\\/www.chespa.eu\\\/es\\\/sympozjum\\\/\",\"url\":\"https:\\\/\\\/www.chespa.eu\\\/es\\\/sympozjum\\\/\",\"name\":\"Simposio-2016 - Chespa - printing inks, clichees, cutting dies\",\"isPartOf\":{\"@id\":\"https:\\\/\\\/www.chespa.eu\\\/#website\"},\"primaryImageOfPage\":{\"@id\":\"https:\\\/\\\/www.chespa.eu\\\/es\\\/sympozjum\\\/#primaryimage\"},\"image\":{\"@id\":\"https:\\\/\\\/www.chespa.eu\\\/es\\\/sympozjum\\\/#primaryimage\"},\"thumbnailUrl\":\"http:\\\/\\\/chespa.eu\\\/wp-content\\\/uploads\\\/2015\\\/12\\\/924-300x68.png\",\"datePublished\":\"2015-12-04T12:39:21+00:00\",\"dateModified\":\"2017-09-25T09:46:12+00:00\",\"breadcrumb\":{\"@id\":\"https:\\\/\\\/www.chespa.eu\\\/es\\\/sympozjum\\\/#breadcrumb\"},\"inLanguage\":\"es-ES\",\"potentialAction\":[{\"@type\":\"ReadAction\",\"target\":[\"https:\\\/\\\/www.chespa.eu\\\/es\\\/sympozjum\\\/\"]}]},{\"@type\":\"ImageObject\",\"inLanguage\":\"es-ES\",\"@id\":\"https:\\\/\\\/www.chespa.eu\\\/es\\\/sympozjum\\\/#primaryimage\",\"url\":\"http:\\\/\\\/chespa.eu\\\/wp-content\\\/uploads\\\/2015\\\/12\\\/924-300x68.png\",\"contentUrl\":\"http:\\\/\\\/chespa.eu\\\/wp-content\\\/uploads\\\/2015\\\/12\\\/924-300x68.png\"},{\"@type\":\"BreadcrumbList\",\"@id\":\"https:\\\/\\\/www.chespa.eu\\\/es\\\/sympozjum\\\/#breadcrumb\",\"itemListElement\":[{\"@type\":\"ListItem\",\"position\":1,\"name\":\"Strona g\u0142\u00f3wna\",\"item\":\"https:\\\/\\\/www.chespa.eu\\\/\"},{\"@type\":\"ListItem\",\"position\":2,\"name\":\"Simposio-2016\"}]},{\"@type\":\"WebSite\",\"@id\":\"https:\\\/\\\/www.chespa.eu\\\/#website\",\"url\":\"https:\\\/\\\/www.chespa.eu\\\/\",\"name\":\"Chespa - printing inks, clichees, cutting dies\",\"description\":\"\",\"potentialAction\":[{\"@type\":\"SearchAction\",\"target\":{\"@type\":\"EntryPoint\",\"urlTemplate\":\"https:\\\/\\\/www.chespa.eu\\\/?s={search_term_string}\"},\"query-input\":{\"@type\":\"PropertyValueSpecification\",\"valueRequired\":true,\"valueName\":\"search_term_string\"}}],\"inLanguage\":\"es-ES\"}]}<\/script>\n<!-- \/ Yoast SEO plugin. -->","yoast_head_json":{"title":"Simposio-2016 - Chespa - printing inks, clichees, cutting dies","robots":{"index":"index","follow":"follow","max-snippet":"max-snippet:-1","max-image-preview":"max-image-preview:large","max-video-preview":"max-video-preview:-1"},"canonical":"https:\/\/www.chespa.eu\/es\/sympozjum\/","og_locale":"es_ES","og_type":"article","og_title":"Simposio-2016 - Chespa - printing inks, clichees, cutting dies","og_description":"Karta zg\u0142oszeniowa Anmeldeformular Registra\u010dn\u00ed formul\u00e1\u0159 Registration form &nbsp;","og_url":"https:\/\/www.chespa.eu\/es\/sympozjum\/","og_site_name":"Chespa - printing inks, clichees, cutting dies","article_modified_time":"2017-09-25T09:46:12+00:00","og_image":[{"url":"http:\/\/chespa.eu\/wp-content\/uploads\/2015\/12\/924-300x68.png","type":"","width":"","height":""}],"twitter_card":"summary_large_image","schema":{"@context":"https:\/\/schema.org","@graph":[{"@type":"WebPage","@id":"https:\/\/www.chespa.eu\/es\/sympozjum\/","url":"https:\/\/www.chespa.eu\/es\/sympozjum\/","name":"Simposio-2016 - Chespa - printing inks, clichees, cutting dies","isPartOf":{"@id":"https:\/\/www.chespa.eu\/#website"},"primaryImageOfPage":{"@id":"https:\/\/www.chespa.eu\/es\/sympozjum\/#primaryimage"},"image":{"@id":"https:\/\/www.chespa.eu\/es\/sympozjum\/#primaryimage"},"thumbnailUrl":"http:\/\/chespa.eu\/wp-content\/uploads\/2015\/12\/924-300x68.png","datePublished":"2015-12-04T12:39:21+00:00","dateModified":"2017-09-25T09:46:12+00:00","breadcrumb":{"@id":"https:\/\/www.chespa.eu\/es\/sympozjum\/#breadcrumb"},"inLanguage":"es-ES","potentialAction":[{"@type":"ReadAction","target":["https:\/\/www.chespa.eu\/es\/sympozjum\/"]}]},{"@type":"ImageObject","inLanguage":"es-ES","@id":"https:\/\/www.chespa.eu\/es\/sympozjum\/#primaryimage","url":"http:\/\/chespa.eu\/wp-content\/uploads\/2015\/12\/924-300x68.png","contentUrl":"http:\/\/chespa.eu\/wp-content\/uploads\/2015\/12\/924-300x68.png"},{"@type":"BreadcrumbList","@id":"https:\/\/www.chespa.eu\/es\/sympozjum\/#breadcrumb","itemListElement":[{"@type":"ListItem","position":1,"name":"Strona g\u0142\u00f3wna","item":"https:\/\/www.chespa.eu\/"},{"@type":"ListItem","position":2,"name":"Simposio-2016"}]},{"@type":"WebSite","@id":"https:\/\/www.chespa.eu\/#website","url":"https:\/\/www.chespa.eu\/","name":"Chespa - printing inks, clichees, cutting dies","description":"","potentialAction":[{"@type":"SearchAction","target":{"@type":"EntryPoint","urlTemplate":"https:\/\/www.chespa.eu\/?s={search_term_string}"},"query-input":{"@type":"PropertyValueSpecification","valueRequired":true,"valueName":"search_term_string"}}],"inLanguage":"es-ES"}]}},"_links":{"self":[{"href":"https:\/\/www.chespa.eu\/es\/wp-json\/wp\/v2\/pages\/1071","targetHints":{"allow":["GET"]}}],"collection":[{"href":"https:\/\/www.chespa.eu\/es\/wp-json\/wp\/v2\/pages"}],"about":[{"href":"https:\/\/www.chespa.eu\/es\/wp-json\/wp\/v2\/types\/page"}],"author":[{"embeddable":true,"href":"https:\/\/www.chespa.eu\/es\/wp-json\/wp\/v2\/users\/6"}],"replies":[{"embeddable":true,"href":"https:\/\/www.chespa.eu\/es\/wp-json\/wp\/v2\/comments?post=1071"}],"version-history":[{"count":5,"href":"https:\/\/www.chespa.eu\/es\/wp-json\/wp\/v2\/pages\/1071\/revisions"}],"predecessor-version":[{"id":6825,"href":"https:\/\/www.chespa.eu\/es\/wp-json\/wp\/v2\/pages\/1071\/revisions\/6825"}],"wp:attachment":[{"href":"https:\/\/www.chespa.eu\/es\/wp-json\/wp\/v2\/media?parent=1071"}],"curies":[{"name":"wp","href":"https:\/\/api.w.org\/{rel}","templated":true}]}}