{"id":1034,"date":"2016-02-15T13:07:52","date_gmt":"2016-02-15T12:07:52","guid":{"rendered":"http:\/\/chespa.eu\/es\/projektowanie-opakowan-i-projektowanie-graficzne\/"},"modified":"2016-05-31T01:22:32","modified_gmt":"2016-05-30T23:22:32","slug":"projektowanie-opakowan-i-projektowanie-graficzne","status":"publish","type":"page","link":"https:\/\/www.chespa.eu\/es\/projektowanie-opakowan-i-projektowanie-graficzne\/","title":{"rendered":"Dise\u00f1o de packaging y dise\u00f1o gr\u00e1fico"},"content":{"rendered":"<h3 class=\"widget-title\">Chespa Repro Studio<\/h3>\n<p>Ofrecemos dise\u00f1os originales y gr\u00e1fico en la creaci\u00f3n de nuevos envases, tanto para el cart\u00f3n ondulado y s\u00f3lido y papel o materiales flexibles: PP, PE, laminados y otros &#8230;.<\/p>\n<p>&#8211; Dise\u00f1os de envases que se ofrecen en su totalidad por nosotros o por las sugerencias de los clientes &#8211; son siempre preparados, teniendo en cuenta las caracter\u00edsticas espec\u00edficas de la impresi\u00f3n en diferentes sustratos. El patr\u00f3n desarrollado se transfiere a aceptar la forma lo m\u00e1s cerca posible al resultado final: un punto de simulaci\u00f3n de prueba digital y el sustrato.<\/p>\n<p>Despu\u00e9s de aceptar el proyecto, se preparan las planchas de fotopol\u00edmeros dedicadas a la impresi\u00f3n especificado. Esperamos que el deseo de ver la calidad de nuestro trabajo.<\/p>\n<p>&nbsp;<\/p>\n<p><a href=\"http:\/\/chespa.eu\/wp-content\/uploads\/2016\/02\/795.png\" rel=\"lightbox[1034]\"><img loading=\"lazy\" decoding=\"async\" class=\"aligncenter size-full wp-image-346\" src=\"https:\/\/chespa.eu\/wp-content\/uploads\/2016\/02\/795.png\" alt=\"795\" width=\"96\" height=\"88\" \/><\/a><\/p>\n<p><a href=\"http:\/\/chespa.eu\/wp-content\/uploads\/2016\/02\/523.jpeg\" rel=\"lightbox[1034]\"><img loading=\"lazy\" decoding=\"async\" class=\"aligncenter size-full wp-image-345\" src=\"https:\/\/chespa.eu\/wp-content\/uploads\/2016\/02\/523.jpeg\" alt=\"523\" width=\"350\" height=\"427\" srcset=\"https:\/\/www.chespa.eu\/wp-content\/uploads\/2016\/02\/523.jpeg 350w, https:\/\/www.chespa.eu\/wp-content\/uploads\/2016\/02\/523-246x300.jpeg 246w\" sizes=\"auto, (max-width: 350px) 100vw, 350px\" \/><\/a><\/p>\n","protected":false},"excerpt":{"rendered":"<p>Chespa Repro Studio Ofrecemos dise\u00f1os originales y gr\u00e1fico en la creaci\u00f3n de nuevos envases, tanto para el cart\u00f3n ondulado y s\u00f3lido y papel o materiales flexibles: PP, PE, laminados y otros &#8230;. &#8211; Dise\u00f1os de envases que se ofrecen en su totalidad por nosotros o por las sugerencias de los clientes &#8211; son siempre preparados, [&hellip;]<\/p>\n","protected":false},"author":6,"featured_media":0,"parent":0,"menu_order":0,"comment_status":"closed","ping_status":"closed","template":"","meta":{"_acf_changed":false,"footnotes":""},"class_list":["post-1034","page","type-page","status-publish","hentry"],"acf":[],"yoast_head":"<!-- This site is optimized with the Yoast SEO plugin v27.4 - https:\/\/yoast.com\/product\/yoast-seo-wordpress\/ -->\n<title>Dise\u00f1o de packaging y dise\u00f1o gr\u00e1fico - Chespa - printing inks, clichees, cutting dies<\/title>\n<meta name=\"robots\" content=\"index, follow, max-snippet:-1, max-image-preview:large, max-video-preview:-1\" \/>\n<link rel=\"canonical\" href=\"https:\/\/www.chespa.eu\/es\/projektowanie-opakowan-i-projektowanie-graficzne\/\" \/>\n<meta property=\"og:locale\" content=\"es_ES\" \/>\n<meta property=\"og:type\" content=\"article\" \/>\n<meta property=\"og:title\" content=\"Dise\u00f1o de packaging y dise\u00f1o gr\u00e1fico - Chespa - printing inks, clichees, cutting dies\" \/>\n<meta property=\"og:description\" content=\"Chespa Repro Studio Ofrecemos dise\u00f1os originales y gr\u00e1fico en la creaci\u00f3n de nuevos envases, tanto para el cart\u00f3n ondulado y s\u00f3lido y papel o materiales flexibles: PP, PE, laminados y otros &#8230;. &#8211; Dise\u00f1os de envases que se ofrecen en su totalidad por nosotros o por las sugerencias de los clientes &#8211; son siempre preparados, [&hellip;]\" \/>\n<meta property=\"og:url\" content=\"https:\/\/www.chespa.eu\/es\/projektowanie-opakowan-i-projektowanie-graficzne\/\" \/>\n<meta property=\"og:site_name\" content=\"Chespa - printing inks, clichees, cutting dies\" \/>\n<meta property=\"article:modified_time\" content=\"2016-05-30T23:22:32+00:00\" \/>\n<meta property=\"og:image\" content=\"http:\/\/chespa.eu\/wp-content\/uploads\/2016\/02\/795.png\" \/>\n<meta name=\"twitter:card\" content=\"summary_large_image\" \/>\n<meta name=\"twitter:label1\" content=\"Est. reading time\" \/>\n\t<meta name=\"twitter:data1\" content=\"1 minute\" \/>\n<script type=\"application\/ld+json\" class=\"yoast-schema-graph\">{\"@context\":\"https:\\\/\\\/schema.org\",\"@graph\":[{\"@type\":\"WebPage\",\"@id\":\"https:\\\/\\\/www.chespa.eu\\\/es\\\/projektowanie-opakowan-i-projektowanie-graficzne\\\/\",\"url\":\"https:\\\/\\\/www.chespa.eu\\\/es\\\/projektowanie-opakowan-i-projektowanie-graficzne\\\/\",\"name\":\"Dise\u00f1o de packaging y dise\u00f1o gr\u00e1fico - Chespa - printing inks, clichees, cutting dies\",\"isPartOf\":{\"@id\":\"https:\\\/\\\/www.chespa.eu\\\/#website\"},\"primaryImageOfPage\":{\"@id\":\"https:\\\/\\\/www.chespa.eu\\\/es\\\/projektowanie-opakowan-i-projektowanie-graficzne\\\/#primaryimage\"},\"image\":{\"@id\":\"https:\\\/\\\/www.chespa.eu\\\/es\\\/projektowanie-opakowan-i-projektowanie-graficzne\\\/#primaryimage\"},\"thumbnailUrl\":\"http:\\\/\\\/chespa.eu\\\/wp-content\\\/uploads\\\/2016\\\/02\\\/795.png\",\"datePublished\":\"2016-02-15T12:07:52+00:00\",\"dateModified\":\"2016-05-30T23:22:32+00:00\",\"breadcrumb\":{\"@id\":\"https:\\\/\\\/www.chespa.eu\\\/es\\\/projektowanie-opakowan-i-projektowanie-graficzne\\\/#breadcrumb\"},\"inLanguage\":\"es-ES\",\"potentialAction\":[{\"@type\":\"ReadAction\",\"target\":[\"https:\\\/\\\/www.chespa.eu\\\/es\\\/projektowanie-opakowan-i-projektowanie-graficzne\\\/\"]}]},{\"@type\":\"ImageObject\",\"inLanguage\":\"es-ES\",\"@id\":\"https:\\\/\\\/www.chespa.eu\\\/es\\\/projektowanie-opakowan-i-projektowanie-graficzne\\\/#primaryimage\",\"url\":\"http:\\\/\\\/chespa.eu\\\/wp-content\\\/uploads\\\/2016\\\/02\\\/795.png\",\"contentUrl\":\"http:\\\/\\\/chespa.eu\\\/wp-content\\\/uploads\\\/2016\\\/02\\\/795.png\"},{\"@type\":\"BreadcrumbList\",\"@id\":\"https:\\\/\\\/www.chespa.eu\\\/es\\\/projektowanie-opakowan-i-projektowanie-graficzne\\\/#breadcrumb\",\"itemListElement\":[{\"@type\":\"ListItem\",\"position\":1,\"name\":\"Strona g\u0142\u00f3wna\",\"item\":\"https:\\\/\\\/www.chespa.eu\\\/\"},{\"@type\":\"ListItem\",\"position\":2,\"name\":\"Dise\u00f1o de packaging y dise\u00f1o gr\u00e1fico\"}]},{\"@type\":\"WebSite\",\"@id\":\"https:\\\/\\\/www.chespa.eu\\\/#website\",\"url\":\"https:\\\/\\\/www.chespa.eu\\\/\",\"name\":\"Chespa - printing inks, clichees, cutting dies\",\"description\":\"\",\"potentialAction\":[{\"@type\":\"SearchAction\",\"target\":{\"@type\":\"EntryPoint\",\"urlTemplate\":\"https:\\\/\\\/www.chespa.eu\\\/?s={search_term_string}\"},\"query-input\":{\"@type\":\"PropertyValueSpecification\",\"valueRequired\":true,\"valueName\":\"search_term_string\"}}],\"inLanguage\":\"es-ES\"}]}<\/script>\n<!-- \/ Yoast SEO plugin. -->","yoast_head_json":{"title":"Dise\u00f1o de packaging y dise\u00f1o gr\u00e1fico - Chespa - printing inks, clichees, cutting dies","robots":{"index":"index","follow":"follow","max-snippet":"max-snippet:-1","max-image-preview":"max-image-preview:large","max-video-preview":"max-video-preview:-1"},"canonical":"https:\/\/www.chespa.eu\/es\/projektowanie-opakowan-i-projektowanie-graficzne\/","og_locale":"es_ES","og_type":"article","og_title":"Dise\u00f1o de packaging y dise\u00f1o gr\u00e1fico - Chespa - printing inks, clichees, cutting dies","og_description":"Chespa Repro Studio Ofrecemos dise\u00f1os originales y gr\u00e1fico en la creaci\u00f3n de nuevos envases, tanto para el cart\u00f3n ondulado y s\u00f3lido y papel o materiales flexibles: PP, PE, laminados y otros &#8230;. &#8211; Dise\u00f1os de envases que se ofrecen en su totalidad por nosotros o por las sugerencias de los clientes &#8211; son siempre preparados, [&hellip;]","og_url":"https:\/\/www.chespa.eu\/es\/projektowanie-opakowan-i-projektowanie-graficzne\/","og_site_name":"Chespa - printing inks, clichees, cutting dies","article_modified_time":"2016-05-30T23:22:32+00:00","og_image":[{"url":"http:\/\/chespa.eu\/wp-content\/uploads\/2016\/02\/795.png","type":"","width":"","height":""}],"twitter_card":"summary_large_image","twitter_misc":{"Est. reading time":"1 minute"},"schema":{"@context":"https:\/\/schema.org","@graph":[{"@type":"WebPage","@id":"https:\/\/www.chespa.eu\/es\/projektowanie-opakowan-i-projektowanie-graficzne\/","url":"https:\/\/www.chespa.eu\/es\/projektowanie-opakowan-i-projektowanie-graficzne\/","name":"Dise\u00f1o de packaging y dise\u00f1o gr\u00e1fico - Chespa - printing inks, clichees, cutting dies","isPartOf":{"@id":"https:\/\/www.chespa.eu\/#website"},"primaryImageOfPage":{"@id":"https:\/\/www.chespa.eu\/es\/projektowanie-opakowan-i-projektowanie-graficzne\/#primaryimage"},"image":{"@id":"https:\/\/www.chespa.eu\/es\/projektowanie-opakowan-i-projektowanie-graficzne\/#primaryimage"},"thumbnailUrl":"http:\/\/chespa.eu\/wp-content\/uploads\/2016\/02\/795.png","datePublished":"2016-02-15T12:07:52+00:00","dateModified":"2016-05-30T23:22:32+00:00","breadcrumb":{"@id":"https:\/\/www.chespa.eu\/es\/projektowanie-opakowan-i-projektowanie-graficzne\/#breadcrumb"},"inLanguage":"es-ES","potentialAction":[{"@type":"ReadAction","target":["https:\/\/www.chespa.eu\/es\/projektowanie-opakowan-i-projektowanie-graficzne\/"]}]},{"@type":"ImageObject","inLanguage":"es-ES","@id":"https:\/\/www.chespa.eu\/es\/projektowanie-opakowan-i-projektowanie-graficzne\/#primaryimage","url":"http:\/\/chespa.eu\/wp-content\/uploads\/2016\/02\/795.png","contentUrl":"http:\/\/chespa.eu\/wp-content\/uploads\/2016\/02\/795.png"},{"@type":"BreadcrumbList","@id":"https:\/\/www.chespa.eu\/es\/projektowanie-opakowan-i-projektowanie-graficzne\/#breadcrumb","itemListElement":[{"@type":"ListItem","position":1,"name":"Strona g\u0142\u00f3wna","item":"https:\/\/www.chespa.eu\/"},{"@type":"ListItem","position":2,"name":"Dise\u00f1o de packaging y dise\u00f1o gr\u00e1fico"}]},{"@type":"WebSite","@id":"https:\/\/www.chespa.eu\/#website","url":"https:\/\/www.chespa.eu\/","name":"Chespa - printing inks, clichees, cutting dies","description":"","potentialAction":[{"@type":"SearchAction","target":{"@type":"EntryPoint","urlTemplate":"https:\/\/www.chespa.eu\/?s={search_term_string}"},"query-input":{"@type":"PropertyValueSpecification","valueRequired":true,"valueName":"search_term_string"}}],"inLanguage":"es-ES"}]}},"_links":{"self":[{"href":"https:\/\/www.chespa.eu\/es\/wp-json\/wp\/v2\/pages\/1034","targetHints":{"allow":["GET"]}}],"collection":[{"href":"https:\/\/www.chespa.eu\/es\/wp-json\/wp\/v2\/pages"}],"about":[{"href":"https:\/\/www.chespa.eu\/es\/wp-json\/wp\/v2\/types\/page"}],"author":[{"embeddable":true,"href":"https:\/\/www.chespa.eu\/es\/wp-json\/wp\/v2\/users\/6"}],"replies":[{"embeddable":true,"href":"https:\/\/www.chespa.eu\/es\/wp-json\/wp\/v2\/comments?post=1034"}],"version-history":[{"count":5,"href":"https:\/\/www.chespa.eu\/es\/wp-json\/wp\/v2\/pages\/1034\/revisions"}],"predecessor-version":[{"id":2449,"href":"https:\/\/www.chespa.eu\/es\/wp-json\/wp\/v2\/pages\/1034\/revisions\/2449"}],"wp:attachment":[{"href":"https:\/\/www.chespa.eu\/es\/wp-json\/wp\/v2\/media?parent=1034"}],"curies":[{"name":"wp","href":"https:\/\/api.w.org\/{rel}","templated":true}]}}