{"id":1021,"date":"2016-02-15T10:44:36","date_gmt":"2016-02-15T09:44:36","guid":{"rendered":"http:\/\/chespa.eu\/es\/profile-maszyn-drukarskich\/"},"modified":"2016-06-21T11:46:46","modified_gmt":"2016-06-21T09:46:46","slug":"profile-maszyn-drukarskich","status":"publish","type":"page","link":"https:\/\/www.chespa.eu\/es\/productos\/planchas-de-fotopolimero\/profile-maszyn-drukarskich\/","title":{"rendered":"Perfiles de m\u00e1quinas de impresi\u00f3n"},"content":{"rendered":"<p><strong>Perfiles de m\u00e1quinas de impresi\u00f3n<\/strong><br \/>\nPrueba de impresi\u00f3n &#8220;fingerprint&#8221;\u00a0Las pruebas consisten en diversos elementos que determinan las posibilidades de color de la m\u00e1quina,<br \/>\ncalidad de impresi\u00f3n, balance de grises, etc.<\/p>\n<p>Las impresiones se deben realizar en est\u00e1ndar de la producci\u00f3n, en varios sustratos, incluyendo fase final (barnizado, laminaci\u00f3n).<br \/>\nTras el an\u00e1lisis,\u00a0se crean los perfiles con el fin de obtener cumplimiento la impresi\u00f3n de prueba con la impresi\u00f3n final de la m\u00e1quina.<\/p>\n<p>Utilizamos GMG proofer con simulaci\u00f3n de un punto trama.\u00a0Otros elementos de la prueba nos permiten determinar,<br \/>\npor ejemplo: el entintado m\u00e1ximo, la reducci\u00f3n de la anchura de las l\u00edneas en los c\u00f3digos EAN,\u00a0el tama\u00f1o del texto m\u00ednimo,<br \/>\nespesor de l\u00ednea, etc.<\/p>\n<p>La parte m\u00e1s importante de todo el proceso es mantener la capacidad de repetici\u00f3n, es decir, que los par\u00e1metros de impresi\u00f3n<br \/>\n&#8220;fingerprint&#8221; como densidades \u00f3pticas de la tinta,\u00a0color, ganancia de punto, orden de los colores sean comparables a los par\u00e1metros<br \/>\nde impresi\u00f3n de producci\u00f3n\u00a0en el futuro.<\/p>\n<p>Si cualquier componente significativo sea cambiado, la prueba debe repetirse.<\/p>\n<p>Es aconsejable repetir la prueba cada 6-8 meses con el fin de controlar su propia repetibilidad de producci\u00f3n.<\/p>\n","protected":false},"excerpt":{"rendered":"<p>Perfiles de m\u00e1quinas de impresi\u00f3n Prueba de impresi\u00f3n &#8220;fingerprint&#8221;\u00a0Las pruebas consisten en diversos elementos que determinan las posibilidades de color de la m\u00e1quina, calidad de impresi\u00f3n, balance de grises, etc. Las impresiones se deben realizar en est\u00e1ndar de la producci\u00f3n, en varios sustratos, incluyendo fase final (barnizado, laminaci\u00f3n). Tras el an\u00e1lisis,\u00a0se crean los perfiles con [&hellip;]<\/p>\n","protected":false},"author":6,"featured_media":0,"parent":18807,"menu_order":0,"comment_status":"closed","ping_status":"closed","template":"","meta":{"_acf_changed":false,"footnotes":""},"class_list":["post-1021","page","type-page","status-publish","hentry"],"acf":[],"yoast_head":"<!-- This site is optimized with the Yoast SEO plugin v27.3 - https:\/\/yoast.com\/product\/yoast-seo-wordpress\/ -->\n<title>Perfiles de m\u00e1quinas de impresi\u00f3n - Chespa - printing inks, clichees, cutting dies<\/title>\n<meta name=\"robots\" content=\"index, follow, max-snippet:-1, max-image-preview:large, max-video-preview:-1\" \/>\n<link rel=\"canonical\" href=\"https:\/\/www.chespa.eu\/es\/profile-maszyn-drukarskich\/\" \/>\n<meta property=\"og:locale\" content=\"es_ES\" \/>\n<meta property=\"og:type\" content=\"article\" \/>\n<meta property=\"og:title\" content=\"Perfiles de m\u00e1quinas de impresi\u00f3n - Chespa - printing inks, clichees, cutting dies\" \/>\n<meta property=\"og:description\" content=\"Perfiles de m\u00e1quinas de impresi\u00f3n Prueba de impresi\u00f3n &#8220;fingerprint&#8221;\u00a0Las pruebas consisten en diversos elementos que determinan las posibilidades de color de la m\u00e1quina, calidad de impresi\u00f3n, balance de grises, etc. Las impresiones se deben realizar en est\u00e1ndar de la producci\u00f3n, en varios sustratos, incluyendo fase final (barnizado, laminaci\u00f3n). Tras el an\u00e1lisis,\u00a0se crean los perfiles con [&hellip;]\" \/>\n<meta property=\"og:url\" content=\"https:\/\/www.chespa.eu\/es\/profile-maszyn-drukarskich\/\" \/>\n<meta property=\"og:site_name\" content=\"Chespa - printing inks, clichees, cutting dies\" \/>\n<meta property=\"article:modified_time\" content=\"2016-06-21T09:46:46+00:00\" \/>\n<meta name=\"twitter:card\" content=\"summary_large_image\" \/>\n<meta name=\"twitter:label1\" content=\"Est. reading time\" \/>\n\t<meta name=\"twitter:data1\" content=\"1 minute\" \/>\n<script type=\"application\/ld+json\" class=\"yoast-schema-graph\">{\"@context\":\"https:\\\/\\\/schema.org\",\"@graph\":[{\"@type\":\"WebPage\",\"@id\":\"https:\\\/\\\/www.chespa.eu\\\/es\\\/profile-maszyn-drukarskich\\\/\",\"url\":\"https:\\\/\\\/www.chespa.eu\\\/es\\\/profile-maszyn-drukarskich\\\/\",\"name\":\"Perfiles de m\u00e1quinas de impresi\u00f3n - Chespa - printing inks, clichees, cutting dies\",\"isPartOf\":{\"@id\":\"https:\\\/\\\/www.chespa.eu\\\/#website\"},\"datePublished\":\"2016-02-15T09:44:36+00:00\",\"dateModified\":\"2016-06-21T09:46:46+00:00\",\"breadcrumb\":{\"@id\":\"https:\\\/\\\/www.chespa.eu\\\/es\\\/profile-maszyn-drukarskich\\\/#breadcrumb\"},\"inLanguage\":\"es-ES\",\"potentialAction\":[{\"@type\":\"ReadAction\",\"target\":[\"https:\\\/\\\/www.chespa.eu\\\/es\\\/profile-maszyn-drukarskich\\\/\"]}]},{\"@type\":\"BreadcrumbList\",\"@id\":\"https:\\\/\\\/www.chespa.eu\\\/es\\\/profile-maszyn-drukarskich\\\/#breadcrumb\",\"itemListElement\":[{\"@type\":\"ListItem\",\"position\":1,\"name\":\"Strona g\u0142\u00f3wna\",\"item\":\"https:\\\/\\\/www.chespa.eu\\\/\"},{\"@type\":\"ListItem\",\"position\":2,\"name\":\"Perfiles de m\u00e1quinas de impresi\u00f3n\"}]},{\"@type\":\"WebSite\",\"@id\":\"https:\\\/\\\/www.chespa.eu\\\/#website\",\"url\":\"https:\\\/\\\/www.chespa.eu\\\/\",\"name\":\"Chespa - printing inks, clichees, cutting dies\",\"description\":\"\",\"potentialAction\":[{\"@type\":\"SearchAction\",\"target\":{\"@type\":\"EntryPoint\",\"urlTemplate\":\"https:\\\/\\\/www.chespa.eu\\\/?s={search_term_string}\"},\"query-input\":{\"@type\":\"PropertyValueSpecification\",\"valueRequired\":true,\"valueName\":\"search_term_string\"}}],\"inLanguage\":\"es-ES\"}]}<\/script>\n<!-- \/ Yoast SEO plugin. -->","yoast_head_json":{"title":"Perfiles de m\u00e1quinas de impresi\u00f3n - Chespa - printing inks, clichees, cutting dies","robots":{"index":"index","follow":"follow","max-snippet":"max-snippet:-1","max-image-preview":"max-image-preview:large","max-video-preview":"max-video-preview:-1"},"canonical":"https:\/\/www.chespa.eu\/es\/profile-maszyn-drukarskich\/","og_locale":"es_ES","og_type":"article","og_title":"Perfiles de m\u00e1quinas de impresi\u00f3n - Chespa - printing inks, clichees, cutting dies","og_description":"Perfiles de m\u00e1quinas de impresi\u00f3n Prueba de impresi\u00f3n &#8220;fingerprint&#8221;\u00a0Las pruebas consisten en diversos elementos que determinan las posibilidades de color de la m\u00e1quina, calidad de impresi\u00f3n, balance de grises, etc. Las impresiones se deben realizar en est\u00e1ndar de la producci\u00f3n, en varios sustratos, incluyendo fase final (barnizado, laminaci\u00f3n). Tras el an\u00e1lisis,\u00a0se crean los perfiles con [&hellip;]","og_url":"https:\/\/www.chespa.eu\/es\/profile-maszyn-drukarskich\/","og_site_name":"Chespa - printing inks, clichees, cutting dies","article_modified_time":"2016-06-21T09:46:46+00:00","twitter_card":"summary_large_image","twitter_misc":{"Est. reading time":"1 minute"},"schema":{"@context":"https:\/\/schema.org","@graph":[{"@type":"WebPage","@id":"https:\/\/www.chespa.eu\/es\/profile-maszyn-drukarskich\/","url":"https:\/\/www.chespa.eu\/es\/profile-maszyn-drukarskich\/","name":"Perfiles de m\u00e1quinas de impresi\u00f3n - Chespa - printing inks, clichees, cutting dies","isPartOf":{"@id":"https:\/\/www.chespa.eu\/#website"},"datePublished":"2016-02-15T09:44:36+00:00","dateModified":"2016-06-21T09:46:46+00:00","breadcrumb":{"@id":"https:\/\/www.chespa.eu\/es\/profile-maszyn-drukarskich\/#breadcrumb"},"inLanguage":"es-ES","potentialAction":[{"@type":"ReadAction","target":["https:\/\/www.chespa.eu\/es\/profile-maszyn-drukarskich\/"]}]},{"@type":"BreadcrumbList","@id":"https:\/\/www.chespa.eu\/es\/profile-maszyn-drukarskich\/#breadcrumb","itemListElement":[{"@type":"ListItem","position":1,"name":"Strona g\u0142\u00f3wna","item":"https:\/\/www.chespa.eu\/"},{"@type":"ListItem","position":2,"name":"Perfiles de m\u00e1quinas de impresi\u00f3n"}]},{"@type":"WebSite","@id":"https:\/\/www.chespa.eu\/#website","url":"https:\/\/www.chespa.eu\/","name":"Chespa - printing inks, clichees, cutting dies","description":"","potentialAction":[{"@type":"SearchAction","target":{"@type":"EntryPoint","urlTemplate":"https:\/\/www.chespa.eu\/?s={search_term_string}"},"query-input":{"@type":"PropertyValueSpecification","valueRequired":true,"valueName":"search_term_string"}}],"inLanguage":"es-ES"}]}},"_links":{"self":[{"href":"https:\/\/www.chespa.eu\/es\/wp-json\/wp\/v2\/pages\/1021","targetHints":{"allow":["GET"]}}],"collection":[{"href":"https:\/\/www.chespa.eu\/es\/wp-json\/wp\/v2\/pages"}],"about":[{"href":"https:\/\/www.chespa.eu\/es\/wp-json\/wp\/v2\/types\/page"}],"author":[{"embeddable":true,"href":"https:\/\/www.chespa.eu\/es\/wp-json\/wp\/v2\/users\/6"}],"replies":[{"embeddable":true,"href":"https:\/\/www.chespa.eu\/es\/wp-json\/wp\/v2\/comments?post=1021"}],"version-history":[{"count":8,"href":"https:\/\/www.chespa.eu\/es\/wp-json\/wp\/v2\/pages\/1021\/revisions"}],"predecessor-version":[{"id":3521,"href":"https:\/\/www.chespa.eu\/es\/wp-json\/wp\/v2\/pages\/1021\/revisions\/3521"}],"up":[{"embeddable":true,"href":"https:\/\/www.chespa.eu\/es\/wp-json\/wp\/v2\/pages\/18807"}],"wp:attachment":[{"href":"https:\/\/www.chespa.eu\/es\/wp-json\/wp\/v2\/media?parent=1021"}],"curies":[{"name":"wp","href":"https:\/\/api.w.org\/{rel}","templated":true}]}}