{"id":1007,"date":"2016-02-15T13:27:39","date_gmt":"2016-02-15T12:27:39","guid":{"rendered":"http:\/\/chespa.eu\/es\/polityka-zrownowazonego-rozwoju\/"},"modified":"2022-04-12T14:56:46","modified_gmt":"2022-04-12T12:56:46","slug":"raport-zrownowazonego-rozwoju","status":"publish","type":"page","link":"https:\/\/www.chespa.eu\/es\/raport-zrownowazonego-rozwoju\/","title":{"rendered":"Reporte de Desarrollo Sostenible"},"content":{"rendered":"<p><b>Pol\u00edtica de Desarrollo Sostenible<br \/>\n<\/b>El desarrollo sostenible, visto a trav\u00e9s de los ojos de Chespa, significa la posibilidad de desarrollo econ\u00f3mico y social con la gesti\u00f3n racional de los limitados recursos naturales de nuestro planeta. La intensidad de la explotaci\u00f3n de la tierra es inmensa, a menudo depredora y en muchos pa\u00edses la naturaleza ya ha excedido las capacidades regenerativas. La poblaci\u00f3n est\u00e1 creciendo r\u00e1pidamente y el aumento de la riqueza de las sociedades se refleja en el aumento del consumo.<\/p>\n<p>Como resultado de ello, el problema de la disponibilidad de recursos naturales en los pr\u00f3ximos a\u00f1os va a crecer. Estos cambios establecen no s\u00f3lo un reto para el futuro, pero tambi\u00e9n una gran oportunidad. El conocimiento de estos procesos ser\u00e1 la clave para el desarrollo sostenible que se lleva a cabo sin perjuicio de la calidad de vida de las personas. Las empresas tienen que encontrar maneras de aumentar y mejorar la calidad de vida sin consumir m\u00e1s recursos y sin aumentar las emisiones de contaminaciones.<\/p>\n<p><b>La responsabilidad social de Chespa se realiza en las siguientes \u00e1reas:<\/b><\/p>\n<p>La conservaci\u00f3n de los recursos y el medio ambiente<br \/>\nUn \u00e1rea particularmente importante del desarrollo sostenible para Chespa es protecci\u00f3n del medio ambiente. Es realizada de manera multidireccional. En relaci\u00f3n con el tratamiento especial de esta \u00e1rea Chespa ha desarrollado y est\u00e1 implementando Politica de Impacto sobre el Medio Ambiente.<\/p>\n<p><b>El trabajo infantil y juvenil<br \/>\n<\/b>Chespa no permite trabajo infantil y juvenil, tambi\u00e9n excluye contactos con entidades que no cumplan con este principio. Al mismo tiempo tratamos de crear las condiciones para que las personas j\u00f3venes comienzen sus carreras en nuestra empresa. Animamos a nuestros empleados a continuar su educaci\u00f3n y mejorar sus calificaciones a trav\u00e9s de la formaci\u00f3n y los creamos las condiciones de trabajo adecuadas.<\/p>\n<p><b>Salud, seguridad y condiciones de trabajo<br \/>\n<\/b>Chespa pone una \u00e9nfasis especial en el ambiente de trabajo seguro y agradable. Hacemos todo lo posible para evitar los riesgos asociados con el trabajo realizado. Las condiciones de trabajo est\u00e1n controladas y mejoradas constantemente. Ponemos \u00e9nfasis en la formaci\u00f3n continua de los empleados en Salud y Seguridad Laboral y comportamiento en caso de incendio. Chespa mantiene un sistema transparente de los registros de horas de trabajo y ganancias, dise\u00f1ado para ser un sistema claro de recompensa a los empleados por su trabajo.<\/p>\n<p><b>\u00c9tica De Negocios<br \/>\n<\/b>En su actividad Chespa cumple con altos est\u00e1ndares de \u00e9tica, honestidad en los negocios y apoya los esfuerzos de todas las partes destinados a la creaci\u00f3n y la implementaci\u00f3n de altos est\u00e1ndares \u00e9ticos, que se aplican en todas las esferas de la actividad econ\u00f3mica. En nuestro trabajo cumplimos con los principios de transparencia, no s\u00f3lo en las relaciones con nuestros clientes y proveedores. Debido a la naturaleza de sus actividades, Chespa pone una \u00e9nfasis especial en la protecci\u00f3n de todos los datos que nos conf\u00edan nuestros clientes. En relaci\u00f3n con esto, el principio principal de la \u00e9tica empresarial es no transmitir cualquier tipo de datos a otros clientes sin el consentimiento del propietario.<\/p>\n<p><b>Oportunidades iguales<br \/>\n<\/b>Chespa actua de acuerdo con el principio de igualdad de oportunidades y no discrimina a las personas independientemente de su religi\u00f3n, sexo, edad o nacionalidad, tampoco a las personas discapacidadas. Chespa se adhiere al principio de igualdad de los empleados, por eso las promociones a posiciones m\u00e1s altas, los aumentos de los salarios y el acceso a la formaci\u00f3n dependen \u00fanicamente de los m\u00e9ritos.<\/p>\n<p><b>La participaci\u00f3n en la vida de las comunidades locales<br \/>\n<\/b>Chespa apoya y participa en las actividades de las comunidades locales que tienen por objeto apoyar activamente el desarrollo del progreso econ\u00f3mico, social y educativo y progreso en el \u00e1mbito de la protecci\u00f3n del medio ambiente y el patrimonio cultural de la regi\u00f3n. Este apoyo, proporcionado por nuestra empresa, es un signo de compromiso con el desarrollo de las comunidades locales en las que opera.<\/p>\n<p>DIRECTOR GENERAL<br \/>\nTomasz Stachelski<\/p>\n<p>&nbsp;<\/p>\n","protected":false},"excerpt":{"rendered":"<p>Pol\u00edtica de Desarrollo Sostenible El desarrollo sostenible, visto a trav\u00e9s de los ojos de Chespa, significa la posibilidad de desarrollo econ\u00f3mico y social con la gesti\u00f3n racional de los limitados recursos naturales de nuestro planeta. La intensidad de la explotaci\u00f3n de la tierra es inmensa, a menudo depredora y en muchos pa\u00edses la naturaleza ya [&hellip;]<\/p>\n","protected":false},"author":6,"featured_media":15997,"parent":0,"menu_order":0,"comment_status":"closed","ping_status":"closed","template":"","meta":{"_acf_changed":false,"footnotes":""},"class_list":["post-1007","page","type-page","status-publish","has-post-thumbnail","hentry"],"acf":[],"yoast_head":"<!-- This site is optimized with the Yoast SEO plugin v27.3 - https:\/\/yoast.com\/product\/yoast-seo-wordpress\/ -->\n<title>Reporte de Desarrollo Sostenible - Chespa - printing inks, clichees, cutting dies<\/title>\n<meta name=\"robots\" content=\"index, follow, max-snippet:-1, max-image-preview:large, max-video-preview:-1\" \/>\n<link rel=\"canonical\" href=\"https:\/\/www.chespa.eu\/es\/raport-zrownowazonego-rozwoju\/\" \/>\n<meta property=\"og:locale\" content=\"es_ES\" \/>\n<meta property=\"og:type\" content=\"article\" \/>\n<meta property=\"og:title\" content=\"Reporte de Desarrollo Sostenible - Chespa - printing inks, clichees, cutting dies\" \/>\n<meta property=\"og:description\" content=\"Pol\u00edtica de Desarrollo Sostenible El desarrollo sostenible, visto a trav\u00e9s de los ojos de Chespa, significa la posibilidad de desarrollo econ\u00f3mico y social con la gesti\u00f3n racional de los limitados recursos naturales de nuestro planeta. La intensidad de la explotaci\u00f3n de la tierra es inmensa, a menudo depredora y en muchos pa\u00edses la naturaleza ya [&hellip;]\" \/>\n<meta property=\"og:url\" content=\"https:\/\/www.chespa.eu\/es\/raport-zrownowazonego-rozwoju\/\" \/>\n<meta property=\"og:site_name\" content=\"Chespa - printing inks, clichees, cutting dies\" \/>\n<meta property=\"article:modified_time\" content=\"2022-04-12T12:56:46+00:00\" \/>\n<meta property=\"og:image\" content=\"https:\/\/www.chespa.eu\/wp-content\/uploads\/2022\/04\/nature-and-technology-.jpg\" \/>\n\t<meta property=\"og:image:width\" content=\"1920\" \/>\n\t<meta property=\"og:image:height\" content=\"295\" \/>\n\t<meta property=\"og:image:type\" content=\"image\/jpeg\" \/>\n<meta name=\"twitter:card\" content=\"summary_large_image\" \/>\n<meta name=\"twitter:label1\" content=\"Est. reading time\" \/>\n\t<meta name=\"twitter:data1\" content=\"3 minutes\" \/>\n<script type=\"application\/ld+json\" class=\"yoast-schema-graph\">{\"@context\":\"https:\\\/\\\/schema.org\",\"@graph\":[{\"@type\":\"WebPage\",\"@id\":\"https:\\\/\\\/www.chespa.eu\\\/es\\\/raport-zrownowazonego-rozwoju\\\/\",\"url\":\"https:\\\/\\\/www.chespa.eu\\\/es\\\/raport-zrownowazonego-rozwoju\\\/\",\"name\":\"Reporte de Desarrollo Sostenible - Chespa - printing inks, clichees, cutting dies\",\"isPartOf\":{\"@id\":\"https:\\\/\\\/www.chespa.eu\\\/#website\"},\"primaryImageOfPage\":{\"@id\":\"https:\\\/\\\/www.chespa.eu\\\/es\\\/raport-zrownowazonego-rozwoju\\\/#primaryimage\"},\"image\":{\"@id\":\"https:\\\/\\\/www.chespa.eu\\\/es\\\/raport-zrownowazonego-rozwoju\\\/#primaryimage\"},\"thumbnailUrl\":\"https:\\\/\\\/www.chespa.eu\\\/wp-content\\\/uploads\\\/2022\\\/04\\\/nature-and-technology-.jpg\",\"datePublished\":\"2016-02-15T12:27:39+00:00\",\"dateModified\":\"2022-04-12T12:56:46+00:00\",\"breadcrumb\":{\"@id\":\"https:\\\/\\\/www.chespa.eu\\\/es\\\/raport-zrownowazonego-rozwoju\\\/#breadcrumb\"},\"inLanguage\":\"es-ES\",\"potentialAction\":[{\"@type\":\"ReadAction\",\"target\":[\"https:\\\/\\\/www.chespa.eu\\\/es\\\/raport-zrownowazonego-rozwoju\\\/\"]}]},{\"@type\":\"ImageObject\",\"inLanguage\":\"es-ES\",\"@id\":\"https:\\\/\\\/www.chespa.eu\\\/es\\\/raport-zrownowazonego-rozwoju\\\/#primaryimage\",\"url\":\"https:\\\/\\\/www.chespa.eu\\\/wp-content\\\/uploads\\\/2022\\\/04\\\/nature-and-technology-.jpg\",\"contentUrl\":\"https:\\\/\\\/www.chespa.eu\\\/wp-content\\\/uploads\\\/2022\\\/04\\\/nature-and-technology-.jpg\",\"width\":1920,\"height\":295},{\"@type\":\"BreadcrumbList\",\"@id\":\"https:\\\/\\\/www.chespa.eu\\\/es\\\/raport-zrownowazonego-rozwoju\\\/#breadcrumb\",\"itemListElement\":[{\"@type\":\"ListItem\",\"position\":1,\"name\":\"Strona g\u0142\u00f3wna\",\"item\":\"https:\\\/\\\/www.chespa.eu\\\/\"},{\"@type\":\"ListItem\",\"position\":2,\"name\":\"Reporte de Desarrollo Sostenible\"}]},{\"@type\":\"WebSite\",\"@id\":\"https:\\\/\\\/www.chespa.eu\\\/#website\",\"url\":\"https:\\\/\\\/www.chespa.eu\\\/\",\"name\":\"Chespa - printing inks, clichees, cutting dies\",\"description\":\"\",\"potentialAction\":[{\"@type\":\"SearchAction\",\"target\":{\"@type\":\"EntryPoint\",\"urlTemplate\":\"https:\\\/\\\/www.chespa.eu\\\/?s={search_term_string}\"},\"query-input\":{\"@type\":\"PropertyValueSpecification\",\"valueRequired\":true,\"valueName\":\"search_term_string\"}}],\"inLanguage\":\"es-ES\"}]}<\/script>\n<!-- \/ Yoast SEO plugin. -->","yoast_head_json":{"title":"Reporte de Desarrollo Sostenible - Chespa - printing inks, clichees, cutting dies","robots":{"index":"index","follow":"follow","max-snippet":"max-snippet:-1","max-image-preview":"max-image-preview:large","max-video-preview":"max-video-preview:-1"},"canonical":"https:\/\/www.chespa.eu\/es\/raport-zrownowazonego-rozwoju\/","og_locale":"es_ES","og_type":"article","og_title":"Reporte de Desarrollo Sostenible - Chespa - printing inks, clichees, cutting dies","og_description":"Pol\u00edtica de Desarrollo Sostenible El desarrollo sostenible, visto a trav\u00e9s de los ojos de Chespa, significa la posibilidad de desarrollo econ\u00f3mico y social con la gesti\u00f3n racional de los limitados recursos naturales de nuestro planeta. La intensidad de la explotaci\u00f3n de la tierra es inmensa, a menudo depredora y en muchos pa\u00edses la naturaleza ya [&hellip;]","og_url":"https:\/\/www.chespa.eu\/es\/raport-zrownowazonego-rozwoju\/","og_site_name":"Chespa - printing inks, clichees, cutting dies","article_modified_time":"2022-04-12T12:56:46+00:00","og_image":[{"width":1920,"height":295,"url":"https:\/\/www.chespa.eu\/wp-content\/uploads\/2022\/04\/nature-and-technology-.jpg","type":"image\/jpeg"}],"twitter_card":"summary_large_image","twitter_misc":{"Est. reading time":"3 minutes"},"schema":{"@context":"https:\/\/schema.org","@graph":[{"@type":"WebPage","@id":"https:\/\/www.chespa.eu\/es\/raport-zrownowazonego-rozwoju\/","url":"https:\/\/www.chespa.eu\/es\/raport-zrownowazonego-rozwoju\/","name":"Reporte de Desarrollo Sostenible - Chespa - printing inks, clichees, cutting dies","isPartOf":{"@id":"https:\/\/www.chespa.eu\/#website"},"primaryImageOfPage":{"@id":"https:\/\/www.chespa.eu\/es\/raport-zrownowazonego-rozwoju\/#primaryimage"},"image":{"@id":"https:\/\/www.chespa.eu\/es\/raport-zrownowazonego-rozwoju\/#primaryimage"},"thumbnailUrl":"https:\/\/www.chespa.eu\/wp-content\/uploads\/2022\/04\/nature-and-technology-.jpg","datePublished":"2016-02-15T12:27:39+00:00","dateModified":"2022-04-12T12:56:46+00:00","breadcrumb":{"@id":"https:\/\/www.chespa.eu\/es\/raport-zrownowazonego-rozwoju\/#breadcrumb"},"inLanguage":"es-ES","potentialAction":[{"@type":"ReadAction","target":["https:\/\/www.chespa.eu\/es\/raport-zrownowazonego-rozwoju\/"]}]},{"@type":"ImageObject","inLanguage":"es-ES","@id":"https:\/\/www.chespa.eu\/es\/raport-zrownowazonego-rozwoju\/#primaryimage","url":"https:\/\/www.chespa.eu\/wp-content\/uploads\/2022\/04\/nature-and-technology-.jpg","contentUrl":"https:\/\/www.chespa.eu\/wp-content\/uploads\/2022\/04\/nature-and-technology-.jpg","width":1920,"height":295},{"@type":"BreadcrumbList","@id":"https:\/\/www.chespa.eu\/es\/raport-zrownowazonego-rozwoju\/#breadcrumb","itemListElement":[{"@type":"ListItem","position":1,"name":"Strona g\u0142\u00f3wna","item":"https:\/\/www.chespa.eu\/"},{"@type":"ListItem","position":2,"name":"Reporte de Desarrollo Sostenible"}]},{"@type":"WebSite","@id":"https:\/\/www.chespa.eu\/#website","url":"https:\/\/www.chespa.eu\/","name":"Chespa - printing inks, clichees, cutting dies","description":"","potentialAction":[{"@type":"SearchAction","target":{"@type":"EntryPoint","urlTemplate":"https:\/\/www.chespa.eu\/?s={search_term_string}"},"query-input":{"@type":"PropertyValueSpecification","valueRequired":true,"valueName":"search_term_string"}}],"inLanguage":"es-ES"}]}},"_links":{"self":[{"href":"https:\/\/www.chespa.eu\/es\/wp-json\/wp\/v2\/pages\/1007","targetHints":{"allow":["GET"]}}],"collection":[{"href":"https:\/\/www.chespa.eu\/es\/wp-json\/wp\/v2\/pages"}],"about":[{"href":"https:\/\/www.chespa.eu\/es\/wp-json\/wp\/v2\/types\/page"}],"author":[{"embeddable":true,"href":"https:\/\/www.chespa.eu\/es\/wp-json\/wp\/v2\/users\/6"}],"replies":[{"embeddable":true,"href":"https:\/\/www.chespa.eu\/es\/wp-json\/wp\/v2\/comments?post=1007"}],"version-history":[{"count":5,"href":"https:\/\/www.chespa.eu\/es\/wp-json\/wp\/v2\/pages\/1007\/revisions"}],"predecessor-version":[{"id":16036,"href":"https:\/\/www.chespa.eu\/es\/wp-json\/wp\/v2\/pages\/1007\/revisions\/16036"}],"wp:featuredmedia":[{"embeddable":true,"href":"https:\/\/www.chespa.eu\/es\/wp-json\/wp\/v2\/media\/15997"}],"wp:attachment":[{"href":"https:\/\/www.chespa.eu\/es\/wp-json\/wp\/v2\/media?parent=1007"}],"curies":[{"name":"wp","href":"https:\/\/api.w.org\/{rel}","templated":true}]}}