{"id":18326,"date":"2024-10-16T10:15:22","date_gmt":"2024-10-16T08:15:22","guid":{"rendered":"https:\/\/www.chespa.eu\/symposium-2024\/"},"modified":"2024-11-13T15:28:14","modified_gmt":"2024-11-13T14:28:14","slug":"symposium-2024","status":"publish","type":"page","link":"https:\/\/www.chespa.eu\/en\/symposium-2024\/","title":{"rendered":"Symposium 2024"},"content":{"rendered":"<div class=\"alert alert-info\">Registration for the symposium has now been closed.<\/div>\n\n\n    <form name=\"hash\" id=\"hash\" method=\"post\">\n        <div class=\"row\">\n            <div class=\"col-sm-12 form-group\">\n                <label\n                    for=\"nkse-registration\">To access the form, please use the code from the invitation:<\/label>\n                <input type=\"password\" name=\"nkse-registration\" id=\"nkse-registration\" class=\"form-control\"\n                       value=\"\">\n            <\/div>\n            <div class=\"col-sm-12\">\n                <button name=\"check-key\" id=\"check-key\" value=\"true\"\n                        class=\"btn-green-xl\">Next<\/button>\n            <\/div>\n        <\/div>\n    <\/form>\n\n\n<script>\n    jQuery('.participant-2').hide(); \/\/w tym roku mo\u017ce si\u0119 zarejestrowa\u0107 tylko dw\u00f3ch uczestnik\u00f3w\n\n    function toggleTripleRoomVisibility() {\n        var selectedHotel = jQuery(\"input[name='nkse-hotel']:checked\").val();\n        var isKarolinka = selectedHotel === 'Hotel Karolinka, ul. Kasztanowa 30, 47-320 Gogolin';\n        var tripleRoomWrapper = jQuery(\"input[name='nkse-triple-room']\").closest('.checkbox');\n\n        if (isKarolinka) {\n            tripleRoomWrapper.removeClass('hidden');\n        } else {\n            tripleRoomWrapper.addClass('hidden');\n            jQuery(\"input[name='nkse-triple-room']\").prop('checked', false);\n        }\n    }\n\n    toggleTripleRoomVisibility();\n\n    if (jQuery('.symposium-table-hotels input#input-nohotel').prop('checked')) {\n    } else {\n        jQuery('#rooms-wrapper').removeClass('hidden');\n    }\n    jQuery('.symposium-table-hotels input[type=\"radio\"]').on('click change', function (e) {\n        if (jQuery(this).attr('id') == 'input-nohotel') {\n            jQuery('#rooms-wrapper').addClass('hidden');\n            jQuery(\"input[name='nkse-single-room']\").prop('checked', false);\n            jQuery(\"input[name='nkse-double-room']\").prop('checked', false);\n            jQuery(\"input[name='nkse-triple-room']\").prop('checked', false);\n            \/*jQuery(\"input[name='nkse-apartment']\").prop('checked', false);*\/\n        } else {\n            jQuery('#rooms-wrapper').removeClass('hidden');\n        }\n\n        toggleTripleRoomVisibility();\n    });\n    jQuery(\"input[name='nkse-single-room'],input[name='nkse-double-room'], input[name='nkse-triple-room']\").on('click change', function (e) {\n        jQuery('#rooms-wrapper .text').removeClass('alert alert-danger alert-dismissible');\n    });\n    jQuery(\"#regg\").submit(function (event) {\n        if (jQuery('.symposium-table-hotels input#input-nohotel').prop('checked')) {\n        } else {\n            if (jQuery(\"input[name='nkse-single-room']\").is(':checked') || jQuery(\"input[name='nkse-double-room']\").is(':checked') || jQuery(\"input[name='nkse-triple-room']\").is(':checked')) {\n            } else {\n                event.preventDefault();\n                jQuery('#rooms-wrapper .text').addClass('alert alert-danger alert-dismissible');\n\n            }\n        }\n        if (jQuery('input#input-notour').prop('checked')) {\n        } else {\n            if (jQuery(\"input[name='nkse-tour-1']\").is(':checked') || jQuery(\"input[name='nkse-tour-2']\").is(':checked') || jQuery(\"input[name='nkse-tour-3']\").is(':checked')) {\n            } else {\n                event.preventDefault();\n                jQuery('#tour-wrapper .text').addClass('alert alert-danger alert-dismissible');\n\n            }\n        }\n    });\n    \/\/\/\/\/\/\/\/\/\/\/\/\/\/\/\/\/\/\/\/\/\/\/\/\/\/\/\/\/\/\/\/\/\/\/\/\/\/\/\/\/\/\/\/\/\/\/\/\/\/\/\/\/\/\/\/\/\/\/\/\/\/\/\/\/\/\/\/\/\/\n    if (jQuery('input#input-notour').prop('checked')) {\n    } else {\n        jQuery('#tour-wrapper').removeClass('hidden');\n    }\n\n    jQuery('input#input-tour').on('click', function (e) {\n        jQuery('#tour-wrapper').removeClass('hidden');\n    });\n\n\n    jQuery('input#input-notour').on('click', function (e) {\n        if (jQuery(this).attr('id') == 'input-notour') {\n            jQuery('#tour-wrapper').addClass('hidden');\n            jQuery(\"input[name='nkse-tour-1']\").prop('checked', false);\n            jQuery(\"input[name='nkse-tour-2']\").prop('checked', false);\n            jQuery(\"input[name='nkse-tour-3']\").prop('checked', false);\n        }\n    });\n    jQuery(\"input[name='nkse-tour-1'],input[name='nkse-tour-2'], input[name='nkse-tour-3']\").on('click change', function (e) {\n        jQuery('#tour-wrapper .text').removeClass('alert alert-danger alert-dismissible');\n    });\n\n<\/script>\n\n","protected":false},"excerpt":{"rendered":"<p>Registration for the symposium has now been closed.<\/p>\n","protected":false},"author":6,"featured_media":18347,"parent":0,"menu_order":0,"comment_status":"closed","ping_status":"closed","template":"","meta":{"_acf_changed":false,"footnotes":""},"class_list":["post-18326","page","type-page","status-publish","has-post-thumbnail","hentry"],"acf":[],"yoast_head":"<!-- This site is optimized with the Yoast SEO plugin v27.4 - https:\/\/yoast.com\/product\/yoast-seo-wordpress\/ -->\n<title>Symposium 2024 - Chespa - printing inks, clichees, cutting dies<\/title>\n<meta name=\"robots\" content=\"index, follow, max-snippet:-1, max-image-preview:large, max-video-preview:-1\" \/>\n<link rel=\"canonical\" href=\"https:\/\/www.chespa.eu\/en\/symposium-2024\/\" \/>\n<meta property=\"og:locale\" content=\"en_US\" \/>\n<meta property=\"og:type\" content=\"article\" \/>\n<meta property=\"og:title\" content=\"Symposium 2024 - Chespa - printing inks, clichees, cutting dies\" \/>\n<meta property=\"og:description\" content=\"Registration for the symposium has now been closed.\" \/>\n<meta property=\"og:url\" content=\"https:\/\/www.chespa.eu\/en\/symposium-2024\/\" \/>\n<meta property=\"og:site_name\" content=\"Chespa - printing inks, clichees, cutting dies\" \/>\n<meta property=\"article:modified_time\" content=\"2024-11-13T14:28:14+00:00\" \/>\n<meta property=\"og:image\" content=\"https:\/\/www.chespa.eu\/wp-content\/uploads\/2024\/10\/26SP_2024.png\" \/>\n\t<meta property=\"og:image:width\" content=\"1920\" \/>\n\t<meta property=\"og:image:height\" content=\"295\" \/>\n\t<meta property=\"og:image:type\" content=\"image\/png\" \/>\n<meta name=\"twitter:card\" content=\"summary_large_image\" \/>\n<meta name=\"twitter:label1\" content=\"Est. reading time\" \/>\n\t<meta name=\"twitter:data1\" content=\"1 minute\" \/>\n<script type=\"application\/ld+json\" class=\"yoast-schema-graph\">{\"@context\":\"https:\\\/\\\/schema.org\",\"@graph\":[{\"@type\":\"WebPage\",\"@id\":\"https:\\\/\\\/www.chespa.eu\\\/en\\\/symposium-2024\\\/\",\"url\":\"https:\\\/\\\/www.chespa.eu\\\/en\\\/symposium-2024\\\/\",\"name\":\"Symposium 2024 - Chespa - printing inks, clichees, cutting dies\",\"isPartOf\":{\"@id\":\"https:\\\/\\\/www.chespa.eu\\\/#website\"},\"primaryImageOfPage\":{\"@id\":\"https:\\\/\\\/www.chespa.eu\\\/en\\\/symposium-2024\\\/#primaryimage\"},\"image\":{\"@id\":\"https:\\\/\\\/www.chespa.eu\\\/en\\\/symposium-2024\\\/#primaryimage\"},\"thumbnailUrl\":\"https:\\\/\\\/www.chespa.eu\\\/wp-content\\\/uploads\\\/2024\\\/10\\\/26SP_2024.png\",\"datePublished\":\"2024-10-16T08:15:22+00:00\",\"dateModified\":\"2024-11-13T14:28:14+00:00\",\"breadcrumb\":{\"@id\":\"https:\\\/\\\/www.chespa.eu\\\/en\\\/symposium-2024\\\/#breadcrumb\"},\"inLanguage\":\"en-US\",\"potentialAction\":[{\"@type\":\"ReadAction\",\"target\":[\"https:\\\/\\\/www.chespa.eu\\\/en\\\/symposium-2024\\\/\"]}]},{\"@type\":\"ImageObject\",\"inLanguage\":\"en-US\",\"@id\":\"https:\\\/\\\/www.chespa.eu\\\/en\\\/symposium-2024\\\/#primaryimage\",\"url\":\"https:\\\/\\\/www.chespa.eu\\\/wp-content\\\/uploads\\\/2024\\\/10\\\/26SP_2024.png\",\"contentUrl\":\"https:\\\/\\\/www.chespa.eu\\\/wp-content\\\/uploads\\\/2024\\\/10\\\/26SP_2024.png\",\"width\":1920,\"height\":295},{\"@type\":\"BreadcrumbList\",\"@id\":\"https:\\\/\\\/www.chespa.eu\\\/en\\\/symposium-2024\\\/#breadcrumb\",\"itemListElement\":[{\"@type\":\"ListItem\",\"position\":1,\"name\":\"Strona g\u0142\u00f3wna\",\"item\":\"https:\\\/\\\/www.chespa.eu\\\/\"},{\"@type\":\"ListItem\",\"position\":2,\"name\":\"Symposium 2024\"}]},{\"@type\":\"WebSite\",\"@id\":\"https:\\\/\\\/www.chespa.eu\\\/#website\",\"url\":\"https:\\\/\\\/www.chespa.eu\\\/\",\"name\":\"Chespa - printing inks, clichees, cutting dies\",\"description\":\"\",\"potentialAction\":[{\"@type\":\"SearchAction\",\"target\":{\"@type\":\"EntryPoint\",\"urlTemplate\":\"https:\\\/\\\/www.chespa.eu\\\/?s={search_term_string}\"},\"query-input\":{\"@type\":\"PropertyValueSpecification\",\"valueRequired\":true,\"valueName\":\"search_term_string\"}}],\"inLanguage\":\"en-US\"}]}<\/script>\n<!-- \/ Yoast SEO plugin. -->","yoast_head_json":{"title":"Symposium 2024 - Chespa - printing inks, clichees, cutting dies","robots":{"index":"index","follow":"follow","max-snippet":"max-snippet:-1","max-image-preview":"max-image-preview:large","max-video-preview":"max-video-preview:-1"},"canonical":"https:\/\/www.chespa.eu\/en\/symposium-2024\/","og_locale":"en_US","og_type":"article","og_title":"Symposium 2024 - Chespa - printing inks, clichees, cutting dies","og_description":"Registration for the symposium has now been closed.","og_url":"https:\/\/www.chespa.eu\/en\/symposium-2024\/","og_site_name":"Chespa - printing inks, clichees, cutting dies","article_modified_time":"2024-11-13T14:28:14+00:00","og_image":[{"width":1920,"height":295,"url":"https:\/\/www.chespa.eu\/wp-content\/uploads\/2024\/10\/26SP_2024.png","type":"image\/png"}],"twitter_card":"summary_large_image","twitter_misc":{"Est. reading time":"1 minute"},"schema":{"@context":"https:\/\/schema.org","@graph":[{"@type":"WebPage","@id":"https:\/\/www.chespa.eu\/en\/symposium-2024\/","url":"https:\/\/www.chespa.eu\/en\/symposium-2024\/","name":"Symposium 2024 - Chespa - printing inks, clichees, cutting dies","isPartOf":{"@id":"https:\/\/www.chespa.eu\/#website"},"primaryImageOfPage":{"@id":"https:\/\/www.chespa.eu\/en\/symposium-2024\/#primaryimage"},"image":{"@id":"https:\/\/www.chespa.eu\/en\/symposium-2024\/#primaryimage"},"thumbnailUrl":"https:\/\/www.chespa.eu\/wp-content\/uploads\/2024\/10\/26SP_2024.png","datePublished":"2024-10-16T08:15:22+00:00","dateModified":"2024-11-13T14:28:14+00:00","breadcrumb":{"@id":"https:\/\/www.chespa.eu\/en\/symposium-2024\/#breadcrumb"},"inLanguage":"en-US","potentialAction":[{"@type":"ReadAction","target":["https:\/\/www.chespa.eu\/en\/symposium-2024\/"]}]},{"@type":"ImageObject","inLanguage":"en-US","@id":"https:\/\/www.chespa.eu\/en\/symposium-2024\/#primaryimage","url":"https:\/\/www.chespa.eu\/wp-content\/uploads\/2024\/10\/26SP_2024.png","contentUrl":"https:\/\/www.chespa.eu\/wp-content\/uploads\/2024\/10\/26SP_2024.png","width":1920,"height":295},{"@type":"BreadcrumbList","@id":"https:\/\/www.chespa.eu\/en\/symposium-2024\/#breadcrumb","itemListElement":[{"@type":"ListItem","position":1,"name":"Strona g\u0142\u00f3wna","item":"https:\/\/www.chespa.eu\/"},{"@type":"ListItem","position":2,"name":"Symposium 2024"}]},{"@type":"WebSite","@id":"https:\/\/www.chespa.eu\/#website","url":"https:\/\/www.chespa.eu\/","name":"Chespa - printing inks, clichees, cutting dies","description":"","potentialAction":[{"@type":"SearchAction","target":{"@type":"EntryPoint","urlTemplate":"https:\/\/www.chespa.eu\/?s={search_term_string}"},"query-input":{"@type":"PropertyValueSpecification","valueRequired":true,"valueName":"search_term_string"}}],"inLanguage":"en-US"}]}},"_links":{"self":[{"href":"https:\/\/www.chespa.eu\/en\/wp-json\/wp\/v2\/pages\/18326","targetHints":{"allow":["GET"]}}],"collection":[{"href":"https:\/\/www.chespa.eu\/en\/wp-json\/wp\/v2\/pages"}],"about":[{"href":"https:\/\/www.chespa.eu\/en\/wp-json\/wp\/v2\/types\/page"}],"author":[{"embeddable":true,"href":"https:\/\/www.chespa.eu\/en\/wp-json\/wp\/v2\/users\/6"}],"replies":[{"embeddable":true,"href":"https:\/\/www.chespa.eu\/en\/wp-json\/wp\/v2\/comments?post=18326"}],"version-history":[{"count":2,"href":"https:\/\/www.chespa.eu\/en\/wp-json\/wp\/v2\/pages\/18326\/revisions"}],"predecessor-version":[{"id":18360,"href":"https:\/\/www.chespa.eu\/en\/wp-json\/wp\/v2\/pages\/18326\/revisions\/18360"}],"wp:featuredmedia":[{"embeddable":true,"href":"https:\/\/www.chespa.eu\/en\/wp-json\/wp\/v2\/media\/18347"}],"wp:attachment":[{"href":"https:\/\/www.chespa.eu\/en\/wp-json\/wp\/v2\/media?parent=18326"}],"curies":[{"name":"wp","href":"https:\/\/api.w.org\/{rel}","templated":true}]}}