{"id":17048,"date":"2023-03-16T11:48:17","date_gmt":"2023-03-16T10:48:17","guid":{"rendered":"https:\/\/www.chespa.eu\/pliki-cyfrowe-informacja-flexo\/"},"modified":"2023-03-16T12:17:04","modified_gmt":"2023-03-16T11:17:04","slug":"pliki-cyfrowe-informacja-flexo","status":"publish","type":"page","link":"https:\/\/www.chespa.eu\/en\/pliki-cyfrowe-informacja-flexo\/","title":{"rendered":"Pliki cyfrowe &#8211; informacja \/ FLEXO"},"content":{"rendered":"<p><strong>Flexo<\/strong><\/p>\n<p>specyfikacja przygotowania plik\u00f3w cyfrowych do dalszej reproobr\u00f3bki<\/p>\n<p>Akceptowalne programy ( najnowsze wersje):<\/p>\n<ul>\n<li>ArtPro<\/li>\n<li>Adobe Illustrator<\/li>\n<li>Adobe Photoshop<\/li>\n<\/ul>\n<p>Czcionki:<\/p>\n<ul>\n<li>Je\u015bli artwork zawiera teksty jako czcionki, prosimy je do\u0142\u0105czy\u0107.<\/li>\n<li>Pliki w dw\u00f3ch wersjach:<\/li>\n<\/ul>\n<ol>\n<li>&#8211; fonty niezamienione na krzywe<\/li>\n<li>&#8211; fonty zamienione na krzywe (outlined)<\/li>\n<\/ol>\n<ul>\n<li>Wielko\u015b\u0107 tekst\u00f3w obligatoryjnych (ma\u0142a literka \u201cx\u201d) musi mie\u0107 minimum 0.9 mm dla bardzo ma\u0142ych opakowa\u0144, oraz minimum 1.2 mm dla pozosta\u0142ych.<\/li>\n<\/ul>\n<p>&nbsp;<\/p>\n<p>Fotki i bitmapy:<\/p>\n<ul>\n<li>Zawsze (je\u015bli to mo\u017cliwe), prosimy do\u0142\u0105cza\u0107 elementy nie wektorowe jako osobne pliki. Najlepiej pliki .psd z zachowanymi warstwami, kana\u0142ami i selekcjami.<\/li>\n<li>Do\u0142\u0105cza\u0107 opis wykorzystanych efekt\u00f3w wraz z parametrami<\/li>\n<li>Prosimy o zdj\u0119cie w oryginalnej rozdzielczo\u015bci (zwykle jest to 300dpi)<\/li>\n<li>Prosimy nie skalowa\u0107 bitmap w programach layoutowych (maja by\u0107 w skali 1:1)<\/li>\n<li>Mapy 1 bitowe &#8211; 800dpi<\/li>\n<li>Prosimy nie sk\u0142ada\u0107 tekst\u00f3w w Photoshopie i innych programach bitmapowych<\/li>\n<\/ul>\n<p>&nbsp;<\/p>\n<p>Maksymalne nafarbienie:<\/p>\n<ul>\n<li>Waha si\u0119 od 270 do 320%. W ciep\u0142ych kolorach uwa\u017ca\u0107 na stosowanie cyanu (powoduje zasinienia),<\/li>\n<\/ul>\n<p>a w zimnych magenty (zaczerwienienia).<\/p>\n<p>&nbsp;<\/p>\n<p>Inne elementy:<\/p>\n<ul>\n<li>Linie wolnostoj\u0105ce min. 0.17, linie negatywowe min. 0.2-0.3 mm<\/li>\n<li>Nale\u017cy unika\u0107 tworzenia tekst\u00f3w w kontrze w wi\u0119cej ni\u017c jednej separacji, je\u017celi jednak b\u0119dzie<\/li>\n<\/ul>\n<p>to konieczne, kraw\u0119dzie wewn\u0119trzne liter, min. 0.1 mm, nale\u017cy zostawi\u0107 w jednej separacji<\/p>\n<p>(pozosta\u0142e kolory b\u0119d\u0105 cofni\u0119te)<\/p>\n<ul>\n<li>Teksty w kolorze nienadrukowanym (wybrania pod nim) wymagaj\u0105 min. szeroko\u015bci kreski ok. 0.4mm,<\/li>\n<\/ul>\n<p>jasne litery na ciemnym tle, (dok\u0142adne maszyny maja tolerancje niespasowania 0,1-0,2 mm);<\/p>\n<p>w wypadku ciemnych liter, powinny by\u0107 nadrukowane lub wzi\u0119ta pod uwag\u0119 nadlewka<\/p>\n<ul>\n<li>1-2% punkt rastrowy przyrasta optycznie do oko\u0142o 5 &#8211; 6%, trzeba bra\u0107 to pod uwag\u0119<\/li>\n<\/ul>\n<p>przy stosowaniu np. przej\u015b\u0107 tonalnych od tzw 0%, powstanie widoczna kraw\u0119d\u017a<\/p>\n<ul>\n<li>Za\u0142\u0105cza\u0107 siatki w skali 1:1 z opisem stron (zewn\u0119trzna lub wewn\u0119trzna)<\/li>\n<li>Uwzgl\u0119dnia\u0107 spady w motywach zdj\u0119ciowych poza format<\/li>\n<li>Prosimy o przesy\u0142anie pogl\u0105dowego roz\u0142o\u017cenia grafiki na siatce<\/li>\n<li>Prosimy o zaznaczenie bia\u0142ego podk\u0142adu je\u017celi pod\u0142o\u017ce (folia) nie b\u0119dzie bia\u0142e<\/li>\n<li>Odleg\u0142o\u015b\u0107 grafiki od linii ciecia folii: 2 mm<\/li>\n<li>Kod kreskowy minimum SC2 (100%)<\/li>\n<\/ul>\n","protected":false},"excerpt":{"rendered":"<p>Flexo specyfikacja przygotowania plik\u00f3w cyfrowych do dalszej reproobr\u00f3bki Akceptowalne programy ( najnowsze wersje): ArtPro Adobe Illustrator Adobe Photoshop Czcionki: Je\u015bli artwork zawiera teksty jako czcionki, prosimy je do\u0142\u0105czy\u0107. Pliki w dw\u00f3ch wersjach: &#8211; fonty niezamienione na krzywe &#8211; fonty zamienione na krzywe (outlined) Wielko\u015b\u0107 tekst\u00f3w obligatoryjnych (ma\u0142a literka \u201cx\u201d) musi mie\u0107 minimum 0.9 mm dla [&hellip;]<\/p>\n","protected":false},"author":2,"featured_media":10077,"parent":0,"menu_order":0,"comment_status":"closed","ping_status":"closed","template":"","meta":{"_acf_changed":false,"footnotes":""},"class_list":["post-17048","page","type-page","status-publish","has-post-thumbnail","hentry"],"acf":[],"yoast_head":"<!-- This site is optimized with the Yoast SEO plugin v27.3 - https:\/\/yoast.com\/product\/yoast-seo-wordpress\/ -->\n<title>Pliki cyfrowe - informacja \/ FLEXO - Chespa - printing inks, clichees, cutting dies<\/title>\n<meta name=\"robots\" content=\"index, follow, max-snippet:-1, max-image-preview:large, max-video-preview:-1\" \/>\n<link rel=\"canonical\" href=\"https:\/\/www.chespa.eu\/en\/pliki-cyfrowe-informacja-flexo\/\" \/>\n<meta property=\"og:locale\" content=\"en_US\" \/>\n<meta property=\"og:type\" content=\"article\" \/>\n<meta property=\"og:title\" content=\"Pliki cyfrowe - informacja \/ FLEXO - Chespa - printing inks, clichees, cutting dies\" \/>\n<meta property=\"og:description\" content=\"Flexo specyfikacja przygotowania plik\u00f3w cyfrowych do dalszej reproobr\u00f3bki Akceptowalne programy ( najnowsze wersje): ArtPro Adobe Illustrator Adobe Photoshop Czcionki: Je\u015bli artwork zawiera teksty jako czcionki, prosimy je do\u0142\u0105czy\u0107. Pliki w dw\u00f3ch wersjach: &#8211; fonty niezamienione na krzywe &#8211; fonty zamienione na krzywe (outlined) Wielko\u015b\u0107 tekst\u00f3w obligatoryjnych (ma\u0142a literka \u201cx\u201d) musi mie\u0107 minimum 0.9 mm dla [&hellip;]\" \/>\n<meta property=\"og:url\" content=\"https:\/\/www.chespa.eu\/en\/pliki-cyfrowe-informacja-flexo\/\" \/>\n<meta property=\"og:site_name\" content=\"Chespa - printing inks, clichees, cutting dies\" \/>\n<meta property=\"article:modified_time\" content=\"2023-03-16T11:17:04+00:00\" \/>\n<meta property=\"og:image\" content=\"https:\/\/www.chespa.eu\/wp-content\/uploads\/2016\/11\/crs.png\" \/>\n\t<meta property=\"og:image:width\" content=\"1920\" \/>\n\t<meta property=\"og:image:height\" content=\"295\" \/>\n\t<meta property=\"og:image:type\" content=\"image\/png\" \/>\n<meta name=\"twitter:card\" content=\"summary_large_image\" \/>\n<meta name=\"twitter:label1\" content=\"Est. reading time\" \/>\n\t<meta name=\"twitter:data1\" content=\"2 minutes\" \/>\n<script type=\"application\/ld+json\" class=\"yoast-schema-graph\">{\"@context\":\"https:\\\/\\\/schema.org\",\"@graph\":[{\"@type\":\"WebPage\",\"@id\":\"https:\\\/\\\/www.chespa.eu\\\/en\\\/pliki-cyfrowe-informacja-flexo\\\/\",\"url\":\"https:\\\/\\\/www.chespa.eu\\\/en\\\/pliki-cyfrowe-informacja-flexo\\\/\",\"name\":\"Pliki cyfrowe - informacja \\\/ FLEXO - Chespa - printing inks, clichees, cutting dies\",\"isPartOf\":{\"@id\":\"https:\\\/\\\/www.chespa.eu\\\/#website\"},\"primaryImageOfPage\":{\"@id\":\"https:\\\/\\\/www.chespa.eu\\\/en\\\/pliki-cyfrowe-informacja-flexo\\\/#primaryimage\"},\"image\":{\"@id\":\"https:\\\/\\\/www.chespa.eu\\\/en\\\/pliki-cyfrowe-informacja-flexo\\\/#primaryimage\"},\"thumbnailUrl\":\"https:\\\/\\\/www.chespa.eu\\\/wp-content\\\/uploads\\\/2016\\\/11\\\/crs.png\",\"datePublished\":\"2023-03-16T10:48:17+00:00\",\"dateModified\":\"2023-03-16T11:17:04+00:00\",\"breadcrumb\":{\"@id\":\"https:\\\/\\\/www.chespa.eu\\\/en\\\/pliki-cyfrowe-informacja-flexo\\\/#breadcrumb\"},\"inLanguage\":\"en-US\",\"potentialAction\":[{\"@type\":\"ReadAction\",\"target\":[\"https:\\\/\\\/www.chespa.eu\\\/en\\\/pliki-cyfrowe-informacja-flexo\\\/\"]}]},{\"@type\":\"ImageObject\",\"inLanguage\":\"en-US\",\"@id\":\"https:\\\/\\\/www.chespa.eu\\\/en\\\/pliki-cyfrowe-informacja-flexo\\\/#primaryimage\",\"url\":\"https:\\\/\\\/www.chespa.eu\\\/wp-content\\\/uploads\\\/2016\\\/11\\\/crs.png\",\"contentUrl\":\"https:\\\/\\\/www.chespa.eu\\\/wp-content\\\/uploads\\\/2016\\\/11\\\/crs.png\",\"width\":1920,\"height\":295},{\"@type\":\"BreadcrumbList\",\"@id\":\"https:\\\/\\\/www.chespa.eu\\\/en\\\/pliki-cyfrowe-informacja-flexo\\\/#breadcrumb\",\"itemListElement\":[{\"@type\":\"ListItem\",\"position\":1,\"name\":\"Strona g\u0142\u00f3wna\",\"item\":\"https:\\\/\\\/www.chespa.eu\\\/\"},{\"@type\":\"ListItem\",\"position\":2,\"name\":\"Pliki cyfrowe &#8211; informacja \\\/ FLEXO\"}]},{\"@type\":\"WebSite\",\"@id\":\"https:\\\/\\\/www.chespa.eu\\\/#website\",\"url\":\"https:\\\/\\\/www.chespa.eu\\\/\",\"name\":\"Chespa - printing inks, clichees, cutting dies\",\"description\":\"\",\"potentialAction\":[{\"@type\":\"SearchAction\",\"target\":{\"@type\":\"EntryPoint\",\"urlTemplate\":\"https:\\\/\\\/www.chespa.eu\\\/?s={search_term_string}\"},\"query-input\":{\"@type\":\"PropertyValueSpecification\",\"valueRequired\":true,\"valueName\":\"search_term_string\"}}],\"inLanguage\":\"en-US\"}]}<\/script>\n<!-- \/ Yoast SEO plugin. -->","yoast_head_json":{"title":"Pliki cyfrowe - informacja \/ FLEXO - Chespa - printing inks, clichees, cutting dies","robots":{"index":"index","follow":"follow","max-snippet":"max-snippet:-1","max-image-preview":"max-image-preview:large","max-video-preview":"max-video-preview:-1"},"canonical":"https:\/\/www.chespa.eu\/en\/pliki-cyfrowe-informacja-flexo\/","og_locale":"en_US","og_type":"article","og_title":"Pliki cyfrowe - informacja \/ FLEXO - Chespa - printing inks, clichees, cutting dies","og_description":"Flexo specyfikacja przygotowania plik\u00f3w cyfrowych do dalszej reproobr\u00f3bki Akceptowalne programy ( najnowsze wersje): ArtPro Adobe Illustrator Adobe Photoshop Czcionki: Je\u015bli artwork zawiera teksty jako czcionki, prosimy je do\u0142\u0105czy\u0107. Pliki w dw\u00f3ch wersjach: &#8211; fonty niezamienione na krzywe &#8211; fonty zamienione na krzywe (outlined) Wielko\u015b\u0107 tekst\u00f3w obligatoryjnych (ma\u0142a literka \u201cx\u201d) musi mie\u0107 minimum 0.9 mm dla [&hellip;]","og_url":"https:\/\/www.chespa.eu\/en\/pliki-cyfrowe-informacja-flexo\/","og_site_name":"Chespa - printing inks, clichees, cutting dies","article_modified_time":"2023-03-16T11:17:04+00:00","og_image":[{"width":1920,"height":295,"url":"https:\/\/www.chespa.eu\/wp-content\/uploads\/2016\/11\/crs.png","type":"image\/png"}],"twitter_card":"summary_large_image","twitter_misc":{"Est. reading time":"2 minutes"},"schema":{"@context":"https:\/\/schema.org","@graph":[{"@type":"WebPage","@id":"https:\/\/www.chespa.eu\/en\/pliki-cyfrowe-informacja-flexo\/","url":"https:\/\/www.chespa.eu\/en\/pliki-cyfrowe-informacja-flexo\/","name":"Pliki cyfrowe - informacja \/ FLEXO - Chespa - printing inks, clichees, cutting dies","isPartOf":{"@id":"https:\/\/www.chespa.eu\/#website"},"primaryImageOfPage":{"@id":"https:\/\/www.chespa.eu\/en\/pliki-cyfrowe-informacja-flexo\/#primaryimage"},"image":{"@id":"https:\/\/www.chespa.eu\/en\/pliki-cyfrowe-informacja-flexo\/#primaryimage"},"thumbnailUrl":"https:\/\/www.chespa.eu\/wp-content\/uploads\/2016\/11\/crs.png","datePublished":"2023-03-16T10:48:17+00:00","dateModified":"2023-03-16T11:17:04+00:00","breadcrumb":{"@id":"https:\/\/www.chespa.eu\/en\/pliki-cyfrowe-informacja-flexo\/#breadcrumb"},"inLanguage":"en-US","potentialAction":[{"@type":"ReadAction","target":["https:\/\/www.chespa.eu\/en\/pliki-cyfrowe-informacja-flexo\/"]}]},{"@type":"ImageObject","inLanguage":"en-US","@id":"https:\/\/www.chespa.eu\/en\/pliki-cyfrowe-informacja-flexo\/#primaryimage","url":"https:\/\/www.chespa.eu\/wp-content\/uploads\/2016\/11\/crs.png","contentUrl":"https:\/\/www.chespa.eu\/wp-content\/uploads\/2016\/11\/crs.png","width":1920,"height":295},{"@type":"BreadcrumbList","@id":"https:\/\/www.chespa.eu\/en\/pliki-cyfrowe-informacja-flexo\/#breadcrumb","itemListElement":[{"@type":"ListItem","position":1,"name":"Strona g\u0142\u00f3wna","item":"https:\/\/www.chespa.eu\/"},{"@type":"ListItem","position":2,"name":"Pliki cyfrowe &#8211; informacja \/ FLEXO"}]},{"@type":"WebSite","@id":"https:\/\/www.chespa.eu\/#website","url":"https:\/\/www.chespa.eu\/","name":"Chespa - printing inks, clichees, cutting dies","description":"","potentialAction":[{"@type":"SearchAction","target":{"@type":"EntryPoint","urlTemplate":"https:\/\/www.chespa.eu\/?s={search_term_string}"},"query-input":{"@type":"PropertyValueSpecification","valueRequired":true,"valueName":"search_term_string"}}],"inLanguage":"en-US"}]}},"_links":{"self":[{"href":"https:\/\/www.chespa.eu\/en\/wp-json\/wp\/v2\/pages\/17048","targetHints":{"allow":["GET"]}}],"collection":[{"href":"https:\/\/www.chespa.eu\/en\/wp-json\/wp\/v2\/pages"}],"about":[{"href":"https:\/\/www.chespa.eu\/en\/wp-json\/wp\/v2\/types\/page"}],"author":[{"embeddable":true,"href":"https:\/\/www.chespa.eu\/en\/wp-json\/wp\/v2\/users\/2"}],"replies":[{"embeddable":true,"href":"https:\/\/www.chespa.eu\/en\/wp-json\/wp\/v2\/comments?post=17048"}],"version-history":[{"count":2,"href":"https:\/\/www.chespa.eu\/en\/wp-json\/wp\/v2\/pages\/17048\/revisions"}],"predecessor-version":[{"id":17069,"href":"https:\/\/www.chespa.eu\/en\/wp-json\/wp\/v2\/pages\/17048\/revisions\/17069"}],"wp:featuredmedia":[{"embeddable":true,"href":"https:\/\/www.chespa.eu\/en\/wp-json\/wp\/v2\/media\/10077"}],"wp:attachment":[{"href":"https:\/\/www.chespa.eu\/en\/wp-json\/wp\/v2\/media?parent=17048"}],"curies":[{"name":"wp","href":"https:\/\/api.w.org\/{rel}","templated":true}]}}