{"id":993,"date":"2016-02-15T13:48:19","date_gmt":"2016-02-15T12:48:19","guid":{"rendered":"http:\/\/chespa.eu\/de\/polityka-w-zakresie-bezpieczenstwa-i-higieny-prac\/"},"modified":"2020-05-22T16:32:37","modified_gmt":"2020-05-22T14:32:37","slug":"polityka-w-zakresie-bezpieczenstwa-i-higieny-prac","status":"publish","type":"page","link":"https:\/\/www.chespa.eu\/de\/polityka-w-zakresie-bezpieczenstwa-i-higieny-prac\/","title":{"rendered":"Politik f\u00fcr Gesundheit und Sicherheit"},"content":{"rendered":"<div><\/div>\n<div>Chespa eine Politik der Arbeitssicherheit und Gesundheitsschutz, alle gesetzlichen Vorschriften und sonstigen Anforderungen in diesem Bereich erf\u00fcllt, die kontinuierliche Verbesserung der Gesundheit und Sicherheit zu gew\u00e4hrleisten.<br \/>\nZugleich verpflichtet Chespa auf kontinuierliche und systematische Durchf\u00fchrung wirksame Pr\u00e4ventionsma\u00dfnahmen, die einen angemessenen Zustand von Gesundheit und Sicherheit an allen Arbeitspl\u00e4tzen zur Verf\u00fcgung stellen.<\/div>\n<div>Im Rahmen der Politik der Chespa im Bereich der Arbeitssicherheit und Gesundheitsschutz verfolgt, hat sich folgende Ziele gesetzt:<\/div>\n<div>1. Die konsequente Verbesserung der Qualifikationen in den Bereichen Gesundheit und Sicherheit aller Mitarbeiter, einschlie\u00dflich der Umsetzung der vorgeschriebenen Pr\u00e4ventionstraining und Verbesserung,<\/div>\n<div>2. Die Einbeziehung aller Mitarbeiter in Aktivit\u00e4ten auf die Gesundheit und Sicherheit am Arbeitsplatz,<\/div>\n<div>3. angemessene medizinische Vorsorge Gesundheit der Arbeitnehmer, einschlie\u00dflich der erforderlichen Forschung und Pr\u00e4vention Empfehlungen aus dieser Forschung ergebenden Durchf\u00fchrung,<\/div>\n<div>4. Machen umfangreichen Pr\u00e4ventivma\u00dfnahmen zur Verbesserung der Verh\u00fctung von Arbeitsunf\u00e4llen, m\u00f6gliche Unf\u00e4lle und Gefahren und Berufskrankheiten,<\/div>\n<div>5. Die regelm\u00e4\u00dfige \u00dcberwachung der Risiken am Arbeitsplatz und wirksame Ma\u00dfnahmen zu ergreifen, diese Risiken zu reduzieren,<\/div>\n<div>6. Aktueller Stand Kontrollumfeld und halten es auf einem ungef\u00e4hrlichen Niveau,<\/div>\n<div>7. Herstellung Anstrengungen zur kontinuierlichen Verbesserung der Sicherheit und der Behandlung von Sorge um die Sicherheit der Arbeitnehmer, die als Mutter.Diese Aufgaben Gesellschaft wird mit der aktiven Beteiligung aller Mitarbeiter zu implementieren, die notwendigen Ressourcen und qualifiziertem Personal auf allen Ebenen der Verwaltung bereitstellt.<\/p>\n<\/div>\n<p>MANAGEMENT<\/p>\n<p>&nbsp;<\/p>\n<p><strong>Chorula, 20.11.2019<br \/>\n<\/strong><\/p>\n","protected":false},"excerpt":{"rendered":"<p>Chespa eine Politik der Arbeitssicherheit und Gesundheitsschutz, alle gesetzlichen Vorschriften und sonstigen Anforderungen in diesem Bereich erf\u00fcllt, die kontinuierliche Verbesserung der Gesundheit und Sicherheit zu gew\u00e4hrleisten. Zugleich verpflichtet Chespa auf kontinuierliche und systematische Durchf\u00fchrung wirksame Pr\u00e4ventionsma\u00dfnahmen, die einen angemessenen Zustand von Gesundheit und Sicherheit an allen Arbeitspl\u00e4tzen zur Verf\u00fcgung stellen. Im Rahmen der Politik der [&hellip;]<\/p>\n","protected":false},"author":6,"featured_media":0,"parent":0,"menu_order":0,"comment_status":"closed","ping_status":"closed","template":"","meta":{"_acf_changed":false,"footnotes":""},"class_list":["post-993","page","type-page","status-publish","hentry"],"acf":[],"yoast_head":"<!-- This site is optimized with the Yoast SEO plugin v27.5 - https:\/\/yoast.com\/product\/yoast-seo-wordpress\/ -->\n<title>Politik f\u00fcr Gesundheit und Sicherheit - Chespa - printing inks, clichees, cutting dies<\/title>\n<meta name=\"robots\" content=\"index, follow, max-snippet:-1, max-image-preview:large, max-video-preview:-1\" \/>\n<link rel=\"canonical\" href=\"https:\/\/www.chespa.eu\/de\/polityka-w-zakresie-bezpieczenstwa-i-higieny-prac\/\" \/>\n<meta property=\"og:locale\" content=\"de_DE\" \/>\n<meta property=\"og:type\" content=\"article\" \/>\n<meta property=\"og:title\" content=\"Politik f\u00fcr Gesundheit und Sicherheit - Chespa - printing inks, clichees, cutting dies\" \/>\n<meta property=\"og:description\" content=\"Chespa eine Politik der Arbeitssicherheit und Gesundheitsschutz, alle gesetzlichen Vorschriften und sonstigen Anforderungen in diesem Bereich erf\u00fcllt, die kontinuierliche Verbesserung der Gesundheit und Sicherheit zu gew\u00e4hrleisten. Zugleich verpflichtet Chespa auf kontinuierliche und systematische Durchf\u00fchrung wirksame Pr\u00e4ventionsma\u00dfnahmen, die einen angemessenen Zustand von Gesundheit und Sicherheit an allen Arbeitspl\u00e4tzen zur Verf\u00fcgung stellen. Im Rahmen der Politik der [&hellip;]\" \/>\n<meta property=\"og:url\" content=\"https:\/\/www.chespa.eu\/de\/polityka-w-zakresie-bezpieczenstwa-i-higieny-prac\/\" \/>\n<meta property=\"og:site_name\" content=\"Chespa - printing inks, clichees, cutting dies\" \/>\n<meta property=\"article:modified_time\" content=\"2020-05-22T14:32:37+00:00\" \/>\n<meta name=\"twitter:card\" content=\"summary_large_image\" \/>\n<meta name=\"twitter:label1\" content=\"Est. reading time\" \/>\n\t<meta name=\"twitter:data1\" content=\"1 minute\" \/>\n<script type=\"application\/ld+json\" class=\"yoast-schema-graph\">{\"@context\":\"https:\\\/\\\/schema.org\",\"@graph\":[{\"@type\":\"WebPage\",\"@id\":\"https:\\\/\\\/www.chespa.eu\\\/de\\\/polityka-w-zakresie-bezpieczenstwa-i-higieny-prac\\\/\",\"url\":\"https:\\\/\\\/www.chespa.eu\\\/de\\\/polityka-w-zakresie-bezpieczenstwa-i-higieny-prac\\\/\",\"name\":\"Politik f\u00fcr Gesundheit und Sicherheit - Chespa - printing inks, clichees, cutting dies\",\"isPartOf\":{\"@id\":\"https:\\\/\\\/www.chespa.eu\\\/#website\"},\"datePublished\":\"2016-02-15T12:48:19+00:00\",\"dateModified\":\"2020-05-22T14:32:37+00:00\",\"breadcrumb\":{\"@id\":\"https:\\\/\\\/www.chespa.eu\\\/de\\\/polityka-w-zakresie-bezpieczenstwa-i-higieny-prac\\\/#breadcrumb\"},\"inLanguage\":\"de-DE\",\"potentialAction\":[{\"@type\":\"ReadAction\",\"target\":[\"https:\\\/\\\/www.chespa.eu\\\/de\\\/polityka-w-zakresie-bezpieczenstwa-i-higieny-prac\\\/\"]}]},{\"@type\":\"BreadcrumbList\",\"@id\":\"https:\\\/\\\/www.chespa.eu\\\/de\\\/polityka-w-zakresie-bezpieczenstwa-i-higieny-prac\\\/#breadcrumb\",\"itemListElement\":[{\"@type\":\"ListItem\",\"position\":1,\"name\":\"Strona g\u0142\u00f3wna\",\"item\":\"https:\\\/\\\/www.chespa.eu\\\/\"},{\"@type\":\"ListItem\",\"position\":2,\"name\":\"Politik f\u00fcr Gesundheit und Sicherheit\"}]},{\"@type\":\"WebSite\",\"@id\":\"https:\\\/\\\/www.chespa.eu\\\/#website\",\"url\":\"https:\\\/\\\/www.chespa.eu\\\/\",\"name\":\"Chespa - printing inks, clichees, cutting dies\",\"description\":\"\",\"potentialAction\":[{\"@type\":\"SearchAction\",\"target\":{\"@type\":\"EntryPoint\",\"urlTemplate\":\"https:\\\/\\\/www.chespa.eu\\\/?s={search_term_string}\"},\"query-input\":{\"@type\":\"PropertyValueSpecification\",\"valueRequired\":true,\"valueName\":\"search_term_string\"}}],\"inLanguage\":\"de-DE\"}]}<\/script>\n<!-- \/ Yoast SEO plugin. -->","yoast_head_json":{"title":"Politik f\u00fcr Gesundheit und Sicherheit - Chespa - printing inks, clichees, cutting dies","robots":{"index":"index","follow":"follow","max-snippet":"max-snippet:-1","max-image-preview":"max-image-preview:large","max-video-preview":"max-video-preview:-1"},"canonical":"https:\/\/www.chespa.eu\/de\/polityka-w-zakresie-bezpieczenstwa-i-higieny-prac\/","og_locale":"de_DE","og_type":"article","og_title":"Politik f\u00fcr Gesundheit und Sicherheit - Chespa - printing inks, clichees, cutting dies","og_description":"Chespa eine Politik der Arbeitssicherheit und Gesundheitsschutz, alle gesetzlichen Vorschriften und sonstigen Anforderungen in diesem Bereich erf\u00fcllt, die kontinuierliche Verbesserung der Gesundheit und Sicherheit zu gew\u00e4hrleisten. Zugleich verpflichtet Chespa auf kontinuierliche und systematische Durchf\u00fchrung wirksame Pr\u00e4ventionsma\u00dfnahmen, die einen angemessenen Zustand von Gesundheit und Sicherheit an allen Arbeitspl\u00e4tzen zur Verf\u00fcgung stellen. Im Rahmen der Politik der [&hellip;]","og_url":"https:\/\/www.chespa.eu\/de\/polityka-w-zakresie-bezpieczenstwa-i-higieny-prac\/","og_site_name":"Chespa - printing inks, clichees, cutting dies","article_modified_time":"2020-05-22T14:32:37+00:00","twitter_card":"summary_large_image","twitter_misc":{"Est. reading time":"1 minute"},"schema":{"@context":"https:\/\/schema.org","@graph":[{"@type":"WebPage","@id":"https:\/\/www.chespa.eu\/de\/polityka-w-zakresie-bezpieczenstwa-i-higieny-prac\/","url":"https:\/\/www.chespa.eu\/de\/polityka-w-zakresie-bezpieczenstwa-i-higieny-prac\/","name":"Politik f\u00fcr Gesundheit und Sicherheit - Chespa - printing inks, clichees, cutting dies","isPartOf":{"@id":"https:\/\/www.chespa.eu\/#website"},"datePublished":"2016-02-15T12:48:19+00:00","dateModified":"2020-05-22T14:32:37+00:00","breadcrumb":{"@id":"https:\/\/www.chespa.eu\/de\/polityka-w-zakresie-bezpieczenstwa-i-higieny-prac\/#breadcrumb"},"inLanguage":"de-DE","potentialAction":[{"@type":"ReadAction","target":["https:\/\/www.chespa.eu\/de\/polityka-w-zakresie-bezpieczenstwa-i-higieny-prac\/"]}]},{"@type":"BreadcrumbList","@id":"https:\/\/www.chespa.eu\/de\/polityka-w-zakresie-bezpieczenstwa-i-higieny-prac\/#breadcrumb","itemListElement":[{"@type":"ListItem","position":1,"name":"Strona g\u0142\u00f3wna","item":"https:\/\/www.chespa.eu\/"},{"@type":"ListItem","position":2,"name":"Politik f\u00fcr Gesundheit und Sicherheit"}]},{"@type":"WebSite","@id":"https:\/\/www.chespa.eu\/#website","url":"https:\/\/www.chespa.eu\/","name":"Chespa - printing inks, clichees, cutting dies","description":"","potentialAction":[{"@type":"SearchAction","target":{"@type":"EntryPoint","urlTemplate":"https:\/\/www.chespa.eu\/?s={search_term_string}"},"query-input":{"@type":"PropertyValueSpecification","valueRequired":true,"valueName":"search_term_string"}}],"inLanguage":"de-DE"}]}},"_links":{"self":[{"href":"https:\/\/www.chespa.eu\/de\/wp-json\/wp\/v2\/pages\/993","targetHints":{"allow":["GET"]}}],"collection":[{"href":"https:\/\/www.chespa.eu\/de\/wp-json\/wp\/v2\/pages"}],"about":[{"href":"https:\/\/www.chespa.eu\/de\/wp-json\/wp\/v2\/types\/page"}],"author":[{"embeddable":true,"href":"https:\/\/www.chespa.eu\/de\/wp-json\/wp\/v2\/users\/6"}],"replies":[{"embeddable":true,"href":"https:\/\/www.chespa.eu\/de\/wp-json\/wp\/v2\/comments?post=993"}],"version-history":[{"count":14,"href":"https:\/\/www.chespa.eu\/de\/wp-json\/wp\/v2\/pages\/993\/revisions"}],"predecessor-version":[{"id":13925,"href":"https:\/\/www.chespa.eu\/de\/wp-json\/wp\/v2\/pages\/993\/revisions\/13925"}],"wp:attachment":[{"href":"https:\/\/www.chespa.eu\/de\/wp-json\/wp\/v2\/media?parent=993"}],"curies":[{"name":"wp","href":"https:\/\/api.w.org\/{rel}","templated":true}]}}