{"id":979,"date":"2016-02-15T13:36:08","date_gmt":"2016-02-15T12:36:08","guid":{"rendered":"http:\/\/chespa.eu\/de\/polityka-srodowiskowa-grupy-chespa\/"},"modified":"2018-01-30T12:54:36","modified_gmt":"2018-01-30T11:54:36","slug":"polityka-srodowiskowa-grupy-chespa","status":"publish","type":"page","link":"https:\/\/www.chespa.eu\/de\/polityka-srodowiskowa-grupy-chespa\/","title":{"rendered":"Umweltpolitik Gruppe Chespa"},"content":{"rendered":"<p><a href=\"http:\/\/chespa.eu\/wp-content\/uploads\/2016\/02\/555.png\" rel=\"lightbox[979]\"><img loading=\"lazy\" decoding=\"async\" class=\"aligncenter size-full wp-image-360\" src=\"https:\/\/chespa.eu\/wp-content\/uploads\/2016\/02\/555.png\" alt=\"555\" width=\"149\" height=\"149\" \/><\/a><\/p>\n<p>&nbsp;<\/p>\n<p>Die Gruppe Chespa Produktion und den Handel mit Produkten f\u00fcr die Druckindustrie bestimmt sind, in \u00dcbereinstimmung mit den Anforderungen im Bereich des Umweltschutzes durchgef\u00fchrt.<\/p>\n<p><strong>Die wichtigsten Ziele der Aktivit\u00e4ten Chespa Umweltschutz der Gruppe sind:<\/strong><\/p>\n<ol>\n<li>Produktion und Lieferung von umweltfreundlichen Produkten ein Qualit\u00e4ts Treffen ioczekiwania unsere aktuellen und potenziellen Kunden.<\/li>\n<li>Systematische Reduzierung der sch\u00e4dlichen Auswirkungen unserer Aktivit\u00e4ten auf die Umwelt, wobei als Ausgangspunkt, dass die geltenden Gesetze und Vorschriften.<\/li>\n<\/ol>\n<p><strong>Die Umweltpolitik wird umgesetzt durch:<\/strong><\/p>\n<ul>\n<li>Verbesserung der Fertigungsprozesse und der Einsatz modernster Technik und kontinuierliche Modernisierung der Anlagen, die Produktqualit\u00e4t und Verringerung der Umweltauswirkungen unserer Produktion auf die Umwelt zu verbessern,<\/li>\n<li>Verwaltung der \u00f6kologischen Kriterien, die Einf\u00fchrung neuer Produkte und die Modernisierung der laufenden Produktion,<\/li>\n<li>Mitarbeiter das Umweltbewusstsein durch systematisches Training nach den Bed\u00fcrfnissen der Funktionsweise des Umweltmanagementsystems erh\u00f6hen,<\/li>\n<li>Vermeidung von Verschmutzung, die negativen Auswirkungen ihrer Aktivit\u00e4ten auf die Umwelt zu reduzieren,<br \/>\nrationelle Nutzung von umweltfreundlichen Materialien f\u00fcr die Herstellung von Energie und Prozesse Treibstoffproduktion durchgef\u00fchrt,<\/li>\n<li>selektive Sammlung, Speicherung und die Menge der Abfallprodukte und Verpackungen zu minimieren und sie zu spezialisierten und autorisierten externen Stellen weitergeleitet werden,<\/li>\n<li>Wartung und kontinuierliche Verbesserung des Umweltmanagementsystem nach PN &#8211; EN ISO 14001: 2015.<\/li>\n<\/ul>\n<p><strong>Diese Verpflichtungen werden von allen Mitarbeitern durchgef\u00fchrt und der Gruppenleitung Chespa.<\/strong><\/p>\n<p>MANAGEMENT<\/p>\n<p>03.01.2018<br \/>\n\u00dcberpr\u00fcfung des Dokuments wurde am 03.01.2018 gemacht.<\/p>\n","protected":false},"excerpt":{"rendered":"<p>&nbsp; Die Gruppe Chespa Produktion und den Handel mit Produkten f\u00fcr die Druckindustrie bestimmt sind, in \u00dcbereinstimmung mit den Anforderungen im Bereich des Umweltschutzes durchgef\u00fchrt. Die wichtigsten Ziele der Aktivit\u00e4ten Chespa Umweltschutz der Gruppe sind: Produktion und Lieferung von umweltfreundlichen Produkten ein Qualit\u00e4ts Treffen ioczekiwania unsere aktuellen und potenziellen Kunden. Systematische Reduzierung der sch\u00e4dlichen Auswirkungen [&hellip;]<\/p>\n","protected":false},"author":6,"featured_media":0,"parent":0,"menu_order":0,"comment_status":"closed","ping_status":"closed","template":"","meta":{"_acf_changed":false,"footnotes":""},"class_list":["post-979","page","type-page","status-publish","hentry"],"acf":[],"yoast_head":"<!-- This site is optimized with the Yoast SEO plugin v27.3 - https:\/\/yoast.com\/product\/yoast-seo-wordpress\/ -->\n<title>Umweltpolitik Gruppe Chespa - Chespa - printing inks, clichees, cutting dies<\/title>\n<meta name=\"robots\" content=\"index, follow, max-snippet:-1, max-image-preview:large, max-video-preview:-1\" \/>\n<link rel=\"canonical\" href=\"https:\/\/www.chespa.eu\/de\/polityka-srodowiskowa-grupy-chespa\/\" \/>\n<meta property=\"og:locale\" content=\"de_DE\" \/>\n<meta property=\"og:type\" content=\"article\" \/>\n<meta property=\"og:title\" content=\"Umweltpolitik Gruppe Chespa - Chespa - printing inks, clichees, cutting dies\" \/>\n<meta property=\"og:description\" content=\"&nbsp; Die Gruppe Chespa Produktion und den Handel mit Produkten f\u00fcr die Druckindustrie bestimmt sind, in \u00dcbereinstimmung mit den Anforderungen im Bereich des Umweltschutzes durchgef\u00fchrt. Die wichtigsten Ziele der Aktivit\u00e4ten Chespa Umweltschutz der Gruppe sind: Produktion und Lieferung von umweltfreundlichen Produkten ein Qualit\u00e4ts Treffen ioczekiwania unsere aktuellen und potenziellen Kunden. Systematische Reduzierung der sch\u00e4dlichen Auswirkungen [&hellip;]\" \/>\n<meta property=\"og:url\" content=\"https:\/\/www.chespa.eu\/de\/polityka-srodowiskowa-grupy-chespa\/\" \/>\n<meta property=\"og:site_name\" content=\"Chespa - printing inks, clichees, cutting dies\" \/>\n<meta property=\"article:modified_time\" content=\"2018-01-30T11:54:36+00:00\" \/>\n<meta property=\"og:image\" content=\"http:\/\/chespa.eu\/wp-content\/uploads\/2016\/02\/555.png\" \/>\n<meta name=\"twitter:card\" content=\"summary_large_image\" \/>\n<meta name=\"twitter:label1\" content=\"Est. reading time\" \/>\n\t<meta name=\"twitter:data1\" content=\"1 minute\" \/>\n<script type=\"application\/ld+json\" class=\"yoast-schema-graph\">{\"@context\":\"https:\\\/\\\/schema.org\",\"@graph\":[{\"@type\":\"WebPage\",\"@id\":\"https:\\\/\\\/www.chespa.eu\\\/de\\\/polityka-srodowiskowa-grupy-chespa\\\/\",\"url\":\"https:\\\/\\\/www.chespa.eu\\\/de\\\/polityka-srodowiskowa-grupy-chespa\\\/\",\"name\":\"Umweltpolitik Gruppe Chespa - Chespa - printing inks, clichees, cutting dies\",\"isPartOf\":{\"@id\":\"https:\\\/\\\/www.chespa.eu\\\/#website\"},\"primaryImageOfPage\":{\"@id\":\"https:\\\/\\\/www.chespa.eu\\\/de\\\/polityka-srodowiskowa-grupy-chespa\\\/#primaryimage\"},\"image\":{\"@id\":\"https:\\\/\\\/www.chespa.eu\\\/de\\\/polityka-srodowiskowa-grupy-chespa\\\/#primaryimage\"},\"thumbnailUrl\":\"http:\\\/\\\/chespa.eu\\\/wp-content\\\/uploads\\\/2016\\\/02\\\/555.png\",\"datePublished\":\"2016-02-15T12:36:08+00:00\",\"dateModified\":\"2018-01-30T11:54:36+00:00\",\"breadcrumb\":{\"@id\":\"https:\\\/\\\/www.chespa.eu\\\/de\\\/polityka-srodowiskowa-grupy-chespa\\\/#breadcrumb\"},\"inLanguage\":\"de-DE\",\"potentialAction\":[{\"@type\":\"ReadAction\",\"target\":[\"https:\\\/\\\/www.chespa.eu\\\/de\\\/polityka-srodowiskowa-grupy-chespa\\\/\"]}]},{\"@type\":\"ImageObject\",\"inLanguage\":\"de-DE\",\"@id\":\"https:\\\/\\\/www.chespa.eu\\\/de\\\/polityka-srodowiskowa-grupy-chespa\\\/#primaryimage\",\"url\":\"http:\\\/\\\/chespa.eu\\\/wp-content\\\/uploads\\\/2016\\\/02\\\/555.png\",\"contentUrl\":\"http:\\\/\\\/chespa.eu\\\/wp-content\\\/uploads\\\/2016\\\/02\\\/555.png\"},{\"@type\":\"BreadcrumbList\",\"@id\":\"https:\\\/\\\/www.chespa.eu\\\/de\\\/polityka-srodowiskowa-grupy-chespa\\\/#breadcrumb\",\"itemListElement\":[{\"@type\":\"ListItem\",\"position\":1,\"name\":\"Strona g\u0142\u00f3wna\",\"item\":\"https:\\\/\\\/www.chespa.eu\\\/\"},{\"@type\":\"ListItem\",\"position\":2,\"name\":\"Umweltpolitik Gruppe Chespa\"}]},{\"@type\":\"WebSite\",\"@id\":\"https:\\\/\\\/www.chespa.eu\\\/#website\",\"url\":\"https:\\\/\\\/www.chespa.eu\\\/\",\"name\":\"Chespa - printing inks, clichees, cutting dies\",\"description\":\"\",\"potentialAction\":[{\"@type\":\"SearchAction\",\"target\":{\"@type\":\"EntryPoint\",\"urlTemplate\":\"https:\\\/\\\/www.chespa.eu\\\/?s={search_term_string}\"},\"query-input\":{\"@type\":\"PropertyValueSpecification\",\"valueRequired\":true,\"valueName\":\"search_term_string\"}}],\"inLanguage\":\"de-DE\"}]}<\/script>\n<!-- \/ Yoast SEO plugin. -->","yoast_head_json":{"title":"Umweltpolitik Gruppe Chespa - Chespa - printing inks, clichees, cutting dies","robots":{"index":"index","follow":"follow","max-snippet":"max-snippet:-1","max-image-preview":"max-image-preview:large","max-video-preview":"max-video-preview:-1"},"canonical":"https:\/\/www.chespa.eu\/de\/polityka-srodowiskowa-grupy-chespa\/","og_locale":"de_DE","og_type":"article","og_title":"Umweltpolitik Gruppe Chespa - Chespa - printing inks, clichees, cutting dies","og_description":"&nbsp; Die Gruppe Chespa Produktion und den Handel mit Produkten f\u00fcr die Druckindustrie bestimmt sind, in \u00dcbereinstimmung mit den Anforderungen im Bereich des Umweltschutzes durchgef\u00fchrt. Die wichtigsten Ziele der Aktivit\u00e4ten Chespa Umweltschutz der Gruppe sind: Produktion und Lieferung von umweltfreundlichen Produkten ein Qualit\u00e4ts Treffen ioczekiwania unsere aktuellen und potenziellen Kunden. Systematische Reduzierung der sch\u00e4dlichen Auswirkungen [&hellip;]","og_url":"https:\/\/www.chespa.eu\/de\/polityka-srodowiskowa-grupy-chespa\/","og_site_name":"Chespa - printing inks, clichees, cutting dies","article_modified_time":"2018-01-30T11:54:36+00:00","og_image":[{"url":"http:\/\/chespa.eu\/wp-content\/uploads\/2016\/02\/555.png","type":"","width":"","height":""}],"twitter_card":"summary_large_image","twitter_misc":{"Est. reading time":"1 minute"},"schema":{"@context":"https:\/\/schema.org","@graph":[{"@type":"WebPage","@id":"https:\/\/www.chespa.eu\/de\/polityka-srodowiskowa-grupy-chespa\/","url":"https:\/\/www.chespa.eu\/de\/polityka-srodowiskowa-grupy-chespa\/","name":"Umweltpolitik Gruppe Chespa - Chespa - printing inks, clichees, cutting dies","isPartOf":{"@id":"https:\/\/www.chespa.eu\/#website"},"primaryImageOfPage":{"@id":"https:\/\/www.chespa.eu\/de\/polityka-srodowiskowa-grupy-chespa\/#primaryimage"},"image":{"@id":"https:\/\/www.chespa.eu\/de\/polityka-srodowiskowa-grupy-chespa\/#primaryimage"},"thumbnailUrl":"http:\/\/chespa.eu\/wp-content\/uploads\/2016\/02\/555.png","datePublished":"2016-02-15T12:36:08+00:00","dateModified":"2018-01-30T11:54:36+00:00","breadcrumb":{"@id":"https:\/\/www.chespa.eu\/de\/polityka-srodowiskowa-grupy-chespa\/#breadcrumb"},"inLanguage":"de-DE","potentialAction":[{"@type":"ReadAction","target":["https:\/\/www.chespa.eu\/de\/polityka-srodowiskowa-grupy-chespa\/"]}]},{"@type":"ImageObject","inLanguage":"de-DE","@id":"https:\/\/www.chespa.eu\/de\/polityka-srodowiskowa-grupy-chespa\/#primaryimage","url":"http:\/\/chespa.eu\/wp-content\/uploads\/2016\/02\/555.png","contentUrl":"http:\/\/chespa.eu\/wp-content\/uploads\/2016\/02\/555.png"},{"@type":"BreadcrumbList","@id":"https:\/\/www.chespa.eu\/de\/polityka-srodowiskowa-grupy-chespa\/#breadcrumb","itemListElement":[{"@type":"ListItem","position":1,"name":"Strona g\u0142\u00f3wna","item":"https:\/\/www.chespa.eu\/"},{"@type":"ListItem","position":2,"name":"Umweltpolitik Gruppe Chespa"}]},{"@type":"WebSite","@id":"https:\/\/www.chespa.eu\/#website","url":"https:\/\/www.chespa.eu\/","name":"Chespa - printing inks, clichees, cutting dies","description":"","potentialAction":[{"@type":"SearchAction","target":{"@type":"EntryPoint","urlTemplate":"https:\/\/www.chespa.eu\/?s={search_term_string}"},"query-input":{"@type":"PropertyValueSpecification","valueRequired":true,"valueName":"search_term_string"}}],"inLanguage":"de-DE"}]}},"_links":{"self":[{"href":"https:\/\/www.chespa.eu\/de\/wp-json\/wp\/v2\/pages\/979","targetHints":{"allow":["GET"]}}],"collection":[{"href":"https:\/\/www.chespa.eu\/de\/wp-json\/wp\/v2\/pages"}],"about":[{"href":"https:\/\/www.chespa.eu\/de\/wp-json\/wp\/v2\/types\/page"}],"author":[{"embeddable":true,"href":"https:\/\/www.chespa.eu\/de\/wp-json\/wp\/v2\/users\/6"}],"replies":[{"embeddable":true,"href":"https:\/\/www.chespa.eu\/de\/wp-json\/wp\/v2\/comments?post=979"}],"version-history":[{"count":10,"href":"https:\/\/www.chespa.eu\/de\/wp-json\/wp\/v2\/pages\/979\/revisions"}],"predecessor-version":[{"id":7684,"href":"https:\/\/www.chespa.eu\/de\/wp-json\/wp\/v2\/pages\/979\/revisions\/7684"}],"wp:attachment":[{"href":"https:\/\/www.chespa.eu\/de\/wp-json\/wp\/v2\/media?parent=979"}],"curies":[{"name":"wp","href":"https:\/\/api.w.org\/{rel}","templated":true}]}}