{"id":966,"date":"2015-12-09T10:36:14","date_gmt":"2015-12-09T09:36:14","guid":{"rendered":"http:\/\/chespa.eu\/de\/polityka-prywatnosci\/"},"modified":"2021-03-11T12:14:33","modified_gmt":"2021-03-11T11:14:33","slug":"polityka-prywatnosci","status":"publish","type":"page","link":"https:\/\/www.chespa.eu\/de\/polityka-prywatnosci\/","title":{"rendered":"Datenschutzbestimmungen"},"content":{"rendered":"<p><strong>1. DEFINITIONEN<\/strong><\/p>\n<p>Administrator &#8211; der Site-Administrator &#8220;Chespa&#8221; (www.chespa.eu) ist Chespa Sp z o. 0., mit Sitz in PL-47-316 Chorula, ul. Opolska 10 A, mit NIP 755-18-20-932 und REGON 532341367;<br \/>\nBenutzer &#8211; ein Unternehmen der Nutzung des Service, Telekommunikationsdienst oder die Erbringung solcher Dienste anfordert;<br \/>\nWebsite &#8211; HTML-Dokument (Textdatei vom Browser gelesen wird) ist im Internet verf\u00fcgbar durch einen Web-Server;<br \/>\nOperator-Service &#8211; ein Unternehmen, das kein Administrator ist, die Aufrechterhaltung Seite auf ihren Servern; Betreiberdienst &#8220;Chespa&#8221; ist;<br \/>\nService &#8211; eine Gruppe von verwandten, um die Funktionalit\u00e4t von Webseiten, die in der Dom\u00e4ne www.chespa.eu zu erweitern;<br \/>\nDas Terminal &#8211; Kommunikationsger\u00e4t direkt oder indirekt von dem Netzwerk auf die Beendigung zu verbinden konzipiert;<br \/>\nCookies &#8211; bedeutet, Computerdaten, insbesondere kleine Textdateien gespeichert und auf dem Benutzer-Endger\u00e4ten gespeichert sind, durch die der Benutzer die Websites des Dienstes verwendet;<br \/>\nDie Daten &#8211; alle Inhalte und Informationen, die von Nutzern bereitgestellt, um das Kontaktformular zu verwenden, insbesondere: Name, Adresse, E-Mail, Fotos, Posts, Kommentare.<\/p>\n<p><strong>2. ALLGEMEINE INFORMATIONEN<\/strong><\/p>\n<p>Die Bedingung f\u00fcr die Nutzung des Dienstes ist mit dem Inhalt dieser Vorschriften vertraut.<br \/>\ndie Nutzung der Website erkl\u00e4ren Sie Ihr Einverst\u00e4ndnis mit dem Inhalt dieser Vorschriften und die Verpflichtung Grunds\u00e4tze anzuwenden darin festgelegt.<br \/>\nService erh\u00e4lt Informationen \u00fcber die Nutzer und deren Verhalten durch die folgenden Methoden verwenden:<br \/>\ndurch von den Benutzern freiwillig in Formularen auf der Website eingegebenen Informationen;<br \/>\nindem sie automatisch im Endger\u00e4t Cookies gespeichert (sog. &#8220;Cookies&#8221;).<\/p>\n<p><strong>3. KONTAKTFORMULAR<\/strong><\/p>\n<p>Die Website sammelt die Daten freiwillig durch den Benutzer in das Kontaktformular auf der Website zur Verf\u00fcgung gestellt.<br \/>\nDie gesammelten Daten in der Reihenfolge verarbeitet werden, die sich aus der Funktion Form sind f\u00fcr die Kommunikation mit dem User Administrator und dem Aufbau von Zivilrecht Beziehungen (zB. Der Mietvertrag) verwendet.<br \/>\nNeben Daten im Kontaktformular enthalten Der Dienst kann die Verbindungseinstellungen zu speichern, insbesondere die Bestimmung der Verbindungszeit und die IP-Adresse des Benutzers.<br \/>\nDie Daten in der Form enthalten sind, k\u00f6nnen eine Reihe von potenziellen Kunden sein, die registrierte Operator-Service in das Verzeichnis der Dateien mit personenbezogenen Daten durch den Generalinspekteur f\u00fcr Schutz von personenbezogenen Daten gehalten.<br \/>\nDie Daten in Formularen enthalten sind, k\u00f6nnen an Einheiten technisch eingereicht werden verfolgt bestimmte Dienstleistungen, zum Beispiel. Nachrichtendienste, die Zahlung oder anderen Einrichtungen, mit denen der Betreiber des Dienstes oder Administrator unterst\u00fctzt funktioniert.<\/p>\n<p><strong>4. Informationen \u00fcber die Dateien COOKIES<\/strong><\/p>\n<p>Der Dienst verwendet Cookies.<br \/>\nCookies (sog. &#8220;Cookies&#8221;) sind Computerdaten, insbesondere Textdateien, die auf dem Endger\u00e4t des Service-Benutzer gespeichert sind und f\u00fcr die Nutzung der Websites des Dienstes bestimmt. Cookies enthalten typischerweise den Namen der Website, von der Zeit, sie auf einem Endger\u00e4t und einer eindeutigen Nummer speichern.<br \/>\nZamieszczaj\u0105cym Einheit Abschlussvorrichtung Webseite Benutzer Einheit Cookies und den Zugang zu ihnen erhalten, ist der Administrator (Administrator Cookies).<br \/>\nCookies werden f\u00fcr folgende Zwecke verwendet:<br \/>\n&#8211; die Erstellung von Statistiken, damit Sie verstehen, wie die Service-Benutzer von Web-Seiten profitieren, die ihre Struktur und den Inhalt zu verbessern erm\u00f6glicht;<br \/>\n&#8211; pflegen Benutzersitzungen (nach Anmeldung), so dass der Benutzer nicht auf jeder Seite des Service-Login und Passwort erneut eingeben (dh die &#8220;remember me&#8221;.);<br \/>\n&#8211; das Benutzerprofil zu bestimmen, um anzuzeigen, es Materialien abgestimmt.<br \/>\n&#8220;Sitzung&#8221; (Session-Cookies) und &#8220;fixed&#8221; (persistente Cookies): Im Dienste werden in zwei grundlegende Arten von Cookies verwendet. Cookies &#8220;Session&#8221; sind tempor\u00e4re Dateien, die bereits im Endger\u00e4t eines Benutzers gespeichert sind Zeit, um sich abzumelden, verlassen Sie die Website oder die Software (Web-Browser) zu deaktivieren. &#8220;Permanent&#8221; Cookies werden im Endger\u00e4t eines Benutzers f\u00fcr die Zeit der Parameter von Cookies oder bis zu deren Entfernung durch den Benutzer spezifiziert gespeichert.<br \/>\nSoftware im Web (Browser) standardm\u00e4\u00dfig zu durchsuchen erm\u00f6glicht die Speicherung von Cookies auf dem Endger\u00e4t eines Benutzers. Service-Benutzer k\u00f6nnen die Einstellungen in diesem Bereich \u00e4ndern. Internet Browser-Cookies zu l\u00f6schen. Sie k\u00f6nnen auch automatisch Cookies blockieren. Weitere Einzelheiten finden Sie in der Hilfe oder der Dokumentation Web-Browser.<br \/>\nKeine Sperrung von Cookies oder keine \u00c4nderungs Browser-Einstellungen durch den Benutzer zeigt seine Zustimmung zur Verwendung von Cookies.<br \/>\nEinschr\u00e4nkungen bei der Verwendung von Cookies k\u00f6nnen einige der Funktionen auf den Websites des Dienstes beeintr\u00e4chtigen.<br \/>\nPl\u00e4tzchen am Rande des Service-Benutzer erstellt haben, k\u00f6nnen auch mit dem Betreiber der Service Werbetreibende und Partner (dh. Cookies extern) durch die Zusammenarbeit verwendet werden.<br \/>\nCookies k\u00f6nnen durch Werbenetzwerke, insbesondere verwendet werden, das Netzwerk von Google-Anzeigen auf die Art und Weise Sie den Service nutzen zugeschnitten anzuzeigen. Zu diesem Zweck k\u00f6nnen noch auf der Seite Informationen \u00fcber den Benutzer Navigationspfad oder die Zeit aufrechtzuerhalten.<br \/>\nIn Bezug auf die Informationen \u00fcber die Benutzereinstellungen von Google Display-Netzwerk gesammelt, k\u00f6nnen Benutzer anzeigen und Informationen von Cookies abgeleitet bearbeiten Sie das Tool: https:\/\/www.google.com\/ads\/preferences\/. Datenschutz Google Analytics: Um zu erfahren, wie Sie die Cookies in der Statistik verwendet zu verwenden, k\u00f6nnen Sie das Dokument zu lesen.<br \/>\nElemente in der Website eingebettet in Form von Teilen in Flash-Technologie hergestellt, k\u00f6nnen auch Cookies verwenden (dh. Flash-Cookies), ohne die Beteiligung des Administrators. Adobe, der Sch\u00f6pfer der Flash-Technologie, liefert Informationen dar\u00fcber, wie Cookies, Flash-Player in bestimmten Bereichen zu entfernen oder zu deaktivieren. Details finden Sie auf den Flash Player Sicherheit und Datenschutz zu finden. Bitte beachten Sie, dass begrenzen die Verwendung von Cookies Flash-Player ist wahrscheinlich, um den Betrieb von Anwendungen, die auf Flash-Technologie basiert zu beeinflussen.<\/p>\n<p><strong>5. SERVER-LOGS<\/strong><\/p>\n<p>Informationen \u00fcber einige der Verhaltensweisen der Nutzer unterliegen der Serverschicht anzumelden. Diese Daten dienen ausschlie\u00dflich zur Verwaltung der Website und effizienten Service zur Verf\u00fcgung gestellt Hosting-Dienste zu gew\u00e4hrleisten.<br \/>\nSt\u00f6bert Ressourcen werden von URLs identifiziert. Zus\u00e4tzlich kann Notation sein:<br \/>\n&#8211; Datum der Anfrage,<br \/>\n&#8211; Zeit, um eine Antwort zu senden,<br \/>\n&#8211; der Name des Client-Station &#8211; Identifizierung durch das HTTP-Protokoll durchgef\u00fchrt,<br \/>\n&#8211; Informationen \u00fcber Fehler, die bei der Durchf\u00fchrung der HTTP-Transaktion aufgetreten ist,<br \/>\n&#8211; URL der Seite, die zuvor durch den Benutzer (Referrer-Link) besucht &#8211; wo es einen \u00dcbergang zu dem Service von Referenz gewesen ist,<br \/>\n&#8211; Informationen \u00fcber den Browser des Benutzers,<br \/>\n&#8211; Informationen \u00fcber die IP-Adresse und MAC.<br \/>\nDie oben genannten Daten werden nicht mit einzelnen Personen Hand in Verbindung gebracht.<\/p>\n<p><strong>6. ZUSATZBESTIMMUNG<\/strong><\/p>\n<p>Die Daten k\u00f6nnen nur gesetzlich zul\u00e4ssig innerhalb der Grenzen zu externen Stellen zur Verf\u00fcgung gestellt werden. Die Identifikationsdaten der nat\u00fcrlichen Person kann von der Zustimmung der betreffenden Person zur Verf\u00fcgung stehen.<br \/>\nDer Administrator kann die vom Service gesammelten Informationen bieten \u00f6ffentliche Beh\u00f6rden genehmigt, wenn die Verpflichtung im Rahmen der geltenden Vorschriften die Informationen zur Verf\u00fcgung zu stellen.<br \/>\nDer Administrator kann das Unterkonto oder die Daten von Personen l\u00f6schen in \u00a7 4 Absatz. 5, wenn es erh\u00e4lt zuverl\u00e4ssige Informationen, dass diese Daten ohne Zustimmung der Person oder in Verletzung der Vorschriften in Verkehr gebracht wurden.<br \/>\nDer Administrator wird alle angemessenen Anstrengungen unternehmen, um den unbefugten Zugriff auf das Konto des Benutzers zu verhindern, und um ausreichend gespeicherten Daten zu sch\u00fctzen.<br \/>\nAdministrator ist nicht verantwortlich f\u00fcr die Inhalte auf der Website von Nutzern.<br \/>\nDer Administrator hat das Recht, Daten zu entfernen, die die gute oder die Rechte anderer verletzen, sind offensichtlich falsch, sie enthalten vulg\u00e4re oder beleidigende Worte oder sonst ist unvereinbar mit dem Gesetz oder Prinzipien der sozialen Koexistenz.<br \/>\nAdministrator ist nicht verantwortlich f\u00fcr die vor\u00fcbergehende Unf\u00e4higkeit, den Dienst zu nutzen, insbesondere aufgrund der Modernisierungsarbeiten, Sch\u00e4den an dem Netzwerk, etc ..<br \/>\n<span class=\"VIiyi\" lang=\"de\"><span class=\"JLqJ4b ChMk0b\" data-language-for-alternatives=\"de\" data-language-to-translate-into=\"en\" data-phrase-index=\"0\">Alle Kommentare, Fragen oder Bedenken bez\u00fcglich der Nutzung oder des Betriebs der Website sollten \u00fcber das Kontaktformular auf der Website gemeldet werden: <a href=\"https:\/\/www.chespa.eu\/de\/kontakt\/\">Kontakt<\/a>.<\/span><\/span><br \/>\nDer Administrator ist berechtigt, diese Bedingungen jederzeit zu \u00e4ndern, ohne vorherige Ank\u00fcndigung, dass jeder Benutzer. \u00dcberarbeitete Gesch\u00e4ftsordnung des Inhalts wird sofort auf der Website ver\u00f6ffentlicht werden.<\/p>\n","protected":false},"excerpt":{"rendered":"<p>1. DEFINITIONEN Administrator &#8211; der Site-Administrator &#8220;Chespa&#8221; (www.chespa.eu) ist Chespa Sp z o. 0., mit Sitz in PL-47-316 Chorula, ul. Opolska 10 A, mit NIP 755-18-20-932 und REGON 532341367; Benutzer &#8211; ein Unternehmen der Nutzung des Service, Telekommunikationsdienst oder die Erbringung solcher Dienste anfordert; Website &#8211; HTML-Dokument (Textdatei vom Browser gelesen wird) ist im Internet [&hellip;]<\/p>\n","protected":false},"author":6,"featured_media":0,"parent":0,"menu_order":0,"comment_status":"closed","ping_status":"closed","template":"","meta":{"_acf_changed":false,"footnotes":""},"class_list":["post-966","page","type-page","status-publish","hentry"],"acf":[],"yoast_head":"<!-- This site is optimized with the Yoast SEO plugin v27.4 - https:\/\/yoast.com\/product\/yoast-seo-wordpress\/ -->\n<title>Datenschutzbestimmungen - Chespa - printing inks, clichees, cutting dies<\/title>\n<meta name=\"robots\" content=\"index, follow, max-snippet:-1, max-image-preview:large, max-video-preview:-1\" \/>\n<link rel=\"canonical\" href=\"https:\/\/www.chespa.eu\/de\/polityka-prywatnosci\/\" \/>\n<meta property=\"og:locale\" content=\"de_DE\" \/>\n<meta property=\"og:type\" content=\"article\" \/>\n<meta property=\"og:title\" content=\"Datenschutzbestimmungen - Chespa - printing inks, clichees, cutting dies\" \/>\n<meta property=\"og:description\" content=\"1. DEFINITIONEN Administrator &#8211; der Site-Administrator &#8220;Chespa&#8221; (www.chespa.eu) ist Chespa Sp z o. 0., mit Sitz in PL-47-316 Chorula, ul. Opolska 10 A, mit NIP 755-18-20-932 und REGON 532341367; Benutzer &#8211; ein Unternehmen der Nutzung des Service, Telekommunikationsdienst oder die Erbringung solcher Dienste anfordert; Website &#8211; HTML-Dokument (Textdatei vom Browser gelesen wird) ist im Internet [&hellip;]\" \/>\n<meta property=\"og:url\" content=\"https:\/\/www.chespa.eu\/de\/polityka-prywatnosci\/\" \/>\n<meta property=\"og:site_name\" content=\"Chespa - printing inks, clichees, cutting dies\" \/>\n<meta property=\"article:modified_time\" content=\"2021-03-11T11:14:33+00:00\" \/>\n<meta name=\"twitter:card\" content=\"summary_large_image\" \/>\n<meta name=\"twitter:label1\" content=\"Est. reading time\" \/>\n\t<meta name=\"twitter:data1\" content=\"6 minutes\" \/>\n<script type=\"application\/ld+json\" class=\"yoast-schema-graph\">{\"@context\":\"https:\\\/\\\/schema.org\",\"@graph\":[{\"@type\":\"WebPage\",\"@id\":\"https:\\\/\\\/www.chespa.eu\\\/de\\\/polityka-prywatnosci\\\/\",\"url\":\"https:\\\/\\\/www.chespa.eu\\\/de\\\/polityka-prywatnosci\\\/\",\"name\":\"Datenschutzbestimmungen - Chespa - printing inks, clichees, cutting dies\",\"isPartOf\":{\"@id\":\"https:\\\/\\\/www.chespa.eu\\\/#website\"},\"datePublished\":\"2015-12-09T09:36:14+00:00\",\"dateModified\":\"2021-03-11T11:14:33+00:00\",\"breadcrumb\":{\"@id\":\"https:\\\/\\\/www.chespa.eu\\\/de\\\/polityka-prywatnosci\\\/#breadcrumb\"},\"inLanguage\":\"de-DE\",\"potentialAction\":[{\"@type\":\"ReadAction\",\"target\":[\"https:\\\/\\\/www.chespa.eu\\\/de\\\/polityka-prywatnosci\\\/\"]}]},{\"@type\":\"BreadcrumbList\",\"@id\":\"https:\\\/\\\/www.chespa.eu\\\/de\\\/polityka-prywatnosci\\\/#breadcrumb\",\"itemListElement\":[{\"@type\":\"ListItem\",\"position\":1,\"name\":\"Strona g\u0142\u00f3wna\",\"item\":\"https:\\\/\\\/www.chespa.eu\\\/\"},{\"@type\":\"ListItem\",\"position\":2,\"name\":\"Datenschutzbestimmungen\"}]},{\"@type\":\"WebSite\",\"@id\":\"https:\\\/\\\/www.chespa.eu\\\/#website\",\"url\":\"https:\\\/\\\/www.chespa.eu\\\/\",\"name\":\"Chespa - printing inks, clichees, cutting dies\",\"description\":\"\",\"potentialAction\":[{\"@type\":\"SearchAction\",\"target\":{\"@type\":\"EntryPoint\",\"urlTemplate\":\"https:\\\/\\\/www.chespa.eu\\\/?s={search_term_string}\"},\"query-input\":{\"@type\":\"PropertyValueSpecification\",\"valueRequired\":true,\"valueName\":\"search_term_string\"}}],\"inLanguage\":\"de-DE\"}]}<\/script>\n<!-- \/ Yoast SEO plugin. -->","yoast_head_json":{"title":"Datenschutzbestimmungen - Chespa - printing inks, clichees, cutting dies","robots":{"index":"index","follow":"follow","max-snippet":"max-snippet:-1","max-image-preview":"max-image-preview:large","max-video-preview":"max-video-preview:-1"},"canonical":"https:\/\/www.chespa.eu\/de\/polityka-prywatnosci\/","og_locale":"de_DE","og_type":"article","og_title":"Datenschutzbestimmungen - Chespa - printing inks, clichees, cutting dies","og_description":"1. DEFINITIONEN Administrator &#8211; der Site-Administrator &#8220;Chespa&#8221; (www.chespa.eu) ist Chespa Sp z o. 0., mit Sitz in PL-47-316 Chorula, ul. Opolska 10 A, mit NIP 755-18-20-932 und REGON 532341367; Benutzer &#8211; ein Unternehmen der Nutzung des Service, Telekommunikationsdienst oder die Erbringung solcher Dienste anfordert; Website &#8211; HTML-Dokument (Textdatei vom Browser gelesen wird) ist im Internet [&hellip;]","og_url":"https:\/\/www.chespa.eu\/de\/polityka-prywatnosci\/","og_site_name":"Chespa - printing inks, clichees, cutting dies","article_modified_time":"2021-03-11T11:14:33+00:00","twitter_card":"summary_large_image","twitter_misc":{"Est. reading time":"6 minutes"},"schema":{"@context":"https:\/\/schema.org","@graph":[{"@type":"WebPage","@id":"https:\/\/www.chespa.eu\/de\/polityka-prywatnosci\/","url":"https:\/\/www.chespa.eu\/de\/polityka-prywatnosci\/","name":"Datenschutzbestimmungen - Chespa - printing inks, clichees, cutting dies","isPartOf":{"@id":"https:\/\/www.chespa.eu\/#website"},"datePublished":"2015-12-09T09:36:14+00:00","dateModified":"2021-03-11T11:14:33+00:00","breadcrumb":{"@id":"https:\/\/www.chespa.eu\/de\/polityka-prywatnosci\/#breadcrumb"},"inLanguage":"de-DE","potentialAction":[{"@type":"ReadAction","target":["https:\/\/www.chespa.eu\/de\/polityka-prywatnosci\/"]}]},{"@type":"BreadcrumbList","@id":"https:\/\/www.chespa.eu\/de\/polityka-prywatnosci\/#breadcrumb","itemListElement":[{"@type":"ListItem","position":1,"name":"Strona g\u0142\u00f3wna","item":"https:\/\/www.chespa.eu\/"},{"@type":"ListItem","position":2,"name":"Datenschutzbestimmungen"}]},{"@type":"WebSite","@id":"https:\/\/www.chespa.eu\/#website","url":"https:\/\/www.chespa.eu\/","name":"Chespa - printing inks, clichees, cutting dies","description":"","potentialAction":[{"@type":"SearchAction","target":{"@type":"EntryPoint","urlTemplate":"https:\/\/www.chespa.eu\/?s={search_term_string}"},"query-input":{"@type":"PropertyValueSpecification","valueRequired":true,"valueName":"search_term_string"}}],"inLanguage":"de-DE"}]}},"_links":{"self":[{"href":"https:\/\/www.chespa.eu\/de\/wp-json\/wp\/v2\/pages\/966","targetHints":{"allow":["GET"]}}],"collection":[{"href":"https:\/\/www.chespa.eu\/de\/wp-json\/wp\/v2\/pages"}],"about":[{"href":"https:\/\/www.chespa.eu\/de\/wp-json\/wp\/v2\/types\/page"}],"author":[{"embeddable":true,"href":"https:\/\/www.chespa.eu\/de\/wp-json\/wp\/v2\/users\/6"}],"replies":[{"embeddable":true,"href":"https:\/\/www.chespa.eu\/de\/wp-json\/wp\/v2\/comments?post=966"}],"version-history":[{"count":10,"href":"https:\/\/www.chespa.eu\/de\/wp-json\/wp\/v2\/pages\/966\/revisions"}],"predecessor-version":[{"id":15112,"href":"https:\/\/www.chespa.eu\/de\/wp-json\/wp\/v2\/pages\/966\/revisions\/15112"}],"wp:attachment":[{"href":"https:\/\/www.chespa.eu\/de\/wp-json\/wp\/v2\/media?parent=966"}],"curies":[{"name":"wp","href":"https:\/\/api.w.org\/{rel}","templated":true}]}}