{"id":953,"date":"2016-02-15T10:23:28","date_gmt":"2016-02-15T09:23:28","guid":{"rendered":"http:\/\/chespa.eu\/de\/podloza-elastyczne\/"},"modified":"2020-03-12T09:52:55","modified_gmt":"2020-03-12T08:52:55","slug":"podloza-elastyczne","status":"publish","type":"page","link":"https:\/\/www.chespa.eu\/de\/produkte\/klischees\/podloza-elastyczne\/","title":{"rendered":"Flexible Bedruckstoffe"},"content":{"rendered":"<div class=\"sekcjaStronaObramowanie\">\n<div class=\"sekcjaStrona\">\n<div class=\"sekcjaStronaTytul\"><\/div>\n<div class=\"sekcjaStronaTresc\">\n<div>\n<div>Die weite Bezeichnung von flexiblen Bedruckstoffen umfasst allerlei Stoffarten die im Druck als Bandform eingesetzt werden. Also sind das zum Beispiel Pappen die zur Produktion von Bechern benutzt werden, so wie Seidenpapier (tissue), Beutel und dekoratives Papier. Kunststofffolie und Alufolie geh\u00f6ren auch dazu.<\/div>\n<div><\/div>\n<div>Hier werden Klischees mit St\u00e4rke von 0,76 bis 3,94 mm benutzt und abh\u00e4ngig von der gew\u00e4hlten Maschine, Vorlage, Farbe und Bedruckstoffart werden andere Parameter gew\u00e4hlt, wie H\u00e4rte, Widerstandsf\u00e4higkeit und Benetzbarkeit.<\/div>\n<div><\/div>\n<div>Den Herstellern von hygienischen Artikel (Papierhandt\u00fccher, Servietten, Taschent\u00fccher usw.) bieten entsprechend weiche Klischees an, die gelieferten Zylinder \u2013 Sleeves sogar bis zu 1600 mm Breite.<\/div>\n<\/div>\n<\/div>\n<\/div>\n<\/div>\n","protected":false},"excerpt":{"rendered":"<p>Die weite Bezeichnung von flexiblen Bedruckstoffen umfasst allerlei Stoffarten die im Druck als Bandform eingesetzt werden. Also sind das zum Beispiel Pappen die zur Produktion von Bechern benutzt werden, so wie Seidenpapier (tissue), Beutel und dekoratives Papier. Kunststofffolie und Alufolie geh\u00f6ren auch dazu. Hier werden Klischees mit St\u00e4rke von 0,76 bis 3,94 mm benutzt und [&hellip;]<\/p>\n","protected":false},"author":6,"featured_media":9550,"parent":18775,"menu_order":0,"comment_status":"closed","ping_status":"closed","template":"","meta":{"_acf_changed":false,"footnotes":""},"class_list":["post-953","page","type-page","status-publish","has-post-thumbnail","hentry"],"acf":[],"yoast_head":"<!-- This site is optimized with the Yoast SEO plugin v27.3 - https:\/\/yoast.com\/product\/yoast-seo-wordpress\/ -->\n<title>Flexible Bedruckstoffe - Chespa - printing inks, clichees, cutting dies<\/title>\n<meta name=\"robots\" content=\"index, follow, max-snippet:-1, max-image-preview:large, max-video-preview:-1\" \/>\n<link rel=\"canonical\" href=\"https:\/\/www.chespa.eu\/de\/podloza-elastyczne\/\" \/>\n<meta property=\"og:locale\" content=\"de_DE\" \/>\n<meta property=\"og:type\" content=\"article\" \/>\n<meta property=\"og:title\" content=\"Flexible Bedruckstoffe - Chespa - printing inks, clichees, cutting dies\" \/>\n<meta property=\"og:description\" content=\"Die weite Bezeichnung von flexiblen Bedruckstoffen umfasst allerlei Stoffarten die im Druck als Bandform eingesetzt werden. Also sind das zum Beispiel Pappen die zur Produktion von Bechern benutzt werden, so wie Seidenpapier (tissue), Beutel und dekoratives Papier. Kunststofffolie und Alufolie geh\u00f6ren auch dazu. Hier werden Klischees mit St\u00e4rke von 0,76 bis 3,94 mm benutzt und [&hellip;]\" \/>\n<meta property=\"og:url\" content=\"https:\/\/www.chespa.eu\/de\/podloza-elastyczne\/\" \/>\n<meta property=\"og:site_name\" content=\"Chespa - printing inks, clichees, cutting dies\" \/>\n<meta property=\"article:modified_time\" content=\"2020-03-12T08:52:55+00:00\" \/>\n<meta property=\"og:image\" content=\"https:\/\/www.chespa.eu\/wp-content\/uploads\/2016\/08\/klisze.jpg\" \/>\n\t<meta property=\"og:image:width\" content=\"1920\" \/>\n\t<meta property=\"og:image:height\" content=\"295\" \/>\n\t<meta property=\"og:image:type\" content=\"image\/jpeg\" \/>\n<meta name=\"twitter:card\" content=\"summary_large_image\" \/>\n<meta name=\"twitter:label1\" content=\"Est. reading time\" \/>\n\t<meta name=\"twitter:data1\" content=\"1 minute\" \/>\n<script type=\"application\/ld+json\" class=\"yoast-schema-graph\">{\"@context\":\"https:\\\/\\\/schema.org\",\"@graph\":[{\"@type\":\"WebPage\",\"@id\":\"https:\\\/\\\/www.chespa.eu\\\/de\\\/podloza-elastyczne\\\/\",\"url\":\"https:\\\/\\\/www.chespa.eu\\\/de\\\/podloza-elastyczne\\\/\",\"name\":\"Flexible Bedruckstoffe - Chespa - printing inks, clichees, cutting dies\",\"isPartOf\":{\"@id\":\"https:\\\/\\\/www.chespa.eu\\\/#website\"},\"primaryImageOfPage\":{\"@id\":\"https:\\\/\\\/www.chespa.eu\\\/de\\\/podloza-elastyczne\\\/#primaryimage\"},\"image\":{\"@id\":\"https:\\\/\\\/www.chespa.eu\\\/de\\\/podloza-elastyczne\\\/#primaryimage\"},\"thumbnailUrl\":\"https:\\\/\\\/www.chespa.eu\\\/wp-content\\\/uploads\\\/2016\\\/08\\\/klisze.jpg\",\"datePublished\":\"2016-02-15T09:23:28+00:00\",\"dateModified\":\"2020-03-12T08:52:55+00:00\",\"breadcrumb\":{\"@id\":\"https:\\\/\\\/www.chespa.eu\\\/de\\\/podloza-elastyczne\\\/#breadcrumb\"},\"inLanguage\":\"de-DE\",\"potentialAction\":[{\"@type\":\"ReadAction\",\"target\":[\"https:\\\/\\\/www.chespa.eu\\\/de\\\/podloza-elastyczne\\\/\"]}]},{\"@type\":\"ImageObject\",\"inLanguage\":\"de-DE\",\"@id\":\"https:\\\/\\\/www.chespa.eu\\\/de\\\/podloza-elastyczne\\\/#primaryimage\",\"url\":\"https:\\\/\\\/www.chespa.eu\\\/wp-content\\\/uploads\\\/2016\\\/08\\\/klisze.jpg\",\"contentUrl\":\"https:\\\/\\\/www.chespa.eu\\\/wp-content\\\/uploads\\\/2016\\\/08\\\/klisze.jpg\",\"width\":1920,\"height\":295,\"caption\":\"klisze fotopolimerowe Chespa\"},{\"@type\":\"BreadcrumbList\",\"@id\":\"https:\\\/\\\/www.chespa.eu\\\/de\\\/podloza-elastyczne\\\/#breadcrumb\",\"itemListElement\":[{\"@type\":\"ListItem\",\"position\":1,\"name\":\"Strona g\u0142\u00f3wna\",\"item\":\"https:\\\/\\\/www.chespa.eu\\\/\"},{\"@type\":\"ListItem\",\"position\":2,\"name\":\"Flexible Bedruckstoffe\"}]},{\"@type\":\"WebSite\",\"@id\":\"https:\\\/\\\/www.chespa.eu\\\/#website\",\"url\":\"https:\\\/\\\/www.chespa.eu\\\/\",\"name\":\"Chespa - printing inks, clichees, cutting dies\",\"description\":\"\",\"potentialAction\":[{\"@type\":\"SearchAction\",\"target\":{\"@type\":\"EntryPoint\",\"urlTemplate\":\"https:\\\/\\\/www.chespa.eu\\\/?s={search_term_string}\"},\"query-input\":{\"@type\":\"PropertyValueSpecification\",\"valueRequired\":true,\"valueName\":\"search_term_string\"}}],\"inLanguage\":\"de-DE\"}]}<\/script>\n<!-- \/ Yoast SEO plugin. -->","yoast_head_json":{"title":"Flexible Bedruckstoffe - Chespa - printing inks, clichees, cutting dies","robots":{"index":"index","follow":"follow","max-snippet":"max-snippet:-1","max-image-preview":"max-image-preview:large","max-video-preview":"max-video-preview:-1"},"canonical":"https:\/\/www.chespa.eu\/de\/podloza-elastyczne\/","og_locale":"de_DE","og_type":"article","og_title":"Flexible Bedruckstoffe - Chespa - printing inks, clichees, cutting dies","og_description":"Die weite Bezeichnung von flexiblen Bedruckstoffen umfasst allerlei Stoffarten die im Druck als Bandform eingesetzt werden. Also sind das zum Beispiel Pappen die zur Produktion von Bechern benutzt werden, so wie Seidenpapier (tissue), Beutel und dekoratives Papier. Kunststofffolie und Alufolie geh\u00f6ren auch dazu. Hier werden Klischees mit St\u00e4rke von 0,76 bis 3,94 mm benutzt und [&hellip;]","og_url":"https:\/\/www.chespa.eu\/de\/podloza-elastyczne\/","og_site_name":"Chespa - printing inks, clichees, cutting dies","article_modified_time":"2020-03-12T08:52:55+00:00","og_image":[{"width":1920,"height":295,"url":"https:\/\/www.chespa.eu\/wp-content\/uploads\/2016\/08\/klisze.jpg","type":"image\/jpeg"}],"twitter_card":"summary_large_image","twitter_misc":{"Est. reading time":"1 minute"},"schema":{"@context":"https:\/\/schema.org","@graph":[{"@type":"WebPage","@id":"https:\/\/www.chespa.eu\/de\/podloza-elastyczne\/","url":"https:\/\/www.chespa.eu\/de\/podloza-elastyczne\/","name":"Flexible Bedruckstoffe - Chespa - printing inks, clichees, cutting dies","isPartOf":{"@id":"https:\/\/www.chespa.eu\/#website"},"primaryImageOfPage":{"@id":"https:\/\/www.chespa.eu\/de\/podloza-elastyczne\/#primaryimage"},"image":{"@id":"https:\/\/www.chespa.eu\/de\/podloza-elastyczne\/#primaryimage"},"thumbnailUrl":"https:\/\/www.chespa.eu\/wp-content\/uploads\/2016\/08\/klisze.jpg","datePublished":"2016-02-15T09:23:28+00:00","dateModified":"2020-03-12T08:52:55+00:00","breadcrumb":{"@id":"https:\/\/www.chespa.eu\/de\/podloza-elastyczne\/#breadcrumb"},"inLanguage":"de-DE","potentialAction":[{"@type":"ReadAction","target":["https:\/\/www.chespa.eu\/de\/podloza-elastyczne\/"]}]},{"@type":"ImageObject","inLanguage":"de-DE","@id":"https:\/\/www.chespa.eu\/de\/podloza-elastyczne\/#primaryimage","url":"https:\/\/www.chespa.eu\/wp-content\/uploads\/2016\/08\/klisze.jpg","contentUrl":"https:\/\/www.chespa.eu\/wp-content\/uploads\/2016\/08\/klisze.jpg","width":1920,"height":295,"caption":"klisze fotopolimerowe Chespa"},{"@type":"BreadcrumbList","@id":"https:\/\/www.chespa.eu\/de\/podloza-elastyczne\/#breadcrumb","itemListElement":[{"@type":"ListItem","position":1,"name":"Strona g\u0142\u00f3wna","item":"https:\/\/www.chespa.eu\/"},{"@type":"ListItem","position":2,"name":"Flexible Bedruckstoffe"}]},{"@type":"WebSite","@id":"https:\/\/www.chespa.eu\/#website","url":"https:\/\/www.chespa.eu\/","name":"Chespa - printing inks, clichees, cutting dies","description":"","potentialAction":[{"@type":"SearchAction","target":{"@type":"EntryPoint","urlTemplate":"https:\/\/www.chespa.eu\/?s={search_term_string}"},"query-input":{"@type":"PropertyValueSpecification","valueRequired":true,"valueName":"search_term_string"}}],"inLanguage":"de-DE"}]}},"_links":{"self":[{"href":"https:\/\/www.chespa.eu\/de\/wp-json\/wp\/v2\/pages\/953","targetHints":{"allow":["GET"]}}],"collection":[{"href":"https:\/\/www.chespa.eu\/de\/wp-json\/wp\/v2\/pages"}],"about":[{"href":"https:\/\/www.chespa.eu\/de\/wp-json\/wp\/v2\/types\/page"}],"author":[{"embeddable":true,"href":"https:\/\/www.chespa.eu\/de\/wp-json\/wp\/v2\/users\/6"}],"replies":[{"embeddable":true,"href":"https:\/\/www.chespa.eu\/de\/wp-json\/wp\/v2\/comments?post=953"}],"version-history":[{"count":9,"href":"https:\/\/www.chespa.eu\/de\/wp-json\/wp\/v2\/pages\/953\/revisions"}],"predecessor-version":[{"id":13843,"href":"https:\/\/www.chespa.eu\/de\/wp-json\/wp\/v2\/pages\/953\/revisions\/13843"}],"up":[{"embeddable":true,"href":"https:\/\/www.chespa.eu\/de\/wp-json\/wp\/v2\/pages\/18775"}],"wp:featuredmedia":[{"embeddable":true,"href":"https:\/\/www.chespa.eu\/de\/wp-json\/wp\/v2\/media\/9550"}],"wp:attachment":[{"href":"https:\/\/www.chespa.eu\/de\/wp-json\/wp\/v2\/media?parent=953"}],"curies":[{"name":"wp","href":"https:\/\/api.w.org\/{rel}","templated":true}]}}