{"id":929,"date":"2016-02-15T11:49:23","date_gmt":"2016-02-15T10:49:23","guid":{"rendered":"http:\/\/chespa.eu\/de\/pertinax\/"},"modified":"2020-03-12T13:06:51","modified_gmt":"2020-03-12T12:06:51","slug":"pertinax","status":"publish","type":"page","link":"https:\/\/www.chespa.eu\/de\/produkte\/wykrojniki\/pertinax\/","title":{"rendered":"Pertinax"},"content":{"rendered":"<div class=\"sekcjaStronaObramowanie\">\n<div class=\"sekcjaStrona\">\n<div class=\"sekcjaStronaTresc\">\n<div>\n<div>Pertinaxe werden als Gegenbiege benutzt. Bei uns werden sie auf einer speziellen CNC Fr\u00e4smaschine angefertigt. Haupts\u00e4chlich werden sie bei der Produktion von Verpackungen aus Vollpappe benutzt, aber sind auch f\u00fcr Wellpappe erh\u00e4ltlich. Wir k\u00f6nnen Pertinaxe aus Resotex herstellen sowie auch in einer Metalplatte, die direkt an die Ausschneidemaschine gefestigt werden kann.<\/div>\n<div><\/div>\n<div>Standardm\u00e4\u00dfig werden bei uns Pertinaxe auf Platten mit St\u00e4rken von 0,4 \u2013 1,2 mm hergestellt.<\/div>\n<\/div>\n<\/div>\n<div><\/div>\n<div class=\"sekcjaStronaTresc\">\n<div>\n<div><\/div>\n<ol>\n<li><strong>Pertinax<\/strong><strong> Rillmatrizen\u00a0 <\/strong>werden \u00a0aus Kunststoffplatten (Rezotex) gefertigt und spiegeln die Kontur des Nutzens wieder. Die darin gefr\u00e4sten Kan\u00e4le entsprechen den Rillern auf dem Stanzwerkzeug. Der gr\u00f6\u00dfte Vorteil gegen\u00fcber \u00fcblichen Gegenzurichtungen ist die kurze R\u00fcstzeit \u2013 zuschneiden und abschr\u00e4gen aller Gegenzurichtungen entf\u00e4llt. Die Rillmatrizen werden einfach mit Stiften an die Stanzform befestigt und bleiben dank der selbstklebenden Folie nach nur einem Hub an der Gegenstanzplatte kleben.<\/li>\n<li><strong>Stanzrillplatten<\/strong><strong>\u00a0 <\/strong>werden aus speziellem Edelstahl gefertigt und werden an das Format der Maschine angepasst. Die darin gefr\u00e4sten Kan\u00e4le entsprechen den Rillern auf dem Stanzwerkzeug. Diese L\u00f6sung bietet eine Reihe an Vorteilen, unter anderem eine sehr lange Lebensdauer und sehr kurze R\u00fcstzeit sowohl bei Erstaufrt\u00e4gen, als auch bei Folgeauftr\u00e4gen. Au\u00dferdem erm\u00f6glichen Stanzrillplatten h\u00f6here Maschinengeschwindigkeiten und verursachen im Gegensatz zu Rillmatrizen keine sichtbaren Quetschungen des Nutzens. Zur Auswahl stehen drei Plattenst\u00e4rken (1,0mm; 1,2mm; 1,5mm), sowie verschiedene H\u00e4rten (35HRC, 50HRC). Die Parameter der gefr\u00e4sten Kan\u00e4le werden an das entsprechende Stanzgut angepasst.<\/li>\n<\/ol>\n<\/div>\n<\/div>\n<\/div>\n<\/div>\n","protected":false},"excerpt":{"rendered":"<p>Pertinaxe werden als Gegenbiege benutzt. Bei uns werden sie auf einer speziellen CNC Fr\u00e4smaschine angefertigt. Haupts\u00e4chlich werden sie bei der Produktion von Verpackungen aus Vollpappe benutzt, aber sind auch f\u00fcr Wellpappe erh\u00e4ltlich. Wir k\u00f6nnen Pertinaxe aus Resotex herstellen sowie auch in einer Metalplatte, die direkt an die Ausschneidemaschine gefestigt werden kann. Standardm\u00e4\u00dfig werden bei uns [&hellip;]<\/p>\n","protected":false},"author":6,"featured_media":0,"parent":1226,"menu_order":0,"comment_status":"closed","ping_status":"closed","template":"","meta":{"_acf_changed":false,"footnotes":""},"class_list":["post-929","page","type-page","status-publish","hentry"],"acf":[],"yoast_head":"<!-- This site is optimized with the Yoast SEO plugin v27.4 - https:\/\/yoast.com\/product\/yoast-seo-wordpress\/ -->\n<title>Pertinax - Chespa - printing inks, clichees, cutting dies<\/title>\n<meta name=\"robots\" content=\"index, follow, max-snippet:-1, max-image-preview:large, max-video-preview:-1\" \/>\n<link rel=\"canonical\" href=\"https:\/\/www.chespa.eu\/de\/pertinax\/\" \/>\n<meta property=\"og:locale\" content=\"de_DE\" \/>\n<meta property=\"og:type\" content=\"article\" \/>\n<meta property=\"og:title\" content=\"Pertinax - Chespa - printing inks, clichees, cutting dies\" \/>\n<meta property=\"og:description\" content=\"Pertinaxe werden als Gegenbiege benutzt. Bei uns werden sie auf einer speziellen CNC Fr\u00e4smaschine angefertigt. Haupts\u00e4chlich werden sie bei der Produktion von Verpackungen aus Vollpappe benutzt, aber sind auch f\u00fcr Wellpappe erh\u00e4ltlich. Wir k\u00f6nnen Pertinaxe aus Resotex herstellen sowie auch in einer Metalplatte, die direkt an die Ausschneidemaschine gefestigt werden kann. Standardm\u00e4\u00dfig werden bei uns [&hellip;]\" \/>\n<meta property=\"og:url\" content=\"https:\/\/www.chespa.eu\/de\/pertinax\/\" \/>\n<meta property=\"og:site_name\" content=\"Chespa - printing inks, clichees, cutting dies\" \/>\n<meta property=\"article:modified_time\" content=\"2020-03-12T12:06:51+00:00\" \/>\n<meta name=\"twitter:card\" content=\"summary_large_image\" \/>\n<meta name=\"twitter:label1\" content=\"Est. reading time\" \/>\n\t<meta name=\"twitter:data1\" content=\"1 minute\" \/>\n<script type=\"application\/ld+json\" class=\"yoast-schema-graph\">{\"@context\":\"https:\\\/\\\/schema.org\",\"@graph\":[{\"@type\":\"WebPage\",\"@id\":\"https:\\\/\\\/www.chespa.eu\\\/de\\\/pertinax\\\/\",\"url\":\"https:\\\/\\\/www.chespa.eu\\\/de\\\/pertinax\\\/\",\"name\":\"Pertinax - Chespa - printing inks, clichees, cutting dies\",\"isPartOf\":{\"@id\":\"https:\\\/\\\/www.chespa.eu\\\/#website\"},\"datePublished\":\"2016-02-15T10:49:23+00:00\",\"dateModified\":\"2020-03-12T12:06:51+00:00\",\"breadcrumb\":{\"@id\":\"https:\\\/\\\/www.chespa.eu\\\/de\\\/pertinax\\\/#breadcrumb\"},\"inLanguage\":\"de-DE\",\"potentialAction\":[{\"@type\":\"ReadAction\",\"target\":[\"https:\\\/\\\/www.chespa.eu\\\/de\\\/pertinax\\\/\"]}]},{\"@type\":\"BreadcrumbList\",\"@id\":\"https:\\\/\\\/www.chespa.eu\\\/de\\\/pertinax\\\/#breadcrumb\",\"itemListElement\":[{\"@type\":\"ListItem\",\"position\":1,\"name\":\"Strona g\u0142\u00f3wna\",\"item\":\"https:\\\/\\\/www.chespa.eu\\\/\"},{\"@type\":\"ListItem\",\"position\":2,\"name\":\"Pertinax\"}]},{\"@type\":\"WebSite\",\"@id\":\"https:\\\/\\\/www.chespa.eu\\\/#website\",\"url\":\"https:\\\/\\\/www.chespa.eu\\\/\",\"name\":\"Chespa - printing inks, clichees, cutting dies\",\"description\":\"\",\"potentialAction\":[{\"@type\":\"SearchAction\",\"target\":{\"@type\":\"EntryPoint\",\"urlTemplate\":\"https:\\\/\\\/www.chespa.eu\\\/?s={search_term_string}\"},\"query-input\":{\"@type\":\"PropertyValueSpecification\",\"valueRequired\":true,\"valueName\":\"search_term_string\"}}],\"inLanguage\":\"de-DE\"}]}<\/script>\n<!-- \/ Yoast SEO plugin. -->","yoast_head_json":{"title":"Pertinax - Chespa - printing inks, clichees, cutting dies","robots":{"index":"index","follow":"follow","max-snippet":"max-snippet:-1","max-image-preview":"max-image-preview:large","max-video-preview":"max-video-preview:-1"},"canonical":"https:\/\/www.chespa.eu\/de\/pertinax\/","og_locale":"de_DE","og_type":"article","og_title":"Pertinax - Chespa - printing inks, clichees, cutting dies","og_description":"Pertinaxe werden als Gegenbiege benutzt. Bei uns werden sie auf einer speziellen CNC Fr\u00e4smaschine angefertigt. Haupts\u00e4chlich werden sie bei der Produktion von Verpackungen aus Vollpappe benutzt, aber sind auch f\u00fcr Wellpappe erh\u00e4ltlich. Wir k\u00f6nnen Pertinaxe aus Resotex herstellen sowie auch in einer Metalplatte, die direkt an die Ausschneidemaschine gefestigt werden kann. Standardm\u00e4\u00dfig werden bei uns [&hellip;]","og_url":"https:\/\/www.chespa.eu\/de\/pertinax\/","og_site_name":"Chespa - printing inks, clichees, cutting dies","article_modified_time":"2020-03-12T12:06:51+00:00","twitter_card":"summary_large_image","twitter_misc":{"Est. reading time":"1 minute"},"schema":{"@context":"https:\/\/schema.org","@graph":[{"@type":"WebPage","@id":"https:\/\/www.chespa.eu\/de\/pertinax\/","url":"https:\/\/www.chespa.eu\/de\/pertinax\/","name":"Pertinax - Chespa - printing inks, clichees, cutting dies","isPartOf":{"@id":"https:\/\/www.chespa.eu\/#website"},"datePublished":"2016-02-15T10:49:23+00:00","dateModified":"2020-03-12T12:06:51+00:00","breadcrumb":{"@id":"https:\/\/www.chespa.eu\/de\/pertinax\/#breadcrumb"},"inLanguage":"de-DE","potentialAction":[{"@type":"ReadAction","target":["https:\/\/www.chespa.eu\/de\/pertinax\/"]}]},{"@type":"BreadcrumbList","@id":"https:\/\/www.chespa.eu\/de\/pertinax\/#breadcrumb","itemListElement":[{"@type":"ListItem","position":1,"name":"Strona g\u0142\u00f3wna","item":"https:\/\/www.chespa.eu\/"},{"@type":"ListItem","position":2,"name":"Pertinax"}]},{"@type":"WebSite","@id":"https:\/\/www.chespa.eu\/#website","url":"https:\/\/www.chespa.eu\/","name":"Chespa - printing inks, clichees, cutting dies","description":"","potentialAction":[{"@type":"SearchAction","target":{"@type":"EntryPoint","urlTemplate":"https:\/\/www.chespa.eu\/?s={search_term_string}"},"query-input":{"@type":"PropertyValueSpecification","valueRequired":true,"valueName":"search_term_string"}}],"inLanguage":"de-DE"}]}},"_links":{"self":[{"href":"https:\/\/www.chespa.eu\/de\/wp-json\/wp\/v2\/pages\/929","targetHints":{"allow":["GET"]}}],"collection":[{"href":"https:\/\/www.chespa.eu\/de\/wp-json\/wp\/v2\/pages"}],"about":[{"href":"https:\/\/www.chespa.eu\/de\/wp-json\/wp\/v2\/types\/page"}],"author":[{"embeddable":true,"href":"https:\/\/www.chespa.eu\/de\/wp-json\/wp\/v2\/users\/6"}],"replies":[{"embeddable":true,"href":"https:\/\/www.chespa.eu\/de\/wp-json\/wp\/v2\/comments?post=929"}],"version-history":[{"count":10,"href":"https:\/\/www.chespa.eu\/de\/wp-json\/wp\/v2\/pages\/929\/revisions"}],"predecessor-version":[{"id":13860,"href":"https:\/\/www.chespa.eu\/de\/wp-json\/wp\/v2\/pages\/929\/revisions\/13860"}],"up":[{"embeddable":true,"href":"https:\/\/www.chespa.eu\/de\/wp-json\/wp\/v2\/pages\/1226"}],"wp:attachment":[{"href":"https:\/\/www.chespa.eu\/de\/wp-json\/wp\/v2\/media?parent=929"}],"curies":[{"name":"wp","href":"https:\/\/api.w.org\/{rel}","templated":true}]}}