{"id":904,"date":"2016-02-15T12:33:07","date_gmt":"2016-02-15T11:33:07","guid":{"rendered":"http:\/\/chespa.eu\/de\/nowe-maszyny-i-oprogramowanie\/"},"modified":"2020-03-12T13:12:22","modified_gmt":"2020-03-12T12:12:22","slug":"nowe-maszyny-i-oprogramowanie","status":"publish","type":"page","link":"https:\/\/www.chespa.eu\/de\/nowe-maszyny-i-oprogramowanie\/","title":{"rendered":"Neue Maschinen und Software"},"content":{"rendered":"<p>Seite im Aufbau<\/p>\n<p>&nbsp;<\/p>\n<p>Das Unternehmen Chespa mehr neue Maschinen installiert werden in der Fertigungs Staette Diese sind:<\/p>\n<ol>\n<li><strong>Automatische wyginarka Messer IDEA<\/strong> &#8211; wird bei der Herstellung von Werkzeugen f\u00fcr Vollpappe verwendet werden. Automatische ua Kurven, perforiert, Br\u00fccken und f\u00fchrt<br \/>\nKombinierte Linien und R\u00e4umen (w\u00e4hlen Sie das Messer). Die Maschine erlaubt die automatische Ausf\u00fchrung agraf\u00f3w (Inzisionen Messer) mit einer Breite von 0,2 mm.<\/li>\n<li><strong>Fr\u00e4smaschine pertinax\u00f3w LASERCOMB<\/strong> &#8211; dies ist die zweite solche Maschine in der Pflanze stirbt. Dieses Modell der Maschine erheblich die Ausf\u00fchrungsprozess beschleunigen<br \/>\npertinax\u00f3w rezotexowych und gefr\u00e4sten Bretter und es ihnen erm\u00f6glichen, in einem gr\u00f6\u00dferen Format (Bobst Mastercut 1.7) durchzuf\u00fchren . Dar\u00fcber hinaus dank der integrierten, automatischen\u00a0Messsystem ist es m\u00f6glich, Hochpr\u00e4zisionswerkzeugen durchzuf\u00fchren . Diese Ger\u00e4te werden deutlich erh\u00f6hen die Produktionskapazit\u00e4t und Qualit\u00e4t und Pr\u00e4zision<br \/>\nstirbt und Werkzeuge f\u00fcr die mit ihm vor allem f\u00fcr feste Pappe arbeiten.<\/li>\n<li><strong>Automatische wyginarka Messer Rotationsstanzformen ROTAX PLUS<\/strong> &#8211; das ist der neueste bestehenden Markt Automaten verwendet Verarbeitung abzuschlie\u00dfen und Biege Messer 4 Punkte einfach<br \/>\nund das Peripherieger\u00e4t (f\u00fcr einen gegebenen Durchmesser verdreht). Es erm\u00f6glicht den Zugriff auf kleine Teile (z. B. Slot) von einem Abschnitt des Messers, die ma\u00dfgeblich die Qualit\u00e4t der Leistung der Rotationsstanzen verbessern. Zur gleichen Zeit wie die Installation von Maschinen wurde auch die neueste Version der Software f\u00fcr die Gestaltung der Verpackung zu installieren gehalten und stirbt IMPACT 2013.<\/li>\n<\/ol>\n<p><a href=\"http:\/\/chespa.eu\/wp-content\/uploads\/2016\/02\/669.jpeg\" rel=\"lightbox[904]\"><img loading=\"lazy\" decoding=\"async\" class=\"wp-image-312 size-full aligncenter\" src=\"https:\/\/chespa.eu\/wp-content\/uploads\/2016\/02\/669.jpeg\" alt=\"669\" width=\"686\" height=\"498\" srcset=\"https:\/\/www.chespa.eu\/wp-content\/uploads\/2016\/02\/669.jpeg 686w, https:\/\/www.chespa.eu\/wp-content\/uploads\/2016\/02\/669-300x218.jpeg 300w\" sizes=\"auto, (max-width: 686px) 100vw, 686px\" \/><\/a><\/p>\n<p style=\"text-align: center;\">Automatische wyginarka Messer IDEA<\/p>\n<p style=\"text-align: center;\"><a href=\"http:\/\/chespa.eu\/wp-content\/uploads\/2016\/02\/670.jpeg\" rel=\"lightbox[904]\"><img loading=\"lazy\" decoding=\"async\" class=\"alignnone wp-image-316 size-full\" src=\"https:\/\/chespa.eu\/wp-content\/uploads\/2016\/02\/670.jpeg\" alt=\"670\" width=\"686\" height=\"498\" srcset=\"https:\/\/www.chespa.eu\/wp-content\/uploads\/2016\/02\/670.jpeg 686w, https:\/\/www.chespa.eu\/wp-content\/uploads\/2016\/02\/670-300x218.jpeg 300w\" sizes=\"auto, (max-width: 686px) 100vw, 686px\" \/><\/a><\/p>\n<p style=\"text-align: center;\">Cutter pertinax LASERCOMB<\/p>\n<p style=\"text-align: center;\"><a href=\"http:\/\/chespa.eu\/wp-content\/uploads\/2016\/02\/671.jpeg\" rel=\"lightbox[904]\"><img loading=\"lazy\" decoding=\"async\" class=\"aligncenter size-full wp-image-315\" src=\"https:\/\/chespa.eu\/wp-content\/uploads\/2016\/02\/671.jpeg\" alt=\"671\" width=\"686\" height=\"498\" srcset=\"https:\/\/www.chespa.eu\/wp-content\/uploads\/2016\/02\/671.jpeg 686w, https:\/\/www.chespa.eu\/wp-content\/uploads\/2016\/02\/671-300x218.jpeg 300w\" sizes=\"auto, (max-width: 686px) 100vw, 686px\" \/><\/a><\/p>\n<p style=\"text-align: center;\">Automatische wyginarka Messer Dreh stirbt Rotax PLUS<\/p>\n","protected":false},"excerpt":{"rendered":"<p>Seite im Aufbau &nbsp; Das Unternehmen Chespa mehr neue Maschinen installiert werden in der Fertigungs Staette Diese sind: Automatische wyginarka Messer IDEA &#8211; wird bei der Herstellung von Werkzeugen f\u00fcr Vollpappe verwendet werden. Automatische ua Kurven, perforiert, Br\u00fccken und f\u00fchrt Kombinierte Linien und R\u00e4umen (w\u00e4hlen Sie das Messer). Die Maschine erlaubt die automatische Ausf\u00fchrung agraf\u00f3w [&hellip;]<\/p>\n","protected":false},"author":6,"featured_media":0,"parent":0,"menu_order":0,"comment_status":"closed","ping_status":"closed","template":"","meta":{"_acf_changed":false,"footnotes":""},"class_list":["post-904","page","type-page","status-publish","hentry"],"acf":[],"yoast_head":"<!-- This site is optimized with the Yoast SEO plugin v27.5 - https:\/\/yoast.com\/product\/yoast-seo-wordpress\/ -->\n<title>Neue Maschinen und Software - Chespa - printing inks, clichees, cutting dies<\/title>\n<meta name=\"robots\" content=\"index, follow, max-snippet:-1, max-image-preview:large, max-video-preview:-1\" \/>\n<link rel=\"canonical\" href=\"https:\/\/www.chespa.eu\/de\/nowe-maszyny-i-oprogramowanie\/\" \/>\n<meta property=\"og:locale\" content=\"de_DE\" \/>\n<meta property=\"og:type\" content=\"article\" \/>\n<meta property=\"og:title\" content=\"Neue Maschinen und Software - Chespa - printing inks, clichees, cutting dies\" \/>\n<meta property=\"og:description\" content=\"Seite im Aufbau &nbsp; Das Unternehmen Chespa mehr neue Maschinen installiert werden in der Fertigungs Staette Diese sind: Automatische wyginarka Messer IDEA &#8211; wird bei der Herstellung von Werkzeugen f\u00fcr Vollpappe verwendet werden. Automatische ua Kurven, perforiert, Br\u00fccken und f\u00fchrt Kombinierte Linien und R\u00e4umen (w\u00e4hlen Sie das Messer). Die Maschine erlaubt die automatische Ausf\u00fchrung agraf\u00f3w [&hellip;]\" \/>\n<meta property=\"og:url\" content=\"https:\/\/www.chespa.eu\/de\/nowe-maszyny-i-oprogramowanie\/\" \/>\n<meta property=\"og:site_name\" content=\"Chespa - printing inks, clichees, cutting dies\" \/>\n<meta property=\"article:modified_time\" content=\"2020-03-12T12:12:22+00:00\" \/>\n<meta property=\"og:image\" content=\"http:\/\/chespa.eu\/wp-content\/uploads\/2016\/02\/669.jpeg\" \/>\n<meta name=\"twitter:card\" content=\"summary_large_image\" \/>\n<meta name=\"twitter:label1\" content=\"Est. reading time\" \/>\n\t<meta name=\"twitter:data1\" content=\"1 minute\" \/>\n<script type=\"application\/ld+json\" class=\"yoast-schema-graph\">{\"@context\":\"https:\\\/\\\/schema.org\",\"@graph\":[{\"@type\":\"WebPage\",\"@id\":\"https:\\\/\\\/www.chespa.eu\\\/de\\\/nowe-maszyny-i-oprogramowanie\\\/\",\"url\":\"https:\\\/\\\/www.chespa.eu\\\/de\\\/nowe-maszyny-i-oprogramowanie\\\/\",\"name\":\"Neue Maschinen und Software - Chespa - printing inks, clichees, cutting dies\",\"isPartOf\":{\"@id\":\"https:\\\/\\\/www.chespa.eu\\\/#website\"},\"primaryImageOfPage\":{\"@id\":\"https:\\\/\\\/www.chespa.eu\\\/de\\\/nowe-maszyny-i-oprogramowanie\\\/#primaryimage\"},\"image\":{\"@id\":\"https:\\\/\\\/www.chespa.eu\\\/de\\\/nowe-maszyny-i-oprogramowanie\\\/#primaryimage\"},\"thumbnailUrl\":\"http:\\\/\\\/chespa.eu\\\/wp-content\\\/uploads\\\/2016\\\/02\\\/669.jpeg\",\"datePublished\":\"2016-02-15T11:33:07+00:00\",\"dateModified\":\"2020-03-12T12:12:22+00:00\",\"breadcrumb\":{\"@id\":\"https:\\\/\\\/www.chespa.eu\\\/de\\\/nowe-maszyny-i-oprogramowanie\\\/#breadcrumb\"},\"inLanguage\":\"de-DE\",\"potentialAction\":[{\"@type\":\"ReadAction\",\"target\":[\"https:\\\/\\\/www.chespa.eu\\\/de\\\/nowe-maszyny-i-oprogramowanie\\\/\"]}]},{\"@type\":\"ImageObject\",\"inLanguage\":\"de-DE\",\"@id\":\"https:\\\/\\\/www.chespa.eu\\\/de\\\/nowe-maszyny-i-oprogramowanie\\\/#primaryimage\",\"url\":\"http:\\\/\\\/chespa.eu\\\/wp-content\\\/uploads\\\/2016\\\/02\\\/669.jpeg\",\"contentUrl\":\"http:\\\/\\\/chespa.eu\\\/wp-content\\\/uploads\\\/2016\\\/02\\\/669.jpeg\"},{\"@type\":\"BreadcrumbList\",\"@id\":\"https:\\\/\\\/www.chespa.eu\\\/de\\\/nowe-maszyny-i-oprogramowanie\\\/#breadcrumb\",\"itemListElement\":[{\"@type\":\"ListItem\",\"position\":1,\"name\":\"Strona g\u0142\u00f3wna\",\"item\":\"https:\\\/\\\/www.chespa.eu\\\/\"},{\"@type\":\"ListItem\",\"position\":2,\"name\":\"Neue Maschinen und Software\"}]},{\"@type\":\"WebSite\",\"@id\":\"https:\\\/\\\/www.chespa.eu\\\/#website\",\"url\":\"https:\\\/\\\/www.chespa.eu\\\/\",\"name\":\"Chespa - printing inks, clichees, cutting dies\",\"description\":\"\",\"potentialAction\":[{\"@type\":\"SearchAction\",\"target\":{\"@type\":\"EntryPoint\",\"urlTemplate\":\"https:\\\/\\\/www.chespa.eu\\\/?s={search_term_string}\"},\"query-input\":{\"@type\":\"PropertyValueSpecification\",\"valueRequired\":true,\"valueName\":\"search_term_string\"}}],\"inLanguage\":\"de-DE\"}]}<\/script>\n<!-- \/ Yoast SEO plugin. -->","yoast_head_json":{"title":"Neue Maschinen und Software - Chespa - printing inks, clichees, cutting dies","robots":{"index":"index","follow":"follow","max-snippet":"max-snippet:-1","max-image-preview":"max-image-preview:large","max-video-preview":"max-video-preview:-1"},"canonical":"https:\/\/www.chespa.eu\/de\/nowe-maszyny-i-oprogramowanie\/","og_locale":"de_DE","og_type":"article","og_title":"Neue Maschinen und Software - Chespa - printing inks, clichees, cutting dies","og_description":"Seite im Aufbau &nbsp; Das Unternehmen Chespa mehr neue Maschinen installiert werden in der Fertigungs Staette Diese sind: Automatische wyginarka Messer IDEA &#8211; wird bei der Herstellung von Werkzeugen f\u00fcr Vollpappe verwendet werden. Automatische ua Kurven, perforiert, Br\u00fccken und f\u00fchrt Kombinierte Linien und R\u00e4umen (w\u00e4hlen Sie das Messer). Die Maschine erlaubt die automatische Ausf\u00fchrung agraf\u00f3w [&hellip;]","og_url":"https:\/\/www.chespa.eu\/de\/nowe-maszyny-i-oprogramowanie\/","og_site_name":"Chespa - printing inks, clichees, cutting dies","article_modified_time":"2020-03-12T12:12:22+00:00","og_image":[{"url":"http:\/\/chespa.eu\/wp-content\/uploads\/2016\/02\/669.jpeg","type":"","width":"","height":""}],"twitter_card":"summary_large_image","twitter_misc":{"Est. reading time":"1 minute"},"schema":{"@context":"https:\/\/schema.org","@graph":[{"@type":"WebPage","@id":"https:\/\/www.chespa.eu\/de\/nowe-maszyny-i-oprogramowanie\/","url":"https:\/\/www.chespa.eu\/de\/nowe-maszyny-i-oprogramowanie\/","name":"Neue Maschinen und Software - Chespa - printing inks, clichees, cutting dies","isPartOf":{"@id":"https:\/\/www.chespa.eu\/#website"},"primaryImageOfPage":{"@id":"https:\/\/www.chespa.eu\/de\/nowe-maszyny-i-oprogramowanie\/#primaryimage"},"image":{"@id":"https:\/\/www.chespa.eu\/de\/nowe-maszyny-i-oprogramowanie\/#primaryimage"},"thumbnailUrl":"http:\/\/chespa.eu\/wp-content\/uploads\/2016\/02\/669.jpeg","datePublished":"2016-02-15T11:33:07+00:00","dateModified":"2020-03-12T12:12:22+00:00","breadcrumb":{"@id":"https:\/\/www.chespa.eu\/de\/nowe-maszyny-i-oprogramowanie\/#breadcrumb"},"inLanguage":"de-DE","potentialAction":[{"@type":"ReadAction","target":["https:\/\/www.chespa.eu\/de\/nowe-maszyny-i-oprogramowanie\/"]}]},{"@type":"ImageObject","inLanguage":"de-DE","@id":"https:\/\/www.chespa.eu\/de\/nowe-maszyny-i-oprogramowanie\/#primaryimage","url":"http:\/\/chespa.eu\/wp-content\/uploads\/2016\/02\/669.jpeg","contentUrl":"http:\/\/chespa.eu\/wp-content\/uploads\/2016\/02\/669.jpeg"},{"@type":"BreadcrumbList","@id":"https:\/\/www.chespa.eu\/de\/nowe-maszyny-i-oprogramowanie\/#breadcrumb","itemListElement":[{"@type":"ListItem","position":1,"name":"Strona g\u0142\u00f3wna","item":"https:\/\/www.chespa.eu\/"},{"@type":"ListItem","position":2,"name":"Neue Maschinen und Software"}]},{"@type":"WebSite","@id":"https:\/\/www.chespa.eu\/#website","url":"https:\/\/www.chespa.eu\/","name":"Chespa - printing inks, clichees, cutting dies","description":"","potentialAction":[{"@type":"SearchAction","target":{"@type":"EntryPoint","urlTemplate":"https:\/\/www.chespa.eu\/?s={search_term_string}"},"query-input":{"@type":"PropertyValueSpecification","valueRequired":true,"valueName":"search_term_string"}}],"inLanguage":"de-DE"}]}},"_links":{"self":[{"href":"https:\/\/www.chespa.eu\/de\/wp-json\/wp\/v2\/pages\/904","targetHints":{"allow":["GET"]}}],"collection":[{"href":"https:\/\/www.chespa.eu\/de\/wp-json\/wp\/v2\/pages"}],"about":[{"href":"https:\/\/www.chespa.eu\/de\/wp-json\/wp\/v2\/types\/page"}],"author":[{"embeddable":true,"href":"https:\/\/www.chespa.eu\/de\/wp-json\/wp\/v2\/users\/6"}],"replies":[{"embeddable":true,"href":"https:\/\/www.chespa.eu\/de\/wp-json\/wp\/v2\/comments?post=904"}],"version-history":[{"count":7,"href":"https:\/\/www.chespa.eu\/de\/wp-json\/wp\/v2\/pages\/904\/revisions"}],"predecessor-version":[{"id":13861,"href":"https:\/\/www.chespa.eu\/de\/wp-json\/wp\/v2\/pages\/904\/revisions\/13861"}],"wp:attachment":[{"href":"https:\/\/www.chespa.eu\/de\/wp-json\/wp\/v2\/media?parent=904"}],"curies":[{"name":"wp","href":"https:\/\/api.w.org\/{rel}","templated":true}]}}