{"id":855,"date":"2016-02-15T11:28:47","date_gmt":"2016-02-15T10:28:47","guid":{"rendered":"http:\/\/chespa.eu\/de\/linia-produkcyjna-cyrel-3000\/"},"modified":"2022-07-28T10:17:20","modified_gmt":"2022-07-28T08:17:20","slug":"linia-produkcyjna-cyrel-3000","status":"publish","type":"page","link":"https:\/\/www.chespa.eu\/de\/produkte\/klischees\/linia-produkcyjna-cyrel-3000\/","title":{"rendered":"Die Produktionslinie Cyrel 3000"},"content":{"rendered":"<p>Der Cyrel 3000, mit ihm ist es m<span class=\"tlid-translation translation\" lang=\"de\"><span class=\"\" title=\"\">\u00f6<\/span><\/span>glich die <span class=\"tlid-translation translation\" lang=\"de\"><span class=\"\" title=\"\">gr\u00f6\u00dftes Produktionslinienformat<\/span><\/span> zu produzieren. Er hat integriert eine Verarbeitungskarte, F\u00f6n und Belichter. Jedoch hat jede diese Vorrichtungen auch die neueste Technologie f\u00fcr die Herstellung von Photopolymerdruckplatten. In der Lichtbox wird ein so genannter Gek\u00fchlte Tisch, wo die Temperatur reduziert ist und die Monomer dadurch stabilisiert, der Stress w\u00e4hrend der UV-Polymerisation wird dadurch abgefangen.<\/p>\n<p>Au\u00dferdem wurde der Waschprozess optimiert &#8211; extra Abschnitt des Waschens &#8211; macht den Behandlungsprozess empfindlich und die Platte bleibt k\u00fcrzer in L\u00f6sungsmittel.<br \/>\nZus\u00e4tzliche L\u00fcftungsanlagen in den Trockner geben eine gleichm\u00e4\u00dfigere Temperaturverteilung , die die Struktur und Stabilit\u00e4t von Fotopolymer -Druckplatten verbessert.<\/p>\n<p>&nbsp;<\/p>\n","protected":false},"excerpt":{"rendered":"<p>Der Cyrel 3000, mit ihm ist es m\u00f6glich die gr\u00f6\u00dftes Produktionslinienformat zu produzieren. Er hat integriert eine Verarbeitungskarte, F\u00f6n und Belichter. Jedoch hat jede diese Vorrichtungen auch die neueste Technologie f\u00fcr die Herstellung von Photopolymerdruckplatten. In der Lichtbox wird ein so genannter Gek\u00fchlte Tisch, wo die Temperatur reduziert ist und die Monomer dadurch stabilisiert, der [&hellip;]<\/p>\n","protected":false},"author":6,"featured_media":16261,"parent":18775,"menu_order":0,"comment_status":"closed","ping_status":"closed","template":"","meta":{"_acf_changed":false,"footnotes":""},"class_list":["post-855","page","type-page","status-publish","has-post-thumbnail","hentry"],"acf":[],"yoast_head":"<!-- This site is optimized with the Yoast SEO plugin v27.3 - https:\/\/yoast.com\/product\/yoast-seo-wordpress\/ -->\n<title>Die Produktionslinie Cyrel 3000 - Chespa - printing inks, clichees, cutting dies<\/title>\n<meta name=\"robots\" content=\"index, follow, max-snippet:-1, max-image-preview:large, max-video-preview:-1\" \/>\n<link rel=\"canonical\" href=\"https:\/\/www.chespa.eu\/de\/linia-produkcyjna-cyrel-3000\/\" \/>\n<meta property=\"og:locale\" content=\"de_DE\" \/>\n<meta property=\"og:type\" content=\"article\" \/>\n<meta property=\"og:title\" content=\"Die Produktionslinie Cyrel 3000 - Chespa - printing inks, clichees, cutting dies\" \/>\n<meta property=\"og:description\" content=\"Der Cyrel 3000, mit ihm ist es m\u00f6glich die gr\u00f6\u00dftes Produktionslinienformat zu produzieren. Er hat integriert eine Verarbeitungskarte, F\u00f6n und Belichter. Jedoch hat jede diese Vorrichtungen auch die neueste Technologie f\u00fcr die Herstellung von Photopolymerdruckplatten. In der Lichtbox wird ein so genannter Gek\u00fchlte Tisch, wo die Temperatur reduziert ist und die Monomer dadurch stabilisiert, der [&hellip;]\" \/>\n<meta property=\"og:url\" content=\"https:\/\/www.chespa.eu\/de\/linia-produkcyjna-cyrel-3000\/\" \/>\n<meta property=\"og:site_name\" content=\"Chespa - printing inks, clichees, cutting dies\" \/>\n<meta property=\"article:modified_time\" content=\"2022-07-28T08:17:20+00:00\" \/>\n<meta property=\"og:image\" content=\"https:\/\/www.chespa.eu\/wp-content\/uploads\/2022\/06\/IMG_1166-scaled.jpg\" \/>\n\t<meta property=\"og:image:width\" content=\"2560\" \/>\n\t<meta property=\"og:image:height\" content=\"1707\" \/>\n\t<meta property=\"og:image:type\" content=\"image\/jpeg\" \/>\n<meta name=\"twitter:card\" content=\"summary_large_image\" \/>\n<meta name=\"twitter:label1\" content=\"Est. reading time\" \/>\n\t<meta name=\"twitter:data1\" content=\"1 minute\" \/>\n<script type=\"application\/ld+json\" class=\"yoast-schema-graph\">{\"@context\":\"https:\\\/\\\/schema.org\",\"@graph\":[{\"@type\":\"WebPage\",\"@id\":\"https:\\\/\\\/www.chespa.eu\\\/de\\\/linia-produkcyjna-cyrel-3000\\\/\",\"url\":\"https:\\\/\\\/www.chespa.eu\\\/de\\\/linia-produkcyjna-cyrel-3000\\\/\",\"name\":\"Die Produktionslinie Cyrel 3000 - Chespa - printing inks, clichees, cutting dies\",\"isPartOf\":{\"@id\":\"https:\\\/\\\/www.chespa.eu\\\/#website\"},\"primaryImageOfPage\":{\"@id\":\"https:\\\/\\\/www.chespa.eu\\\/de\\\/linia-produkcyjna-cyrel-3000\\\/#primaryimage\"},\"image\":{\"@id\":\"https:\\\/\\\/www.chespa.eu\\\/de\\\/linia-produkcyjna-cyrel-3000\\\/#primaryimage\"},\"thumbnailUrl\":\"https:\\\/\\\/www.chespa.eu\\\/wp-content\\\/uploads\\\/2022\\\/06\\\/IMG_1166-scaled.jpg\",\"datePublished\":\"2016-02-15T10:28:47+00:00\",\"dateModified\":\"2022-07-28T08:17:20+00:00\",\"breadcrumb\":{\"@id\":\"https:\\\/\\\/www.chespa.eu\\\/de\\\/linia-produkcyjna-cyrel-3000\\\/#breadcrumb\"},\"inLanguage\":\"de-DE\",\"potentialAction\":[{\"@type\":\"ReadAction\",\"target\":[\"https:\\\/\\\/www.chespa.eu\\\/de\\\/linia-produkcyjna-cyrel-3000\\\/\"]}]},{\"@type\":\"ImageObject\",\"inLanguage\":\"de-DE\",\"@id\":\"https:\\\/\\\/www.chespa.eu\\\/de\\\/linia-produkcyjna-cyrel-3000\\\/#primaryimage\",\"url\":\"https:\\\/\\\/www.chespa.eu\\\/wp-content\\\/uploads\\\/2022\\\/06\\\/IMG_1166-scaled.jpg\",\"contentUrl\":\"https:\\\/\\\/www.chespa.eu\\\/wp-content\\\/uploads\\\/2022\\\/06\\\/IMG_1166-scaled.jpg\",\"width\":2560,\"height\":1707},{\"@type\":\"BreadcrumbList\",\"@id\":\"https:\\\/\\\/www.chespa.eu\\\/de\\\/linia-produkcyjna-cyrel-3000\\\/#breadcrumb\",\"itemListElement\":[{\"@type\":\"ListItem\",\"position\":1,\"name\":\"Strona g\u0142\u00f3wna\",\"item\":\"https:\\\/\\\/www.chespa.eu\\\/\"},{\"@type\":\"ListItem\",\"position\":2,\"name\":\"Die Produktionslinie Cyrel 3000\"}]},{\"@type\":\"WebSite\",\"@id\":\"https:\\\/\\\/www.chespa.eu\\\/#website\",\"url\":\"https:\\\/\\\/www.chespa.eu\\\/\",\"name\":\"Chespa - printing inks, clichees, cutting dies\",\"description\":\"\",\"potentialAction\":[{\"@type\":\"SearchAction\",\"target\":{\"@type\":\"EntryPoint\",\"urlTemplate\":\"https:\\\/\\\/www.chespa.eu\\\/?s={search_term_string}\"},\"query-input\":{\"@type\":\"PropertyValueSpecification\",\"valueRequired\":true,\"valueName\":\"search_term_string\"}}],\"inLanguage\":\"de-DE\"}]}<\/script>\n<!-- \/ Yoast SEO plugin. -->","yoast_head_json":{"title":"Die Produktionslinie Cyrel 3000 - Chespa - printing inks, clichees, cutting dies","robots":{"index":"index","follow":"follow","max-snippet":"max-snippet:-1","max-image-preview":"max-image-preview:large","max-video-preview":"max-video-preview:-1"},"canonical":"https:\/\/www.chespa.eu\/de\/linia-produkcyjna-cyrel-3000\/","og_locale":"de_DE","og_type":"article","og_title":"Die Produktionslinie Cyrel 3000 - Chespa - printing inks, clichees, cutting dies","og_description":"Der Cyrel 3000, mit ihm ist es m\u00f6glich die gr\u00f6\u00dftes Produktionslinienformat zu produzieren. Er hat integriert eine Verarbeitungskarte, F\u00f6n und Belichter. Jedoch hat jede diese Vorrichtungen auch die neueste Technologie f\u00fcr die Herstellung von Photopolymerdruckplatten. In der Lichtbox wird ein so genannter Gek\u00fchlte Tisch, wo die Temperatur reduziert ist und die Monomer dadurch stabilisiert, der [&hellip;]","og_url":"https:\/\/www.chespa.eu\/de\/linia-produkcyjna-cyrel-3000\/","og_site_name":"Chespa - printing inks, clichees, cutting dies","article_modified_time":"2022-07-28T08:17:20+00:00","og_image":[{"width":2560,"height":1707,"url":"https:\/\/www.chespa.eu\/wp-content\/uploads\/2022\/06\/IMG_1166-scaled.jpg","type":"image\/jpeg"}],"twitter_card":"summary_large_image","twitter_misc":{"Est. reading time":"1 minute"},"schema":{"@context":"https:\/\/schema.org","@graph":[{"@type":"WebPage","@id":"https:\/\/www.chespa.eu\/de\/linia-produkcyjna-cyrel-3000\/","url":"https:\/\/www.chespa.eu\/de\/linia-produkcyjna-cyrel-3000\/","name":"Die Produktionslinie Cyrel 3000 - Chespa - printing inks, clichees, cutting dies","isPartOf":{"@id":"https:\/\/www.chespa.eu\/#website"},"primaryImageOfPage":{"@id":"https:\/\/www.chespa.eu\/de\/linia-produkcyjna-cyrel-3000\/#primaryimage"},"image":{"@id":"https:\/\/www.chespa.eu\/de\/linia-produkcyjna-cyrel-3000\/#primaryimage"},"thumbnailUrl":"https:\/\/www.chespa.eu\/wp-content\/uploads\/2022\/06\/IMG_1166-scaled.jpg","datePublished":"2016-02-15T10:28:47+00:00","dateModified":"2022-07-28T08:17:20+00:00","breadcrumb":{"@id":"https:\/\/www.chespa.eu\/de\/linia-produkcyjna-cyrel-3000\/#breadcrumb"},"inLanguage":"de-DE","potentialAction":[{"@type":"ReadAction","target":["https:\/\/www.chespa.eu\/de\/linia-produkcyjna-cyrel-3000\/"]}]},{"@type":"ImageObject","inLanguage":"de-DE","@id":"https:\/\/www.chespa.eu\/de\/linia-produkcyjna-cyrel-3000\/#primaryimage","url":"https:\/\/www.chespa.eu\/wp-content\/uploads\/2022\/06\/IMG_1166-scaled.jpg","contentUrl":"https:\/\/www.chespa.eu\/wp-content\/uploads\/2022\/06\/IMG_1166-scaled.jpg","width":2560,"height":1707},{"@type":"BreadcrumbList","@id":"https:\/\/www.chespa.eu\/de\/linia-produkcyjna-cyrel-3000\/#breadcrumb","itemListElement":[{"@type":"ListItem","position":1,"name":"Strona g\u0142\u00f3wna","item":"https:\/\/www.chespa.eu\/"},{"@type":"ListItem","position":2,"name":"Die Produktionslinie Cyrel 3000"}]},{"@type":"WebSite","@id":"https:\/\/www.chespa.eu\/#website","url":"https:\/\/www.chespa.eu\/","name":"Chespa - printing inks, clichees, cutting dies","description":"","potentialAction":[{"@type":"SearchAction","target":{"@type":"EntryPoint","urlTemplate":"https:\/\/www.chespa.eu\/?s={search_term_string}"},"query-input":{"@type":"PropertyValueSpecification","valueRequired":true,"valueName":"search_term_string"}}],"inLanguage":"de-DE"}]}},"_links":{"self":[{"href":"https:\/\/www.chespa.eu\/de\/wp-json\/wp\/v2\/pages\/855","targetHints":{"allow":["GET"]}}],"collection":[{"href":"https:\/\/www.chespa.eu\/de\/wp-json\/wp\/v2\/pages"}],"about":[{"href":"https:\/\/www.chespa.eu\/de\/wp-json\/wp\/v2\/types\/page"}],"author":[{"embeddable":true,"href":"https:\/\/www.chespa.eu\/de\/wp-json\/wp\/v2\/users\/6"}],"replies":[{"embeddable":true,"href":"https:\/\/www.chespa.eu\/de\/wp-json\/wp\/v2\/comments?post=855"}],"version-history":[{"count":10,"href":"https:\/\/www.chespa.eu\/de\/wp-json\/wp\/v2\/pages\/855\/revisions"}],"predecessor-version":[{"id":16333,"href":"https:\/\/www.chespa.eu\/de\/wp-json\/wp\/v2\/pages\/855\/revisions\/16333"}],"up":[{"embeddable":true,"href":"https:\/\/www.chespa.eu\/de\/wp-json\/wp\/v2\/pages\/18775"}],"wp:featuredmedia":[{"embeddable":true,"href":"https:\/\/www.chespa.eu\/de\/wp-json\/wp\/v2\/media\/16261"}],"wp:attachment":[{"href":"https:\/\/www.chespa.eu\/de\/wp-json\/wp\/v2\/media?parent=855"}],"curies":[{"name":"wp","href":"https:\/\/api.w.org\/{rel}","templated":true}]}}