{"id":843,"date":"2016-02-15T09:35:20","date_gmt":"2016-02-15T08:35:20","guid":{"rendered":"http:\/\/chespa.eu\/de\/lakiery-dyspersyjne\/"},"modified":"2020-03-12T11:51:48","modified_gmt":"2020-03-12T10:51:48","slug":"lakiery-dyspersyjne","status":"publish","type":"page","link":"https:\/\/www.chespa.eu\/de\/produkte\/druckfarben\/lakiery-dyspersyjne\/","title":{"rendered":"Dispersionslacke"},"content":{"rendered":"<p>Wir bieten eine breite Palette von Lacken f\u00fcr Flexo- und Offset f\u00fcr viele Bereiche. Eigenschaften: sch\u00fctzend, dekorativ.<\/p>\n<p>Dispersionslacke im Endstadium des Drucks dienen der Veredelung und verbessern die visuelle Wirkung des Drucks, das Druckbild gegen mechanische Faktoren, verhindert das Kopieren von Markenprodukten, erh\u00f6ht die Resistenz gegen\u00fcber chemischen Mitteln und Spezialeffekte k\u00f6nnen gemacht werden, z. B. Anti-Rutsch, antiblocking.<\/p>\n<p><strong>Dispersionslacke beeinflussen die visuelle Wirkung:<\/strong><\/p>\n<ul>\n<li>Glanzlacke erh\u00f6hen sowohl den Glanz beschichteter Substrate als auch den Druck auf einem Substrat. Die Wirkung vom Glanz h\u00e4ngt zu einem gro\u00dfen Teil an der Qualit\u00e4t der lackierten Oberfl\u00e4che und der Dicke der aufgetragenen Lackschicht ab. Glanzlacke \u00fcbernehmen neben dem Glanz, auch eine sch\u00fctzende Rolle zum Schutz des Drucks vor Abrieb.<\/li>\n<li>Gibt dem Mattlack den Effekt, dass die gl\u00e4nzende Oberfl\u00e4che und der Aufdruck matt wirken. Guter Matteffekt h\u00e4ngt, wie im Fall von\u00a0 Glanzfarben, von der Qualit\u00e4t des beschichteten Substrats und der aufgebrachten Schicht ab.<\/li>\n<li>Perlige, wulstige Farben verleihen der bedruckten Oberfl\u00e4che Glanz. Sie sind Lacke mit gro\u00dfen \u00e4sthetischen Qualit\u00e4ten, die ein Produkt mit dem zus\u00e4tzlichen Effekt als Blickfang erreichen k\u00f6nnen. Mit Lacken k\u00f6nnen Sie verschiedene Effekte erhalten: die Wirkung der Beschichtung mit einem samtigen Glanz, die Wirkung von gl\u00e4nzenden Glanz und Glitzereffekt.<\/li>\n<li>Lacke sichtbar im UV-Licht \u2013 mit spezifischen Eigenschaften wie sch\u00fctzend, gl\u00e4nzend, rutschfest und sichtbar unter UV-Licht &#8211; antiblocking. Sie k\u00f6nnen als Marker f\u00fcr Verpackungen verwendet werden und sie k\u00f6nnen als Sicherheitszeichen gesetzt werden.<\/li>\n<li>Dispersionslacke wirken auf die mechanische und chemische Best\u00e4ndigkeit sch\u00fctzend. Lacke erh\u00f6hen den Widerstand der bedruckten Oberfl\u00e4che gegen mechanischen Faktoren und Chemikalien. Verbesserung der Best\u00e4ndigkeit gegen Abrieb, Kratzer, Wasser, Fett, Temperatur, L\u00f6sungsmittel, Alkalien und S\u00e4uren. Die Schutzwirkung der Beschichtungen h\u00e4ngt weitgehend von der Dicke der aufgebrachten Schicht ab.<\/li>\n<\/ul>\n","protected":false},"excerpt":{"rendered":"<p>Wir bieten eine breite Palette von Lacken f\u00fcr Flexo- und Offset f\u00fcr viele Bereiche. Eigenschaften: sch\u00fctzend, dekorativ. Dispersionslacke im Endstadium des Drucks dienen der Veredelung und verbessern die visuelle Wirkung des Drucks, das Druckbild gegen mechanische Faktoren, verhindert das Kopieren von Markenprodukten, erh\u00f6ht die Resistenz gegen\u00fcber chemischen Mitteln und Spezialeffekte k\u00f6nnen gemacht werden, z. B. [&hellip;]<\/p>\n","protected":false},"author":6,"featured_media":0,"parent":18773,"menu_order":0,"comment_status":"closed","ping_status":"closed","template":"","meta":{"_acf_changed":false,"footnotes":""},"class_list":["post-843","page","type-page","status-publish","hentry"],"acf":[],"yoast_head":"<!-- This site is optimized with the Yoast SEO plugin v27.4 - https:\/\/yoast.com\/product\/yoast-seo-wordpress\/ -->\n<title>Dispersionslacke - Chespa - printing inks, clichees, cutting dies<\/title>\n<meta name=\"robots\" content=\"index, follow, max-snippet:-1, max-image-preview:large, max-video-preview:-1\" \/>\n<link rel=\"canonical\" href=\"https:\/\/www.chespa.eu\/de\/lakiery-dyspersyjne\/\" \/>\n<meta property=\"og:locale\" content=\"de_DE\" \/>\n<meta property=\"og:type\" content=\"article\" \/>\n<meta property=\"og:title\" content=\"Dispersionslacke - Chespa - printing inks, clichees, cutting dies\" \/>\n<meta property=\"og:description\" content=\"Wir bieten eine breite Palette von Lacken f\u00fcr Flexo- und Offset f\u00fcr viele Bereiche. Eigenschaften: sch\u00fctzend, dekorativ. Dispersionslacke im Endstadium des Drucks dienen der Veredelung und verbessern die visuelle Wirkung des Drucks, das Druckbild gegen mechanische Faktoren, verhindert das Kopieren von Markenprodukten, erh\u00f6ht die Resistenz gegen\u00fcber chemischen Mitteln und Spezialeffekte k\u00f6nnen gemacht werden, z. B. [&hellip;]\" \/>\n<meta property=\"og:url\" content=\"https:\/\/www.chespa.eu\/de\/lakiery-dyspersyjne\/\" \/>\n<meta property=\"og:site_name\" content=\"Chespa - printing inks, clichees, cutting dies\" \/>\n<meta property=\"article:modified_time\" content=\"2020-03-12T10:51:48+00:00\" \/>\n<meta name=\"twitter:card\" content=\"summary_large_image\" \/>\n<meta name=\"twitter:label1\" content=\"Est. reading time\" \/>\n\t<meta name=\"twitter:data1\" content=\"2 minutes\" \/>\n<script type=\"application\/ld+json\" class=\"yoast-schema-graph\">{\"@context\":\"https:\\\/\\\/schema.org\",\"@graph\":[{\"@type\":\"WebPage\",\"@id\":\"https:\\\/\\\/www.chespa.eu\\\/de\\\/lakiery-dyspersyjne\\\/\",\"url\":\"https:\\\/\\\/www.chespa.eu\\\/de\\\/lakiery-dyspersyjne\\\/\",\"name\":\"Dispersionslacke - Chespa - printing inks, clichees, cutting dies\",\"isPartOf\":{\"@id\":\"https:\\\/\\\/www.chespa.eu\\\/#website\"},\"datePublished\":\"2016-02-15T08:35:20+00:00\",\"dateModified\":\"2020-03-12T10:51:48+00:00\",\"breadcrumb\":{\"@id\":\"https:\\\/\\\/www.chespa.eu\\\/de\\\/lakiery-dyspersyjne\\\/#breadcrumb\"},\"inLanguage\":\"de-DE\",\"potentialAction\":[{\"@type\":\"ReadAction\",\"target\":[\"https:\\\/\\\/www.chespa.eu\\\/de\\\/lakiery-dyspersyjne\\\/\"]}]},{\"@type\":\"BreadcrumbList\",\"@id\":\"https:\\\/\\\/www.chespa.eu\\\/de\\\/lakiery-dyspersyjne\\\/#breadcrumb\",\"itemListElement\":[{\"@type\":\"ListItem\",\"position\":1,\"name\":\"Strona g\u0142\u00f3wna\",\"item\":\"https:\\\/\\\/www.chespa.eu\\\/\"},{\"@type\":\"ListItem\",\"position\":2,\"name\":\"Dispersionslacke\"}]},{\"@type\":\"WebSite\",\"@id\":\"https:\\\/\\\/www.chespa.eu\\\/#website\",\"url\":\"https:\\\/\\\/www.chespa.eu\\\/\",\"name\":\"Chespa - printing inks, clichees, cutting dies\",\"description\":\"\",\"potentialAction\":[{\"@type\":\"SearchAction\",\"target\":{\"@type\":\"EntryPoint\",\"urlTemplate\":\"https:\\\/\\\/www.chespa.eu\\\/?s={search_term_string}\"},\"query-input\":{\"@type\":\"PropertyValueSpecification\",\"valueRequired\":true,\"valueName\":\"search_term_string\"}}],\"inLanguage\":\"de-DE\"}]}<\/script>\n<!-- \/ Yoast SEO plugin. -->","yoast_head_json":{"title":"Dispersionslacke - Chespa - printing inks, clichees, cutting dies","robots":{"index":"index","follow":"follow","max-snippet":"max-snippet:-1","max-image-preview":"max-image-preview:large","max-video-preview":"max-video-preview:-1"},"canonical":"https:\/\/www.chespa.eu\/de\/lakiery-dyspersyjne\/","og_locale":"de_DE","og_type":"article","og_title":"Dispersionslacke - Chespa - printing inks, clichees, cutting dies","og_description":"Wir bieten eine breite Palette von Lacken f\u00fcr Flexo- und Offset f\u00fcr viele Bereiche. Eigenschaften: sch\u00fctzend, dekorativ. Dispersionslacke im Endstadium des Drucks dienen der Veredelung und verbessern die visuelle Wirkung des Drucks, das Druckbild gegen mechanische Faktoren, verhindert das Kopieren von Markenprodukten, erh\u00f6ht die Resistenz gegen\u00fcber chemischen Mitteln und Spezialeffekte k\u00f6nnen gemacht werden, z. B. [&hellip;]","og_url":"https:\/\/www.chespa.eu\/de\/lakiery-dyspersyjne\/","og_site_name":"Chespa - printing inks, clichees, cutting dies","article_modified_time":"2020-03-12T10:51:48+00:00","twitter_card":"summary_large_image","twitter_misc":{"Est. reading time":"2 minutes"},"schema":{"@context":"https:\/\/schema.org","@graph":[{"@type":"WebPage","@id":"https:\/\/www.chespa.eu\/de\/lakiery-dyspersyjne\/","url":"https:\/\/www.chespa.eu\/de\/lakiery-dyspersyjne\/","name":"Dispersionslacke - Chespa - printing inks, clichees, cutting dies","isPartOf":{"@id":"https:\/\/www.chespa.eu\/#website"},"datePublished":"2016-02-15T08:35:20+00:00","dateModified":"2020-03-12T10:51:48+00:00","breadcrumb":{"@id":"https:\/\/www.chespa.eu\/de\/lakiery-dyspersyjne\/#breadcrumb"},"inLanguage":"de-DE","potentialAction":[{"@type":"ReadAction","target":["https:\/\/www.chespa.eu\/de\/lakiery-dyspersyjne\/"]}]},{"@type":"BreadcrumbList","@id":"https:\/\/www.chespa.eu\/de\/lakiery-dyspersyjne\/#breadcrumb","itemListElement":[{"@type":"ListItem","position":1,"name":"Strona g\u0142\u00f3wna","item":"https:\/\/www.chespa.eu\/"},{"@type":"ListItem","position":2,"name":"Dispersionslacke"}]},{"@type":"WebSite","@id":"https:\/\/www.chespa.eu\/#website","url":"https:\/\/www.chespa.eu\/","name":"Chespa - printing inks, clichees, cutting dies","description":"","potentialAction":[{"@type":"SearchAction","target":{"@type":"EntryPoint","urlTemplate":"https:\/\/www.chespa.eu\/?s={search_term_string}"},"query-input":{"@type":"PropertyValueSpecification","valueRequired":true,"valueName":"search_term_string"}}],"inLanguage":"de-DE"}]}},"_links":{"self":[{"href":"https:\/\/www.chespa.eu\/de\/wp-json\/wp\/v2\/pages\/843","targetHints":{"allow":["GET"]}}],"collection":[{"href":"https:\/\/www.chespa.eu\/de\/wp-json\/wp\/v2\/pages"}],"about":[{"href":"https:\/\/www.chespa.eu\/de\/wp-json\/wp\/v2\/types\/page"}],"author":[{"embeddable":true,"href":"https:\/\/www.chespa.eu\/de\/wp-json\/wp\/v2\/users\/6"}],"replies":[{"embeddable":true,"href":"https:\/\/www.chespa.eu\/de\/wp-json\/wp\/v2\/comments?post=843"}],"version-history":[{"count":10,"href":"https:\/\/www.chespa.eu\/de\/wp-json\/wp\/v2\/pages\/843\/revisions"}],"predecessor-version":[{"id":13850,"href":"https:\/\/www.chespa.eu\/de\/wp-json\/wp\/v2\/pages\/843\/revisions\/13850"}],"up":[{"embeddable":true,"href":"https:\/\/www.chespa.eu\/de\/wp-json\/wp\/v2\/pages\/18773"}],"wp:attachment":[{"href":"https:\/\/www.chespa.eu\/de\/wp-json\/wp\/v2\/media?parent=843"}],"curies":[{"name":"wp","href":"https:\/\/api.w.org\/{rel}","templated":true}]}}