{"id":830,"date":"2016-02-15T09:45:19","date_gmt":"2016-02-15T08:45:19","guid":{"rendered":"http:\/\/chespa.eu\/de\/laboratorium-badawczo-analityczne\/"},"modified":"2022-08-24T14:43:29","modified_gmt":"2022-08-24T12:43:29","slug":"laboratorium-badawczo-analityczne","status":"publish","type":"page","link":"https:\/\/www.chespa.eu\/de\/laboratorium-badawczo-analityczne\/","title":{"rendered":"Laborforschung und Analyse"},"content":{"rendered":"<p>Bei der Laborforschung und den analytischen Arbeiten an den Pflanzenfarben in Chorula wurde folgendes bestimmt:<\/p>\n<ul>\n<li>Reinheit von organischen L\u00f6sungsmitteln, Wassergehalt der organischen L\u00f6sungsmittel,<\/li>\n<li>Verweilzeit der organischen L\u00f6sungsmittel beim Druck,<\/li>\n<li>restliche organische L\u00f6sungsmitteln bei der Zwischenschicht im Druck<\/li>\n<li>Schwermetallen in Farben von Verpackungen<\/li>\n<\/ul>\n","protected":false},"excerpt":{"rendered":"<p>Bei der Laborforschung und den analytischen Arbeiten an den Pflanzenfarben in Chorula wurde folgendes bestimmt: Reinheit von organischen L\u00f6sungsmitteln, Wassergehalt der organischen L\u00f6sungsmittel, Verweilzeit der organischen L\u00f6sungsmittel beim Druck, restliche organische L\u00f6sungsmitteln bei der Zwischenschicht im Druck Schwermetallen in Farben von Verpackungen<\/p>\n","protected":false},"author":6,"featured_media":15589,"parent":0,"menu_order":0,"comment_status":"closed","ping_status":"closed","template":"","meta":{"_acf_changed":false,"footnotes":""},"class_list":["post-830","page","type-page","status-publish","has-post-thumbnail","hentry"],"acf":[],"yoast_head":"<!-- This site is optimized with the Yoast SEO plugin v27.4 - https:\/\/yoast.com\/product\/yoast-seo-wordpress\/ -->\n<title>Laborforschung und Analyse - Chespa - printing inks, clichees, cutting dies<\/title>\n<meta name=\"robots\" content=\"index, follow, max-snippet:-1, max-image-preview:large, max-video-preview:-1\" \/>\n<link rel=\"canonical\" href=\"https:\/\/www.chespa.eu\/de\/laboratorium-badawczo-analityczne\/\" \/>\n<meta property=\"og:locale\" content=\"de_DE\" \/>\n<meta property=\"og:type\" content=\"article\" \/>\n<meta property=\"og:title\" content=\"Laborforschung und Analyse - Chespa - printing inks, clichees, cutting dies\" \/>\n<meta property=\"og:description\" content=\"Bei der Laborforschung und den analytischen Arbeiten an den Pflanzenfarben in Chorula wurde folgendes bestimmt: Reinheit von organischen L\u00f6sungsmitteln, Wassergehalt der organischen L\u00f6sungsmittel, Verweilzeit der organischen L\u00f6sungsmittel beim Druck, restliche organische L\u00f6sungsmitteln bei der Zwischenschicht im Druck Schwermetallen in Farben von Verpackungen\" \/>\n<meta property=\"og:url\" content=\"https:\/\/www.chespa.eu\/de\/laboratorium-badawczo-analityczne\/\" \/>\n<meta property=\"og:site_name\" content=\"Chespa - printing inks, clichees, cutting dies\" \/>\n<meta property=\"article:modified_time\" content=\"2022-08-24T12:43:29+00:00\" \/>\n<meta property=\"og:image\" content=\"https:\/\/www.chespa.eu\/wp-content\/uploads\/2021\/07\/LBA.png\" \/>\n\t<meta property=\"og:image:width\" content=\"2541\" \/>\n\t<meta property=\"og:image:height\" content=\"295\" \/>\n\t<meta property=\"og:image:type\" content=\"image\/png\" \/>\n<meta name=\"twitter:card\" content=\"summary_large_image\" \/>\n<meta name=\"twitter:label1\" content=\"Est. reading time\" \/>\n\t<meta name=\"twitter:data1\" content=\"1 minute\" \/>\n<script type=\"application\/ld+json\" class=\"yoast-schema-graph\">{\"@context\":\"https:\\\/\\\/schema.org\",\"@graph\":[{\"@type\":\"WebPage\",\"@id\":\"https:\\\/\\\/www.chespa.eu\\\/de\\\/laboratorium-badawczo-analityczne\\\/\",\"url\":\"https:\\\/\\\/www.chespa.eu\\\/de\\\/laboratorium-badawczo-analityczne\\\/\",\"name\":\"Laborforschung und Analyse - Chespa - printing inks, clichees, cutting dies\",\"isPartOf\":{\"@id\":\"https:\\\/\\\/www.chespa.eu\\\/#website\"},\"primaryImageOfPage\":{\"@id\":\"https:\\\/\\\/www.chespa.eu\\\/de\\\/laboratorium-badawczo-analityczne\\\/#primaryimage\"},\"image\":{\"@id\":\"https:\\\/\\\/www.chespa.eu\\\/de\\\/laboratorium-badawczo-analityczne\\\/#primaryimage\"},\"thumbnailUrl\":\"https:\\\/\\\/www.chespa.eu\\\/wp-content\\\/uploads\\\/2021\\\/07\\\/LBA.png\",\"datePublished\":\"2016-02-15T08:45:19+00:00\",\"dateModified\":\"2022-08-24T12:43:29+00:00\",\"breadcrumb\":{\"@id\":\"https:\\\/\\\/www.chespa.eu\\\/de\\\/laboratorium-badawczo-analityczne\\\/#breadcrumb\"},\"inLanguage\":\"de-DE\",\"potentialAction\":[{\"@type\":\"ReadAction\",\"target\":[\"https:\\\/\\\/www.chespa.eu\\\/de\\\/laboratorium-badawczo-analityczne\\\/\"]}]},{\"@type\":\"ImageObject\",\"inLanguage\":\"de-DE\",\"@id\":\"https:\\\/\\\/www.chespa.eu\\\/de\\\/laboratorium-badawczo-analityczne\\\/#primaryimage\",\"url\":\"https:\\\/\\\/www.chespa.eu\\\/wp-content\\\/uploads\\\/2021\\\/07\\\/LBA.png\",\"contentUrl\":\"https:\\\/\\\/www.chespa.eu\\\/wp-content\\\/uploads\\\/2021\\\/07\\\/LBA.png\",\"width\":2541,\"height\":295},{\"@type\":\"BreadcrumbList\",\"@id\":\"https:\\\/\\\/www.chespa.eu\\\/de\\\/laboratorium-badawczo-analityczne\\\/#breadcrumb\",\"itemListElement\":[{\"@type\":\"ListItem\",\"position\":1,\"name\":\"Strona g\u0142\u00f3wna\",\"item\":\"https:\\\/\\\/www.chespa.eu\\\/\"},{\"@type\":\"ListItem\",\"position\":2,\"name\":\"Laborforschung und Analyse\"}]},{\"@type\":\"WebSite\",\"@id\":\"https:\\\/\\\/www.chespa.eu\\\/#website\",\"url\":\"https:\\\/\\\/www.chespa.eu\\\/\",\"name\":\"Chespa - printing inks, clichees, cutting dies\",\"description\":\"\",\"potentialAction\":[{\"@type\":\"SearchAction\",\"target\":{\"@type\":\"EntryPoint\",\"urlTemplate\":\"https:\\\/\\\/www.chespa.eu\\\/?s={search_term_string}\"},\"query-input\":{\"@type\":\"PropertyValueSpecification\",\"valueRequired\":true,\"valueName\":\"search_term_string\"}}],\"inLanguage\":\"de-DE\"}]}<\/script>\n<!-- \/ Yoast SEO plugin. -->","yoast_head_json":{"title":"Laborforschung und Analyse - Chespa - printing inks, clichees, cutting dies","robots":{"index":"index","follow":"follow","max-snippet":"max-snippet:-1","max-image-preview":"max-image-preview:large","max-video-preview":"max-video-preview:-1"},"canonical":"https:\/\/www.chespa.eu\/de\/laboratorium-badawczo-analityczne\/","og_locale":"de_DE","og_type":"article","og_title":"Laborforschung und Analyse - Chespa - printing inks, clichees, cutting dies","og_description":"Bei der Laborforschung und den analytischen Arbeiten an den Pflanzenfarben in Chorula wurde folgendes bestimmt: Reinheit von organischen L\u00f6sungsmitteln, Wassergehalt der organischen L\u00f6sungsmittel, Verweilzeit der organischen L\u00f6sungsmittel beim Druck, restliche organische L\u00f6sungsmitteln bei der Zwischenschicht im Druck Schwermetallen in Farben von Verpackungen","og_url":"https:\/\/www.chespa.eu\/de\/laboratorium-badawczo-analityczne\/","og_site_name":"Chespa - printing inks, clichees, cutting dies","article_modified_time":"2022-08-24T12:43:29+00:00","og_image":[{"width":2541,"height":295,"url":"https:\/\/www.chespa.eu\/wp-content\/uploads\/2021\/07\/LBA.png","type":"image\/png"}],"twitter_card":"summary_large_image","twitter_misc":{"Est. reading time":"1 minute"},"schema":{"@context":"https:\/\/schema.org","@graph":[{"@type":"WebPage","@id":"https:\/\/www.chespa.eu\/de\/laboratorium-badawczo-analityczne\/","url":"https:\/\/www.chespa.eu\/de\/laboratorium-badawczo-analityczne\/","name":"Laborforschung und Analyse - Chespa - printing inks, clichees, cutting dies","isPartOf":{"@id":"https:\/\/www.chespa.eu\/#website"},"primaryImageOfPage":{"@id":"https:\/\/www.chespa.eu\/de\/laboratorium-badawczo-analityczne\/#primaryimage"},"image":{"@id":"https:\/\/www.chespa.eu\/de\/laboratorium-badawczo-analityczne\/#primaryimage"},"thumbnailUrl":"https:\/\/www.chespa.eu\/wp-content\/uploads\/2021\/07\/LBA.png","datePublished":"2016-02-15T08:45:19+00:00","dateModified":"2022-08-24T12:43:29+00:00","breadcrumb":{"@id":"https:\/\/www.chespa.eu\/de\/laboratorium-badawczo-analityczne\/#breadcrumb"},"inLanguage":"de-DE","potentialAction":[{"@type":"ReadAction","target":["https:\/\/www.chespa.eu\/de\/laboratorium-badawczo-analityczne\/"]}]},{"@type":"ImageObject","inLanguage":"de-DE","@id":"https:\/\/www.chespa.eu\/de\/laboratorium-badawczo-analityczne\/#primaryimage","url":"https:\/\/www.chespa.eu\/wp-content\/uploads\/2021\/07\/LBA.png","contentUrl":"https:\/\/www.chespa.eu\/wp-content\/uploads\/2021\/07\/LBA.png","width":2541,"height":295},{"@type":"BreadcrumbList","@id":"https:\/\/www.chespa.eu\/de\/laboratorium-badawczo-analityczne\/#breadcrumb","itemListElement":[{"@type":"ListItem","position":1,"name":"Strona g\u0142\u00f3wna","item":"https:\/\/www.chespa.eu\/"},{"@type":"ListItem","position":2,"name":"Laborforschung und Analyse"}]},{"@type":"WebSite","@id":"https:\/\/www.chespa.eu\/#website","url":"https:\/\/www.chespa.eu\/","name":"Chespa - printing inks, clichees, cutting dies","description":"","potentialAction":[{"@type":"SearchAction","target":{"@type":"EntryPoint","urlTemplate":"https:\/\/www.chespa.eu\/?s={search_term_string}"},"query-input":{"@type":"PropertyValueSpecification","valueRequired":true,"valueName":"search_term_string"}}],"inLanguage":"de-DE"}]}},"_links":{"self":[{"href":"https:\/\/www.chespa.eu\/de\/wp-json\/wp\/v2\/pages\/830","targetHints":{"allow":["GET"]}}],"collection":[{"href":"https:\/\/www.chespa.eu\/de\/wp-json\/wp\/v2\/pages"}],"about":[{"href":"https:\/\/www.chespa.eu\/de\/wp-json\/wp\/v2\/types\/page"}],"author":[{"embeddable":true,"href":"https:\/\/www.chespa.eu\/de\/wp-json\/wp\/v2\/users\/6"}],"replies":[{"embeddable":true,"href":"https:\/\/www.chespa.eu\/de\/wp-json\/wp\/v2\/comments?post=830"}],"version-history":[{"count":7,"href":"https:\/\/www.chespa.eu\/de\/wp-json\/wp\/v2\/pages\/830\/revisions"}],"predecessor-version":[{"id":16582,"href":"https:\/\/www.chespa.eu\/de\/wp-json\/wp\/v2\/pages\/830\/revisions\/16582"}],"wp:featuredmedia":[{"embeddable":true,"href":"https:\/\/www.chespa.eu\/de\/wp-json\/wp\/v2\/media\/15589"}],"wp:attachment":[{"href":"https:\/\/www.chespa.eu\/de\/wp-json\/wp\/v2\/media?parent=830"}],"curies":[{"name":"wp","href":"https:\/\/api.w.org\/{rel}","templated":true}]}}