{"id":8054,"date":"2017-10-24T10:15:58","date_gmt":"2017-10-24T08:15:58","guid":{"rendered":"https:\/\/www.chespa.eu\/wykrojniki-pian-wysokie-noze\/"},"modified":"2018-03-16T08:32:23","modified_gmt":"2018-03-16T07:32:23","slug":"wykrojniki-pian-wysokie-noze","status":"publish","type":"page","link":"https:\/\/www.chespa.eu\/de\/produkte\/wykrojniki\/wykrojniki-pian-wysokie-noze\/","title":{"rendered":"Stanzformen f\u00fcr Schaumstoffe \u2013 Messerh\u00f6he bis 60mm"},"content":{"rendered":"<p>Dank eines modernen Maschinenparks haben wir die M\u00f6glichkeit, Messer bis zu einer H\u00f6he von 60mm zu bearbeiten. Dies gilt sowohl f\u00fcr 3Pkt, als auch f\u00fcr 4Pkt Messer. Werkzeuge mit hohen Messern werden zum Stanzen von verschiedenen Materialien verwendet, beispielweise Schaumstoffen, Wabenplatten, Vliesstoff usw. Stanzformen sind f\u00fcr alle g\u00e4ngigen Pressen geeignet.<\/p>\n<p>&nbsp;<\/p>\n","protected":false},"excerpt":{"rendered":"<p>Dank eines modernen Maschinenparks haben wir die M\u00f6glichkeit, Messer bis zu einer H\u00f6he von 60mm zu bearbeiten. Dies gilt sowohl f\u00fcr 3Pkt, als auch f\u00fcr 4Pkt Messer. Werkzeuge mit hohen Messern werden zum Stanzen von verschiedenen Materialien verwendet, beispielweise Schaumstoffen, Wabenplatten, Vliesstoff usw. Stanzformen sind f\u00fcr alle g\u00e4ngigen Pressen geeignet. &nbsp;<\/p>\n","protected":false},"author":2,"featured_media":0,"parent":1226,"menu_order":0,"comment_status":"closed","ping_status":"closed","template":"","meta":{"_acf_changed":false,"footnotes":""},"class_list":["post-8054","page","type-page","status-publish","hentry"],"acf":[],"yoast_head":"<!-- This site is optimized with the Yoast SEO plugin v27.4 - https:\/\/yoast.com\/product\/yoast-seo-wordpress\/ -->\n<title>Stanzformen f\u00fcr Schaumstoffe \u2013 Messerh\u00f6he bis 60mm - Chespa - printing inks, clichees, cutting dies<\/title>\n<meta name=\"robots\" content=\"index, follow, max-snippet:-1, max-image-preview:large, max-video-preview:-1\" \/>\n<link rel=\"canonical\" href=\"https:\/\/www.chespa.eu\/de\/wykrojniki-pian-wysokie-noze\/\" \/>\n<meta property=\"og:locale\" content=\"de_DE\" \/>\n<meta property=\"og:type\" content=\"article\" \/>\n<meta property=\"og:title\" content=\"Stanzformen f\u00fcr Schaumstoffe \u2013 Messerh\u00f6he bis 60mm - Chespa - printing inks, clichees, cutting dies\" \/>\n<meta property=\"og:description\" content=\"Dank eines modernen Maschinenparks haben wir die M\u00f6glichkeit, Messer bis zu einer H\u00f6he von 60mm zu bearbeiten. Dies gilt sowohl f\u00fcr 3Pkt, als auch f\u00fcr 4Pkt Messer. Werkzeuge mit hohen Messern werden zum Stanzen von verschiedenen Materialien verwendet, beispielweise Schaumstoffen, Wabenplatten, Vliesstoff usw. Stanzformen sind f\u00fcr alle g\u00e4ngigen Pressen geeignet. &nbsp;\" \/>\n<meta property=\"og:url\" content=\"https:\/\/www.chespa.eu\/de\/wykrojniki-pian-wysokie-noze\/\" \/>\n<meta property=\"og:site_name\" content=\"Chespa - printing inks, clichees, cutting dies\" \/>\n<meta property=\"article:modified_time\" content=\"2018-03-16T07:32:23+00:00\" \/>\n<meta name=\"twitter:card\" content=\"summary_large_image\" \/>\n<script type=\"application\/ld+json\" class=\"yoast-schema-graph\">{\"@context\":\"https:\\\/\\\/schema.org\",\"@graph\":[{\"@type\":\"WebPage\",\"@id\":\"https:\\\/\\\/www.chespa.eu\\\/de\\\/wykrojniki-pian-wysokie-noze\\\/\",\"url\":\"https:\\\/\\\/www.chespa.eu\\\/de\\\/wykrojniki-pian-wysokie-noze\\\/\",\"name\":\"Stanzformen f\u00fcr Schaumstoffe \u2013 Messerh\u00f6he bis 60mm - Chespa - printing inks, clichees, cutting dies\",\"isPartOf\":{\"@id\":\"https:\\\/\\\/www.chespa.eu\\\/#website\"},\"datePublished\":\"2017-10-24T08:15:58+00:00\",\"dateModified\":\"2018-03-16T07:32:23+00:00\",\"breadcrumb\":{\"@id\":\"https:\\\/\\\/www.chespa.eu\\\/de\\\/wykrojniki-pian-wysokie-noze\\\/#breadcrumb\"},\"inLanguage\":\"de-DE\",\"potentialAction\":[{\"@type\":\"ReadAction\",\"target\":[\"https:\\\/\\\/www.chespa.eu\\\/de\\\/wykrojniki-pian-wysokie-noze\\\/\"]}]},{\"@type\":\"BreadcrumbList\",\"@id\":\"https:\\\/\\\/www.chespa.eu\\\/de\\\/wykrojniki-pian-wysokie-noze\\\/#breadcrumb\",\"itemListElement\":[{\"@type\":\"ListItem\",\"position\":1,\"name\":\"Strona g\u0142\u00f3wna\",\"item\":\"https:\\\/\\\/www.chespa.eu\\\/\"},{\"@type\":\"ListItem\",\"position\":2,\"name\":\"Stanzformen f\u00fcr Schaumstoffe \u2013 Messerh\u00f6he bis 60mm\"}]},{\"@type\":\"WebSite\",\"@id\":\"https:\\\/\\\/www.chespa.eu\\\/#website\",\"url\":\"https:\\\/\\\/www.chespa.eu\\\/\",\"name\":\"Chespa - printing inks, clichees, cutting dies\",\"description\":\"\",\"potentialAction\":[{\"@type\":\"SearchAction\",\"target\":{\"@type\":\"EntryPoint\",\"urlTemplate\":\"https:\\\/\\\/www.chespa.eu\\\/?s={search_term_string}\"},\"query-input\":{\"@type\":\"PropertyValueSpecification\",\"valueRequired\":true,\"valueName\":\"search_term_string\"}}],\"inLanguage\":\"de-DE\"}]}<\/script>\n<!-- \/ Yoast SEO plugin. -->","yoast_head_json":{"title":"Stanzformen f\u00fcr Schaumstoffe \u2013 Messerh\u00f6he bis 60mm - Chespa - printing inks, clichees, cutting dies","robots":{"index":"index","follow":"follow","max-snippet":"max-snippet:-1","max-image-preview":"max-image-preview:large","max-video-preview":"max-video-preview:-1"},"canonical":"https:\/\/www.chespa.eu\/de\/wykrojniki-pian-wysokie-noze\/","og_locale":"de_DE","og_type":"article","og_title":"Stanzformen f\u00fcr Schaumstoffe \u2013 Messerh\u00f6he bis 60mm - Chespa - printing inks, clichees, cutting dies","og_description":"Dank eines modernen Maschinenparks haben wir die M\u00f6glichkeit, Messer bis zu einer H\u00f6he von 60mm zu bearbeiten. Dies gilt sowohl f\u00fcr 3Pkt, als auch f\u00fcr 4Pkt Messer. Werkzeuge mit hohen Messern werden zum Stanzen von verschiedenen Materialien verwendet, beispielweise Schaumstoffen, Wabenplatten, Vliesstoff usw. Stanzformen sind f\u00fcr alle g\u00e4ngigen Pressen geeignet. &nbsp;","og_url":"https:\/\/www.chespa.eu\/de\/wykrojniki-pian-wysokie-noze\/","og_site_name":"Chespa - printing inks, clichees, cutting dies","article_modified_time":"2018-03-16T07:32:23+00:00","twitter_card":"summary_large_image","schema":{"@context":"https:\/\/schema.org","@graph":[{"@type":"WebPage","@id":"https:\/\/www.chespa.eu\/de\/wykrojniki-pian-wysokie-noze\/","url":"https:\/\/www.chespa.eu\/de\/wykrojniki-pian-wysokie-noze\/","name":"Stanzformen f\u00fcr Schaumstoffe \u2013 Messerh\u00f6he bis 60mm - Chespa - printing inks, clichees, cutting dies","isPartOf":{"@id":"https:\/\/www.chespa.eu\/#website"},"datePublished":"2017-10-24T08:15:58+00:00","dateModified":"2018-03-16T07:32:23+00:00","breadcrumb":{"@id":"https:\/\/www.chespa.eu\/de\/wykrojniki-pian-wysokie-noze\/#breadcrumb"},"inLanguage":"de-DE","potentialAction":[{"@type":"ReadAction","target":["https:\/\/www.chespa.eu\/de\/wykrojniki-pian-wysokie-noze\/"]}]},{"@type":"BreadcrumbList","@id":"https:\/\/www.chespa.eu\/de\/wykrojniki-pian-wysokie-noze\/#breadcrumb","itemListElement":[{"@type":"ListItem","position":1,"name":"Strona g\u0142\u00f3wna","item":"https:\/\/www.chespa.eu\/"},{"@type":"ListItem","position":2,"name":"Stanzformen f\u00fcr Schaumstoffe \u2013 Messerh\u00f6he bis 60mm"}]},{"@type":"WebSite","@id":"https:\/\/www.chespa.eu\/#website","url":"https:\/\/www.chespa.eu\/","name":"Chespa - printing inks, clichees, cutting dies","description":"","potentialAction":[{"@type":"SearchAction","target":{"@type":"EntryPoint","urlTemplate":"https:\/\/www.chespa.eu\/?s={search_term_string}"},"query-input":{"@type":"PropertyValueSpecification","valueRequired":true,"valueName":"search_term_string"}}],"inLanguage":"de-DE"}]}},"_links":{"self":[{"href":"https:\/\/www.chespa.eu\/de\/wp-json\/wp\/v2\/pages\/8054","targetHints":{"allow":["GET"]}}],"collection":[{"href":"https:\/\/www.chespa.eu\/de\/wp-json\/wp\/v2\/pages"}],"about":[{"href":"https:\/\/www.chespa.eu\/de\/wp-json\/wp\/v2\/types\/page"}],"author":[{"embeddable":true,"href":"https:\/\/www.chespa.eu\/de\/wp-json\/wp\/v2\/users\/2"}],"replies":[{"embeddable":true,"href":"https:\/\/www.chespa.eu\/de\/wp-json\/wp\/v2\/comments?post=8054"}],"version-history":[{"count":3,"href":"https:\/\/www.chespa.eu\/de\/wp-json\/wp\/v2\/pages\/8054\/revisions"}],"predecessor-version":[{"id":8077,"href":"https:\/\/www.chespa.eu\/de\/wp-json\/wp\/v2\/pages\/8054\/revisions\/8077"}],"up":[{"embeddable":true,"href":"https:\/\/www.chespa.eu\/de\/wp-json\/wp\/v2\/pages\/1226"}],"wp:attachment":[{"href":"https:\/\/www.chespa.eu\/de\/wp-json\/wp\/v2\/media?parent=8054"}],"curies":[{"name":"wp","href":"https:\/\/api.w.org\/{rel}","templated":true}]}}