{"id":8049,"date":"2017-10-24T10:09:04","date_gmt":"2017-10-24T08:09:04","guid":{"rendered":"https:\/\/www.chespa.eu\/sekcja-separacji\/"},"modified":"2018-03-15T10:59:35","modified_gmt":"2018-03-15T09:59:35","slug":"sekcja-separacji","status":"publish","type":"page","link":"https:\/\/www.chespa.eu\/de\/produkte\/wykrojniki\/sekcja-separacji\/","title":{"rendered":"Nutzentrenner"},"content":{"rendered":"<ol>\n<li><strong>Angle Lock<\/strong><strong> Nutzentrenner<br \/>\n<\/strong>Nutzentrenner die f\u00fcr Bobst-Maschinen geeignet sind. Der Vorteil des Systems besteht darin, dass die meisten Komponenten wiederverwendet werden k\u00f6nnen. Sie sparen so die Kosten f\u00fcr nachfolgende Nutzentrenner, indem der gleiche Angle Lock Rahmen, F\u00fchrungen und Pusher wiederverwendet werden k\u00f6nnen. Dank der Verwendung des GridBender produzieren wir pr\u00e4zise, genaue und wiederholbar gebogene Stahlelemente die das untere Nutzentrennwerkzeug bilden.<\/li>\n<li><strong>Leichte Nutzentrenner<br \/>\n<\/strong>Nutzentrenner die in einen speziellen Universalrahmen montiert werden. Hergestellt aus einer Holzkonstruktion und inneren Stahl-F\u00fchrungen. Speziell auf die Bed\u00fcrfnisse von h\u00e4ufigen und vor allem schnellen Werkzeugwechseln in der Maschine abgestimmt.<\/li>\n<li><strong>Volle Nutzentrenner \u00a0\u00a0<\/strong>Nutzentrenner komplett aus Stahl hergestellt \u2013 schwer und solide. Werden f\u00fcr lange und wiederholbare Produktionen verwendet. Erlauben mit h\u00f6chstm\u00f6glichen Maschinengeschwindigkeiten zu arbeiten.<\/li>\n<\/ol>\n","protected":false},"excerpt":{"rendered":"<p>Angle Lock Nutzentrenner Nutzentrenner die f\u00fcr Bobst-Maschinen geeignet sind. Der Vorteil des Systems besteht darin, dass die meisten Komponenten wiederverwendet werden k\u00f6nnen. Sie sparen so die Kosten f\u00fcr nachfolgende Nutzentrenner, indem der gleiche Angle Lock Rahmen, F\u00fchrungen und Pusher wiederverwendet werden k\u00f6nnen. Dank der Verwendung des GridBender produzieren wir pr\u00e4zise, genaue und wiederholbar gebogene Stahlelemente [&hellip;]<\/p>\n","protected":false},"author":2,"featured_media":0,"parent":1226,"menu_order":0,"comment_status":"closed","ping_status":"closed","template":"","meta":{"_acf_changed":false,"footnotes":""},"class_list":["post-8049","page","type-page","status-publish","hentry"],"acf":[],"yoast_head":"<!-- This site is optimized with the Yoast SEO plugin v27.4 - https:\/\/yoast.com\/product\/yoast-seo-wordpress\/ -->\n<title>Nutzentrenner - Chespa - printing inks, clichees, cutting dies<\/title>\n<meta name=\"robots\" content=\"index, follow, max-snippet:-1, max-image-preview:large, max-video-preview:-1\" \/>\n<link rel=\"canonical\" href=\"https:\/\/www.chespa.eu\/de\/sekcja-separacji\/\" \/>\n<meta property=\"og:locale\" content=\"de_DE\" \/>\n<meta property=\"og:type\" content=\"article\" \/>\n<meta property=\"og:title\" content=\"Nutzentrenner - Chespa - printing inks, clichees, cutting dies\" \/>\n<meta property=\"og:description\" content=\"Angle Lock Nutzentrenner Nutzentrenner die f\u00fcr Bobst-Maschinen geeignet sind. Der Vorteil des Systems besteht darin, dass die meisten Komponenten wiederverwendet werden k\u00f6nnen. Sie sparen so die Kosten f\u00fcr nachfolgende Nutzentrenner, indem der gleiche Angle Lock Rahmen, F\u00fchrungen und Pusher wiederverwendet werden k\u00f6nnen. Dank der Verwendung des GridBender produzieren wir pr\u00e4zise, genaue und wiederholbar gebogene Stahlelemente [&hellip;]\" \/>\n<meta property=\"og:url\" content=\"https:\/\/www.chespa.eu\/de\/sekcja-separacji\/\" \/>\n<meta property=\"og:site_name\" content=\"Chespa - printing inks, clichees, cutting dies\" \/>\n<meta property=\"article:modified_time\" content=\"2018-03-15T09:59:35+00:00\" \/>\n<meta name=\"twitter:card\" content=\"summary_large_image\" \/>\n<meta name=\"twitter:label1\" content=\"Est. reading time\" \/>\n\t<meta name=\"twitter:data1\" content=\"1 minute\" \/>\n<script type=\"application\/ld+json\" class=\"yoast-schema-graph\">{\"@context\":\"https:\\\/\\\/schema.org\",\"@graph\":[{\"@type\":\"WebPage\",\"@id\":\"https:\\\/\\\/www.chespa.eu\\\/de\\\/sekcja-separacji\\\/\",\"url\":\"https:\\\/\\\/www.chespa.eu\\\/de\\\/sekcja-separacji\\\/\",\"name\":\"Nutzentrenner - Chespa - printing inks, clichees, cutting dies\",\"isPartOf\":{\"@id\":\"https:\\\/\\\/www.chespa.eu\\\/#website\"},\"datePublished\":\"2017-10-24T08:09:04+00:00\",\"dateModified\":\"2018-03-15T09:59:35+00:00\",\"breadcrumb\":{\"@id\":\"https:\\\/\\\/www.chespa.eu\\\/de\\\/sekcja-separacji\\\/#breadcrumb\"},\"inLanguage\":\"de-DE\",\"potentialAction\":[{\"@type\":\"ReadAction\",\"target\":[\"https:\\\/\\\/www.chespa.eu\\\/de\\\/sekcja-separacji\\\/\"]}]},{\"@type\":\"BreadcrumbList\",\"@id\":\"https:\\\/\\\/www.chespa.eu\\\/de\\\/sekcja-separacji\\\/#breadcrumb\",\"itemListElement\":[{\"@type\":\"ListItem\",\"position\":1,\"name\":\"Strona g\u0142\u00f3wna\",\"item\":\"https:\\\/\\\/www.chespa.eu\\\/\"},{\"@type\":\"ListItem\",\"position\":2,\"name\":\"Nutzentrenner\"}]},{\"@type\":\"WebSite\",\"@id\":\"https:\\\/\\\/www.chespa.eu\\\/#website\",\"url\":\"https:\\\/\\\/www.chespa.eu\\\/\",\"name\":\"Chespa - printing inks, clichees, cutting dies\",\"description\":\"\",\"potentialAction\":[{\"@type\":\"SearchAction\",\"target\":{\"@type\":\"EntryPoint\",\"urlTemplate\":\"https:\\\/\\\/www.chespa.eu\\\/?s={search_term_string}\"},\"query-input\":{\"@type\":\"PropertyValueSpecification\",\"valueRequired\":true,\"valueName\":\"search_term_string\"}}],\"inLanguage\":\"de-DE\"}]}<\/script>\n<!-- \/ Yoast SEO plugin. -->","yoast_head_json":{"title":"Nutzentrenner - Chespa - printing inks, clichees, cutting dies","robots":{"index":"index","follow":"follow","max-snippet":"max-snippet:-1","max-image-preview":"max-image-preview:large","max-video-preview":"max-video-preview:-1"},"canonical":"https:\/\/www.chespa.eu\/de\/sekcja-separacji\/","og_locale":"de_DE","og_type":"article","og_title":"Nutzentrenner - Chespa - printing inks, clichees, cutting dies","og_description":"Angle Lock Nutzentrenner Nutzentrenner die f\u00fcr Bobst-Maschinen geeignet sind. Der Vorteil des Systems besteht darin, dass die meisten Komponenten wiederverwendet werden k\u00f6nnen. Sie sparen so die Kosten f\u00fcr nachfolgende Nutzentrenner, indem der gleiche Angle Lock Rahmen, F\u00fchrungen und Pusher wiederverwendet werden k\u00f6nnen. Dank der Verwendung des GridBender produzieren wir pr\u00e4zise, genaue und wiederholbar gebogene Stahlelemente [&hellip;]","og_url":"https:\/\/www.chespa.eu\/de\/sekcja-separacji\/","og_site_name":"Chespa - printing inks, clichees, cutting dies","article_modified_time":"2018-03-15T09:59:35+00:00","twitter_card":"summary_large_image","twitter_misc":{"Est. reading time":"1 minute"},"schema":{"@context":"https:\/\/schema.org","@graph":[{"@type":"WebPage","@id":"https:\/\/www.chespa.eu\/de\/sekcja-separacji\/","url":"https:\/\/www.chespa.eu\/de\/sekcja-separacji\/","name":"Nutzentrenner - Chespa - printing inks, clichees, cutting dies","isPartOf":{"@id":"https:\/\/www.chespa.eu\/#website"},"datePublished":"2017-10-24T08:09:04+00:00","dateModified":"2018-03-15T09:59:35+00:00","breadcrumb":{"@id":"https:\/\/www.chespa.eu\/de\/sekcja-separacji\/#breadcrumb"},"inLanguage":"de-DE","potentialAction":[{"@type":"ReadAction","target":["https:\/\/www.chespa.eu\/de\/sekcja-separacji\/"]}]},{"@type":"BreadcrumbList","@id":"https:\/\/www.chespa.eu\/de\/sekcja-separacji\/#breadcrumb","itemListElement":[{"@type":"ListItem","position":1,"name":"Strona g\u0142\u00f3wna","item":"https:\/\/www.chespa.eu\/"},{"@type":"ListItem","position":2,"name":"Nutzentrenner"}]},{"@type":"WebSite","@id":"https:\/\/www.chespa.eu\/#website","url":"https:\/\/www.chespa.eu\/","name":"Chespa - printing inks, clichees, cutting dies","description":"","potentialAction":[{"@type":"SearchAction","target":{"@type":"EntryPoint","urlTemplate":"https:\/\/www.chespa.eu\/?s={search_term_string}"},"query-input":{"@type":"PropertyValueSpecification","valueRequired":true,"valueName":"search_term_string"}}],"inLanguage":"de-DE"}]}},"_links":{"self":[{"href":"https:\/\/www.chespa.eu\/de\/wp-json\/wp\/v2\/pages\/8049","targetHints":{"allow":["GET"]}}],"collection":[{"href":"https:\/\/www.chespa.eu\/de\/wp-json\/wp\/v2\/pages"}],"about":[{"href":"https:\/\/www.chespa.eu\/de\/wp-json\/wp\/v2\/types\/page"}],"author":[{"embeddable":true,"href":"https:\/\/www.chespa.eu\/de\/wp-json\/wp\/v2\/users\/2"}],"replies":[{"embeddable":true,"href":"https:\/\/www.chespa.eu\/de\/wp-json\/wp\/v2\/comments?post=8049"}],"version-history":[{"count":3,"href":"https:\/\/www.chespa.eu\/de\/wp-json\/wp\/v2\/pages\/8049\/revisions"}],"predecessor-version":[{"id":8052,"href":"https:\/\/www.chespa.eu\/de\/wp-json\/wp\/v2\/pages\/8049\/revisions\/8052"}],"up":[{"embeddable":true,"href":"https:\/\/www.chespa.eu\/de\/wp-json\/wp\/v2\/pages\/1226"}],"wp:attachment":[{"href":"https:\/\/www.chespa.eu\/de\/wp-json\/wp\/v2\/media?parent=8049"}],"curies":[{"name":"wp","href":"https:\/\/api.w.org\/{rel}","templated":true}]}}