{"id":786,"date":"2016-02-15T10:31:35","date_gmt":"2016-02-15T09:31:35","guid":{"rendered":"http:\/\/chespa.eu\/de\/klisze-specjalne\/"},"modified":"2020-03-12T11:18:09","modified_gmt":"2020-03-12T10:18:09","slug":"klisze-specjalne","status":"publish","type":"page","link":"https:\/\/www.chespa.eu\/de\/produkte\/klischees\/klisze-specjalne\/","title":{"rendered":"Sonder &#8211; Klischees"},"content":{"rendered":"<div class=\"sekcjaStronaObramowanie\">\n<div class=\"sekcjaStrona\">\n<div class=\"sekcjaStronaTresc\">\n<div>\n<div>Sonder &#8211; Klischees sind f\u00fcr Offsetdruckereien bestimmt, sie werden beim Veredelungsprozess, wie Lackierung, Matt und Perlenfarben benutzt.<\/div>\n<div><\/div>\n<div>Sie sind in zwei St\u00e4rken (1,14 und 1,16 mm) und in vielen Formaten erh\u00e4ltlich, die Mehrheit f\u00fcr Offsetmaschinen angepasst. Sie sind auch f\u00fcr allgemein benutzte Komponenten wie Lacke und L\u00f6sungsmittel wiederstandsf\u00e4hig.<\/div>\n<div><\/div>\n<div>Mit einer erh\u00f6hten Resistenz auf Acetat eignen Sie sich auch f\u00fcr Klischees deren Farben aus zwei Komponenten bestehen, wie z. B: intensiv farbdeckendes Wei\u00df.<\/div>\n<\/div>\n<\/div>\n<\/div>\n<\/div>\n","protected":false},"excerpt":{"rendered":"<p>Sonder &#8211; Klischees sind f\u00fcr Offsetdruckereien bestimmt, sie werden beim Veredelungsprozess, wie Lackierung, Matt und Perlenfarben benutzt. Sie sind in zwei St\u00e4rken (1,14 und 1,16 mm) und in vielen Formaten erh\u00e4ltlich, die Mehrheit f\u00fcr Offsetmaschinen angepasst. Sie sind auch f\u00fcr allgemein benutzte Komponenten wie Lacke und L\u00f6sungsmittel wiederstandsf\u00e4hig. Mit einer erh\u00f6hten Resistenz auf Acetat eignen [&hellip;]<\/p>\n","protected":false},"author":6,"featured_media":9550,"parent":18775,"menu_order":0,"comment_status":"closed","ping_status":"closed","template":"","meta":{"_acf_changed":false,"footnotes":""},"class_list":["post-786","page","type-page","status-publish","has-post-thumbnail","hentry"],"acf":[],"yoast_head":"<!-- This site is optimized with the Yoast SEO plugin v27.3 - https:\/\/yoast.com\/product\/yoast-seo-wordpress\/ -->\n<title>Sonder - Klischees - Chespa - printing inks, clichees, cutting dies<\/title>\n<meta name=\"robots\" content=\"index, follow, max-snippet:-1, max-image-preview:large, max-video-preview:-1\" \/>\n<link rel=\"canonical\" href=\"https:\/\/www.chespa.eu\/de\/klisze-specjalne\/\" \/>\n<meta property=\"og:locale\" content=\"de_DE\" \/>\n<meta property=\"og:type\" content=\"article\" \/>\n<meta property=\"og:title\" content=\"Sonder - Klischees - Chespa - printing inks, clichees, cutting dies\" \/>\n<meta property=\"og:description\" content=\"Sonder &#8211; Klischees sind f\u00fcr Offsetdruckereien bestimmt, sie werden beim Veredelungsprozess, wie Lackierung, Matt und Perlenfarben benutzt. Sie sind in zwei St\u00e4rken (1,14 und 1,16 mm) und in vielen Formaten erh\u00e4ltlich, die Mehrheit f\u00fcr Offsetmaschinen angepasst. Sie sind auch f\u00fcr allgemein benutzte Komponenten wie Lacke und L\u00f6sungsmittel wiederstandsf\u00e4hig. Mit einer erh\u00f6hten Resistenz auf Acetat eignen [&hellip;]\" \/>\n<meta property=\"og:url\" content=\"https:\/\/www.chespa.eu\/de\/klisze-specjalne\/\" \/>\n<meta property=\"og:site_name\" content=\"Chespa - printing inks, clichees, cutting dies\" \/>\n<meta property=\"article:modified_time\" content=\"2020-03-12T10:18:09+00:00\" \/>\n<meta property=\"og:image\" content=\"https:\/\/www.chespa.eu\/wp-content\/uploads\/2016\/08\/klisze.jpg\" \/>\n\t<meta property=\"og:image:width\" content=\"1920\" \/>\n\t<meta property=\"og:image:height\" content=\"295\" \/>\n\t<meta property=\"og:image:type\" content=\"image\/jpeg\" \/>\n<meta name=\"twitter:card\" content=\"summary_large_image\" \/>\n<script type=\"application\/ld+json\" class=\"yoast-schema-graph\">{\"@context\":\"https:\\\/\\\/schema.org\",\"@graph\":[{\"@type\":\"WebPage\",\"@id\":\"https:\\\/\\\/www.chespa.eu\\\/de\\\/klisze-specjalne\\\/\",\"url\":\"https:\\\/\\\/www.chespa.eu\\\/de\\\/klisze-specjalne\\\/\",\"name\":\"Sonder - Klischees - Chespa - printing inks, clichees, cutting dies\",\"isPartOf\":{\"@id\":\"https:\\\/\\\/www.chespa.eu\\\/#website\"},\"primaryImageOfPage\":{\"@id\":\"https:\\\/\\\/www.chespa.eu\\\/de\\\/klisze-specjalne\\\/#primaryimage\"},\"image\":{\"@id\":\"https:\\\/\\\/www.chespa.eu\\\/de\\\/klisze-specjalne\\\/#primaryimage\"},\"thumbnailUrl\":\"https:\\\/\\\/www.chespa.eu\\\/wp-content\\\/uploads\\\/2016\\\/08\\\/klisze.jpg\",\"datePublished\":\"2016-02-15T09:31:35+00:00\",\"dateModified\":\"2020-03-12T10:18:09+00:00\",\"breadcrumb\":{\"@id\":\"https:\\\/\\\/www.chespa.eu\\\/de\\\/klisze-specjalne\\\/#breadcrumb\"},\"inLanguage\":\"de-DE\",\"potentialAction\":[{\"@type\":\"ReadAction\",\"target\":[\"https:\\\/\\\/www.chespa.eu\\\/de\\\/klisze-specjalne\\\/\"]}]},{\"@type\":\"ImageObject\",\"inLanguage\":\"de-DE\",\"@id\":\"https:\\\/\\\/www.chespa.eu\\\/de\\\/klisze-specjalne\\\/#primaryimage\",\"url\":\"https:\\\/\\\/www.chespa.eu\\\/wp-content\\\/uploads\\\/2016\\\/08\\\/klisze.jpg\",\"contentUrl\":\"https:\\\/\\\/www.chespa.eu\\\/wp-content\\\/uploads\\\/2016\\\/08\\\/klisze.jpg\",\"width\":1920,\"height\":295,\"caption\":\"klisze fotopolimerowe Chespa\"},{\"@type\":\"BreadcrumbList\",\"@id\":\"https:\\\/\\\/www.chespa.eu\\\/de\\\/klisze-specjalne\\\/#breadcrumb\",\"itemListElement\":[{\"@type\":\"ListItem\",\"position\":1,\"name\":\"Strona g\u0142\u00f3wna\",\"item\":\"https:\\\/\\\/www.chespa.eu\\\/\"},{\"@type\":\"ListItem\",\"position\":2,\"name\":\"Sonder &#8211; Klischees\"}]},{\"@type\":\"WebSite\",\"@id\":\"https:\\\/\\\/www.chespa.eu\\\/#website\",\"url\":\"https:\\\/\\\/www.chespa.eu\\\/\",\"name\":\"Chespa - printing inks, clichees, cutting dies\",\"description\":\"\",\"potentialAction\":[{\"@type\":\"SearchAction\",\"target\":{\"@type\":\"EntryPoint\",\"urlTemplate\":\"https:\\\/\\\/www.chespa.eu\\\/?s={search_term_string}\"},\"query-input\":{\"@type\":\"PropertyValueSpecification\",\"valueRequired\":true,\"valueName\":\"search_term_string\"}}],\"inLanguage\":\"de-DE\"}]}<\/script>\n<!-- \/ Yoast SEO plugin. -->","yoast_head_json":{"title":"Sonder - Klischees - Chespa - printing inks, clichees, cutting dies","robots":{"index":"index","follow":"follow","max-snippet":"max-snippet:-1","max-image-preview":"max-image-preview:large","max-video-preview":"max-video-preview:-1"},"canonical":"https:\/\/www.chespa.eu\/de\/klisze-specjalne\/","og_locale":"de_DE","og_type":"article","og_title":"Sonder - Klischees - Chespa - printing inks, clichees, cutting dies","og_description":"Sonder &#8211; Klischees sind f\u00fcr Offsetdruckereien bestimmt, sie werden beim Veredelungsprozess, wie Lackierung, Matt und Perlenfarben benutzt. Sie sind in zwei St\u00e4rken (1,14 und 1,16 mm) und in vielen Formaten erh\u00e4ltlich, die Mehrheit f\u00fcr Offsetmaschinen angepasst. Sie sind auch f\u00fcr allgemein benutzte Komponenten wie Lacke und L\u00f6sungsmittel wiederstandsf\u00e4hig. Mit einer erh\u00f6hten Resistenz auf Acetat eignen [&hellip;]","og_url":"https:\/\/www.chespa.eu\/de\/klisze-specjalne\/","og_site_name":"Chespa - printing inks, clichees, cutting dies","article_modified_time":"2020-03-12T10:18:09+00:00","og_image":[{"width":1920,"height":295,"url":"https:\/\/www.chespa.eu\/wp-content\/uploads\/2016\/08\/klisze.jpg","type":"image\/jpeg"}],"twitter_card":"summary_large_image","schema":{"@context":"https:\/\/schema.org","@graph":[{"@type":"WebPage","@id":"https:\/\/www.chespa.eu\/de\/klisze-specjalne\/","url":"https:\/\/www.chespa.eu\/de\/klisze-specjalne\/","name":"Sonder - Klischees - Chespa - printing inks, clichees, cutting dies","isPartOf":{"@id":"https:\/\/www.chespa.eu\/#website"},"primaryImageOfPage":{"@id":"https:\/\/www.chespa.eu\/de\/klisze-specjalne\/#primaryimage"},"image":{"@id":"https:\/\/www.chespa.eu\/de\/klisze-specjalne\/#primaryimage"},"thumbnailUrl":"https:\/\/www.chespa.eu\/wp-content\/uploads\/2016\/08\/klisze.jpg","datePublished":"2016-02-15T09:31:35+00:00","dateModified":"2020-03-12T10:18:09+00:00","breadcrumb":{"@id":"https:\/\/www.chespa.eu\/de\/klisze-specjalne\/#breadcrumb"},"inLanguage":"de-DE","potentialAction":[{"@type":"ReadAction","target":["https:\/\/www.chespa.eu\/de\/klisze-specjalne\/"]}]},{"@type":"ImageObject","inLanguage":"de-DE","@id":"https:\/\/www.chespa.eu\/de\/klisze-specjalne\/#primaryimage","url":"https:\/\/www.chespa.eu\/wp-content\/uploads\/2016\/08\/klisze.jpg","contentUrl":"https:\/\/www.chespa.eu\/wp-content\/uploads\/2016\/08\/klisze.jpg","width":1920,"height":295,"caption":"klisze fotopolimerowe Chespa"},{"@type":"BreadcrumbList","@id":"https:\/\/www.chespa.eu\/de\/klisze-specjalne\/#breadcrumb","itemListElement":[{"@type":"ListItem","position":1,"name":"Strona g\u0142\u00f3wna","item":"https:\/\/www.chespa.eu\/"},{"@type":"ListItem","position":2,"name":"Sonder &#8211; Klischees"}]},{"@type":"WebSite","@id":"https:\/\/www.chespa.eu\/#website","url":"https:\/\/www.chespa.eu\/","name":"Chespa - printing inks, clichees, cutting dies","description":"","potentialAction":[{"@type":"SearchAction","target":{"@type":"EntryPoint","urlTemplate":"https:\/\/www.chespa.eu\/?s={search_term_string}"},"query-input":{"@type":"PropertyValueSpecification","valueRequired":true,"valueName":"search_term_string"}}],"inLanguage":"de-DE"}]}},"_links":{"self":[{"href":"https:\/\/www.chespa.eu\/de\/wp-json\/wp\/v2\/pages\/786","targetHints":{"allow":["GET"]}}],"collection":[{"href":"https:\/\/www.chespa.eu\/de\/wp-json\/wp\/v2\/pages"}],"about":[{"href":"https:\/\/www.chespa.eu\/de\/wp-json\/wp\/v2\/types\/page"}],"author":[{"embeddable":true,"href":"https:\/\/www.chespa.eu\/de\/wp-json\/wp\/v2\/users\/6"}],"replies":[{"embeddable":true,"href":"https:\/\/www.chespa.eu\/de\/wp-json\/wp\/v2\/comments?post=786"}],"version-history":[{"count":8,"href":"https:\/\/www.chespa.eu\/de\/wp-json\/wp\/v2\/pages\/786\/revisions"}],"predecessor-version":[{"id":13845,"href":"https:\/\/www.chespa.eu\/de\/wp-json\/wp\/v2\/pages\/786\/revisions\/13845"}],"up":[{"embeddable":true,"href":"https:\/\/www.chespa.eu\/de\/wp-json\/wp\/v2\/pages\/18775"}],"wp:featuredmedia":[{"embeddable":true,"href":"https:\/\/www.chespa.eu\/de\/wp-json\/wp\/v2\/media\/9550"}],"wp:attachment":[{"href":"https:\/\/www.chespa.eu\/de\/wp-json\/wp\/v2\/media?parent=786"}],"curies":[{"name":"wp","href":"https:\/\/api.w.org\/{rel}","templated":true}]}}