{"id":766,"date":"2015-12-04T13:37:53","date_gmt":"2015-12-04T12:37:53","guid":{"rendered":"http:\/\/chespa.eu\/de\/klisze\/"},"modified":"2016-05-30T23:57:03","modified_gmt":"2016-05-30T21:57:03","slug":"klisze","status":"publish","type":"page","link":"https:\/\/www.chespa.eu\/de\/klisze\/","title":{"rendered":"Cliches Photopolymer"},"content":{"rendered":"<div>\n<p>Chespa bietet umfassende Dienstleistungen in der Vorbereitung f\u00fcr das Drucken von Grafiken und Fotopolymer-Druckplatten:<\/p>\n<p>&#8211; Fotopolymerplatten 1,14-6,35 mm f\u00fcr den Druck auf irgendwelchen pod\u0142o\u017cach- \u00c4rmel endlos: Berichte 290-1290 mm<\/p>\n<p>&#8211; Platten f\u00fcr die Malerei<\/p>\n<p>&#8211; Installation der Film-Folien Polyestersch\u00e4umen oder ohne Kompensation<\/p>\n<p>&#8211; Installation von Fotopolymer-Druckplatten f\u00fcr gro\u00dfe sleevach<\/p>\n<p>&#8211; Proofs von Simulationspunktbreiten bis zu 610 mm<\/p>\n<p>&#8211; Mockupy oder Muster gedruckt fertigen Pakete auf eine Vielzahl von Substraten<\/p>\n<p>&#8211; Pr\u00fcfung von Maschinen, deren Analyse, Profilieren<\/p>\n<p>&#8211; Verstanden Im Gro\u00dfen und Ganzen grafische Verarbeitung f\u00fcr Flexo-, Tief- und Offset<\/p>\n<p>(Grafik, Bildverarbeitung, Anpassung an eine gegebene Drucktechnologie und spezielle Maschine)<\/p>\n<p>St\u00e4ndige Zusammenarbeit mit namhaften internationalen Unternehmen gew\u00e4hrleistet eine konsistente und hohe Qualit\u00e4t unserer Produkte. Mit einer breiten Palette von Technologien, passen wir die Ausf\u00fchrung der Druckplatte auf den ausdr\u00fccklichen Anforderungen des Druck.<br \/>\nJe nach Konfiguration, Drucken, w\u00e4hlen Sie die entsprechende Technologie, die Art von Film und Screening-Verfahren. Die Wirkung von Drucken mit einem solchen Film hergestellt ist deutlich besser als die herk\u00f6mmlichen CTP. Dies erm\u00f6glicht Ihnen, einen h\u00f6heren Kontrast zu bekommen, breitere Palette von Schattierungen sanftere Farb\u00fcberg\u00e4nge und mehr Ausgaben ohne Waschen (Ampel sehen), und wo aniloksy h\u00f6here Rasterweite in der Grafik zu erm\u00f6glichen.<\/p>\n<\/div>\n","protected":false},"excerpt":{"rendered":"<p>Chespa bietet umfassende Dienstleistungen in der Vorbereitung f\u00fcr das Drucken von Grafiken und Fotopolymer-Druckplatten: &#8211; Fotopolymerplatten 1,14-6,35 mm f\u00fcr den Druck auf irgendwelchen pod\u0142o\u017cach- \u00c4rmel endlos: Berichte 290-1290 mm &#8211; Platten f\u00fcr die Malerei &#8211; Installation der Film-Folien Polyestersch\u00e4umen oder ohne Kompensation &#8211; Installation von Fotopolymer-Druckplatten f\u00fcr gro\u00dfe sleevach &#8211; Proofs von Simulationspunktbreiten bis zu [&hellip;]<\/p>\n","protected":false},"author":6,"featured_media":9550,"parent":0,"menu_order":0,"comment_status":"closed","ping_status":"closed","template":"","meta":{"_acf_changed":false,"footnotes":""},"class_list":["post-766","page","type-page","status-publish","has-post-thumbnail","hentry"],"acf":[],"yoast_head":"<!-- This site is optimized with the Yoast SEO plugin v27.3 - https:\/\/yoast.com\/product\/yoast-seo-wordpress\/ -->\n<title>Cliches Photopolymer - Chespa - printing inks, clichees, cutting dies<\/title>\n<meta name=\"robots\" content=\"index, follow, max-snippet:-1, max-image-preview:large, max-video-preview:-1\" \/>\n<link rel=\"canonical\" href=\"https:\/\/www.chespa.eu\/de\/klisze\/\" \/>\n<meta property=\"og:locale\" content=\"de_DE\" \/>\n<meta property=\"og:type\" content=\"article\" \/>\n<meta property=\"og:title\" content=\"Cliches Photopolymer - Chespa - printing inks, clichees, cutting dies\" \/>\n<meta property=\"og:description\" content=\"Chespa bietet umfassende Dienstleistungen in der Vorbereitung f\u00fcr das Drucken von Grafiken und Fotopolymer-Druckplatten: &#8211; Fotopolymerplatten 1,14-6,35 mm f\u00fcr den Druck auf irgendwelchen pod\u0142o\u017cach- \u00c4rmel endlos: Berichte 290-1290 mm &#8211; Platten f\u00fcr die Malerei &#8211; Installation der Film-Folien Polyestersch\u00e4umen oder ohne Kompensation &#8211; Installation von Fotopolymer-Druckplatten f\u00fcr gro\u00dfe sleevach &#8211; Proofs von Simulationspunktbreiten bis zu [&hellip;]\" \/>\n<meta property=\"og:url\" content=\"https:\/\/www.chespa.eu\/de\/klisze\/\" \/>\n<meta property=\"og:site_name\" content=\"Chespa - printing inks, clichees, cutting dies\" \/>\n<meta property=\"article:modified_time\" content=\"2016-05-30T21:57:03+00:00\" \/>\n<meta property=\"og:image\" content=\"https:\/\/www.chespa.eu\/wp-content\/uploads\/2016\/08\/klisze.jpg\" \/>\n\t<meta property=\"og:image:width\" content=\"1920\" \/>\n\t<meta property=\"og:image:height\" content=\"295\" \/>\n\t<meta property=\"og:image:type\" content=\"image\/jpeg\" \/>\n<meta name=\"twitter:card\" content=\"summary_large_image\" \/>\n<meta name=\"twitter:label1\" content=\"Est. reading time\" \/>\n\t<meta name=\"twitter:data1\" content=\"1 minute\" \/>\n<script type=\"application\/ld+json\" class=\"yoast-schema-graph\">{\"@context\":\"https:\\\/\\\/schema.org\",\"@graph\":[{\"@type\":\"WebPage\",\"@id\":\"https:\\\/\\\/www.chespa.eu\\\/de\\\/klisze\\\/\",\"url\":\"https:\\\/\\\/www.chespa.eu\\\/de\\\/klisze\\\/\",\"name\":\"Cliches Photopolymer - Chespa - printing inks, clichees, cutting dies\",\"isPartOf\":{\"@id\":\"https:\\\/\\\/www.chespa.eu\\\/#website\"},\"primaryImageOfPage\":{\"@id\":\"https:\\\/\\\/www.chespa.eu\\\/de\\\/klisze\\\/#primaryimage\"},\"image\":{\"@id\":\"https:\\\/\\\/www.chespa.eu\\\/de\\\/klisze\\\/#primaryimage\"},\"thumbnailUrl\":\"https:\\\/\\\/www.chespa.eu\\\/wp-content\\\/uploads\\\/2016\\\/08\\\/klisze.jpg\",\"datePublished\":\"2015-12-04T12:37:53+00:00\",\"dateModified\":\"2016-05-30T21:57:03+00:00\",\"breadcrumb\":{\"@id\":\"https:\\\/\\\/www.chespa.eu\\\/de\\\/klisze\\\/#breadcrumb\"},\"inLanguage\":\"de-DE\",\"potentialAction\":[{\"@type\":\"ReadAction\",\"target\":[\"https:\\\/\\\/www.chespa.eu\\\/de\\\/klisze\\\/\"]}]},{\"@type\":\"ImageObject\",\"inLanguage\":\"de-DE\",\"@id\":\"https:\\\/\\\/www.chespa.eu\\\/de\\\/klisze\\\/#primaryimage\",\"url\":\"https:\\\/\\\/www.chespa.eu\\\/wp-content\\\/uploads\\\/2016\\\/08\\\/klisze.jpg\",\"contentUrl\":\"https:\\\/\\\/www.chespa.eu\\\/wp-content\\\/uploads\\\/2016\\\/08\\\/klisze.jpg\",\"width\":1920,\"height\":295,\"caption\":\"klisze fotopolimerowe Chespa\"},{\"@type\":\"BreadcrumbList\",\"@id\":\"https:\\\/\\\/www.chespa.eu\\\/de\\\/klisze\\\/#breadcrumb\",\"itemListElement\":[{\"@type\":\"ListItem\",\"position\":1,\"name\":\"Strona g\u0142\u00f3wna\",\"item\":\"https:\\\/\\\/www.chespa.eu\\\/\"},{\"@type\":\"ListItem\",\"position\":2,\"name\":\"Cliches Photopolymer\"}]},{\"@type\":\"WebSite\",\"@id\":\"https:\\\/\\\/www.chespa.eu\\\/#website\",\"url\":\"https:\\\/\\\/www.chespa.eu\\\/\",\"name\":\"Chespa - printing inks, clichees, cutting dies\",\"description\":\"\",\"potentialAction\":[{\"@type\":\"SearchAction\",\"target\":{\"@type\":\"EntryPoint\",\"urlTemplate\":\"https:\\\/\\\/www.chespa.eu\\\/?s={search_term_string}\"},\"query-input\":{\"@type\":\"PropertyValueSpecification\",\"valueRequired\":true,\"valueName\":\"search_term_string\"}}],\"inLanguage\":\"de-DE\"}]}<\/script>\n<!-- \/ Yoast SEO plugin. -->","yoast_head_json":{"title":"Cliches Photopolymer - Chespa - printing inks, clichees, cutting dies","robots":{"index":"index","follow":"follow","max-snippet":"max-snippet:-1","max-image-preview":"max-image-preview:large","max-video-preview":"max-video-preview:-1"},"canonical":"https:\/\/www.chespa.eu\/de\/klisze\/","og_locale":"de_DE","og_type":"article","og_title":"Cliches Photopolymer - Chespa - printing inks, clichees, cutting dies","og_description":"Chespa bietet umfassende Dienstleistungen in der Vorbereitung f\u00fcr das Drucken von Grafiken und Fotopolymer-Druckplatten: &#8211; Fotopolymerplatten 1,14-6,35 mm f\u00fcr den Druck auf irgendwelchen pod\u0142o\u017cach- \u00c4rmel endlos: Berichte 290-1290 mm &#8211; Platten f\u00fcr die Malerei &#8211; Installation der Film-Folien Polyestersch\u00e4umen oder ohne Kompensation &#8211; Installation von Fotopolymer-Druckplatten f\u00fcr gro\u00dfe sleevach &#8211; Proofs von Simulationspunktbreiten bis zu [&hellip;]","og_url":"https:\/\/www.chespa.eu\/de\/klisze\/","og_site_name":"Chespa - printing inks, clichees, cutting dies","article_modified_time":"2016-05-30T21:57:03+00:00","og_image":[{"width":1920,"height":295,"url":"https:\/\/www.chespa.eu\/wp-content\/uploads\/2016\/08\/klisze.jpg","type":"image\/jpeg"}],"twitter_card":"summary_large_image","twitter_misc":{"Est. reading time":"1 minute"},"schema":{"@context":"https:\/\/schema.org","@graph":[{"@type":"WebPage","@id":"https:\/\/www.chespa.eu\/de\/klisze\/","url":"https:\/\/www.chespa.eu\/de\/klisze\/","name":"Cliches Photopolymer - Chespa - printing inks, clichees, cutting dies","isPartOf":{"@id":"https:\/\/www.chespa.eu\/#website"},"primaryImageOfPage":{"@id":"https:\/\/www.chespa.eu\/de\/klisze\/#primaryimage"},"image":{"@id":"https:\/\/www.chespa.eu\/de\/klisze\/#primaryimage"},"thumbnailUrl":"https:\/\/www.chespa.eu\/wp-content\/uploads\/2016\/08\/klisze.jpg","datePublished":"2015-12-04T12:37:53+00:00","dateModified":"2016-05-30T21:57:03+00:00","breadcrumb":{"@id":"https:\/\/www.chespa.eu\/de\/klisze\/#breadcrumb"},"inLanguage":"de-DE","potentialAction":[{"@type":"ReadAction","target":["https:\/\/www.chespa.eu\/de\/klisze\/"]}]},{"@type":"ImageObject","inLanguage":"de-DE","@id":"https:\/\/www.chespa.eu\/de\/klisze\/#primaryimage","url":"https:\/\/www.chespa.eu\/wp-content\/uploads\/2016\/08\/klisze.jpg","contentUrl":"https:\/\/www.chespa.eu\/wp-content\/uploads\/2016\/08\/klisze.jpg","width":1920,"height":295,"caption":"klisze fotopolimerowe Chespa"},{"@type":"BreadcrumbList","@id":"https:\/\/www.chespa.eu\/de\/klisze\/#breadcrumb","itemListElement":[{"@type":"ListItem","position":1,"name":"Strona g\u0142\u00f3wna","item":"https:\/\/www.chespa.eu\/"},{"@type":"ListItem","position":2,"name":"Cliches Photopolymer"}]},{"@type":"WebSite","@id":"https:\/\/www.chespa.eu\/#website","url":"https:\/\/www.chespa.eu\/","name":"Chespa - printing inks, clichees, cutting dies","description":"","potentialAction":[{"@type":"SearchAction","target":{"@type":"EntryPoint","urlTemplate":"https:\/\/www.chespa.eu\/?s={search_term_string}"},"query-input":{"@type":"PropertyValueSpecification","valueRequired":true,"valueName":"search_term_string"}}],"inLanguage":"de-DE"}]}},"_links":{"self":[{"href":"https:\/\/www.chespa.eu\/de\/wp-json\/wp\/v2\/pages\/766","targetHints":{"allow":["GET"]}}],"collection":[{"href":"https:\/\/www.chespa.eu\/de\/wp-json\/wp\/v2\/pages"}],"about":[{"href":"https:\/\/www.chespa.eu\/de\/wp-json\/wp\/v2\/types\/page"}],"author":[{"embeddable":true,"href":"https:\/\/www.chespa.eu\/de\/wp-json\/wp\/v2\/users\/6"}],"replies":[{"embeddable":true,"href":"https:\/\/www.chespa.eu\/de\/wp-json\/wp\/v2\/comments?post=766"}],"version-history":[{"count":4,"href":"https:\/\/www.chespa.eu\/de\/wp-json\/wp\/v2\/pages\/766\/revisions"}],"predecessor-version":[{"id":2248,"href":"https:\/\/www.chespa.eu\/de\/wp-json\/wp\/v2\/pages\/766\/revisions\/2248"}],"wp:featuredmedia":[{"embeddable":true,"href":"https:\/\/www.chespa.eu\/de\/wp-json\/wp\/v2\/media\/9550"}],"wp:attachment":[{"href":"https:\/\/www.chespa.eu\/de\/wp-json\/wp\/v2\/media?parent=766"}],"curies":[{"name":"wp","href":"https:\/\/api.w.org\/{rel}","templated":true}]}}