{"id":739,"date":"2015-12-04T13:37:01","date_gmt":"2015-12-04T12:37:01","guid":{"rendered":"http:\/\/chespa.eu\/de\/film\/"},"modified":"2025-02-20T08:02:30","modified_gmt":"2025-02-20T07:02:30","slug":"film","status":"publish","type":"page","link":"https:\/\/www.chespa.eu\/de\/film\/","title":{"rendered":"Film"},"content":{"rendered":"<p><video src=\"https:\/\/chespa.eu\/wp-content\/\/uploads\/filmy\/film-2024.mp4\" poster=\"https:\/\/chespa.eu\/wp-content\/uploads\/filmy\/poster.png\" controls=\"controls\" width=\"100%\" height=\"700\"><br \/>\n<\/video><\/p>\n<div class=\"youtube\"><iframe loading=\"lazy\" src=\"https:\/\/www.youtube.com\/embed\/JRv5iEq8uh0\" width=\"560\" height=\"315\" frameborder=\"0\" allowfullscreen=\"allowfullscreen\"><\/iframe><\/div>\n<h2>Chespa \u2013 We are green<\/h2>\n<p><video src=\"https:\/\/chespa.eu\/wp-content\/themes\/chespa\/video\/DSS-SuppliersAwards-ChespaV7.mp4\" poster=\"https:\/\/chespa.eu\/wp-content\/themes\/chespa\/video\/posterDSS.png\" controls=\"controls\" width=\"100%\" height=\"700\"><br \/>\n<\/video><\/p>\n","protected":false},"excerpt":{"rendered":"<p>Chespa \u2013 We are green<\/p>\n","protected":false},"author":6,"featured_media":15185,"parent":0,"menu_order":0,"comment_status":"closed","ping_status":"closed","template":"","meta":{"_acf_changed":false,"footnotes":""},"class_list":["post-739","page","type-page","status-publish","has-post-thumbnail","hentry"],"acf":[],"yoast_head":"<!-- This site is optimized with the Yoast SEO plugin v27.3 - https:\/\/yoast.com\/product\/yoast-seo-wordpress\/ -->\n<title>Film - Chespa - printing inks, clichees, cutting dies<\/title>\n<meta name=\"description\" content=\"Prezentujemy kr\u00f3tki film przedstawiaj\u0105cy produkcj\u0119 farb graficzny, klisz fotopolimerowych, wykrojnik\u00f3w. Zapraszamy do obejrzenia filmu.\" \/>\n<meta name=\"robots\" content=\"index, follow, max-snippet:-1, max-image-preview:large, max-video-preview:-1\" \/>\n<link rel=\"canonical\" href=\"https:\/\/www.chespa.eu\/film\/\" \/>\n<meta property=\"og:locale\" content=\"de_DE\" \/>\n<meta property=\"og:type\" content=\"article\" \/>\n<meta property=\"og:title\" content=\"Film - Chespa - printing inks, clichees, cutting dies\" \/>\n<meta property=\"og:description\" content=\"Prezentujemy kr\u00f3tki film przedstawiaj\u0105cy produkcj\u0119 farb graficzny, klisz fotopolimerowych, wykrojnik\u00f3w. Zapraszamy do obejrzenia filmu.\" \/>\n<meta property=\"og:url\" content=\"https:\/\/www.chespa.eu\/film\/\" \/>\n<meta property=\"og:site_name\" content=\"Chespa - printing inks, clichees, cutting dies\" \/>\n<meta property=\"article:modified_time\" content=\"2025-02-20T07:02:30+00:00\" \/>\n<meta property=\"og:image\" content=\"https:\/\/www.chespa.eu\/wp-content\/uploads\/2021\/03\/23_ESP_bez23.png\" \/>\n\t<meta property=\"og:image:width\" content=\"1920\" \/>\n\t<meta property=\"og:image:height\" content=\"295\" \/>\n\t<meta property=\"og:image:type\" content=\"image\/png\" \/>\n<meta name=\"twitter:card\" content=\"summary_large_image\" \/>\n<meta name=\"twitter:label1\" content=\"Est. reading time\" \/>\n\t<meta name=\"twitter:data1\" content=\"1 minute\" \/>\n<script type=\"application\/ld+json\" class=\"yoast-schema-graph\">{\"@context\":\"https:\\\/\\\/schema.org\",\"@graph\":[{\"@type\":\"WebPage\",\"@id\":\"https:\\\/\\\/www.chespa.eu\\\/film\\\/\",\"url\":\"https:\\\/\\\/www.chespa.eu\\\/film\\\/\",\"name\":\"Film - Chespa - printing inks, clichees, cutting dies\",\"isPartOf\":{\"@id\":\"https:\\\/\\\/www.chespa.eu\\\/#website\"},\"primaryImageOfPage\":{\"@id\":\"https:\\\/\\\/www.chespa.eu\\\/film\\\/#primaryimage\"},\"image\":{\"@id\":\"https:\\\/\\\/www.chespa.eu\\\/film\\\/#primaryimage\"},\"thumbnailUrl\":\"https:\\\/\\\/www.chespa.eu\\\/wp-content\\\/uploads\\\/2021\\\/03\\\/23_ESP_bez23.png\",\"datePublished\":\"2015-12-04T12:37:01+00:00\",\"dateModified\":\"2025-02-20T07:02:30+00:00\",\"description\":\"Prezentujemy kr\u00f3tki film przedstawiaj\u0105cy produkcj\u0119 farb graficzny, klisz fotopolimerowych, wykrojnik\u00f3w. Zapraszamy do obejrzenia filmu.\",\"breadcrumb\":{\"@id\":\"https:\\\/\\\/www.chespa.eu\\\/film\\\/#breadcrumb\"},\"inLanguage\":\"de-DE\",\"potentialAction\":[{\"@type\":\"ReadAction\",\"target\":[\"https:\\\/\\\/www.chespa.eu\\\/film\\\/\"]}]},{\"@type\":\"ImageObject\",\"inLanguage\":\"de-DE\",\"@id\":\"https:\\\/\\\/www.chespa.eu\\\/film\\\/#primaryimage\",\"url\":\"https:\\\/\\\/www.chespa.eu\\\/wp-content\\\/uploads\\\/2021\\\/03\\\/23_ESP_bez23.png\",\"contentUrl\":\"https:\\\/\\\/www.chespa.eu\\\/wp-content\\\/uploads\\\/2021\\\/03\\\/23_ESP_bez23.png\",\"width\":1920,\"height\":295},{\"@type\":\"BreadcrumbList\",\"@id\":\"https:\\\/\\\/www.chespa.eu\\\/film\\\/#breadcrumb\",\"itemListElement\":[{\"@type\":\"ListItem\",\"position\":1,\"name\":\"Strona g\u0142\u00f3wna\",\"item\":\"https:\\\/\\\/www.chespa.eu\\\/\"},{\"@type\":\"ListItem\",\"position\":2,\"name\":\"Film\"}]},{\"@type\":\"WebSite\",\"@id\":\"https:\\\/\\\/www.chespa.eu\\\/#website\",\"url\":\"https:\\\/\\\/www.chespa.eu\\\/\",\"name\":\"Chespa - printing inks, clichees, cutting dies\",\"description\":\"\",\"potentialAction\":[{\"@type\":\"SearchAction\",\"target\":{\"@type\":\"EntryPoint\",\"urlTemplate\":\"https:\\\/\\\/www.chespa.eu\\\/?s={search_term_string}\"},\"query-input\":{\"@type\":\"PropertyValueSpecification\",\"valueRequired\":true,\"valueName\":\"search_term_string\"}}],\"inLanguage\":\"de-DE\"}]}<\/script>\n<!-- \/ Yoast SEO plugin. -->","yoast_head_json":{"title":"Film - Chespa - printing inks, clichees, cutting dies","description":"Prezentujemy kr\u00f3tki film przedstawiaj\u0105cy produkcj\u0119 farb graficzny, klisz fotopolimerowych, wykrojnik\u00f3w. Zapraszamy do obejrzenia filmu.","robots":{"index":"index","follow":"follow","max-snippet":"max-snippet:-1","max-image-preview":"max-image-preview:large","max-video-preview":"max-video-preview:-1"},"canonical":"https:\/\/www.chespa.eu\/film\/","og_locale":"de_DE","og_type":"article","og_title":"Film - Chespa - printing inks, clichees, cutting dies","og_description":"Prezentujemy kr\u00f3tki film przedstawiaj\u0105cy produkcj\u0119 farb graficzny, klisz fotopolimerowych, wykrojnik\u00f3w. Zapraszamy do obejrzenia filmu.","og_url":"https:\/\/www.chespa.eu\/film\/","og_site_name":"Chespa - printing inks, clichees, cutting dies","article_modified_time":"2025-02-20T07:02:30+00:00","og_image":[{"width":1920,"height":295,"url":"https:\/\/www.chespa.eu\/wp-content\/uploads\/2021\/03\/23_ESP_bez23.png","type":"image\/png"}],"twitter_card":"summary_large_image","twitter_misc":{"Est. reading time":"1 minute"},"schema":{"@context":"https:\/\/schema.org","@graph":[{"@type":"WebPage","@id":"https:\/\/www.chespa.eu\/film\/","url":"https:\/\/www.chespa.eu\/film\/","name":"Film - Chespa - printing inks, clichees, cutting dies","isPartOf":{"@id":"https:\/\/www.chespa.eu\/#website"},"primaryImageOfPage":{"@id":"https:\/\/www.chespa.eu\/film\/#primaryimage"},"image":{"@id":"https:\/\/www.chespa.eu\/film\/#primaryimage"},"thumbnailUrl":"https:\/\/www.chespa.eu\/wp-content\/uploads\/2021\/03\/23_ESP_bez23.png","datePublished":"2015-12-04T12:37:01+00:00","dateModified":"2025-02-20T07:02:30+00:00","description":"Prezentujemy kr\u00f3tki film przedstawiaj\u0105cy produkcj\u0119 farb graficzny, klisz fotopolimerowych, wykrojnik\u00f3w. Zapraszamy do obejrzenia filmu.","breadcrumb":{"@id":"https:\/\/www.chespa.eu\/film\/#breadcrumb"},"inLanguage":"de-DE","potentialAction":[{"@type":"ReadAction","target":["https:\/\/www.chespa.eu\/film\/"]}]},{"@type":"ImageObject","inLanguage":"de-DE","@id":"https:\/\/www.chespa.eu\/film\/#primaryimage","url":"https:\/\/www.chespa.eu\/wp-content\/uploads\/2021\/03\/23_ESP_bez23.png","contentUrl":"https:\/\/www.chespa.eu\/wp-content\/uploads\/2021\/03\/23_ESP_bez23.png","width":1920,"height":295},{"@type":"BreadcrumbList","@id":"https:\/\/www.chespa.eu\/film\/#breadcrumb","itemListElement":[{"@type":"ListItem","position":1,"name":"Strona g\u0142\u00f3wna","item":"https:\/\/www.chespa.eu\/"},{"@type":"ListItem","position":2,"name":"Film"}]},{"@type":"WebSite","@id":"https:\/\/www.chespa.eu\/#website","url":"https:\/\/www.chespa.eu\/","name":"Chespa - printing inks, clichees, cutting dies","description":"","potentialAction":[{"@type":"SearchAction","target":{"@type":"EntryPoint","urlTemplate":"https:\/\/www.chespa.eu\/?s={search_term_string}"},"query-input":{"@type":"PropertyValueSpecification","valueRequired":true,"valueName":"search_term_string"}}],"inLanguage":"de-DE"}]}},"_links":{"self":[{"href":"https:\/\/www.chespa.eu\/de\/wp-json\/wp\/v2\/pages\/739","targetHints":{"allow":["GET"]}}],"collection":[{"href":"https:\/\/www.chespa.eu\/de\/wp-json\/wp\/v2\/pages"}],"about":[{"href":"https:\/\/www.chespa.eu\/de\/wp-json\/wp\/v2\/types\/page"}],"author":[{"embeddable":true,"href":"https:\/\/www.chespa.eu\/de\/wp-json\/wp\/v2\/users\/6"}],"replies":[{"embeddable":true,"href":"https:\/\/www.chespa.eu\/de\/wp-json\/wp\/v2\/comments?post=739"}],"version-history":[{"count":10,"href":"https:\/\/www.chespa.eu\/de\/wp-json\/wp\/v2\/pages\/739\/revisions"}],"predecessor-version":[{"id":18455,"href":"https:\/\/www.chespa.eu\/de\/wp-json\/wp\/v2\/pages\/739\/revisions\/18455"}],"wp:featuredmedia":[{"embeddable":true,"href":"https:\/\/www.chespa.eu\/de\/wp-json\/wp\/v2\/media\/15185"}],"wp:attachment":[{"href":"https:\/\/www.chespa.eu\/de\/wp-json\/wp\/v2\/media?parent=739"}],"curies":[{"name":"wp","href":"https:\/\/api.w.org\/{rel}","templated":true}]}}