{"id":727,"date":"2016-02-15T08:41:46","date_gmt":"2016-02-15T07:41:46","guid":{"rendered":"http:\/\/chespa.eu\/de\/farby-wodorozcienczalne\/"},"modified":"2021-07-20T15:14:22","modified_gmt":"2021-07-20T13:14:22","slug":"farby-wodorozcienczalne","status":"publish","type":"page","link":"https:\/\/www.chespa.eu\/de\/produkte\/druckfarben\/farby-wodorozcienczalne\/","title":{"rendered":"Wasserbasierende Farben FLEXI"},"content":{"rendered":"<p><strong>Wasserbasierende Farben FLEXI<\/strong><\/p>\n<p>Chespa bietet eine Serie von wasserbasierenden Farben an. Diese sind f\u00fcr Druckanwendungen auf verschiedenen Arten von Papieruntergrund (saugf\u00e4hig, gestrichen beschichtet, Wellpappe, S\u00e4cke, Beutel und Tissue) sowie auch f\u00fcr aktivierten Folienuntergrund geeignet. In diesem Produktbereich haben wir auch eine Farbserie zum Bedrucken von Lebensmittelverpackungen, Linien in Heften oder Farbstoffe f\u00fcr wasserbasierende Klebstoffe.<\/p>\n<p>&nbsp;<\/p>\n","protected":false},"excerpt":{"rendered":"<p>Wasserbasierende Farben FLEXI Chespa bietet eine Serie von wasserbasierenden Farben an. Diese sind f\u00fcr Druckanwendungen auf verschiedenen Arten von Papieruntergrund (saugf\u00e4hig, gestrichen beschichtet, Wellpappe, S\u00e4cke, Beutel und Tissue) sowie auch f\u00fcr aktivierten Folienuntergrund geeignet. In diesem Produktbereich haben wir auch eine Farbserie zum Bedrucken von Lebensmittelverpackungen, Linien in Heften oder Farbstoffe f\u00fcr wasserbasierende Klebstoffe. &nbsp;<\/p>\n","protected":false},"author":6,"featured_media":15572,"parent":18773,"menu_order":0,"comment_status":"closed","ping_status":"closed","template":"","meta":{"_acf_changed":false,"footnotes":""},"class_list":["post-727","page","type-page","status-publish","has-post-thumbnail","hentry"],"acf":[],"yoast_head":"<!-- This site is optimized with the Yoast SEO plugin v27.3 - https:\/\/yoast.com\/product\/yoast-seo-wordpress\/ -->\n<title>Wasserbasierende Farben FLEXI - Chespa - printing inks, clichees, cutting dies<\/title>\n<meta name=\"robots\" content=\"index, follow, max-snippet:-1, max-image-preview:large, max-video-preview:-1\" \/>\n<link rel=\"canonical\" href=\"https:\/\/www.chespa.eu\/de\/farby-wodorozcienczalne\/\" \/>\n<meta property=\"og:locale\" content=\"de_DE\" \/>\n<meta property=\"og:type\" content=\"article\" \/>\n<meta property=\"og:title\" content=\"Wasserbasierende Farben FLEXI - Chespa - printing inks, clichees, cutting dies\" \/>\n<meta property=\"og:description\" content=\"Wasserbasierende Farben FLEXI Chespa bietet eine Serie von wasserbasierenden Farben an. Diese sind f\u00fcr Druckanwendungen auf verschiedenen Arten von Papieruntergrund (saugf\u00e4hig, gestrichen beschichtet, Wellpappe, S\u00e4cke, Beutel und Tissue) sowie auch f\u00fcr aktivierten Folienuntergrund geeignet. In diesem Produktbereich haben wir auch eine Farbserie zum Bedrucken von Lebensmittelverpackungen, Linien in Heften oder Farbstoffe f\u00fcr wasserbasierende Klebstoffe. &nbsp;\" \/>\n<meta property=\"og:url\" content=\"https:\/\/www.chespa.eu\/de\/farby-wodorozcienczalne\/\" \/>\n<meta property=\"og:site_name\" content=\"Chespa - printing inks, clichees, cutting dies\" \/>\n<meta property=\"article:modified_time\" content=\"2021-07-20T13:14:22+00:00\" \/>\n<meta property=\"og:image\" content=\"https:\/\/www.chespa.eu\/wp-content\/uploads\/2021\/07\/serie_flexi.png\" \/>\n\t<meta property=\"og:image:width\" content=\"1920\" \/>\n\t<meta property=\"og:image:height\" content=\"295\" \/>\n\t<meta property=\"og:image:type\" content=\"image\/png\" \/>\n<meta name=\"twitter:card\" content=\"summary_large_image\" \/>\n<script type=\"application\/ld+json\" class=\"yoast-schema-graph\">{\"@context\":\"https:\\\/\\\/schema.org\",\"@graph\":[{\"@type\":\"WebPage\",\"@id\":\"https:\\\/\\\/www.chespa.eu\\\/de\\\/farby-wodorozcienczalne\\\/\",\"url\":\"https:\\\/\\\/www.chespa.eu\\\/de\\\/farby-wodorozcienczalne\\\/\",\"name\":\"Wasserbasierende Farben FLEXI - Chespa - printing inks, clichees, cutting dies\",\"isPartOf\":{\"@id\":\"https:\\\/\\\/www.chespa.eu\\\/#website\"},\"primaryImageOfPage\":{\"@id\":\"https:\\\/\\\/www.chespa.eu\\\/de\\\/farby-wodorozcienczalne\\\/#primaryimage\"},\"image\":{\"@id\":\"https:\\\/\\\/www.chespa.eu\\\/de\\\/farby-wodorozcienczalne\\\/#primaryimage\"},\"thumbnailUrl\":\"https:\\\/\\\/www.chespa.eu\\\/wp-content\\\/uploads\\\/2021\\\/07\\\/serie_flexi.png\",\"datePublished\":\"2016-02-15T07:41:46+00:00\",\"dateModified\":\"2021-07-20T13:14:22+00:00\",\"breadcrumb\":{\"@id\":\"https:\\\/\\\/www.chespa.eu\\\/de\\\/farby-wodorozcienczalne\\\/#breadcrumb\"},\"inLanguage\":\"de-DE\",\"potentialAction\":[{\"@type\":\"ReadAction\",\"target\":[\"https:\\\/\\\/www.chespa.eu\\\/de\\\/farby-wodorozcienczalne\\\/\"]}]},{\"@type\":\"ImageObject\",\"inLanguage\":\"de-DE\",\"@id\":\"https:\\\/\\\/www.chespa.eu\\\/de\\\/farby-wodorozcienczalne\\\/#primaryimage\",\"url\":\"https:\\\/\\\/www.chespa.eu\\\/wp-content\\\/uploads\\\/2021\\\/07\\\/serie_flexi.png\",\"contentUrl\":\"https:\\\/\\\/www.chespa.eu\\\/wp-content\\\/uploads\\\/2021\\\/07\\\/serie_flexi.png\",\"width\":1920,\"height\":295},{\"@type\":\"BreadcrumbList\",\"@id\":\"https:\\\/\\\/www.chespa.eu\\\/de\\\/farby-wodorozcienczalne\\\/#breadcrumb\",\"itemListElement\":[{\"@type\":\"ListItem\",\"position\":1,\"name\":\"Strona g\u0142\u00f3wna\",\"item\":\"https:\\\/\\\/www.chespa.eu\\\/\"},{\"@type\":\"ListItem\",\"position\":2,\"name\":\"Wasserbasierende Farben FLEXI\"}]},{\"@type\":\"WebSite\",\"@id\":\"https:\\\/\\\/www.chespa.eu\\\/#website\",\"url\":\"https:\\\/\\\/www.chespa.eu\\\/\",\"name\":\"Chespa - printing inks, clichees, cutting dies\",\"description\":\"\",\"potentialAction\":[{\"@type\":\"SearchAction\",\"target\":{\"@type\":\"EntryPoint\",\"urlTemplate\":\"https:\\\/\\\/www.chespa.eu\\\/?s={search_term_string}\"},\"query-input\":{\"@type\":\"PropertyValueSpecification\",\"valueRequired\":true,\"valueName\":\"search_term_string\"}}],\"inLanguage\":\"de-DE\"}]}<\/script>\n<!-- \/ Yoast SEO plugin. -->","yoast_head_json":{"title":"Wasserbasierende Farben FLEXI - Chespa - printing inks, clichees, cutting dies","robots":{"index":"index","follow":"follow","max-snippet":"max-snippet:-1","max-image-preview":"max-image-preview:large","max-video-preview":"max-video-preview:-1"},"canonical":"https:\/\/www.chespa.eu\/de\/farby-wodorozcienczalne\/","og_locale":"de_DE","og_type":"article","og_title":"Wasserbasierende Farben FLEXI - Chespa - printing inks, clichees, cutting dies","og_description":"Wasserbasierende Farben FLEXI Chespa bietet eine Serie von wasserbasierenden Farben an. Diese sind f\u00fcr Druckanwendungen auf verschiedenen Arten von Papieruntergrund (saugf\u00e4hig, gestrichen beschichtet, Wellpappe, S\u00e4cke, Beutel und Tissue) sowie auch f\u00fcr aktivierten Folienuntergrund geeignet. In diesem Produktbereich haben wir auch eine Farbserie zum Bedrucken von Lebensmittelverpackungen, Linien in Heften oder Farbstoffe f\u00fcr wasserbasierende Klebstoffe. &nbsp;","og_url":"https:\/\/www.chespa.eu\/de\/farby-wodorozcienczalne\/","og_site_name":"Chespa - printing inks, clichees, cutting dies","article_modified_time":"2021-07-20T13:14:22+00:00","og_image":[{"width":1920,"height":295,"url":"https:\/\/www.chespa.eu\/wp-content\/uploads\/2021\/07\/serie_flexi.png","type":"image\/png"}],"twitter_card":"summary_large_image","schema":{"@context":"https:\/\/schema.org","@graph":[{"@type":"WebPage","@id":"https:\/\/www.chespa.eu\/de\/farby-wodorozcienczalne\/","url":"https:\/\/www.chespa.eu\/de\/farby-wodorozcienczalne\/","name":"Wasserbasierende Farben FLEXI - Chespa - printing inks, clichees, cutting dies","isPartOf":{"@id":"https:\/\/www.chespa.eu\/#website"},"primaryImageOfPage":{"@id":"https:\/\/www.chespa.eu\/de\/farby-wodorozcienczalne\/#primaryimage"},"image":{"@id":"https:\/\/www.chespa.eu\/de\/farby-wodorozcienczalne\/#primaryimage"},"thumbnailUrl":"https:\/\/www.chespa.eu\/wp-content\/uploads\/2021\/07\/serie_flexi.png","datePublished":"2016-02-15T07:41:46+00:00","dateModified":"2021-07-20T13:14:22+00:00","breadcrumb":{"@id":"https:\/\/www.chespa.eu\/de\/farby-wodorozcienczalne\/#breadcrumb"},"inLanguage":"de-DE","potentialAction":[{"@type":"ReadAction","target":["https:\/\/www.chespa.eu\/de\/farby-wodorozcienczalne\/"]}]},{"@type":"ImageObject","inLanguage":"de-DE","@id":"https:\/\/www.chespa.eu\/de\/farby-wodorozcienczalne\/#primaryimage","url":"https:\/\/www.chespa.eu\/wp-content\/uploads\/2021\/07\/serie_flexi.png","contentUrl":"https:\/\/www.chespa.eu\/wp-content\/uploads\/2021\/07\/serie_flexi.png","width":1920,"height":295},{"@type":"BreadcrumbList","@id":"https:\/\/www.chespa.eu\/de\/farby-wodorozcienczalne\/#breadcrumb","itemListElement":[{"@type":"ListItem","position":1,"name":"Strona g\u0142\u00f3wna","item":"https:\/\/www.chespa.eu\/"},{"@type":"ListItem","position":2,"name":"Wasserbasierende Farben FLEXI"}]},{"@type":"WebSite","@id":"https:\/\/www.chespa.eu\/#website","url":"https:\/\/www.chespa.eu\/","name":"Chespa - printing inks, clichees, cutting dies","description":"","potentialAction":[{"@type":"SearchAction","target":{"@type":"EntryPoint","urlTemplate":"https:\/\/www.chespa.eu\/?s={search_term_string}"},"query-input":{"@type":"PropertyValueSpecification","valueRequired":true,"valueName":"search_term_string"}}],"inLanguage":"de-DE"}]}},"_links":{"self":[{"href":"https:\/\/www.chespa.eu\/de\/wp-json\/wp\/v2\/pages\/727","targetHints":{"allow":["GET"]}}],"collection":[{"href":"https:\/\/www.chespa.eu\/de\/wp-json\/wp\/v2\/pages"}],"about":[{"href":"https:\/\/www.chespa.eu\/de\/wp-json\/wp\/v2\/types\/page"}],"author":[{"embeddable":true,"href":"https:\/\/www.chespa.eu\/de\/wp-json\/wp\/v2\/users\/6"}],"replies":[{"embeddable":true,"href":"https:\/\/www.chespa.eu\/de\/wp-json\/wp\/v2\/comments?post=727"}],"version-history":[{"count":15,"href":"https:\/\/www.chespa.eu\/de\/wp-json\/wp\/v2\/pages\/727\/revisions"}],"predecessor-version":[{"id":15578,"href":"https:\/\/www.chespa.eu\/de\/wp-json\/wp\/v2\/pages\/727\/revisions\/15578"}],"up":[{"embeddable":true,"href":"https:\/\/www.chespa.eu\/de\/wp-json\/wp\/v2\/pages\/18773"}],"wp:featuredmedia":[{"embeddable":true,"href":"https:\/\/www.chespa.eu\/de\/wp-json\/wp\/v2\/media\/15572"}],"wp:attachment":[{"href":"https:\/\/www.chespa.eu\/de\/wp-json\/wp\/v2\/media?parent=727"}],"curies":[{"name":"wp","href":"https:\/\/api.w.org\/{rel}","templated":true}]}}